{"id":1197,"date":"2016-03-10T12:40:40","date_gmt":"2016-03-10T11:40:40","guid":{"rendered":"http:\/\/localhost:81\/wordpress\/?page_id=1166"},"modified":"2021-01-27T15:31:00","modified_gmt":"2021-01-27T14:31:00","slug":"animation-enfance-personnesagees","status":"publish","type":"page","link":"https:\/\/lyceedalembert.paris\/index.php\/animation-enfance-personnesagees\/","title":{"rendered":"BAC pro Animation \u00ab\u00a0enfance et personnes \u00e2g\u00e9es\u00a0\u00bb"},"content":{"rendered":"\n<div class=\"wp-block-file aligncenter\"><a href=\"https:\/\/lyceedalembert.paris\/wp-content\/uploads\/2021\/01\/Bac-PRO-ANIMATION.pdf\">Fiche de pr\u00e9sentation du Bac-PRO-ANIMATION<\/a><a href=\"https:\/\/lyceedalembert.paris\/wp-content\/uploads\/2021\/01\/Bac-PRO-ANIMATION.pdf\" class=\"wp-block-file__button\" download>T\u00e9l\u00e9charger<\/a><\/div>\n\n\n<div id=\"su_carousel_69e3c2c72b736\" class=\"su-carousel su-carousel-centered su-carousel-pages-no su-carousel-responsive-yes\" style=\"width:100%\" data-autoplay=\"3000\" data-speed=\"600\" data-mousewheel=\"true\" data-items=\"1\" data-scroll=\"1\"><div class=\"su-carousel-slides\"><div class=\"su-carousel-slide\"><a><img decoding=\"async\" src=\"https:\/\/lyceedalembert.paris\/wp-content\/uploads\/2017\/06\/BD_F-Stijepovic_DSCadre_9637_DxO-682x450.jpg\" alt=\"Lyc\u008ee Polyvalent d&rsquo;Alembert &#8211; 75019 Paris &#8211; formation\" \/><\/a><\/div><div class=\"su-carousel-slide\"><a><img decoding=\"async\" src=\"https:\/\/lyceedalembert.paris\/wp-content\/uploads\/2017\/06\/BD_F-Stijepovic_DSCadre_9639_DxO-682x450.jpg\" alt=\"Lyc\u008ee Polyvalent d&rsquo;Alembert &#8211; 75019 Paris &#8211; formation\" \/><\/a><\/div><div class=\"su-carousel-slide\"><a><img decoding=\"async\" src=\"https:\/\/lyceedalembert.paris\/wp-content\/uploads\/2017\/06\/BD_F-Stijepovic_DSCadre_9642_DxO-682x450.jpg\" alt=\"Lyc\u008ee Polyvalent d&rsquo;Alembert &#8211; 75019 Paris &#8211; formation\" \/><\/a><\/div><div class=\"su-carousel-slide\"><a><img decoding=\"async\" src=\"https:\/\/lyceedalembert.paris\/wp-content\/uploads\/2017\/06\/BD_F-Stijepovic_DSCadre_9644_DxO-682x450.jpg\" alt=\"Lyc\u008ee Polyvalent d&rsquo;Alembert &#8211; 75019 Paris &#8211; formation\" \/><\/a><\/div><div class=\"su-carousel-slide\"><a><img decoding=\"async\" src=\"https:\/\/lyceedalembert.paris\/wp-content\/uploads\/2017\/06\/BD_F-Stijepovic_DSCadre_9655_DxO-682x450.jpg\" alt=\"Lyc\u008ee Polyvalent d&rsquo;Alembert &#8211; 75019 Paris &#8211; formation\" \/><\/a><\/div><div class=\"su-carousel-slide\"><a><img decoding=\"async\" src=\"https:\/\/lyceedalembert.paris\/wp-content\/uploads\/2017\/06\/BD_F-Stijepovic_DSCadre_9675_DxO-682x450.jpg\" alt=\"Lyc\u008ee Polyvalent d&rsquo;Alembert &#8211; 75019 Paris &#8211; formation\" \/><\/a><\/div><div class=\"su-carousel-slide\"><a><img decoding=\"async\" src=\"https:\/\/lyceedalembert.paris\/wp-content\/uploads\/2017\/06\/BD_F-Stijepovic_DSCadre_9676_DxO-682x450.jpg\" alt=\"Lyc\u008ee Polyvalent d&rsquo;Alembert &#8211; 75019 Paris &#8211; formation\" \/><\/a><\/div><div class=\"su-carousel-slide\"><a><img decoding=\"async\" src=\"https:\/\/lyceedalembert.paris\/wp-content\/uploads\/2017\/06\/BD_F-Stijepovic_DSCadre_9679_DxO-682x450.jpg\" alt=\"Lyc\u008ee Polyvalent d&rsquo;Alembert &#8211; 75019 Paris &#8211; formation\" \/><\/a><\/div><div class=\"su-carousel-slide\"><a><img decoding=\"async\" src=\"https:\/\/lyceedalembert.paris\/wp-content\/uploads\/2017\/06\/BD_F-Stijepovic_DSCadre_9680_DxO-682x450.jpg\" alt=\"Lyc\u008ee Polyvalent d&rsquo;Alembert &#8211; 75019 Paris &#8211; formation\" \/><\/a><\/div><div class=\"su-carousel-slide\"><a><img decoding=\"async\" src=\"https:\/\/lyceedalembert.paris\/wp-content\/uploads\/2017\/06\/BD_F-Stijepovic_DSCadre_9703_DxO-682x450.jpg\" alt=\"Lyc\u008ee Polyvalent d&rsquo;Alembert &#8211; 75019 Paris &#8211; formation\" \/><\/a><\/div><div class=\"su-carousel-slide\"><a><img decoding=\"async\" src=\"https:\/\/lyceedalembert.paris\/wp-content\/uploads\/2017\/06\/BD_F-Stijepovic_DSCadre_9708_DxO-682x450.jpg\" alt=\"Lyc\u008ee Polyvalent d&rsquo;Alembert &#8211; 75019 Paris &#8211; formation\" \/><\/a><\/div><\/div><div class=\"su-carousel-nav\"><div class=\"su-carousel-direction\"><span class=\"su-carousel-prev\"><\/span><span class=\"su-carousel-next\"><\/span><\/div><div class=\"su-carousel-pagination\"><\/div><\/div><\/div><br>Les photos ont \u00e9t\u00e9 prises par la photographe <a href=\"http:\/\/fstijepovic.com\/\"> \u00a9 Fran\u00e7oise Stijepovic<\/a>.<\/p>\n<h3><span style=\"color: #ff9900;\"><strong>PUBLIC<\/strong><\/span><\/h3>\n<p>Le Bac PRO animation s\u2019adresse aux \u00e9l\u00e8ves issus de 3\u00e8me voire d\u2019une seconde g\u00e9n\u00e9rale ou technologique pour un \u00e9l\u00e8ve en r\u00e9orientation.<\/p>\n<h3><strong><span style=\"color: #ff9900;\">ACTIVITES \u2013 QUALITES REQUISES<\/span><\/strong><\/h3>\n<p><span style=\"text-decoration: underline;\">Objectifs de la formation :<\/span><\/p>\n<ul>\n<li>Activit\u00e9s de soutien et d\u2019aide \u00e0 l\u2019int\u00e9gration : aide aux enfants scolaris\u00e9s, aux demandeurs d\u2019emploi, \u00e0 la population d\u2019origine \u00e9trang\u00e8re, aux personnes en grande difficult\u00e9, accompagnement dans leurs demandes sp\u00e9cifiques, animation de dispositifs d\u2019information ou de points d\u2019\u00e9coute personnalis\u00e9s, organisation et animation d\u2019actions, \u2026<\/li>\n<li>Gestion des espaces ouverts au public : accueil et orientation des usagers, valorisation et maintien de la qualit\u00e9 des espaces, pr\u00e9vention et s\u00e9curisation dans les espaces;<\/li>\n<li>Animation de projets;<\/li>\n<li>Gestion de situations conflictuelles, m\u00e9diation.<\/li>\n<\/ul>\n<p><span style=\"text-decoration: underline;\">Qualit\u00e9s requises :<\/span><\/p>\n<ul>\n<li>Disponibilit\u00e9;<\/li>\n<li>Autonomie;<\/li>\n<li>Ma\u00eetrise de soi;<\/li>\n<li>Capacit\u00e9s relationnelles;<\/li>\n<li>Aptitude au travail en \u00e9quipe;<\/li>\n<li>Bonne condition physique.<\/li>\n<\/ul>\n<h3><span style=\"color: #ff9900;\"><strong>CONTENU DE LA FORMATION<\/strong><\/span><\/h3>\n<p>Les \u00e9tudes durent 3 ans et comportent :<\/p>\n<ul>\n<li>de l\u2019enseignement g\u00e9n\u00e9ral : Fran\u00e7ais, Histoire\/G\u00e9ographie, Anglais, Math\u00e9matiques, Arts appliqu\u00e9s, Education Physique.<\/li>\n<li>de l\u2019enseignement pratique<\/li>\n<\/ul>\n<p><strong>(soit 33 heures\/semaine en 1\u00e8re ann\u00e9e, 32h30 heures\/semaine en 2\u00e8me ann\u00e9e et 35\/semaine en 3\u00e8me ann\u00e9e)<\/strong><\/p>\n<p><strong><br><\/strong>La formation comprend <strong>22 semaines de stage<\/strong> en milieu professionnel, r\u00e9parties sur les trois ann\u00e9es.<\/p>\n<h3><span style=\"color: #ff9900;\"><strong>MODALITES DE CERTIFICATION<\/strong><\/span><\/h3>\n<ul>\n<li>Situation d\u2019\u00e9valuation sous forme de CCF (Contr\u00f4le en Cours de Formation) tout en conservant une \u00e9preuve ponctuelle.<\/li>\n<li>Certification interm\u00e9diaire en fin de 2\u00e8me ann\u00e9e.<\/li>\n<\/ul>\n<h3><span style=\"color: #ff9900;\"><strong>DEBOUCHES \u2013 POURSUITE D\u2019ETUDES<\/strong><\/span><\/h3>\n<ul>\n<li>Poursuite vers un BTS.<\/li>\n<li>Le dipl\u00f4m\u00e9 pourra travailler en mairie, dans des associations, dans des espaces d\u2019accueil, de loisirs, dans des centres commerciaux, \u2026<\/li>\n<\/ul>\n<h3><span style=\"color: #ff9900;\"><strong>Inscription<\/strong><\/span><\/h3>\n<p>Tout savoir sur la proc\u00e9dure<a href=\"https:\/\/www.ac-paris.fr\/portail\/jcms\/p1_510172\/passpro\"> PASSPRO<\/a><\/p>","protected":false},"excerpt":{"rendered":"<p>Les photos ont \u00e9t\u00e9 prises par la photographe \u00a9 Fran\u00e7oise Stijepovic. PUBLIC Le Bac PRO animation s\u2019adresse aux \u00e9l\u00e8ves issus de 3\u00e8me voire d\u2019une seconde g\u00e9n\u00e9rale ou technologique pour un \u00e9l\u00e8ve en r\u00e9orientation. ACTIVITES \u2013 QUALITES REQUISES Objectifs de la formation : Activit\u00e9s de soutien et d\u2019aide \u00e0 l\u2019int\u00e9gration : aide aux enfants scolaris\u00e9s, aux demandeurs d\u2019emploi, \u00e0 la population d\u2019origine \u00e9trang\u00e8re, aux personnes en grande difficult\u00e9, accompagnement dans leurs demandes sp\u00e9cifiques, animation de dispositifs d\u2019information ou de points d\u2019\u00e9coute&hellip;<\/p>\n","protected":false},"author":1,"featured_media":0,"parent":0,"menu_order":0,"comment_status":"closed","ping_status":"closed","template":"","meta":{"footnotes":""},"class_list":["post-1197","page","type-page","status-publish","hentry"],"_links":{"self":[{"href":"https:\/\/lyceedalembert.paris\/index.php\/wp-json\/wp\/v2\/pages\/1197","targetHints":{"allow":["GET"]}}],"collection":[{"href":"https:\/\/lyceedalembert.paris\/index.php\/wp-json\/wp\/v2\/pages"}],"about":[{"href":"https:\/\/lyceedalembert.paris\/index.php\/wp-json\/wp\/v2\/types\/page"}],"author":[{"embeddable":true,"href":"https:\/\/lyceedalembert.paris\/index.php\/wp-json\/wp\/v2\/users\/1"}],"replies":[{"embeddable":true,"href":"https:\/\/lyceedalembert.paris\/index.php\/wp-json\/wp\/v2\/comments?post=1197"}],"version-history":[{"count":12,"href":"https:\/\/lyceedalembert.paris\/index.php\/wp-json\/wp\/v2\/pages\/1197\/revisions"}],"predecessor-version":[{"id":5966,"href":"https:\/\/lyceedalembert.paris\/index.php\/wp-json\/wp\/v2\/pages\/1197\/revisions\/5966"}],"wp:attachment":[{"href":"https:\/\/lyceedalembert.paris\/index.php\/wp-json\/wp\/v2\/media?parent=1197"}],"curies":[{"name":"wp","href":"https:\/\/api.w.org\/{rel}","templated":true}]}}