{"id":1200,"date":"2016-03-10T12:51:19","date_gmt":"2016-03-10T11:51:19","guid":{"rendered":"http:\/\/localhost:81\/wordpress\/?page_id=1172"},"modified":"2021-01-27T17:52:37","modified_gmt":"2021-01-27T16:52:37","slug":"bts-podo-2","status":"publish","type":"page","link":"https:\/\/lyceedalembert.paris\/index.php\/bts-podo-2\/","title":{"rendered":"BTS Podo-Orth\u00e9siste"},"content":{"rendered":"\n<div class=\"wp-block-file aligncenter\"><a href=\"https:\/\/lyceedalembert.paris\/wp-content\/uploads\/2021\/01\/BTS-PODO.pdf\">Fiche de pr\u00e9sentation du BTS Podo-orth\u00e9se<\/a><a href=\"https:\/\/lyceedalembert.paris\/wp-content\/uploads\/2021\/01\/BTS-PODO.pdf\" class=\"wp-block-file__button\" download>T\u00e9l\u00e9charger<\/a><\/div>\n\n\n<div class=\"su-youtube su-u-responsive-media-yes\"><iframe loading=\"lazy\" width=\"600\" height=\"400\" src=\"https:\/\/www.youtube.com\/embed\/bnXeL17ZeJ0?\" frameborder=\"0\" allowfullscreen allow=\"autoplay; encrypted-media; picture-in-picture\" title=\"\"><\/iframe><\/div>\n<div id=\"su_carousel_69e5f3423b43e\" class=\"su-carousel su-carousel-centered su-carousel-pages-no su-carousel-responsive-yes\" style=\"width:100%\" data-autoplay=\"3000\" data-speed=\"600\" data-mousewheel=\"true\" data-items=\"1\" data-scroll=\"1\"><div class=\"su-carousel-slides\"><div class=\"su-carousel-slide\"><a><img decoding=\"async\" src=\"https:\/\/lyceedalembert.paris\/wp-content\/uploads\/2017\/06\/1-2-682x450.jpg\" alt=\"Lyc\u008ee Polyvalent d&rsquo;Alembert &#8211; 75019 Paris &#8211; formation\" \/><\/a><\/div><div class=\"su-carousel-slide\"><a><img decoding=\"async\" src=\"https:\/\/lyceedalembert.paris\/wp-content\/uploads\/2017\/06\/2-2-682x450.jpg\" alt=\"Lyc\u008ee Polyvalent d&rsquo;Alembert &#8211; 75019 Paris &#8211; formation\" \/><\/a><\/div><div class=\"su-carousel-slide\"><a><img decoding=\"async\" src=\"https:\/\/lyceedalembert.paris\/wp-content\/uploads\/2017\/06\/BD_F-Stijepovic_DSCadre_9091_DxO-682x450.jpg\" alt=\"Lyc\u008ee Polyvalent d&rsquo;Alembert &#8211; 75019 Paris &#8211; formation\" \/><\/a><\/div><div class=\"su-carousel-slide\"><a><img decoding=\"async\" src=\"https:\/\/lyceedalembert.paris\/wp-content\/uploads\/2017\/06\/BD_F-Stijepovic_DSCadre_9097_DxO-682x450.jpg\" alt=\"Lyc\u008ee Polyvalent d&rsquo;Alembert &#8211; 75019 Paris &#8211; formation\" \/><\/a><\/div><div class=\"su-carousel-slide\"><a><img decoding=\"async\" src=\"https:\/\/lyceedalembert.paris\/wp-content\/uploads\/2017\/06\/BD_F-Stijepovic_DSCadre_9072_DxO-682x450.jpg\" alt=\"Lyc\u008ee Polyvalent d&rsquo;Alembert &#8211; 75019 Paris &#8211; formation\" \/><\/a><\/div><div class=\"su-carousel-slide\"><a><img decoding=\"async\" src=\"https:\/\/lyceedalembert.paris\/wp-content\/uploads\/2017\/06\/BD_F-Stijepovic_DSCadre_9101_DxO-682x450.jpg\" alt=\"Lyc\u008ee Polyvalent d&rsquo;Alembert &#8211; 75019 Paris &#8211; formation\" \/><\/a><\/div><div class=\"su-carousel-slide\"><a><img decoding=\"async\" src=\"https:\/\/lyceedalembert.paris\/wp-content\/uploads\/2017\/06\/BD_F-Stijepovic_DSCadre_9102_DxO-682x450.jpg\" alt=\"Lyc\u008ee Polyvalent d&rsquo;Alembert &#8211; 75019 Paris &#8211; formation\" \/><\/a><\/div><div class=\"su-carousel-slide\"><a><img decoding=\"async\" src=\"https:\/\/lyceedalembert.paris\/wp-content\/uploads\/2017\/06\/BD_F-Stijepovic_DSCadre_9103_DxO-682x450.jpg\" alt=\"BD_F Stijepovic_DSCadre_9103_DxO\" \/><\/a><\/div><div class=\"su-carousel-slide\"><a><img decoding=\"async\" src=\"https:\/\/lyceedalembert.paris\/wp-content\/uploads\/2017\/06\/BD_F-Stijepovic_DSCadre_9212_DxO-682x450.jpg\" alt=\"Lyc\u008ee Polyvalent d&rsquo;Alembert &#8211; 75019 Paris &#8211; formation\" \/><\/a><\/div><div class=\"su-carousel-slide\"><a><img decoding=\"async\" src=\"https:\/\/lyceedalembert.paris\/wp-content\/uploads\/2017\/06\/BD_F-Stijepovic_DSCadre_9213_DxO-682x450.jpg\" alt=\"Lyc\u008ee Polyvalent d&rsquo;Alembert &#8211; 75019 Paris &#8211; formation\" \/><\/a><\/div><div class=\"su-carousel-slide\"><a><img decoding=\"async\" src=\"https:\/\/lyceedalembert.paris\/wp-content\/uploads\/2017\/06\/BD_F-Stijepovic_DSCadre_9215_DxO-682x450.jpg\" alt=\"Lyc\u008ee Polyvalent d&rsquo;Alembert &#8211; 75019 Paris &#8211; formation\" \/><\/a><\/div><div class=\"su-carousel-slide\"><a><img decoding=\"async\" src=\"https:\/\/lyceedalembert.paris\/wp-content\/uploads\/2017\/06\/BD_F-Stijepovic_DSCadre_9217_DxO-682x450.jpg\" alt=\"Lyc\u008ee Polyvalent d&rsquo;Alembert &#8211; 75019 Paris &#8211; formation\" \/><\/a><\/div><div class=\"su-carousel-slide\"><a><img decoding=\"async\" src=\"https:\/\/lyceedalembert.paris\/wp-content\/uploads\/2017\/06\/BD_F-Stijepovic_DSCadre_9218_DxO-682x450.jpg\" alt=\"Lyc\u008ee Polyvalent d&rsquo;Alembert &#8211; 75019 Paris &#8211; formation\" \/><\/a><\/div><div class=\"su-carousel-slide\"><a><img decoding=\"async\" src=\"https:\/\/lyceedalembert.paris\/wp-content\/uploads\/2017\/06\/BD_F-Stijepovic_DSCadre_9220_DxO-682x450.jpg\" alt=\"Lyc\u008ee Polyvalent d&rsquo;Alembert &#8211; 75019 Paris &#8211; formation\" \/><\/a><\/div><div class=\"su-carousel-slide\"><a><img decoding=\"async\" src=\"https:\/\/lyceedalembert.paris\/wp-content\/uploads\/2017\/06\/BD_F-Stijepovic_DSCadre_9221_DxO-682x450.jpg\" alt=\"Lyc\u008ee Polyvalent d&rsquo;Alembert &#8211; 75019 Paris &#8211; formation\" \/><\/a><\/div><\/div><div class=\"su-carousel-nav\"><div class=\"su-carousel-direction\"><span class=\"su-carousel-prev\"><\/span><span class=\"su-carousel-next\"><\/span><\/div><div class=\"su-carousel-pagination\"><\/div><\/div><\/div>Cr\u00e9dit photos <a href=\"http:\/\/fstijepovic.com\/\"> \u00a9 Fran\u00e7oise Stijepovic<\/a>.<\/p>\n<h3><span style=\"color: #ff9900;\"><strong>PUBLIC<\/strong><\/span><\/h3>\n<p>Les \u00e9tudiants sont recrut\u00e9s apr\u00e8s apr\u00e8s un Bac professionnel, un Bac g\u00e9n\u00e9ral ou technologique.<br \/>Le recrutement se fait \u00e0 un niveau national voire international<\/p>\n<h3><strong><span style=\"color: #ff9900;\">ACTIVITES \u2013 QUALITES REQUISES<\/span><\/strong><\/h3>\n<p>Les \u00e9tudiants doivent avoir des aptitudes manuelles, le go\u00fbt du contact humain ainsi que le sens des responsabilit\u00e9s.<\/p>\n<p>Le titulaire du BTS Podo-Orth\u00e9siste :<\/p>\n<ul>\n<li>effectue la r\u00e9ception des patients<\/li>\n<li>con\u00e7oit l\u2019appareillage dont le patient a besoin en fonction de la prescription m\u00e9dicale<\/li>\n<li>effectue l\u2019examen clinique et les prises de mesures et les moulages<\/li>\n<li>rempli le dossier m\u00e9dico-technique du patient afin d\u2019assurer le suivi de la r\u00e9alisation de l\u2019appareillage dont il est responsable<\/li>\n<li>organise la fabrication<\/li>\n<li>est en contact avec les m\u00e9decins prescripteurs et les organismes de remboursements (s\u00e9curit\u00e9 sociale, mutuelle)<\/li>\n<li>g\u00e8re et administre l\u2019entreprise<\/li>\n<\/ul>\n<h3><span style=\"color: #ff9900;\"><strong>CONTENU DE LA FORMATION<\/strong><\/span><\/h3>\n<p>Les \u00e9tudes durent 3 ans et comportent :<\/p>\n<ul>\n<li>de l\u2019enseignement g\u00e9n\u00e9ral : Fran\u00e7ais, Langue vivante, Math\u00e9matiques, Sciences Appliqu\u00e9es, Gestion, Psychologie-Sociologie<\/li>\n<li>de l\u2019enseignement technologique : Technologie<\/li>\n<li>de l\u2019enseignement pratique<\/li>\n<li>des connaissances m\u00e9dicales<\/li>\n<\/ul>\n<p><strong>(soit 35 heures\/semaine en 1\u00e8re ann\u00e9e, 35 heures\/semaine en 2\u00e8me ann\u00e9e et 25 heures\/semaine en 3\u00e8me ann\u00e9e)<\/strong><\/p>\n<p>La formation comprend <strong>7 semaines de stage en entreprise et 4 semaines en milieu hospitalier ou en centre de r\u00e9\u00e9ducation<\/strong>, r\u00e9parties sur les trois ann\u00e9es.<\/p>\n<h3><span style=\"color: #ff9900;\"><strong>MODALITES DE CERTIFICATION<\/strong><\/span><\/h3>\n<ul>\n<li>Epreuves ponctuelles en fin de 3\u00e8me ann\u00e9e.<\/li>\n<\/ul>\n<h3><span style=\"color: #ff9900;\"><strong>DEBOUCHES \u2013 POURSUITE D\u2019ETUDES<\/strong><\/span><\/h3>\n<ul>\n<li>Le titulaire de ce BTS peut travailler dans une entreprise priv\u00e9e.<\/li>\n<li>Il peut, \u00e9galement, cr\u00e9er sa propre entreprise.<\/li>\n<\/ul>","protected":false},"excerpt":{"rendered":"<p>Cr\u00e9dit photos \u00a9 Fran\u00e7oise Stijepovic. PUBLIC Les \u00e9tudiants sont recrut\u00e9s apr\u00e8s apr\u00e8s un Bac professionnel, un Bac g\u00e9n\u00e9ral ou technologique.Le recrutement se fait \u00e0 un niveau national voire international ACTIVITES \u2013 QUALITES REQUISES Les \u00e9tudiants doivent avoir des aptitudes manuelles, le go\u00fbt du contact humain ainsi que le sens des responsabilit\u00e9s. Le titulaire du BTS Podo-Orth\u00e9siste : effectue la r\u00e9ception des patients con\u00e7oit l\u2019appareillage dont le patient a besoin en fonction de la prescription m\u00e9dicale effectue l\u2019examen clinique et les&hellip;<\/p>\n","protected":false},"author":1,"featured_media":0,"parent":0,"menu_order":0,"comment_status":"closed","ping_status":"closed","template":"","meta":{"footnotes":""},"class_list":["post-1200","page","type-page","status-publish","hentry"],"_links":{"self":[{"href":"https:\/\/lyceedalembert.paris\/index.php\/wp-json\/wp\/v2\/pages\/1200","targetHints":{"allow":["GET"]}}],"collection":[{"href":"https:\/\/lyceedalembert.paris\/index.php\/wp-json\/wp\/v2\/pages"}],"about":[{"href":"https:\/\/lyceedalembert.paris\/index.php\/wp-json\/wp\/v2\/types\/page"}],"author":[{"embeddable":true,"href":"https:\/\/lyceedalembert.paris\/index.php\/wp-json\/wp\/v2\/users\/1"}],"replies":[{"embeddable":true,"href":"https:\/\/lyceedalembert.paris\/index.php\/wp-json\/wp\/v2\/comments?post=1200"}],"version-history":[{"count":9,"href":"https:\/\/lyceedalembert.paris\/index.php\/wp-json\/wp\/v2\/pages\/1200\/revisions"}],"predecessor-version":[{"id":6019,"href":"https:\/\/lyceedalembert.paris\/index.php\/wp-json\/wp\/v2\/pages\/1200\/revisions\/6019"}],"wp:attachment":[{"href":"https:\/\/lyceedalembert.paris\/index.php\/wp-json\/wp\/v2\/media?parent=1200"}],"curies":[{"name":"wp","href":"https:\/\/api.w.org\/{rel}","templated":true}]}}