{"id":1202,"date":"2016-03-10T12:57:06","date_gmt":"2016-03-10T11:57:06","guid":{"rendered":"http:\/\/localhost:81\/wordpress\/?page_id=1176"},"modified":"2021-01-27T18:38:52","modified_gmt":"2021-01-27T17:38:52","slug":"cap-cordo-2","status":"publish","type":"page","link":"https:\/\/lyceedalembert.paris\/index.php\/cap-cordo-2\/","title":{"rendered":"CAP Cordonnerie et Multiservice"},"content":{"rendered":"\n<div class=\"wp-block-file aligncenter\"><a href=\"https:\/\/lyceedalembert.paris\/wp-content\/uploads\/2021\/01\/CAP-CORDO.pdf\">Fiche de pr\u00e9sentation du CAP Cordonnerie multiservice<\/a><a href=\"https:\/\/lyceedalembert.paris\/wp-content\/uploads\/2021\/01\/CAP-CORDO.pdf\" class=\"wp-block-file__button\" download>T\u00e9l\u00e9charger<\/a><\/div>\n\n\n<p><div class=\"video\"><iframe loading=\"lazy\" title=\"Fili\u00e8re cordonnerie\" width=\"640\" height=\"360\" src=\"https:\/\/www.youtube.com\/embed\/m1SYoZQ7cn8?feature=oembed\" frameborder=\"0\" allow=\"accelerometer; autoplay; clipboard-write; encrypted-media; gyroscope; picture-in-picture; web-share\" referrerpolicy=\"strict-origin-when-cross-origin\" allowfullscreen><\/iframe><\/div><\/p>\n<h3><span style=\"color: #ff9900;\"><strong>PUBLIC<\/strong><\/span><\/h3>\n<p>Les \u00e9l\u00e8ves sont recrut\u00e9s apr\u00e8s la classe de 3\u00e8me.<\/p>\n<h3><strong><span style=\"color: #ff9900;\">ACTIVITES \u2013 QUALITES REQUISES<\/span><\/strong><\/h3>\n<p>Vous avez de l&rsquo;habilet\u00e9 manuelle, vous avez le sens de la pr\u00e9cision, vous \u00eates tr\u00e8s soigneux, vous aimez le contact avec la client\u00e8le, alors vous r\u00e9ussirez dans ce m\u00e9tier&#8230;<\/p>\n<p>Le titulaire du C.A.P. Cordonnerie Multiservice exerce un m\u00e9tier artisanal dans le domaine de la r\u00e9paration de chaussures et de petits articles en cuir.<br \/>Sur la demande des clients, il \u00e9value les r\u00e9parations et les ex\u00e9cute en autonomie.<br \/>Il r\u00e9alise \u00e9galement toutes les autres prestations propos\u00e9es :<\/p>\n<ul>\n<li>Cl\u00e9s,<\/li>\n<li>Tampons,<\/li>\n<li>Gravure,<\/li>\n<li>Aff\u00fbtage, etc&#8230;<\/li>\n<\/ul>\n<h3><span style=\"color: #ff9900;\"><strong>CONTENU DE LA FORMATION<\/strong><\/span><\/h3>\n<p>Les mati\u00e8res enseign\u00e9es sont :<\/p>\n<ul>\n<li>Fran\u00e7ais, Histoire\/G\u00e9ographie, Langue vivante, Vie sociale et professionnelle, Math\u00e9matiques, Sciences Physiques, Education Esth\u00e9tique, Education Physique, Enseignement technologie et professionnel<\/li>\n<\/ul>\n<p><strong>(soit 32 heures\/semaine en 1\u00e8reann\u00e9e et 31 heures\/semaine en 2nde ann\u00e9e).<\/strong><\/p>\n<p>La formation comprend <strong>12 semaines de stage<\/strong>, en milieu professionnel, r\u00e9parties sur les deux ann\u00e9es.<\/p>\n<h3><span style=\"color: #ff9900;\"><strong>MODALITES DE CERTIFICATION<\/strong><\/span><\/h3>\n<ul>\n<li>Situation d\u2019\u00e9valuation sous forme de CCF (Contr\u00f4le en Cours de Formation).<\/li>\n<\/ul>\n<h3><span style=\"color: #ff9900;\"><strong>DEBOUCHES \u2013 POURSUITE D\u2019ETUDES<\/strong><\/span><\/h3>\n<ul>\n<li>Travail en entreprise de cordonnerie multiservices.<\/li>\n<li>Cr\u00e9ation de sa propre entreprise.<\/li>\n<\/ul>\n<h3><span style=\"color: #ff9900;\"><strong>Inscription<\/strong><\/span><\/h3>\n<p>Tout savoir sur la proc\u00e9dure<a href=\"https:\/\/www.ac-paris.fr\/portail\/jcms\/p1_510172\/passpro\" target=\"_blank\" rel=\"noopener noreferrer\"> PASSPRO<\/a><\/p>","protected":false},"excerpt":{"rendered":"<p>PUBLIC Les \u00e9l\u00e8ves sont recrut\u00e9s apr\u00e8s la classe de 3\u00e8me. ACTIVITES \u2013 QUALITES REQUISES Vous avez de l&rsquo;habilet\u00e9 manuelle, vous avez le sens de la pr\u00e9cision, vous \u00eates tr\u00e8s soigneux, vous aimez le contact avec la client\u00e8le, alors vous r\u00e9ussirez dans ce m\u00e9tier&#8230; Le titulaire du C.A.P. Cordonnerie Multiservice exerce un m\u00e9tier artisanal dans le domaine de la r\u00e9paration de chaussures et de petits articles en cuir.Sur la demande des clients, il \u00e9value les r\u00e9parations et les ex\u00e9cute en autonomie.Il&hellip;<\/p>\n","protected":false},"author":1,"featured_media":0,"parent":0,"menu_order":0,"comment_status":"closed","ping_status":"closed","template":"","meta":{"footnotes":""},"class_list":["post-1202","page","type-page","status-publish","hentry"],"_links":{"self":[{"href":"https:\/\/lyceedalembert.paris\/index.php\/wp-json\/wp\/v2\/pages\/1202","targetHints":{"allow":["GET"]}}],"collection":[{"href":"https:\/\/lyceedalembert.paris\/index.php\/wp-json\/wp\/v2\/pages"}],"about":[{"href":"https:\/\/lyceedalembert.paris\/index.php\/wp-json\/wp\/v2\/types\/page"}],"author":[{"embeddable":true,"href":"https:\/\/lyceedalembert.paris\/index.php\/wp-json\/wp\/v2\/users\/1"}],"replies":[{"embeddable":true,"href":"https:\/\/lyceedalembert.paris\/index.php\/wp-json\/wp\/v2\/comments?post=1202"}],"version-history":[{"count":15,"href":"https:\/\/lyceedalembert.paris\/index.php\/wp-json\/wp\/v2\/pages\/1202\/revisions"}],"predecessor-version":[{"id":6031,"href":"https:\/\/lyceedalembert.paris\/index.php\/wp-json\/wp\/v2\/pages\/1202\/revisions\/6031"}],"wp:attachment":[{"href":"https:\/\/lyceedalembert.paris\/index.php\/wp-json\/wp\/v2\/media?parent=1202"}],"curies":[{"name":"wp","href":"https:\/\/api.w.org\/{rel}","templated":true}]}}