{"id":1203,"date":"2016-03-10T13:00:10","date_gmt":"2016-03-10T12:00:10","guid":{"rendered":"http:\/\/localhost:81\/wordpress\/?page_id=1178"},"modified":"2021-01-27T17:25:37","modified_gmt":"2021-01-27T16:25:37","slug":"cap-podo-3","status":"publish","type":"page","link":"https:\/\/lyceedalembert.paris\/index.php\/cap-podo-3\/","title":{"rendered":"CAP Podo-Orth\u00e9siste"},"content":{"rendered":"\n<div class=\"wp-block-file aligncenter\"><a href=\"https:\/\/lyceedalembert.paris\/wp-content\/uploads\/2021\/01\/CAP-PODO.pdf\">Fiche de pr\u00e9sentation du CAP Podo-orth\u00e9siste<\/a><a href=\"https:\/\/lyceedalembert.paris\/wp-content\/uploads\/2021\/01\/CAP-PODO.pdf\" class=\"wp-block-file__button\" download>T\u00e9l\u00e9charger<\/a><\/div>\n\n\n<div class=\"su-youtube su-u-responsive-media-yes\"><iframe loading=\"lazy\" width=\"600\" height=\"400\" src=\"https:\/\/www.youtube.com\/embed\/bnXeL17ZeJ0?\" frameborder=\"0\" allowfullscreen allow=\"autoplay; encrypted-media; picture-in-picture\" title=\"\"><\/iframe><\/div>\n<div id=\"su_carousel_69dec3420507e\" class=\"su-carousel su-carousel-centered su-carousel-pages-no su-carousel-responsive-yes\" style=\"width:100%\" data-autoplay=\"3000\" data-speed=\"600\" data-mousewheel=\"true\" data-items=\"1\" data-scroll=\"1\"><div class=\"su-carousel-slides\"><div class=\"su-carousel-slide\"><a><img decoding=\"async\" src=\"https:\/\/lyceedalembert.paris\/wp-content\/uploads\/2017\/06\/1-682x450.jpg\" alt=\"Lyc\u008ee Polyvalent d&rsquo;Alembert &#8211; 75019 Paris &#8211; formation\" \/><\/a><\/div><div class=\"su-carousel-slide\"><a><img decoding=\"async\" src=\"https:\/\/lyceedalembert.paris\/wp-content\/uploads\/2017\/06\/2-682x450.jpg\" alt=\"Lyc\u008ee Polyvalent d&rsquo;Alembert &#8211; 75019 Paris &#8211; formation\" \/><\/a><\/div><div class=\"su-carousel-slide\"><a><img decoding=\"async\" src=\"https:\/\/lyceedalembert.paris\/wp-content\/uploads\/2017\/06\/3-682x450.jpg\" alt=\"Lyc\u008ee Polyvalent d&rsquo;Alembert &#8211; 75019 Paris &#8211; formation\" \/><\/a><\/div><div class=\"su-carousel-slide\"><a><img decoding=\"async\" src=\"https:\/\/lyceedalembert.paris\/wp-content\/uploads\/2017\/06\/5-682x450.jpg\" alt=\"Lyc\u008ee Polyvalent d&rsquo;Alembert &#8211; 75019 Paris &#8211; formation\" \/><\/a><\/div><div class=\"su-carousel-slide\"><a><img decoding=\"async\" src=\"https:\/\/lyceedalembert.paris\/wp-content\/uploads\/2017\/06\/6-682x450.jpg\" alt=\"6\" \/><\/a><\/div><div class=\"su-carousel-slide\"><a><img decoding=\"async\" src=\"https:\/\/lyceedalembert.paris\/wp-content\/uploads\/2017\/06\/8-682x450.jpg\" alt=\"Lyc\u008ee Polyvalent d&rsquo;Alembert &#8211; 75019 Paris &#8211; formation\" \/><\/a><\/div><div class=\"su-carousel-slide\"><a><img decoding=\"async\" src=\"https:\/\/lyceedalembert.paris\/wp-content\/uploads\/2017\/06\/9-682x450.jpg\" alt=\"Lyc\u008ee Polyvalent d&rsquo;Alembert &#8211; 75019 Paris &#8211; formation\" \/><\/a><\/div><div class=\"su-carousel-slide\"><a><img decoding=\"async\" src=\"https:\/\/lyceedalembert.paris\/wp-content\/uploads\/2017\/06\/BD_F-Stijepovic_DSC_9016_DxO-682x450.jpg\" alt=\"Lyc\u008ee Polyvalent d&rsquo;Alembert &#8211; 75019 Paris &#8211; formation\" \/><\/a><\/div><div class=\"su-carousel-slide\"><a><img decoding=\"async\" src=\"https:\/\/lyceedalembert.paris\/wp-content\/uploads\/2017\/06\/BD_F-Stijepovic_DSCadre_9014_DxO-682x450.jpg\" alt=\"Lyc\u008ee Polyvalent d&rsquo;Alembert &#8211; 75019 Paris &#8211; formation\" \/><\/a><\/div><div class=\"su-carousel-slide\"><a><img decoding=\"async\" src=\"https:\/\/lyceedalembert.paris\/wp-content\/uploads\/2017\/06\/BD_F-Stijepovic_DSCadre_9015_DxO-682x450.jpg\" alt=\"Lyc\u008ee Polyvalent d&rsquo;Alembert &#8211; 75019 Paris &#8211; formation\" \/><\/a><\/div><div class=\"su-carousel-slide\"><a><img decoding=\"async\" src=\"https:\/\/lyceedalembert.paris\/wp-content\/uploads\/2017\/06\/BD_F-Stijepovic_DSCadre_9018_DxO-682x450.jpg\" alt=\"BD_F Stijepovic_DSCadre_9018_DxO\" \/><\/a><\/div><div class=\"su-carousel-slide\"><a><img decoding=\"async\" src=\"https:\/\/lyceedalembert.paris\/wp-content\/uploads\/2017\/06\/BD_F-Stijepovic_DSCadre_9021_DxO-682x450.jpg\" alt=\"Lyc\u008ee Polyvalent d&rsquo;Alembert &#8211; 75019 Paris &#8211; formation\" \/><\/a><\/div><div class=\"su-carousel-slide\"><a><img decoding=\"async\" src=\"https:\/\/lyceedalembert.paris\/wp-content\/uploads\/2017\/06\/BD_F-Stijepovic_DSCadre_9022_DxO-682x450.jpg\" alt=\"Lyc\u008ee Polyvalent d&rsquo;Alembert &#8211; 75019 Paris &#8211; formation\" \/><\/a><\/div><div class=\"su-carousel-slide\"><a><img decoding=\"async\" src=\"https:\/\/lyceedalembert.paris\/wp-content\/uploads\/2017\/06\/BD_F-Stijepovic_DSCadre_9025_DxO-682x450.jpg\" alt=\"Lyc\u008ee Polyvalent d&rsquo;Alembert &#8211; 75019 Paris &#8211; formation\" \/><\/a><\/div><div class=\"su-carousel-slide\"><a><img decoding=\"async\" src=\"https:\/\/lyceedalembert.paris\/wp-content\/uploads\/2017\/06\/BD_F-Stijepovic_DSCadre_9127_DxO-682x450.jpg\" alt=\"BD_F Stijepovic_DSCadre_9127_DxO\" \/><\/a><\/div><\/div><div class=\"su-carousel-nav\"><div class=\"su-carousel-direction\"><span class=\"su-carousel-prev\"><\/span><span class=\"su-carousel-next\"><\/span><\/div><div class=\"su-carousel-pagination\"><\/div><\/div><\/div>Cr\u00e9dit photos<a href=\"http:\/\/fstijepovic.com\/\"> \u00a9 Fran\u00e7oise Stijepovic<\/a>.<\/p>\n<h3><span style=\"color: #ff9900;\"><strong>PUBLIC<\/strong><\/span><\/h3>\n<p>Les \u00e9l\u00e8ves sont recrut\u00e9s apr\u00e8s la classe de 3\u00e8me.<\/p>\n<h3><strong><span style=\"color: #ff9900;\">ACTIVITES \u2013 QUALITES REQUISES<\/span><\/strong><\/h3>\n<p>Le Podo-Orth\u00e9siste est un sp\u00e9cialiste de l\u2019appareillage du pied. Il con\u00e7oit et r\u00e9alise des orth\u00e8ses plantaires pour les petites d\u00e9formations du pied, pour des chaussures th\u00e9rapeutiques sur mesures, pour des d\u00e9formations plus importantes ou pour des pathologies sp\u00e9cifiques : h\u00e9mipl\u00e9gie, diab\u00e8tes, maladies cong\u00e9nitales \u2026 Le Podo-Orth\u00e9siste \u00e9volue aussi dans le milieu sportif.<\/p>\n<p>Le titulaire du CAP Podo-Orth\u00e9siste :<\/p>\n<ul>\n<li>Ex\u00e9cute le montage, le semelage et la finition des appareillages en fonction des fiches techniques<\/li>\n<li>Contribue aux op\u00e9rations de pr\u00e9paration des orth\u00e8ses et des essayages<\/li>\n<li>Pr\u00e9pare et g\u00e8re les fournitures dont il a besoin<\/li>\n<\/ul>\n<p>Vous devez avoir des aptitudes manuelles et le sens de la pr\u00e9cision &#8230;<\/p>\n<h3><span style=\"color: #ff9900;\"><strong>CONTENU DE LA FORMATION<\/strong><\/span><\/h3>\n<p>Les mati\u00e8res enseign\u00e9es sont :<\/p>\n<ul>\n<li>Fran\u00e7ais, Histoire\/G\u00e9ographie, Langue vivante, Vie sociale et professionnelle, Math\u00e9matiques, Sciences Physiques, Education Esth\u00e9tique, Education Physique, Enseignement technologie et professionnel<\/li>\n<\/ul>\n<p><strong>(soit 31 heures\/semaine en 1\u00e8re ann\u00e9e et 32 heures\/semaine en 2nde ann\u00e9e).<\/strong><\/p>\n<p>La formation comprend <strong>8 semaines de stage<\/strong> en milieu professionnel, r\u00e9parties sur les deux ann\u00e9es.<\/p>\n<h3><span style=\"color: #ff9900;\"><strong>MODALITES DE CERTIFICATION<\/strong><\/span><\/h3>\n<ul>\n<li>Situation d\u2019\u00e9valuation sous forme de CCF (Contr\u00f4le en Cours de Formation) tout en conservant une \u00e9preuve ponctuelle.<\/li>\n<\/ul>\n<h3><span style=\"color: #ff9900;\"><strong>DEBOUCHES \u2013 POURSUITE D\u2019ETUDES<\/strong><\/span><\/h3>\n<ul>\n<li>Travail en entreprise<\/li>\n<li>Poursuite vers le BAC PRO Technicien en Appareillage Orthop\u00e9dique (TAO)<\/li>\n<\/ul>\n<h3><span style=\"color: #ff9900;\"><strong>Inscription<\/strong><\/span><\/h3>\n<p>Tout savoir sur la proc\u00e9dure<a href=\"https:\/\/www.ac-paris.fr\/portail\/jcms\/p1_510172\/passpro\"> PASSPRO<\/a><br \/>Le recrutement est interacad\u00e9mique en Ile-de -France<\/p>","protected":false},"excerpt":{"rendered":"<p>Cr\u00e9dit photos \u00a9 Fran\u00e7oise Stijepovic. PUBLIC Les \u00e9l\u00e8ves sont recrut\u00e9s apr\u00e8s la classe de 3\u00e8me. ACTIVITES \u2013 QUALITES REQUISES Le Podo-Orth\u00e9siste est un sp\u00e9cialiste de l\u2019appareillage du pied. Il con\u00e7oit et r\u00e9alise des orth\u00e8ses plantaires pour les petites d\u00e9formations du pied, pour des chaussures th\u00e9rapeutiques sur mesures, pour des d\u00e9formations plus importantes ou pour des pathologies sp\u00e9cifiques : h\u00e9mipl\u00e9gie, diab\u00e8tes, maladies cong\u00e9nitales \u2026 Le Podo-Orth\u00e9siste \u00e9volue aussi dans le milieu sportif. Le titulaire du CAP Podo-Orth\u00e9siste : Ex\u00e9cute le montage,&hellip;<\/p>\n","protected":false},"author":1,"featured_media":0,"parent":0,"menu_order":0,"comment_status":"closed","ping_status":"closed","template":"","meta":{"footnotes":""},"class_list":["post-1203","page","type-page","status-publish","hentry"],"_links":{"self":[{"href":"https:\/\/lyceedalembert.paris\/index.php\/wp-json\/wp\/v2\/pages\/1203","targetHints":{"allow":["GET"]}}],"collection":[{"href":"https:\/\/lyceedalembert.paris\/index.php\/wp-json\/wp\/v2\/pages"}],"about":[{"href":"https:\/\/lyceedalembert.paris\/index.php\/wp-json\/wp\/v2\/types\/page"}],"author":[{"embeddable":true,"href":"https:\/\/lyceedalembert.paris\/index.php\/wp-json\/wp\/v2\/users\/1"}],"replies":[{"embeddable":true,"href":"https:\/\/lyceedalembert.paris\/index.php\/wp-json\/wp\/v2\/comments?post=1203"}],"version-history":[{"count":10,"href":"https:\/\/lyceedalembert.paris\/index.php\/wp-json\/wp\/v2\/pages\/1203\/revisions"}],"predecessor-version":[{"id":6004,"href":"https:\/\/lyceedalembert.paris\/index.php\/wp-json\/wp\/v2\/pages\/1203\/revisions\/6004"}],"wp:attachment":[{"href":"https:\/\/lyceedalembert.paris\/index.php\/wp-json\/wp\/v2\/media?parent=1203"}],"curies":[{"name":"wp","href":"https:\/\/api.w.org\/{rel}","templated":true}]}}