{"id":1204,"date":"2016-03-10T13:01:56","date_gmt":"2016-03-10T12:01:56","guid":{"rendered":"http:\/\/localhost:81\/wordpress\/?page_id=1180"},"modified":"2023-06-19T08:40:37","modified_gmt":"2023-06-19T07:40:37","slug":"cap-prothese-3","status":"publish","type":"page","link":"https:\/\/lyceedalembert.paris\/index.php\/cap-prothese-3\/","title":{"rendered":"CAP Ortho-Proth\u00e9siste"},"content":{"rendered":"\n<div class=\"wp-block-file aligncenter\"><a id=\"wp-block-file--media-c9336ee0-aa92-4138-882d-649e6af85883\" href=\"https:\/\/lyceedalembert.paris\/wp-content\/uploads\/2021\/01\/CAP-PROTHESE.pdf\">Fiche de pr\u00e9sentation du CAP Ortho-proth\u00e9siste<\/a><a href=\"https:\/\/lyceedalembert.paris\/wp-content\/uploads\/2021\/01\/CAP-PROTHESE.pdf\" class=\"wp-block-file__button wp-element-button\" download aria-describedby=\"wp-block-file--media-c9336ee0-aa92-4138-882d-649e6af85883\">T\u00e9l\u00e9charger<\/a><\/div>\n\n\n\n<div data-wp-interactive=\"core\/file\" class=\"wp-block-file\"><object data-wp-bind--hidden=\"!state.hasPdfPreview\" hidden class=\"wp-block-file__embed\" data=\"https:\/\/lyceedalembert.paris\/wp-content\/uploads\/2023\/06\/Plaquette-formation-V-definitive-2023-bis.pdf\" type=\"application\/pdf\" style=\"width:100%;height:600px\" aria-label=\"Contenu embarqu\u00e9 Plaquette-formation-V-definitive-2023-bis.\"><\/object><a id=\"wp-block-file--media-5ac05dc4-0c01-409a-ad21-c1b834719c6c\" href=\"https:\/\/lyceedalembert.paris\/wp-content\/uploads\/2023\/06\/Plaquette-formation-V-definitive-2023-bis.pdf\">Plaquette-formation-V-definitive-2023-bis<\/a><a href=\"https:\/\/lyceedalembert.paris\/wp-content\/uploads\/2023\/06\/Plaquette-formation-V-definitive-2023-bis.pdf\" class=\"wp-block-file__button wp-element-button\" download aria-describedby=\"wp-block-file--media-5ac05dc4-0c01-409a-ad21-c1b834719c6c\">T\u00e9l\u00e9charger<\/a><\/div>\n\n\n<div id=\"su_carousel_69e8b886e6e77\" class=\"su-carousel su-carousel-centered su-carousel-pages-no su-carousel-responsive-yes\" style=\"width:100%\" data-autoplay=\"3000\" data-speed=\"600\" data-mousewheel=\"true\" data-items=\"1\" data-scroll=\"1\"><div class=\"su-carousel-slides\"><div class=\"su-carousel-slide\"><a><img decoding=\"async\" src=\"https:\/\/lyceedalembert.paris\/wp-content\/uploads\/2017\/06\/a-682x450.jpg\" alt=\"a\" \/><\/a><\/div><div class=\"su-carousel-slide\"><a><img decoding=\"async\" src=\"https:\/\/lyceedalembert.paris\/wp-content\/uploads\/2017\/06\/b-682x450.jpg\" alt=\"Lyc\u008ee Polyvalent d&rsquo;Alembert &#8211; 75019 Paris &#8211; formation\" \/><\/a><\/div><div class=\"su-carousel-slide\"><a><img decoding=\"async\" src=\"https:\/\/lyceedalembert.paris\/wp-content\/uploads\/2017\/06\/c-682x450.jpg\" alt=\"Lyc\u008ee Polyvalent d&rsquo;Alembert &#8211; 75019 Paris &#8211; formation\" \/><\/a><\/div><div class=\"su-carousel-slide\"><a><img decoding=\"async\" src=\"https:\/\/lyceedalembert.paris\/wp-content\/uploads\/2017\/06\/d-682x450.jpg\" alt=\"Lyc\u008ee Polyvalent d&rsquo;Alembert &#8211; 75019 Paris &#8211; formation\" \/><\/a><\/div><div class=\"su-carousel-slide\"><a><img decoding=\"async\" src=\"https:\/\/lyceedalembert.paris\/wp-content\/uploads\/2017\/06\/e-682x450.jpg\" alt=\"Lyc\u008ee Polyvalent d&rsquo;Alembert &#8211; 75019 Paris &#8211; formation\" \/><\/a><\/div><div class=\"su-carousel-slide\"><a><img decoding=\"async\" src=\"https:\/\/lyceedalembert.paris\/wp-content\/uploads\/2017\/06\/f-682x450.jpg\" alt=\"Lyc\u008ee Polyvalent d&rsquo;Alembert &#8211; 75019 Paris &#8211; formation\" \/><\/a><\/div><div class=\"su-carousel-slide\"><a><img decoding=\"async\" src=\"https:\/\/lyceedalembert.paris\/wp-content\/uploads\/2017\/06\/g-682x450.jpg\" alt=\"Lyc\u008ee Polyvalent d&rsquo;Alembert &#8211; 75019 Paris &#8211; formation\" \/><\/a><\/div><div class=\"su-carousel-slide\"><a><img decoding=\"async\" src=\"https:\/\/lyceedalembert.paris\/wp-content\/uploads\/2017\/06\/h-682x450.jpg\" alt=\"Lyc\u008ee Polyvalent d&rsquo;Alembert &#8211; 75019 Paris &#8211; formation\" \/><\/a><\/div><div class=\"su-carousel-slide\"><a><img decoding=\"async\" src=\"https:\/\/lyceedalembert.paris\/wp-content\/uploads\/2017\/06\/i-682x450.jpg\" alt=\"Lyc\u008ee Polyvalent d&rsquo;Alembert &#8211; 75019 Paris &#8211; formation\" \/><\/a><\/div><div class=\"su-carousel-slide\"><a><img decoding=\"async\" src=\"https:\/\/lyceedalembert.paris\/wp-content\/uploads\/2017\/06\/j-682x450.jpg\" alt=\"Lyc\u008ee Polyvalent d&rsquo;Alembert &#8211; 75019 Paris &#8211; formation\" \/><\/a><\/div><div class=\"su-carousel-slide\"><a><img decoding=\"async\" src=\"https:\/\/lyceedalembert.paris\/wp-content\/uploads\/2017\/06\/k-682x450.jpg\" alt=\"Lyc\u008ee Polyvalent d&rsquo;Alembert &#8211; 75019 Paris &#8211; formation\" \/><\/a><\/div><div class=\"su-carousel-slide\"><a><img decoding=\"async\" src=\"https:\/\/lyceedalembert.paris\/wp-content\/uploads\/2017\/06\/l-682x450.jpg\" alt=\"l\" \/><\/a><\/div><div class=\"su-carousel-slide\"><a><img decoding=\"async\" src=\"https:\/\/lyceedalembert.paris\/wp-content\/uploads\/2017\/06\/m-682x450.jpg\" alt=\"Lyc\u008ee Polyvalent d&rsquo;Alembert &#8211; 75019 Paris &#8211; formation\" \/><\/a><\/div><div class=\"su-carousel-slide\"><a><img decoding=\"async\" src=\"https:\/\/lyceedalembert.paris\/wp-content\/uploads\/2017\/06\/n-682x450.jpg\" alt=\"Lyc\u008ee Polyvalent d&rsquo;Alembert &#8211; 75019 Paris &#8211; formation\" \/><\/a><\/div><div class=\"su-carousel-slide\"><a><img decoding=\"async\" src=\"https:\/\/lyceedalembert.paris\/wp-content\/uploads\/2017\/06\/n-1-682x450.jpg\" alt=\"Lyc\u008ee Polyvalent d&rsquo;Alembert &#8211; 75019 Paris &#8211; formation\" \/><\/a><\/div><div class=\"su-carousel-slide\"><a><img decoding=\"async\" src=\"https:\/\/lyceedalembert.paris\/wp-content\/uploads\/2017\/06\/o-682x450.jpg\" alt=\"Lyc\u008ee Polyvalent d&rsquo;Alembert &#8211; 75019 Paris &#8211; formation\" \/><\/a><\/div><\/div><div class=\"su-carousel-nav\"><div class=\"su-carousel-direction\"><span class=\"su-carousel-prev\"><\/span><span class=\"su-carousel-next\"><\/span><\/div><div class=\"su-carousel-pagination\"><\/div><\/div><\/div><br>Cr\u00e9dit photos&nbsp;<a href=\"http:\/\/fstijepovic.com\/\"> \u00a9 Fran\u00e7oise Stijepovic<\/a>.<\/p>\n<h3><span style=\"color: #ff9900;\"><strong>PUBLIC<\/strong><\/span><\/h3>\n<p>Les \u00e9l\u00e8ves sont recrut\u00e9s apr\u00e8s la classe de 3\u00e8me.<\/p>\n<h3><strong><span style=\"color: #ff9900;\">ACTIVITES \u2013 QUALITES REQUISES<\/span><\/strong><\/h3>\n<p>Vous devez avoir des aptitudes manuelles et le sens de la pr\u00e9cision &#8230;<\/p>\n<p>Le titulaire du C.A.P. Proth\u00e9siste-Orth\u00e9siste fabrique des appareils orthop\u00e9diques et proth\u00e9tiques au sein d\u2019un atelier. Il pourra se sp\u00e9cialiser, ensuite, en fonction des appareils r\u00e9alis\u00e9s par l\u2019entreprise. \u2026<\/p>\n<h3><span style=\"color: #ff9900;\"><strong>CONTENU DE LA FORMATION<\/strong><\/span><\/h3>\n<p>Les mati\u00e8res enseign\u00e9es sont :<\/p>\n<ul>\n<li>Fran\u00e7ais, Histoire\/G\u00e9ographie, Langue vivante, Vie sociale et professionnelle, Math\u00e9matiques, Sciences Physiques, Education Esth\u00e9tique, Education Physique, Enseignement technologie et professionnel<\/li>\n<\/ul>\n<p><strong>(soit 32 heures\/semaine en 1\u00e8re ann\u00e9e et 31 heures\/semaine en 2nde ann\u00e9e).<\/strong><\/p>\n<p>La formation comprend <strong>11 semaines de stage<\/strong> en milieu professionnel, r\u00e9parties sur les deux ann\u00e9es.<\/p>\n<h3><span style=\"color: #ff9900;\"><strong>MODALITES DE CERTIFICATION<\/strong><\/span><\/h3>\n<ul>\n<li>Situation d\u2019\u00e9valuation sous forme de CCF (Contr\u00f4le en Cours de Formation) tout en conservant une \u00e9preuve ponctuelle.<\/li>\n<\/ul>\n<h3><span style=\"color: #ff9900;\"><strong>DEBOUCHES \u2013 POURSUITE D\u2019ETUDES<\/strong><\/span><\/h3>\n<ul>\n<li>Travail en entreprise<\/li>\n<li>Poursuite vers le BAC PRO Technicien en Appareillage Orthop\u00e9dique (TAO).<\/li>\n<\/ul>\n<h3><span style=\"color: #ff9900;\"><strong>Inscription<\/strong><\/span><\/h3>\n<p>Tout savoir sur la proc\u00e9dure<a href=\"https:\/\/www.ac-paris.fr\/portail\/jcms\/p1_510172\/passpro\"> PASSPRO<\/a><br>Le recrutement est interacad\u00e9mique en Ile-de -France<\/p>","protected":false},"excerpt":{"rendered":"<p>Cr\u00e9dit photos&nbsp; \u00a9 Fran\u00e7oise Stijepovic. PUBLIC Les \u00e9l\u00e8ves sont recrut\u00e9s apr\u00e8s la classe de 3\u00e8me. ACTIVITES \u2013 QUALITES REQUISES Vous devez avoir des aptitudes manuelles et le sens de la pr\u00e9cision &#8230; Le titulaire du C.A.P. Proth\u00e9siste-Orth\u00e9siste fabrique des appareils orthop\u00e9diques et proth\u00e9tiques au sein d\u2019un atelier. Il pourra se sp\u00e9cialiser, ensuite, en fonction des appareils r\u00e9alis\u00e9s par l\u2019entreprise. \u2026 CONTENU DE LA FORMATION Les mati\u00e8res enseign\u00e9es sont : Fran\u00e7ais, Histoire\/G\u00e9ographie, Langue vivante, Vie sociale et professionnelle, Math\u00e9matiques, Sciences Physiques,&hellip;<\/p>\n","protected":false},"author":1,"featured_media":0,"parent":0,"menu_order":0,"comment_status":"closed","ping_status":"closed","template":"","meta":{"footnotes":""},"class_list":["post-1204","page","type-page","status-publish","hentry"],"_links":{"self":[{"href":"https:\/\/lyceedalembert.paris\/index.php\/wp-json\/wp\/v2\/pages\/1204","targetHints":{"allow":["GET"]}}],"collection":[{"href":"https:\/\/lyceedalembert.paris\/index.php\/wp-json\/wp\/v2\/pages"}],"about":[{"href":"https:\/\/lyceedalembert.paris\/index.php\/wp-json\/wp\/v2\/types\/page"}],"author":[{"embeddable":true,"href":"https:\/\/lyceedalembert.paris\/index.php\/wp-json\/wp\/v2\/users\/1"}],"replies":[{"embeddable":true,"href":"https:\/\/lyceedalembert.paris\/index.php\/wp-json\/wp\/v2\/comments?post=1204"}],"version-history":[{"count":12,"href":"https:\/\/lyceedalembert.paris\/index.php\/wp-json\/wp\/v2\/pages\/1204\/revisions"}],"predecessor-version":[{"id":7895,"href":"https:\/\/lyceedalembert.paris\/index.php\/wp-json\/wp\/v2\/pages\/1204\/revisions\/7895"}],"wp:attachment":[{"href":"https:\/\/lyceedalembert.paris\/index.php\/wp-json\/wp\/v2\/media?parent=1204"}],"curies":[{"name":"wp","href":"https:\/\/api.w.org\/{rel}","templated":true}]}}