{"id":1457,"date":"2016-03-24T15:01:29","date_gmt":"2016-03-24T14:01:29","guid":{"rendered":"http:\/\/localhost:81\/Lyceedalembert\/?page_id=1457"},"modified":"2018-05-28T17:43:33","modified_gmt":"2018-05-28T16:43:33","slug":"de-aes","status":"publish","type":"page","link":"https:\/\/lyceedalembert.paris\/index.php\/de-aes\/","title":{"rendered":"Dipl\u00f4me d&rsquo;Etat Accompagnant(e) \u00c9ducatif(ve) et Social(e)"},"content":{"rendered":"<h1 class=\"western\" style=\"text-align: left;\" align=\"center\"><span style=\"font-family: Arial, sans-serif; color: #ff9900;\"><span style=\"font-size: xx-large;\"><b>Accompagnant-e \u00c9ducatif-ve et Social-e*<\/b><\/span><\/span><\/h1>\n<ul>\n<li>\n<p class=\"western\"><span style=\"font-family: Arial, sans-serif;\"><b>Une formation gratuite en 18 mois, <\/b><\/span><span style=\"font-family: Arial, sans-serif;\">aucun dipl\u00f4me pr\u00e9-requis<\/span><\/p>\n<\/li>\n<li>\n<p class=\"western\"><span style=\"font-family: Arial, sans-serif;\"><b>Un dipl\u00f4me d\u2019\u00c9tat de niveau V <\/b><\/span><span style=\"font-family: Arial, sans-serif;\"><i>3 sp\u00e9cialit\u00e9s possibles<\/i><\/span><\/p>\n<\/li>\n<li>\n<p class=\"western\"><span style=\"font-family: Arial, sans-serif;\"><b>Un m\u00e9tier passionnant<\/b><\/span><\/p>\n<\/li>\n<li>\n<p class=\"western\"><span style=\"font-family: Arial, sans-serif;\"><b>Un secteur de plein emploi<\/b><\/span><\/p>\n<\/li>\n<\/ul>\n<h4 class=\"western\" style=\"text-align: left;\" align=\"center\">\u00a0<span style=\"font-family: Arial, sans-serif; color: #ff9900;\"><span style=\"font-size: x-large;\"><b>En quoi consiste le m\u00e9tier d\u2019AES\u00a0?<\/b><\/span><\/span><\/h4>\n<p class=\"western\" align=\"justify\"><span style=\"font-family: Arial, sans-serif;\"><b>L\u2019Accompagnant-e \u00c9ducatif-ve et Social-e<\/b><\/span><span style=\"font-family: Arial, sans-serif;\"> r\u00e9alise une <\/span><span style=\"font-family: Arial, sans-serif;\"><b>intervention sociale au quotidien<\/b><\/span><span style=\"font-family: Arial, sans-serif;\"> visant \u00e0 compenser les cons\u00e9quences d\u2019un <\/span><span style=\"font-family: Arial, sans-serif;\"><b>handicap. <\/b><\/span><span style=\"font-family: Arial, sans-serif;\">Il-elle prend en compte les difficult\u00e9s li\u00e9es \u00e0 l\u2019\u00e2ge, \u00e0 la maladie ou au mode de vie, ou les cons\u00e9quences d\u2019une <\/span><span style=\"font-family: Arial, sans-serif;\"><b>situation sociale de vuln\u00e9rabilit\u00e9<\/b><\/span><span style=\"font-family: Arial, sans-serif;\">, pour<\/span><span style=\"font-family: Arial, sans-serif;\"><b> permettre \u00e0 la personne d\u2019\u00eatre actrice de son projet de vie<\/b><\/span><span style=\"font-family: Arial, sans-serif;\">.<\/span><\/p>\n<p class=\"western\" align=\"justify\"><span style=\"font-family: Arial, sans-serif;\">L\u2019AES \u00e9tablit une <\/span><span style=\"font-family: Arial, sans-serif;\"><b>relation attentive<\/b><\/span><span style=\"font-family: Arial, sans-serif;\"> de proximit\u00e9, en <\/span><span style=\"font-family: Arial, sans-serif;\"><b>fonction des capacit\u00e9s<\/b><\/span><span style=\"font-family: Arial, sans-serif;\"> de la personne dans toutes ses <\/span><span style=\"font-family: Arial, sans-serif;\"><b>dimensions (physiques, physiologiques, cognitives, psychologiques, psychiques, relation-nelles et sociales<\/b><\/span><span style=\"font-family: Arial, sans-serif;\">).<\/span><\/p>\n<p class=\"western\" align=\"justify\"><span style=\"font-family: Arial, sans-serif;\">L\u2019AES soutient et <\/span><span style=\"font-family: Arial, sans-serif;\"><b>favorise la com-munication<\/b><\/span> <span style=\"font-family: Arial, sans-serif;\"><b>et l\u2019expression<\/b><\/span><span style=\"font-family: Arial, sans-serif;\"> de la personne, qu\u2019elle soit verbale ou non verbale.<\/span><\/p>\n<p class=\"western\" align=\"justify\"><span style=\"font-family: Arial, sans-serif;\">L\u2019AES <\/span><span style=\"font-family: Arial, sans-serif;\"><b>participe <\/b><\/span><span style=\"font-family: Arial, sans-serif;\">au <\/span><span style=\"font-family: Arial, sans-serif;\"><b>bien-\u00eatre physique et psychologique<\/b><\/span><span style=\"font-family: Arial, sans-serif;\"> de la personne, dans les diff\u00e9rentes \u00e9tapes de sa vie.<\/span><\/p>\n<p class=\"western\" align=\"justify\"><span style=\"font-family: Arial, sans-serif;\">L\u2019AES contribue \u00e0 la <\/span><span style=\"font-family: Arial, sans-serif;\"><b>pr\u00e9vention<\/b><\/span><span style=\"font-family: Arial, sans-serif;\"> de la rupture et\/ou \u00e0 la <\/span><span style=\"font-family: Arial, sans-serif;\"><b>r\u00e9activation du lien social<\/b><\/span><span style=\"font-family: Arial, sans-serif;\">.<\/span><\/p>\n<h3 class=\"western\" style=\"text-align: left;\" align=\"center\"><span style=\"color: #ff9900;\">\u00a0<span style=\"font-family: Arial, sans-serif;\"><span style=\"font-size: x-large;\"><b>Aupr\u00e8s de quel public exerce un-e AES\u00a0?<\/b><\/span><\/span><\/span><\/h3>\n<p class=\"western\" align=\"justify\"><span style=\"font-family: Arial, sans-serif;\">L\u2019AES accompagne, tant dans les <\/span><span style=\"font-family: Arial, sans-serif;\"><b>actes essentiels<\/b><\/span><span style=\"font-family: Arial, sans-serif;\"> du quotidien que dans les <\/span><span style=\"font-family: Arial, sans-serif;\"><b>activit\u00e9s de vie sociale, scolaire et de loisirs, <\/b><\/span><span style=\"font-family: Arial, sans-serif;\">les <\/span><span style=\"font-family: Arial, sans-serif;\"><b>enfants<\/b><\/span><span style=\"font-family: Arial, sans-serif;\">, <\/span><span style=\"font-family: Arial, sans-serif;\"><b>adolescents, adultes, personnes vieillissantes <\/b><\/span><span style=\"font-family: Arial, sans-serif;\">ou<\/span><span style=\"font-family: Arial, sans-serif;\"><b> familles en situation de handicap ou de perte d\u2019autonomie.<\/b><\/span><\/p>\n<h3 class=\"western\" style=\"text-align: left;\" align=\"center\"><span style=\"font-family: Arial, sans-serif; color: #ff9900;\"><span style=\"font-size: x-large;\"><b>O\u00f9 travaille un-e AES\u00a0?<\/b><\/span><\/span><\/h3>\n<p class=\"western\" align=\"justify\"><span style=\"font-family: Arial, sans-serif;\">Selon la <\/span><span style=\"font-family: Arial, sans-serif;\"><b>sp\u00e9cialit\u00e9<\/b><\/span><span style=\"font-family: Arial, sans-serif;\"> choisie en d\u00e9but de formation, l\u2019AES exerce principalement\u00a0:<\/span><\/p>\n<ul>\n<li>\n<p class=\"western\" align=\"justify\"><span style=\"font-family: Arial, sans-serif;\"><b>au domicile des personnes<\/b><\/span><span style=\"font-family: Arial, sans-serif;\">, soit en \u00e9tant l\u2019employ\u00e9 de la personne accompagn\u00e9e ou de sa famille, soit en \u00e9tant salari\u00e9 d\u2019une soci\u00e9t\u00e9 ou d\u2019une association prestataire\u00a0;<\/span><\/p>\n<\/li>\n<li>\n<p class=\"western\" align=\"justify\"><span style=\"font-family: Arial, sans-serif;\"><b>en structure collective<\/b><\/span><span style=\"font-family: Arial, sans-serif;\">, lieux de vie ou d\u2019accueil de jour, publics ou priv\u00e9s\u00a0: Institut M\u00e9dico-Educatif, Maison d\u2019Accueil Sp\u00e9cialis\u00e9e, Foyer d\u2019Accueil M\u00e9dicalis\u00e9, foyer de vie, Centre d\u2019Accueil de Jour, Etablissement d\u2019H\u00e9bergement de Personnes Ag\u00e9es D\u00e9pendantes, &#8230;\u00a0<\/span><\/p>\n<\/li>\n<li>\n<p class=\"western\" align=\"justify\"><span style=\"font-family: Arial, sans-serif;\"><b>en structure d\u2019apprentissage ou d\u2019activit\u00e9\u00a0<\/b><\/span><span style=\"font-family: Arial, sans-serif;\">:<\/span><span style=\"font-family: Arial, sans-serif;\"><b>\u00a0<\/b><\/span><span style=\"font-family: Arial, sans-serif;\">\u00e9tablissements scolaires ou de formation, lieux d\u2019activit\u00e9s culturelles, sportives, artistiques et de loisirs.<\/span><\/p>\n<\/li>\n<\/ul>\n<h3 class=\"western\" style=\"text-align: left;\" align=\"center\"><span style=\"font-family: Arial, sans-serif; color: #ff9900;\"><span style=\"font-size: x-large;\"><b>Avec qui travaille un-e AES\u00a0?<\/b><\/span><\/span><\/h3>\n<p class=\"western\" align=\"justify\"><span style=\"font-family: Arial, sans-serif;\">L\u2019AES coop\u00e8re avec des<\/span><b> <\/b><span style=\"font-family: Arial, sans-serif;\">\u00e9ducateurs, m\u00e9decins, psychologues, infirmiers, kin\u00e9sith\u00e9rapeutes, aides-soignants, enseignants, &#8230;) sous la responsabilit\u00e9 d\u2019un travailleur social ou param\u00e9dical ou d\u2019une \u00e9quipe p\u00e9dagogique.<\/span><\/p>\n<h3 class=\"western\" style=\"text-align: left;\" align=\"center\"><span style=\"font-family: Arial, sans-serif; color: #ff9900;\"><span style=\"font-size: x-large;\"><b>Quelles sont les qualit\u00e9s d\u2019un-e AES\u00a0?<\/b><\/span><\/span><\/h3>\n<ul>\n<li>\n<p class=\"western\"><span style=\"font-family: Arial, sans-serif;\">Patience<\/span><\/p>\n<\/li>\n<li>\n<p class=\"western\"><span style=\"font-family: Arial, sans-serif;\">Capacit\u00e9 d\u2019\u00e9coute<\/span><\/p>\n<\/li>\n<li>\n<p class=\"western\"><span style=\"font-family: Arial, sans-serif;\">Empathie<\/span><\/p>\n<\/li>\n<li>\n<p class=\"western\"><span style=\"font-family: Arial, sans-serif;\">Bonne sant\u00e9 physique et mentale, \u2026<\/span><\/p>\n<\/li>\n<\/ul>\n<h3 class=\"western\" style=\"text-align: left;\" align=\"center\"><span style=\"font-family: Arial, sans-serif; color: #ff9900;\"><span style=\"font-size: x-large;\"><b>Quelle formation initiale re\u00e7oit un-e futur-e AES\u00a0?<\/b><\/span><\/span><\/h3>\n<p class=\"western\" align=\"justify\"><span style=\"font-family: Arial, sans-serif;\">Sa formation est \u00e0 la fois pratique et th\u00e9orique\u00a0:<\/span><\/p>\n<ul>\n<li>\n<p class=\"western\" align=\"justify\"><span style=\"font-family: Arial, sans-serif;\"><b>840 heures de stages<\/b><\/span><span style=\"font-family: Arial, sans-serif;\"> (24 semaines)<\/span><\/p>\n<\/li>\n<li>\n<p class=\"western\" align=\"justify\"><span style=\"font-family: Arial, sans-serif;\"><b>525 heures de cours <\/b><\/span><span style=\"font-family: Arial, sans-serif;\"><span style=\"font-size: small;\"><i>(\u00e9preuves de certification incluses)<\/i><\/span><\/span><\/p>\n<\/li>\n<\/ul>\n<p class=\"western\" align=\"justify\"><span style=\"font-family: Arial, sans-serif;\">La formation th\u00e9orique comprend quatre domaines qui permettent \u00e0 l\u2019AES de\u00a0:<\/span><\/p>\n<ul>\n<li>\n<p class=\"western\" align=\"justify\"><span style=\"font-family: Arial, sans-serif;\"><span style=\"font-size: small;\"><i>Se positionner comme professionnel-le dans le champ de l\u2019action sociale<\/i><\/span><\/span><\/p>\n<\/li>\n<li>\n<p class=\"western\" align=\"justify\"><span style=\"font-family: Arial, sans-serif;\"><span style=\"font-size: small;\"><i>Accompagner la personne au quotidien et dans la proximit\u00e9<\/i><\/span><\/span><\/p>\n<\/li>\n<li>\n<p class=\"western\" align=\"justify\"><span style=\"font-family: Arial, sans-serif;\"><span style=\"font-size: small;\"><i>Coop\u00e9rer avec l\u2019ensemble des professionnel-le-s concern\u00e9-e-s<\/i><\/span><\/span><\/p>\n<\/li>\n<li>\n<p class=\"western\" align=\"justify\"><span style=\"font-family: Arial, sans-serif;\"><span style=\"font-size: small;\"><i>Participer \u00e0 l\u2019animation de la vie sociale et citoyenne de la personne<\/i><\/span><\/span><span style=\"font-family: Arial, sans-serif;\">.<\/span><\/p>\n<\/li>\n<\/ul>\n<p class=\"western\" align=\"justify\"><span style=\"font-family: Arial, sans-serif;\">Le dipl\u00f4me de fin d\u2019\u00e9tudes est un <\/span><span style=\"font-family: Arial, sans-serif;\"><b>dipl\u00f4me d\u2019Etat<\/b><\/span><span style=\"font-family: Arial, sans-serif;\">, d\u00e9livr\u00e9 par la DRJSCS &#8211; Direction R\u00e9gionale de la Jeunesse et des Sports et de la Coh\u00e9sion Sociale &#8211; et d\u00e9clin\u00e9 en <\/span><span style=\"font-family: Arial, sans-serif;\"><u><b>trois sp\u00e9cialit\u00e9s<\/b><\/u><\/span><span style=\"font-family: Arial, sans-serif;\">\u00a0:<\/span><\/p>\n<ul>\n<li>\n<p class=\"western\"><span style=\"font-family: Arial, sans-serif;\">Accompagnement de la <\/span><span style=\"font-family: Arial, sans-serif;\"><b>vie \u00e0 domicile<\/b><\/span><\/p>\n<\/li>\n<li>\n<p class=\"western\"><span style=\"font-family: Arial, sans-serif;\">Accompagnement de la <\/span><span style=\"font-family: Arial, sans-serif;\"><b>vie en structure collective<\/b><\/span><\/p>\n<\/li>\n<li>\n<p class=\"western\"><span style=\"font-family: Arial, sans-serif;\">Accompagnement \u00e0 <\/span><span style=\"font-family: Arial, sans-serif;\"><b>l\u2019\u00e9ducation inclus-sive<\/b><\/span><span style=\"font-family: Arial, sans-serif;\"> et \u00e0 la <\/span><span style=\"font-family: Arial, sans-serif;\"><b>vie ordinaire<\/b><\/span><\/p>\n<\/li>\n<\/ul>\n<p>Les titulaires du DE d\u2019Auxiliaire de Vie Sociale ou du certificat d\u2019aptitude aux fonctions d\u2019aide \u00e0 domicile ou de la MCAD sont, de droit, titulaires du DE d\u2019AES, sp\u00e9cialit\u00e9 \u201caccompagnement de la vie \u00e0 domicile\u201d.<\/p>\n<p>Les titulaires du DE d\u2019AMP ou CAFAMP sont, de droit, titulaires du DE d\u2019AES sp\u00e9cialit\u00e9 \u201caccompagnement de la vie en structure collective\u201d.<\/p>\n<p>L\u2019acquisition d\u2019une sp\u00e9cialit\u00e9 compl\u00e9mentaire est conditionn\u00e9e \u00e0 l\u2019obligation de suivre le parcours de formation de 147 heures de formation th\u00e9orique concernant la sp\u00e9cialit\u00e9 choisie et de 175 heures de formation pratique, sur un terrain professionnel en rapport avec la sp\u00e9cialit\u00e9 souhait\u00e9e. Ces personnes sont dispens\u00e9es des \u00e9preuves d\u2019entr\u00e9e en formation.<\/p>\n<h3 class=\"western\" style=\"text-align: left;\" align=\"center\"><span style=\"font-family: Arial, sans-serif; color: #ff9900;\"><span style=\"font-size: x-large;\"><b>La formation d\u2019AES au lyc\u00e9e d\u2019Alembert<\/b><\/span><\/span><\/h3>\n<p class=\"western\" align=\"justify\"><span style=\"font-family: Arial, sans-serif;\">La formation est dispens\u00e9e <\/span><span style=\"font-family: Arial, sans-serif;\"><b>de janvier\u00a0\u00e0 juin de l\u2019ann\u00e9e suivante\u00a0; <\/b><\/span><span style=\"font-family: Arial, sans-serif;\">elle est<\/span><span style=\"font-family: Arial, sans-serif;\"><b> gratuite<\/b><\/span><span style=\"font-family: Arial, sans-serif;\"> et <\/span><span style=\"font-family: Arial, sans-serif;\"><b>non r\u00e9mun\u00e9r\u00e9e<\/b><\/span><span style=\"font-family: Arial, sans-serif;\">. Certains stages peuvent \u00eatre gratifi\u00e9s.<\/span><\/p>\n<p><span style=\"font-family: Arial, sans-serif;\">Les cours ont lieu du lundi au vendredi. <\/span><\/p>\n<p class=\"western\" align=\"justify\"><span style=\"font-family: Arial, sans-serif;\">Ils sont ponctu\u00e9s de <\/span><span style=\"font-family: Arial, sans-serif;\"><b>groupes de r\u00e9flexion sur les pratiques professionnelles<\/b><\/span><span style=\"font-family: Arial, sans-serif;\">, des mises en situation de <\/span><span style=\"font-family: Arial, sans-serif;\"><b>participation<\/b><\/span><span style=\"font-family: Arial, sans-serif;\"> et d\u2019<\/span><span style=\"font-family: Arial, sans-serif;\"><b>animation de r\u00e9unions<\/b><\/span><span style=\"font-family: Arial, sans-serif;\">, de <\/span><span style=\"font-family: Arial, sans-serif;\"><b>travaux \u00e9crits<\/b><\/span><span style=\"font-family: Arial, sans-serif;\"> demandant une recherche pr\u00e9alable sur le terrain de stage (observation, concertation,\u2026) en vue d\u2019\u00e9laborer des <\/span><span style=\"font-family: Arial, sans-serif;\"><b>comptes rendus d\u2019intervention, des projets personnalis\u00e9s, des projets d\u2019animation<\/b><\/span><span style=\"font-family: Arial, sans-serif;\">, \u2026<\/span><\/p>\n<p class=\"western\" align=\"justify\"><span style=\"font-family: Arial, sans-serif;\">L\u2019exp\u00e9rience de terrain est acquise lors des <\/span><span style=\"font-family: Arial, sans-serif;\"><b>deux ou trois stages<\/b><\/span><span style=\"font-family: Arial, sans-serif;\"> dans des structures accueillant des <\/span><span style=\"font-family: Arial, sans-serif;\"><b>publics diff\u00e9rents<\/b><\/span><span style=\"font-family: Arial, sans-serif;\">, dont un en rapport avec la sp\u00e9cialit\u00e9 choisie.<\/span><\/p>\n<p class=\"western\" align=\"justify\"><span style=\"font-family: Arial, sans-serif;\">Les horaires de stage sont ceux des professionnels de terrain.<\/span><\/p>\n<p class=\"western\" align=\"justify\"><span style=\"font-family: Arial, sans-serif;\">Durant toute sa formation, en cours comme en stage, <\/span><span style=\"font-family: Arial, sans-serif;\"><b>chaque \u00e9l\u00e8ve est suivi-e par un-e accompagnateur-trice p\u00e9dagogique<\/b><\/span><span style=\"font-family: Arial, sans-serif;\"> qui est enseignant.e-formateur-ice et titulaire d\u2019un dipl\u00f4me de travailleur-se social-e. <\/span><\/p>\n<p class=\"western\" align=\"justify\"><span style=\"font-family: Arial, sans-serif;\"><b>Seul-e-s les \u00e9l\u00e8ves ayant effectu\u00e9 l\u2019ensemble des heures de cours et de stage sont pr\u00e9sent\u00e9-e-s au dipl\u00f4me d\u2019Etat.<\/b><\/span><\/p>\n<h3 class=\"western\" style=\"text-align: left;\" align=\"center\"><span style=\"font-family: Arial, sans-serif; color: #ff9900;\"><span style=\"font-size: x-large;\"><b>Le concours de s\u00e9lection<\/b><\/span><\/span><\/h3>\n<p class=\"western\" style=\"text-align: left;\" align=\"center\"><span style=\"font-family: Arial, sans-serif;\">Les candidat-e-s doivent avoir entre 18 ans et moins de 26 ans<\/span><span style=\"font-family: Arial, sans-serif;\"><b>. <\/b><\/span><\/p>\n<p class=\"western\" align=\"justify\"><span style=\"font-family: Arial, sans-serif;\"><b>Aucun dipl\u00f4me n\u2019est requis pour l\u2019entr\u00e9e en formation<\/b><\/span><span style=\"font-family: Arial, sans-serif;\">.<\/span><\/p>\n<p class=\"western\" align=\"justify\"><span style=\"font-family: Arial, sans-serif;\">La s\u00e9lection se fait sur <\/span><span style=\"font-family: Arial, sans-serif;\"><b>concours<\/b><\/span><span style=\"font-family: Arial, sans-serif;\"> et comprend\u00a0:<\/span><\/p>\n<ul>\n<li>\n<p class=\"western\" align=\"justify\"><span style=\"font-family: Arial, sans-serif;\">une \u00e9preuve d\u2019<\/span><span style=\"font-family: Arial, sans-serif;\"><b>admissibilit\u00e9<\/b><\/span><span style=\"font-family: Arial, sans-serif;\">\u00a0: culture g\u00e9n\u00e9rale en lien avec le domaine sanitaire et social.<\/span><\/p>\n<\/li>\n<li>\n<p class=\"western\" align=\"justify\"><span style=\"font-family: Arial, sans-serif;\">une \u00e9preuve orale d\u2019<\/span><span style=\"font-family: Arial, sans-serif;\"><b>admission<\/b><\/span><span style=\"font-family: Arial, sans-serif;\">\u00a0: entretien en vue d\u2019appr\u00e9cier l\u2019aptitude et la motivation du candidat.<\/span><\/p>\n<\/li>\n<\/ul>\n<p class=\"western\" align=\"justify\"><span style=\"font-family: Arial, sans-serif;\"><span style=\"font-size: large;\"><b>Le r\u00e8glement d&rsquo;admission du Dipl\u00f4me d\u2019\u00e9tat AES et le projet p\u00e9dagogique du Dipl\u00f4me d\u2019\u00e9tat AES sont \u00e0 t\u00e9l\u00e9charger ci-dessous. <\/b><\/span><\/span><\/p>\n<h6 style=\"text-align: center;\"><a href=\"https:\/\/lyceedalembert.paris\/wp-content\/uploads\/2018\/05\/Le-r\u00e8glement-dadmission-DEAES_2018.pdf\" target=\"_blank\" rel=\"noopener\"><b>r\u00e8glement d&rsquo;admission du Dipl\u00f4me d\u2019\u00e9tat AES<\/b><\/a><\/h6>\n<h6 style=\"text-align: center;\"><a href=\"https:\/\/lyceedalembert.paris\/wp-content\/uploads\/2018\/05\/LE-PROJET-PEDAGOGIQUE-DE-LA-FORMATION-DEAES_2018.pdf\" target=\"_blank\" rel=\"noopener\"><b>projet p\u00e9dagogique du Dipl\u00f4me d\u2019\u00e9tat AES<\/b><\/a><\/h6>\n<p class=\"western\" align=\"center\"><span style=\"font-family: Arial, sans-serif;\"><span style=\"font-size: large;\"><i><b>Janvier 2018<\/b><\/i><\/span><\/span><\/p>\n<p class=\"western\"><span style=\"font-family: Arial, sans-serif;\"><span style=\"font-size: small;\"><i>*Fusion en 2016 des dipl\u00f4mes d\u2019AMP -Aide M\u00e9dico-Psychologique, AVS -Auxiliaire de Vie Sociale et de la formation d\u2019AESH -Accompagnant des El\u00e8ves en Situation de Handicap<\/i><\/span><\/span><\/p>\n","protected":false},"excerpt":{"rendered":"<p>Accompagnant-e \u00c9ducatif-ve et Social-e* Une formation gratuite en 18 mois, aucun dipl\u00f4me pr\u00e9-requis Un dipl\u00f4me d\u2019\u00c9tat de niveau V 3 sp\u00e9cialit\u00e9s possibles Un m\u00e9tier passionnant Un secteur de plein emploi \u00a0En quoi consiste le m\u00e9tier d\u2019AES\u00a0? L\u2019Accompagnant-e \u00c9ducatif-ve et Social-e r\u00e9alise une intervention sociale au quotidien visant \u00e0 compenser les cons\u00e9quences d\u2019un handicap. Il-elle prend en compte les difficult\u00e9s li\u00e9es \u00e0 l\u2019\u00e2ge, \u00e0 la maladie ou au mode de vie, ou les cons\u00e9quences d\u2019une situation sociale de vuln\u00e9rabilit\u00e9, pour permettre&hellip;<\/p>\n","protected":false},"author":1,"featured_media":0,"parent":0,"menu_order":0,"comment_status":"closed","ping_status":"closed","template":"","meta":{"footnotes":""},"class_list":["post-1457","page","type-page","status-publish","hentry"],"_links":{"self":[{"href":"https:\/\/lyceedalembert.paris\/index.php\/wp-json\/wp\/v2\/pages\/1457","targetHints":{"allow":["GET"]}}],"collection":[{"href":"https:\/\/lyceedalembert.paris\/index.php\/wp-json\/wp\/v2\/pages"}],"about":[{"href":"https:\/\/lyceedalembert.paris\/index.php\/wp-json\/wp\/v2\/types\/page"}],"author":[{"embeddable":true,"href":"https:\/\/lyceedalembert.paris\/index.php\/wp-json\/wp\/v2\/users\/1"}],"replies":[{"embeddable":true,"href":"https:\/\/lyceedalembert.paris\/index.php\/wp-json\/wp\/v2\/comments?post=1457"}],"version-history":[{"count":13,"href":"https:\/\/lyceedalembert.paris\/index.php\/wp-json\/wp\/v2\/pages\/1457\/revisions"}],"predecessor-version":[{"id":1748,"href":"https:\/\/lyceedalembert.paris\/index.php\/wp-json\/wp\/v2\/pages\/1457\/revisions\/1748"}],"wp:attachment":[{"href":"https:\/\/lyceedalembert.paris\/index.php\/wp-json\/wp\/v2\/media?parent=1457"}],"curies":[{"name":"wp","href":"https:\/\/api.w.org\/{rel}","templated":true}]}}