{"id":15,"date":"2016-02-16T11:31:36","date_gmt":"2016-02-16T10:31:36","guid":{"rendered":"http:\/\/localhost:82\/wordpress\/?page_id=15"},"modified":"2016-04-14T09:56:44","modified_gmt":"2016-04-14T08:56:44","slug":"horaire","status":"publish","type":"page","link":"https:\/\/lyceedalembert.paris\/index.php\/horaire\/","title":{"rendered":"Horaires"},"content":{"rendered":"<p>Le lyc\u00e9e est ouvert en continu, du lundi matin au vendredi soir, de 7h45 \u00e0 18h05 selon les horaires d\u2019ouverture d\u00e9finis ci-apr\u00e8s.<br \/>\nLe d\u00e9but de chaque cours est signal\u00e9 par une sonnerie (8h00, 9h00, 10h15, 11h15, 12h15, 13h10, 14h10, 15h25, 16h20, 17h15).<\/p>\n<table width=\"887\" cellspacing=\"0\" cellpadding=\"9\">\n<colgroup>\n<col width=\"233\" \/>\n<col width=\"235\" \/> <\/colgroup>\n<colgroup>\n<col width=\"151\" \/>\n<col width=\"195\" \/> <\/colgroup>\n<tbody>\n<tr valign=\"top\">\n<td colspan=\"2\" width=\"487\">\n<p class=\"western\" align=\"center\"><span style=\"font-size: small;\"><u><b>Horaires des cours<\/b><\/u><\/span><\/p>\n<\/td>\n<td colspan=\"2\" width=\"364\">\n<p class=\"western\" align=\"center\"><span style=\"font-size: small;\"><u><b>Horaires d\u2019acc\u00e8s \u00e0 l\u2019\u00e9tablissement<\/b><\/u><\/span><\/p>\n<\/td>\n<\/tr>\n<tr valign=\"top\">\n<td width=\"233\">\n<p class=\"western\" align=\"center\">08h00 \u2013 08h55<\/p>\n<\/td>\n<td width=\"235\">\n<p class=\"western\" align=\"center\">13h10 \u2013 14h05<\/p>\n<\/td>\n<td width=\"151\">\n<p class=\"western\" align=\"center\">07h45 \u2013 07h55<\/p>\n<\/td>\n<td width=\"195\">\n<p class=\"western\" align=\"center\">12h55 \u2013 13h05<\/p>\n<\/td>\n<\/tr>\n<tr valign=\"top\">\n<td width=\"233\">\n<p class=\"western\" align=\"center\">09h00 \u2013 09h55<\/p>\n<\/td>\n<td width=\"235\">\n<p class=\"western\" align=\"center\">14h10 \u2013 15h05<\/p>\n<\/td>\n<td width=\"151\">\n<p class=\"western\" align=\"center\">08h45 &#8211; 08h55<\/p>\n<\/td>\n<td width=\"195\">\n<p class=\"western\" align=\"center\">13h55 \u2013 14h05<\/p>\n<\/td>\n<\/tr>\n<tr valign=\"top\">\n<td width=\"233\">\n<p class=\"western\" align=\"center\"><i><b>09h55 \u2013 10h10\u00a0: r\u00e9cr\u00e9ation<\/b><\/i><\/p>\n<\/td>\n<td width=\"235\">\n<p class=\"western\" align=\"center\"><i><b>15h05 \u2013 15h20\u00a0: r\u00e9cr\u00e9ation<\/b><\/i><\/p>\n<\/td>\n<td rowspan=\"2\" width=\"151\">\n<p class=\"western\" align=\"center\">09h55 \u2013 10h10<\/p>\n<\/td>\n<td rowspan=\"2\" width=\"195\">\n<p class=\"western\" align=\"center\">15h05 \u2013 15h20<\/p>\n<\/td>\n<\/tr>\n<tr valign=\"top\">\n<td width=\"233\">\n<p class=\"western\" align=\"center\">10h15 \u2013 11h10<\/p>\n<\/td>\n<td width=\"235\">\n<p class=\"western\" align=\"center\">15h25 \u2013 16h15<\/p>\n<\/td>\n<\/tr>\n<tr valign=\"top\">\n<td width=\"233\">\n<p class=\"western\" align=\"center\">11h15 \u2013 12h10<\/p>\n<\/td>\n<td width=\"235\">\n<p class=\"western\" align=\"center\">16h20 \u2013 17h10<\/p>\n<\/td>\n<td width=\"151\">\n<p class=\"western\" align=\"center\">11h00 \u2013 11h10<\/p>\n<\/td>\n<td width=\"195\">\n<p class=\"western\" align=\"center\">16h05 \u2013 16h15<\/p>\n<\/td>\n<\/tr>\n<tr valign=\"top\">\n<td width=\"233\">\n<p class=\"western\" align=\"center\">12h15 \u2013 13h05<\/p>\n<\/td>\n<td width=\"235\">\n<p class=\"western\" align=\"center\">17h15 \u2013 18h05<\/p>\n<\/td>\n<td width=\"151\">\n<p class=\"western\" align=\"center\">12h00 \u2013 12h10<\/p>\n<\/td>\n<td width=\"195\">\n<p class=\"western\" align=\"center\">17h00 \u2013 17h10<\/p>\n<\/td>\n<\/tr>\n<\/tbody>\n<\/table>\n<p>&nbsp;<\/p>\n","protected":false},"excerpt":{"rendered":"<p>Le lyc\u00e9e est ouvert en continu, du lundi matin au vendredi soir, de 7h45 \u00e0 18h05 selon les horaires d\u2019ouverture d\u00e9finis ci-apr\u00e8s. Le d\u00e9but de chaque cours est signal\u00e9 par une sonnerie (8h00, 9h00, 10h15, 11h15, 12h15, 13h10, 14h10, 15h25, 16h20, 17h15). Horaires des cours Horaires d\u2019acc\u00e8s \u00e0 l\u2019\u00e9tablissement 08h00 \u2013 08h55 13h10 \u2013 14h05 07h45 \u2013 07h55 12h55 \u2013 13h05 09h00 \u2013 09h55 14h10 \u2013 15h05 08h45 &#8211; 08h55 13h55 \u2013 14h05 09h55 \u2013 10h10\u00a0: r\u00e9cr\u00e9ation 15h05 \u2013 15h20\u00a0:&hellip;<\/p>\n","protected":false},"author":1,"featured_media":0,"parent":0,"menu_order":0,"comment_status":"closed","ping_status":"closed","template":"","meta":{"footnotes":""},"class_list":["post-15","page","type-page","status-publish","hentry"],"_links":{"self":[{"href":"https:\/\/lyceedalembert.paris\/index.php\/wp-json\/wp\/v2\/pages\/15","targetHints":{"allow":["GET"]}}],"collection":[{"href":"https:\/\/lyceedalembert.paris\/index.php\/wp-json\/wp\/v2\/pages"}],"about":[{"href":"https:\/\/lyceedalembert.paris\/index.php\/wp-json\/wp\/v2\/types\/page"}],"author":[{"embeddable":true,"href":"https:\/\/lyceedalembert.paris\/index.php\/wp-json\/wp\/v2\/users\/1"}],"replies":[{"embeddable":true,"href":"https:\/\/lyceedalembert.paris\/index.php\/wp-json\/wp\/v2\/comments?post=15"}],"version-history":[{"count":12,"href":"https:\/\/lyceedalembert.paris\/index.php\/wp-json\/wp\/v2\/pages\/15\/revisions"}],"predecessor-version":[{"id":1662,"href":"https:\/\/lyceedalembert.paris\/index.php\/wp-json\/wp\/v2\/pages\/15\/revisions\/1662"}],"wp:attachment":[{"href":"https:\/\/lyceedalembert.paris\/index.php\/wp-json\/wp\/v2\/media?parent=15"}],"curies":[{"name":"wp","href":"https:\/\/api.w.org\/{rel}","templated":true}]}}