{"id":1507,"date":"2026-02-01T15:52:15","date_gmt":"2026-02-01T14:52:15","guid":{"rendered":"http:\/\/localhost:81\/Lyceedalembert\/?page_id=1507"},"modified":"2026-02-01T15:52:16","modified_gmt":"2026-02-01T14:52:16","slug":"podo-orthesiste","status":"publish","type":"page","link":"https:\/\/lyceedalembert.paris\/index.php\/podo-orthesiste\/","title":{"rendered":"Offres d&#8217;emploi Podo-Orth\u00e9siste"},"content":{"rendered":"\n<p><\/p>\n\n\n\n\n\n<p><\/p>\n\n\n\n<figure class=\"wp-block-table is-style-stripes\"><table><tbody><tr><td class=\"has-text-align-center\" data-align=\"center\"><span class=\"has-inline-color has-vivid-red-color\"><strong>Dates<\/strong><\/span><\/td><td class=\"has-text-align-center\" data-align=\"center\"><span class=\"has-inline-color has-vivid-red-color\"><strong>Organismes<\/strong><\/span><\/td><td class=\"has-text-align-center\" data-align=\"center\"><span class=\"has-inline-color has-vivid-red-color\"><strong>Annonces<\/strong><\/span><\/td><td class=\"has-text-align-center\" data-align=\"center\"><span class=\"has-inline-color has-vivid-red-color\"><strong>Coordonn\u00e9es<\/strong><\/span><\/td><\/tr><tr><td class=\"has-text-align-center\" data-align=\"center\">Janvier 2026<\/td><td class=\"has-text-align-center\" data-align=\"center\">Cabinet de Podologie r\u00e9put\u00e9, bas\u00e9e \u00e0 Altkirch en alsace, sp\u00e9cialis\u00e9 en podologie du<br>sport<\/td><td class=\"has-text-align-center\" data-align=\"center\">Recrute un.e orthop\u00e9diste orth\u00e9siste<br>pour int\u00e9grer cette \u00e9quipe dynamique<br><a href=\"https:\/\/lyceedalembert.paris\/wp-content\/uploads\/2026\/02\/Offre-Emploi-Orthesiste.pdf\" target=\"_blank\" rel=\"noreferrer noopener\">Lire l&rsquo;annonce<\/a><\/td><td class=\"has-text-align-center\" data-align=\"center\">Envoyez votre candidature par mail \u00e0 :<br>marc.retali@wanadoo.fr<\/td><\/tr><tr><td class=\"has-text-align-center\" data-align=\"center\">D\u00e9cembre 2025<\/td><td class=\"has-text-align-center\" data-align=\"center\">PROTEOR<br>Luxembourg<br><\/td><td class=\"has-text-align-center\" data-align=\"center\">Recherche :<br>Un(e) PODO-ORTHESISTE<br>ou Un(e) PODOLOGUE<br><a href=\"https:\/\/lyceedalembert.paris\/wp-content\/uploads\/2025\/12\/CAO-KOHNEN-RECRUTEMENT-podologue-podoorthesiste.pdf\">Lire l&rsquo;annonce<\/a><\/td><td class=\"has-text-align-center\" data-align=\"center\">Envoyez votre candidature au Directeur \u2013 Mr J\u00e9r\u00f4me DELMAS &#8211;<br>C.A.O KOHNEN, 134 route d\u2019Arlon \u2013 L \u2013 8008 STRASSEN, G.D.L \u2013<br>E-mail : directeur@kohnen.lu T\u00e9l : 00352 26 31 33 15<\/td><\/tr><tr><td class=\"has-text-align-center\" data-align=\"center\">Septembre 2025<\/td><td class=\"has-text-align-center\" data-align=\"center\"><strong>Cabinet Podo Conseil<\/strong><br>19 rue Boulay, 75017 Paris<\/td><td class=\"has-text-align-center\" data-align=\"center\">Recherche <strong>un(e) podo-orth\u00e9siste<\/strong> motiv\u00e9(e) et autonome, pr\u00eat(e) \u00e0<br>s\u2019investir<br><a href=\"https:\/\/lyceedalembert.paris\/wp-content\/uploads\/2025\/09\/2025-09-PODO-offre-d-emploi.pdf\" target=\"_blank\" rel=\"noreferrer noopener\">Lire l&rsquo;annonce<\/a><\/td><td class=\"has-text-align-center\" data-align=\"center\">Madame Ronsiaux Yoana, nouvelle g\u00e9rante du cabinet Podo Conseil, situ\u00e9 au 19 rue Boulay, 75017 Paris<br><a href=\"javascript:main.compose('new', 't=podoconseilparis@gmail.com')\">podoconseilparis@gmail.com<\/a><\/td><\/tr><tr><td class=\"has-text-align-center\" data-align=\"center\">Juillet 2025<\/td><td class=\"has-text-align-center\" data-align=\"center\">PODODISTIN ANNECY<\/td><td class=\"has-text-align-center\" data-align=\"center\">Recherche <strong>un ou deux Podo-orth\u00e9siste(s) <\/strong>pour effectuer les t\u00e2ches suivantes : consultations en cabinet, centres et ext\u00e9rieurs, travail d&rsquo;atelier divers.<br>&nbsp;Recherche une personne polyvalente que nous voudrons faire grandir.<br>le poste est flexible en fonction de la personne, nous voulons vous faire \u00e9voluer dans le sens o\u00f9 vous excellez. seule r\u00e8gle : la rigueur et la passion d&rsquo;apprendre et du m\u00e9tier<br>&nbsp;Profil souhait\u00e9<br>Personne rigoureuse avec l&rsquo;envie d&rsquo;apprendre et le soucis du travail bien fait&nbsp;<br>Formation : BTS Podo-orth\u00e9se<br>BTS Podologie<\/td><td class=\"has-text-align-center\" data-align=\"center\">Si vous \u00eates motiv\u00e9 \u00e0 rejoindre une \u00e9quipe sympa et vous avez l&rsquo;envie d&rsquo;apprendre et le go\u00fbt du travail bien fait, contactez<br>M. Abdel Loulizi<br>06.62.00.31.99.<br>MANAGER PODODISTIN ANNECY<br>200 ROUTE AIGLIERE<br>74370 ARGONAY<br>Site internet : <a href=\"\/\/www.pododistin.fr\" target=\"_blank\" rel=\"noreferrer noopener\">\/\/www.pododistin.fr<\/a><\/td><\/tr><tr><td class=\"has-text-align-center\" data-align=\"center\">Juillet 2025<\/td><td class=\"has-text-align-center\" data-align=\"center\">PODODISTIN ANNECY<\/td><td class=\"has-text-align-center\" data-align=\"center\">Poste propos\u00e9&nbsp;: <br><strong>Technicien en Podo-orth\u00e9se<\/strong><br>Missions :<br>Recherche un technicien d&rsquo;atelier pour diff\u00e9rentes t\u00e2ches dans le processus de confection de chaussures orthop\u00e9diques : couler r\u00e9sine, essayage, r\u00e9parations.<\/td><td class=\"has-text-align-center\" data-align=\"center\">Si vous \u00eates motiv\u00e9 \u00e0 rejoindre une \u00e9quipe sympa et vous avez l&rsquo;envie d&rsquo;apprendre et le go\u00fbt du travail bien fait, contactez<br>M. Abdel Loulizi<br>06.62.00.31.99.<br>MANAGER PODODISTIN ANNECY<br>200 ROUTE AIGLIERE<br>74370 ARGONAY<br>Site internet : <a href=\"\/\/www.pododistin.fr\" target=\"_blank\" rel=\"noreferrer noopener\">\/\/www.pododistin.fr<\/a><\/td><\/tr><tr><td class=\"has-text-align-center\" data-align=\"center\">Juin 2025<\/td><td class=\"has-text-align-center\" data-align=\"center\">Les Souliers d&rsquo;Alice<br>84400 APT<\/td><td class=\"has-text-align-center\" data-align=\"center\">Recrute un <strong>applicateur en podo-orth\u00e9se<\/strong><br><a href=\"https:\/\/lyceedalembert.paris\/wp-content\/uploads\/2025\/06\/Annonce-recherche-podo-2025.png\" target=\"_blank\" rel=\"noreferrer noopener\">Lire l&rsquo;annonce<\/a><\/td><td class=\"has-text-align-center\" data-align=\"center\">LES SOULIERS D&rsquo;ALICE<br>Alice ESKENASY<br>Podo-Orth\u00e9siste<br>17 rue de la cath\u00e9drale<br>84400&nbsp; APT<br><a href=\"javascript:main.compose('new', 't=souliersdalice@gmail.com')\">souliersdalice@gmail.com<\/a>&gt;<\/td><\/tr><tr><td class=\"has-text-align-center\" data-align=\"center\">Juin 2025<\/td><td class=\"has-text-align-center\" data-align=\"center\"><strong>A.B.Chaussures<\/strong><br>151 Impasse Zoo Circus<br>47800 MIRAMONT DE GUYENNE<\/td><td class=\"has-text-align-center\" data-align=\"center\">Entreprise de podo-orth\u00e9se \u00e0 vendre pour d\u00e9part en retraite.<br>Recherche un\/une collaborateur-trice en vue de transmission.<br>Local de 80m\u00b2, compos\u00e9 d&rsquo; un cabinet m\u00e9dical avec salle d&rsquo; attente et d&rsquo; un atelier.<br>Dans l&rsquo; atelier , une machine \u00e0 coudre pilier , une presse et un banc ortho.<br>Une piqueuse travaille \u00e0 temps partiel .<br>Une patient\u00e8le de 340 dossiers pour un CA annuel moyen de 125 000 euros.<br>Un loyer de 750 euros.<br><strong>Fond&nbsp; \u00e0 vendre et possibilit\u00e9 du local.<\/strong><\/td><td class=\"has-text-align-center\" data-align=\"center\">A.B.Chaussures<br>151 Impasse Zoo Circus<br>47800 MIRAMONT DE GUYENNE<br>T\u00e9l.&nbsp;: 05 53 20 80 96<br><a href=\"javascript:main.compose('new', 't=a.b.chaussures@alicepro.fr')\">a.b.chaussures@alicepro.fr<\/a><br><a href=\"https:\/\/abchaussures.webself.net\/\" target=\"_blank\" rel=\"noreferrer noopener\">https:\/\/abchaussures.webself.net\/<\/a><\/td><\/tr><tr><td class=\"has-text-align-center\" data-align=\"center\">Juin 2025<\/td><td class=\"has-text-align-center\" data-align=\"center\">CONCEPT ORTHOP\u00c9DIE<br>ESPACE M\u00c9DICAL MADONUCCIA<\/td><td class=\"has-text-align-center\" data-align=\"center\">Offre d\u2019emploi Podo-orth\u00e9siste<br>CDI Temps complet \u2013 Ajaccio<br><a href=\"https:\/\/lyceedalembert.paris\/wp-content\/uploads\/2025\/06\/Offre-demploi-podo-orthesiste-Ajaccio.pdf\">Lire l&rsquo;annonce<\/a><\/td><td class=\"has-text-align-center\" data-align=\"center\">CONCEPT ORTHOP\u00c9DIE<br>ESPACE M\u00c9DICAL MADONUCCIA<br><a href=\"https:\/\/www.google.com\/maps\/search\/AV+NO%C3%8BL+FRANCHINI+20090+AJACCIO?entry=gmail&amp;source=g\" target=\"_blank\" rel=\"noreferrer noopener\">AV NO\u00cbL FRANCHINI<\/a><br><a href=\"https:\/\/www.google.com\/maps\/search\/AV+NO%C3%8BL+FRANCHINI+20090+AJACCIO?entry=gmail&amp;source=g\" target=\"_blank\" rel=\"noreferrer noopener\">20090 AJACCIO<\/a><br>04.95.24.71.31 \/ 06.09.67.42.57<br><a href=\"javascript:main.compose('new', 't=conceptortho@gmail.com')\">conceptortho@gmail.com<\/a><\/td><\/tr><tr><td class=\"has-text-align-center\" data-align=\"center\">Juin 2025<\/td><td class=\"has-text-align-center\" data-align=\"center\">Podo-Anjou-Atlantique<\/td><td class=\"has-text-align-center\" data-align=\"center\">Recherche un\/une Podo-orth\u00e9siste pour un poste mixte: consultations\/atelier, CDI \u00e0 temps plein 35h<br><a href=\"https:\/\/lyceedalembert.paris\/wp-content\/uploads\/2025\/06\/Annonce-Lycee-Podo-orthesiste.pdf\" target=\"_blank\" rel=\"noreferrer noopener\">Lire l&rsquo;annonce<\/a><\/td><td class=\"has-text-align-center\" data-align=\"center\">Contact:<br>02 41 45 73 19<br>contact@podo-anjou-atlantique.fr<br>www.podo-anjou-atlantique.fr<\/td><\/tr><tr><td class=\"has-text-align-center\" data-align=\"center\">Mai 2025<\/td><td class=\"has-text-align-center\" data-align=\"center\"><strong>QuoVadis Ortho SA<\/strong><br>1800 Vevey<br>Suisse<\/td><td class=\"has-text-align-center\" data-align=\"center\"><strong>Descriptif du poste&nbsp;:<\/strong><br>Bottier.\u00e8re-Orthop\u00e9diste CFC (Podo-orth\u00e9siste BTS) h\/f 60%-100%<br><a href=\"https:\/\/lyceedalembert.paris\/wp-content\/uploads\/2025\/05\/Candidature-Quo-Vadis-05_2025.pdf\" target=\"_blank\" rel=\"noreferrer noopener\">Lire l&rsquo;annonce<\/a><\/td><td class=\"has-text-align-center\" data-align=\"center\">Envoyer votre candidature avec votre CV et lettre de motivation&nbsp;<br><em>QuoVadis Ortho SA<\/em><br>Av. de Corsier 10 &#8211; 1800 Vevey<br>021 546 23 60, <br><a href=\"javascript:main.compose('new', 't=eva.derosais@quovadis-ortho.ch')\">eva.derosais@quovadis-ortho.ch<\/a><br><a href=\"https:\/\/www.quovadis-ortho.ch\/\" target=\"_blank\" rel=\"noreferrer noopener\">https:\/\/www.quovadis-ortho.ch\/<\/a><\/td><\/tr><tr><td class=\"has-text-align-center\" data-align=\"center\">Mai 2025<\/td><td class=\"has-text-align-center\" data-align=\"center\">Laetitia Cavalli<br>recrutement<\/td><td class=\"has-text-align-center\" data-align=\"center\">Offre d\u2019emploi Podo-orth\u00e9siste<br>CDI Temps complet \u2013 Ajaccio<br><a href=\"https:\/\/lyceedalembert.paris\/wp-content\/uploads\/2025\/05\/Offre-demploi-podo-orthesiste-Ajaccio.pdf\" target=\"_blank\" rel=\"noreferrer noopener\">Lire l&rsquo;annonce<\/a><\/td><td class=\"has-text-align-center\" data-align=\"center\">Laetitia&nbsp; Cavalli<br>07&nbsp; 83&nbsp; 52 53 11<br><a href=\"javascript:main.compose('new', 't=laetitia.cavalli@lcrecrutement.com')\">laetitia.cavalli@lcrecrutement.com<\/a><\/td><\/tr><tr><td class=\"has-text-align-center\" data-align=\"center\">Mars 2025<\/td><td class=\"has-text-align-center\" data-align=\"center\"><strong>Quovadis Ortho SA<\/strong>, situ\u00e9e \u00e0 Vevey (Vaud, Suisse).<\/td><td class=\"has-text-align-center\" data-align=\"center\"><strong>Recrute&nbsp;<br>Bottier-orthop\u00e9diste (H\/F) 60% \u00e0 100%<\/strong><br><a href=\"https:\/\/lyceedalembert.paris\/wp-content\/uploads\/2025\/03\/Offre-emploi-bottier-orthopediste-2025.pdf\" target=\"_blank\" rel=\"noreferrer noopener\">Lire l&rsquo;annonce<\/a><\/td><td class=\"has-text-align-center\" data-align=\"center\">Envoyez candidature<br> (CV et lettre de motivation) \u00e0 <br><a href=\"mailto:info@quovadis-ortho.ch\">info@quovadis-ortho.ch<\/a> <br>ou appeler au +41&nbsp;21&nbsp;546&nbsp;23&nbsp;60 <br>pour de plus amples renseignementss.<\/td><\/tr><tr><td class=\"has-text-align-center\" data-align=\"center\">Janvier 2025<\/td><td class=\"has-text-align-center\" data-align=\"center\">BERTIN ORTHOPEDIE<br>B\u00e9ziers<br>Occitanie<\/td><td class=\"has-text-align-center\" data-align=\"center\">Entreprise dynamique, <strong>recherche collaborateur ou collaboratrice Podo-orth\u00e9siste<\/strong> pour la prise en charge de patients avec r\u00e9alisation du travail d&rsquo;atelier.<br>CDI \u00e0 temps plein.<br>Salaire de 20000 \u20ac \u00e0 25000 \u20ac<\/td><td class=\"has-text-align-center\" data-align=\"center\">Personne \u00e0 contacter:<br><strong>M. Bertin<\/strong><br>E-mail:<br><strong>orthopedie.bertin@gmail.com<\/strong><br>T\u00e9l\u00e9phone:<br><strong>04 67 30 16 16<\/strong><\/td><\/tr><tr><td class=\"has-text-align-center\" data-align=\"center\">Janvier 2025<\/td><td class=\"has-text-align-center\" data-align=\"center\">LE GUILLOU ORTHOP\u00c9DIE<br><strong>CENTRE VAUBAN<\/strong><br>&nbsp; &nbsp; 12, rue Vauban 69006 LYON<\/td><td class=\"has-text-align-center\" data-align=\"center\">LE GUILLOU ORTHOP\u00c9DIE est une soci\u00e9t\u00e9 qui existe depuis 20 ans au centre de Lyon.<br>Nous travaillons dans un centre m\u00e9dical\/ param\u00e9dical avec un effectif global d&rsquo;une quinzaine de personnes.<br>Nous recherchons une personne manuelle dipl\u00f4m\u00e9e en orthop\u00e9die, podo orthop\u00e9siste ou podologue, sp\u00e9cialis\u00e9e en semelles orthop\u00e9diques pour poncer des semelles et les rendre aux patients, il y aura donc un travail d&rsquo;atelier et de patient\u00e8le. Si besoin, un compl\u00e9ment de formation pourra \u00eatre assur\u00e9.<br>Le poste \u00e0 pourvoir sera de 35 heures par semaine en CDI.<\/td><td class=\"has-text-align-center\" data-align=\"center\"><strong>CENTRE VAUBAN<\/strong><br>&nbsp; &nbsp; 12, rue Vauban 69006 LYON<br>&nbsp; WWW.LE-GUILLOU-ORTHOPEDIE.FR<br><a href=\"javascript:main.compose('new', 't=podologue.le.guillou@orange.fr')\">podologue.le.guillou@orange.fr<\/a>&nbsp; &nbsp; &nbsp;<br><br>Horaires consultations : <br>lundi au jeudi : <br>6h00-12h00 et 13h00-17h30<br><br><strong>LE GUILLOU ORTHOPEDIE<\/strong>&nbsp; <br>Semelles orthop\u00e9diques : pieds, genoux, hanches et dos&nbsp;<br>Orthop\u00e9die g\u00e9n\u00e9rale Bas de contention, ceinture et corset, attelle des diff\u00e9rentes articulations, colliers &nbsp; T\u00e9l. : 04 72 75 99 66<br><a href=\"javascript:main.compose('new', 't=podologue.le.guillou@orange.fr')\">podologue.le.guillou@orange.fr<\/a><\/td><\/tr><\/tbody><\/table><\/figure>\n","protected":false},"excerpt":{"rendered":"<p>Dates Organismes Annonces Coordonn\u00e9es Janvier 2026 Cabinet de Podologie r\u00e9put\u00e9, bas\u00e9e \u00e0 Altkirch en alsace, sp\u00e9cialis\u00e9 en podologie dusport Recrute un.e orthop\u00e9diste orth\u00e9sistepour int\u00e9grer cette \u00e9quipe dynamiqueLire l&rsquo;annonce Envoyez votre candidature par mail \u00e0 :marc.retali@wanadoo.fr D\u00e9cembre 2025 PROTEORLuxembourg Recherche :Un(e) PODO-ORTHESISTEou Un(e) PODOLOGUELire l&rsquo;annonce Envoyez votre candidature au Directeur \u2013 Mr J\u00e9r\u00f4me DELMAS &#8211;C.A.O KOHNEN, 134 route d\u2019Arlon \u2013 L \u2013 8008 STRASSEN, G.D.L \u2013E-mail : directeur@kohnen.lu T\u00e9l : 00352 26 31 33 15 Septembre 2025 Cabinet Podo Conseil19 rue&hellip;<\/p>\n","protected":false},"author":1,"featured_media":0,"parent":0,"menu_order":0,"comment_status":"closed","ping_status":"closed","template":"","meta":{"footnotes":""},"class_list":["post-1507","page","type-page","status-publish","hentry"],"_links":{"self":[{"href":"https:\/\/lyceedalembert.paris\/index.php\/wp-json\/wp\/v2\/pages\/1507","targetHints":{"allow":["GET"]}}],"collection":[{"href":"https:\/\/lyceedalembert.paris\/index.php\/wp-json\/wp\/v2\/pages"}],"about":[{"href":"https:\/\/lyceedalembert.paris\/index.php\/wp-json\/wp\/v2\/types\/page"}],"author":[{"embeddable":true,"href":"https:\/\/lyceedalembert.paris\/index.php\/wp-json\/wp\/v2\/users\/1"}],"replies":[{"embeddable":true,"href":"https:\/\/lyceedalembert.paris\/index.php\/wp-json\/wp\/v2\/comments?post=1507"}],"version-history":[{"count":248,"href":"https:\/\/lyceedalembert.paris\/index.php\/wp-json\/wp\/v2\/pages\/1507\/revisions"}],"predecessor-version":[{"id":9324,"href":"https:\/\/lyceedalembert.paris\/index.php\/wp-json\/wp\/v2\/pages\/1507\/revisions\/9324"}],"wp:attachment":[{"href":"https:\/\/lyceedalembert.paris\/index.php\/wp-json\/wp\/v2\/media?parent=1507"}],"curies":[{"name":"wp","href":"https:\/\/api.w.org\/{rel}","templated":true}]}}