{"id":1510,"date":"2024-06-25T13:46:51","date_gmt":"2024-06-25T12:46:51","guid":{"rendered":"http:\/\/localhost:81\/Lyceedalembert\/?page_id=1510"},"modified":"2024-06-25T13:48:42","modified_gmt":"2024-06-25T12:48:42","slug":"en-mmcm","status":"publish","type":"page","link":"https:\/\/lyceedalembert.paris\/index.php\/en-mmcm\/","title":{"rendered":"M\u00e9tiers de la Mode Chaussure et la Maroquinerie"},"content":{"rendered":"<div class=\"has-text-align-right wp-block-post-date__modified-date wp-block-post-date\"><time datetime=\"2024-06-25T13:48:42+01:00\">25 juin 2024<\/time><\/div>\n\n\n<div class=\"wp-block-columns is-layout-flex wp-container-core-columns-is-layout-9d6595d7 wp-block-columns-is-layout-flex\">\n<div class=\"wp-block-column is-vertically-aligned-center is-layout-flow wp-block-column-is-layout-flow\" style=\"flex-basis:100%\">\n<div class=\"wp-block-columns is-layout-flex wp-container-core-columns-is-layout-9d6595d7 wp-block-columns-is-layout-flex\">\n<div class=\"wp-block-column is-layout-flow wp-block-column-is-layout-flow\" style=\"flex-basis:100%\">\n<figure class=\"wp-block-table is-style-stripes\"><table><thead><tr><th class=\"has-text-align-center\" data-align=\"center\"><span class=\"has-inline-color has-vivid-red-color\">Dates<\/span><\/th><th class=\"has-text-align-center\" data-align=\"center\"><span class=\"has-inline-color has-vivid-red-color\">Entreprises<\/span><\/th><th class=\"has-text-align-center\" data-align=\"center\"><span class=\"has-inline-color has-vivid-red-color\">Postes Propos\u00e9s<\/span><\/th><th class=\"has-text-align-center\" data-align=\"center\"><span class=\"has-inline-color has-vivid-red-color\">Coordonn\u00e9es<\/span><\/th><\/tr><\/thead><tbody><tr><td class=\"has-text-align-center\" data-align=\"center\">Juin 2024<\/td><td class=\"has-text-align-center\" data-align=\"center\">POLENE<\/td><td class=\"has-text-align-center\" data-align=\"center\">Recherche d&rsquo;un(e) Prototypiste-Mod\u00e9liste s\u00e9nior sur Paris<br><a href=\"https:\/\/carriere.polene-paris.com\/o\/modeliste-prototypiste-maroquinerie-cdi\" target=\"_blank\" rel=\"noreferrer noopener\">Lire l&rsquo;annonce<\/a><\/td><td class=\"has-text-align-center\" data-align=\"center\"><strong>Contact<\/strong><br>Julien ROBINI <a href=\"javascript:main.compose('new', 't=julien.robini@polene-paris.com')\">julien.robini@polene-paris.com<\/a><\/td><\/tr><\/tbody><\/table><\/figure>\n<\/div>\n<\/div>\n<\/div>\n<\/div>\n","protected":false},"excerpt":{"rendered":"<p>Dates Entreprises Postes Propos\u00e9s Coordonn\u00e9es Juin 2024 POLENE Recherche d&rsquo;un(e) Prototypiste-Mod\u00e9liste s\u00e9nior sur ParisLire l&rsquo;annonce ContactJulien ROBINI julien.robini@polene-paris.com<\/p>\n","protected":false},"author":1,"featured_media":0,"parent":0,"menu_order":0,"comment_status":"closed","ping_status":"closed","template":"","meta":{"footnotes":""},"class_list":["post-1510","page","type-page","status-publish","hentry"],"_links":{"self":[{"href":"https:\/\/lyceedalembert.paris\/index.php\/wp-json\/wp\/v2\/pages\/1510","targetHints":{"allow":["GET"]}}],"collection":[{"href":"https:\/\/lyceedalembert.paris\/index.php\/wp-json\/wp\/v2\/pages"}],"about":[{"href":"https:\/\/lyceedalembert.paris\/index.php\/wp-json\/wp\/v2\/types\/page"}],"author":[{"embeddable":true,"href":"https:\/\/lyceedalembert.paris\/index.php\/wp-json\/wp\/v2\/users\/1"}],"replies":[{"embeddable":true,"href":"https:\/\/lyceedalembert.paris\/index.php\/wp-json\/wp\/v2\/comments?post=1510"}],"version-history":[{"count":55,"href":"https:\/\/lyceedalembert.paris\/index.php\/wp-json\/wp\/v2\/pages\/1510\/revisions"}],"predecessor-version":[{"id":8666,"href":"https:\/\/lyceedalembert.paris\/index.php\/wp-json\/wp\/v2\/pages\/1510\/revisions\/8666"}],"wp:attachment":[{"href":"https:\/\/lyceedalembert.paris\/index.php\/wp-json\/wp\/v2\/media?parent=1510"}],"curies":[{"name":"wp","href":"https:\/\/api.w.org\/{rel}","templated":true}]}}