{"id":1517,"date":"2016-03-30T14:08:42","date_gmt":"2016-03-30T13:08:42","guid":{"rendered":"http:\/\/localhost:81\/Lyceedalembert\/?page_id=1517"},"modified":"2016-05-10T18:25:26","modified_gmt":"2016-05-10T17:25:26","slug":"federation-francaise-de-chaussure","status":"publish","type":"page","link":"https:\/\/lyceedalembert.paris\/index.php\/federation-francaise-de-chaussure\/","title":{"rendered":"F\u00e9d\u00e9ration Fran\u00e7aise de la Chaussure"},"content":{"rendered":"<p>Pour acc\u00e9der au site de la F\u00e9d\u00e9ration nationale de la Chaussure,<\/p>\n<p>Suivez le lien : <a href=\"http:\/\/www.chaussuredefrance.com\/sites\/fr\/index.html\">F\u00e9d\u00e9ration Fran\u00e7aise de la chaussure<\/a><\/p>\n<div class=\"video\"><iframe loading=\"lazy\" title=\"F\u00e9d\u00e9ration Fran\u00e7aise de la Chaussure\" width=\"640\" height=\"360\" src=\"https:\/\/www.youtube.com\/embed\/4iFJyJGF5Us?feature=oembed\" frameborder=\"0\" allow=\"accelerometer; autoplay; clipboard-write; encrypted-media; gyroscope; picture-in-picture; web-share\" referrerpolicy=\"strict-origin-when-cross-origin\" allowfullscreen><\/iframe><\/div>\n","protected":false},"excerpt":{"rendered":"<p>Pour acc\u00e9der au site de la F\u00e9d\u00e9ration nationale de la Chaussure, Suivez le lien : F\u00e9d\u00e9ration Fran\u00e7aise de la chaussure<\/p>\n","protected":false},"author":1,"featured_media":0,"parent":0,"menu_order":0,"comment_status":"closed","ping_status":"closed","template":"","meta":{"footnotes":""},"class_list":["post-1517","page","type-page","status-publish","hentry"],"_links":{"self":[{"href":"https:\/\/lyceedalembert.paris\/index.php\/wp-json\/wp\/v2\/pages\/1517","targetHints":{"allow":["GET"]}}],"collection":[{"href":"https:\/\/lyceedalembert.paris\/index.php\/wp-json\/wp\/v2\/pages"}],"about":[{"href":"https:\/\/lyceedalembert.paris\/index.php\/wp-json\/wp\/v2\/types\/page"}],"author":[{"embeddable":true,"href":"https:\/\/lyceedalembert.paris\/index.php\/wp-json\/wp\/v2\/users\/1"}],"replies":[{"embeddable":true,"href":"https:\/\/lyceedalembert.paris\/index.php\/wp-json\/wp\/v2\/comments?post=1517"}],"version-history":[{"count":4,"href":"https:\/\/lyceedalembert.paris\/index.php\/wp-json\/wp\/v2\/pages\/1517\/revisions"}],"predecessor-version":[{"id":1729,"href":"https:\/\/lyceedalembert.paris\/index.php\/wp-json\/wp\/v2\/pages\/1517\/revisions\/1729"}],"wp:attachment":[{"href":"https:\/\/lyceedalembert.paris\/index.php\/wp-json\/wp\/v2\/media?parent=1517"}],"curies":[{"name":"wp","href":"https:\/\/api.w.org\/{rel}","templated":true}]}}