{"id":1730,"date":"2016-05-10T21:08:08","date_gmt":"2016-05-10T20:08:08","guid":{"rendered":"http:\/\/lyceedalembert.paris\/?page_id=1730"},"modified":"2016-05-10T21:08:08","modified_gmt":"2016-05-10T20:08:08","slug":"federation-francaise-de-cordonnerie-multiservice","status":"publish","type":"page","link":"https:\/\/lyceedalembert.paris\/index.php\/federation-francaise-de-cordonnerie-multiservice\/","title":{"rendered":"F\u00e9d\u00e9ration Fran\u00e7aise de la Cordonnerie et Multiservice"},"content":{"rendered":"<p>Pour acc\u00e9der au site de la F\u00e9d\u00e9ration Fran\u00e7aise de la Cordonnerie et Multiservice,<\/p>\n<p>Suivez le lien : <a href=\"http:\/\/www.cordonnerie.org\/\" target=\"_blank\"><img loading=\"lazy\" decoding=\"async\" class=\"alignnone size-full wp-image-1731\" src=\"https:\/\/lyceedalembert.paris\/wp-content\/uploads\/2016\/05\/logo.jpg\" alt=\"logo\" width=\"272\" height=\"87\" \/><\/a><\/p>\n","protected":false},"excerpt":{"rendered":"<p>Pour acc\u00e9der au site de la F\u00e9d\u00e9ration Fran\u00e7aise de la Cordonnerie et Multiservice, Suivez le lien :<\/p>\n","protected":false},"author":1,"featured_media":0,"parent":0,"menu_order":0,"comment_status":"closed","ping_status":"closed","template":"","meta":{"footnotes":""},"class_list":["post-1730","page","type-page","status-publish","hentry"],"_links":{"self":[{"href":"https:\/\/lyceedalembert.paris\/index.php\/wp-json\/wp\/v2\/pages\/1730","targetHints":{"allow":["GET"]}}],"collection":[{"href":"https:\/\/lyceedalembert.paris\/index.php\/wp-json\/wp\/v2\/pages"}],"about":[{"href":"https:\/\/lyceedalembert.paris\/index.php\/wp-json\/wp\/v2\/types\/page"}],"author":[{"embeddable":true,"href":"https:\/\/lyceedalembert.paris\/index.php\/wp-json\/wp\/v2\/users\/1"}],"replies":[{"embeddable":true,"href":"https:\/\/lyceedalembert.paris\/index.php\/wp-json\/wp\/v2\/comments?post=1730"}],"version-history":[{"count":1,"href":"https:\/\/lyceedalembert.paris\/index.php\/wp-json\/wp\/v2\/pages\/1730\/revisions"}],"predecessor-version":[{"id":1733,"href":"https:\/\/lyceedalembert.paris\/index.php\/wp-json\/wp\/v2\/pages\/1730\/revisions\/1733"}],"wp:attachment":[{"href":"https:\/\/lyceedalembert.paris\/index.php\/wp-json\/wp\/v2\/media?parent=1730"}],"curies":[{"name":"wp","href":"https:\/\/api.w.org\/{rel}","templated":true}]}}