{"id":2105,"date":"2016-09-12T19:41:48","date_gmt":"2016-09-12T18:41:48","guid":{"rendered":"http:\/\/lyceedalembert.paris\/?page_id=2105"},"modified":"2019-10-08T12:20:45","modified_gmt":"2019-10-08T11:20:45","slug":"district-unss-villette","status":"publish","type":"page","link":"https:\/\/lyceedalembert.paris\/index.php\/district-unss-villette\/","title":{"rendered":"District UNSS Villette"},"content":{"rendered":"<h3><span style=\"color: #ff9900;\"><u>Pr\u00e9sentation de l\u2019Association Sportive:<\/u><\/span><\/h3>\n<p>L\u2019association sportive du lyc\u00e9e d\u2019Alembert offre aux \u00e9l\u00e8ves la possibilit\u00e9 de pratiquer plusieurs activit\u00e9s sportives en compl\u00e9ment des cours d\u2019EPS. De plus elle est active au sein du district UNSS Villette (regroupement d\u2019\u00e9tablissement) ce qui lui permet de proposer plus d\u2019une quinzaine d\u2019activit\u00e9s en d\u00e9couverte, loisirs ou comp\u00e9tition.<\/p>\n<p>Toutes les activit\u00e9s sont encadr\u00e9es par des enseignants d\u2019EPS sp\u00e9cialistes.<\/p>\n<h3><span style=\"color: #ff9900;\"><u>Objectifs de l\u2019AS:<\/u><\/span><\/h3>\n<p>L&rsquo;Association Sportive du Lyc\u00e9e a pour objet d&rsquo;organiser et de d\u00e9velopper la pratique d&rsquo;activit\u00e9s physiques, sportives ou artistiques ainsi que l&rsquo;apprentissage \u00e0 la vie associative par les \u00e9l\u00e8ves adh\u00e9rents.<\/p>\n<p>Elle a \u00e9galement pour objectif de participer \u00e0 l\u2019acquisition d\u2019une culture sportive, pour cela, des sorties sont organis\u00e9es (matchs professionnels, c\u00e9r\u00e9monies sportives, spectacle de danse, \u2026)<\/p>\n<h3><span style=\"color: #ff9900;\"><u>Fonctionnement: <\/u><\/span><\/h3>\n<p>Les \u00e9l\u00e8ves, une fois licenci\u00e9s, peuvent participer \u00e0 tous les entra\u00eenements. Muni de sa licence, l\u2019\u00e9l\u00e8ve se rend seul sur les lieux de pratique aux horaires indiqu\u00e9s (site ci-dessous et hall du lyc\u00e9e d\u2019Alembert).<\/p>\n<h3><span style=\"color: #ff9900;\"><u>Licence: <\/u><\/span><\/h3>\n<p>Pour \u00eatre licenci\u00e9, l\u2019\u00e9l\u00e8ve doit rendre la fiche d\u2019inscription remplie et s\u2019acquitter d\u2019une cotisation de 10 euros.<\/p>\n<h3><span style=\"color: #ff9900;\"><u>Liste des activit\u00e9s propos\u00e9es:<\/u><\/span><\/h3>\n<ul>\n<li>Futsal<\/li>\n<li>Natation<\/li>\n<li>Escalade<\/li>\n<li>Badminton<\/li>\n<li>Tennis de table<\/li>\n<li>Tir \u00e0 l\u2019arc<\/li>\n<li>Musculation<\/li>\n<li>Yoga<\/li>\n<li>Step<\/li>\n<li>Tennis<\/li>\n<li>Athl\u00e9tisme<\/li>\n<li>Boxe<\/li>\n<li>Basket ball<\/li>\n<li>Volley ball<\/li>\n<\/ul>\n","protected":false},"excerpt":{"rendered":"<p>Pr\u00e9sentation de l\u2019Association Sportive: L\u2019association sportive du lyc\u00e9e d\u2019Alembert offre aux \u00e9l\u00e8ves la possibilit\u00e9 de pratiquer plusieurs activit\u00e9s sportives en compl\u00e9ment des cours d\u2019EPS. De plus elle est active au sein du district UNSS Villette (regroupement d\u2019\u00e9tablissement) ce qui lui permet de proposer plus d\u2019une quinzaine d\u2019activit\u00e9s en d\u00e9couverte, loisirs ou comp\u00e9tition. Toutes les activit\u00e9s sont encadr\u00e9es par des enseignants d\u2019EPS sp\u00e9cialistes. Objectifs de l\u2019AS: L&rsquo;Association Sportive du Lyc\u00e9e a pour objet d&rsquo;organiser et de d\u00e9velopper la pratique d&rsquo;activit\u00e9s physiques,&hellip;<\/p>\n","protected":false},"author":1,"featured_media":0,"parent":0,"menu_order":0,"comment_status":"closed","ping_status":"closed","template":"","meta":{"footnotes":""},"class_list":["post-2105","page","type-page","status-publish","hentry"],"_links":{"self":[{"href":"https:\/\/lyceedalembert.paris\/index.php\/wp-json\/wp\/v2\/pages\/2105","targetHints":{"allow":["GET"]}}],"collection":[{"href":"https:\/\/lyceedalembert.paris\/index.php\/wp-json\/wp\/v2\/pages"}],"about":[{"href":"https:\/\/lyceedalembert.paris\/index.php\/wp-json\/wp\/v2\/types\/page"}],"author":[{"embeddable":true,"href":"https:\/\/lyceedalembert.paris\/index.php\/wp-json\/wp\/v2\/users\/1"}],"replies":[{"embeddable":true,"href":"https:\/\/lyceedalembert.paris\/index.php\/wp-json\/wp\/v2\/comments?post=2105"}],"version-history":[{"count":8,"href":"https:\/\/lyceedalembert.paris\/index.php\/wp-json\/wp\/v2\/pages\/2105\/revisions"}],"predecessor-version":[{"id":5094,"href":"https:\/\/lyceedalembert.paris\/index.php\/wp-json\/wp\/v2\/pages\/2105\/revisions\/5094"}],"wp:attachment":[{"href":"https:\/\/lyceedalembert.paris\/index.php\/wp-json\/wp\/v2\/media?parent=2105"}],"curies":[{"name":"wp","href":"https:\/\/api.w.org\/{rel}","templated":true}]}}