{"id":2387,"date":"2021-11-24T11:16:37","date_gmt":"2021-11-24T10:16:37","guid":{"rendered":"http:\/\/lyceedalembert.paris\/?page_id=2387"},"modified":"2023-06-19T08:44:40","modified_gmt":"2023-06-19T07:44:40","slug":"technicien-appareillage-orthopedique","status":"publish","type":"page","link":"https:\/\/lyceedalembert.paris\/index.php\/technicien-appareillage-orthopedique\/","title":{"rendered":"BAC PRO Technicien en Appareillage Orthop\u00e9dique"},"content":{"rendered":"\n<div class=\"su-youtube su-u-responsive-media-yes\"><iframe loading=\"lazy\" width=\"600\" height=\"400\" src=\"https:\/\/www.youtube.com\/embed\/PsoKXd7HZvg?\" frameborder=\"0\" allowfullscreen allow=\"autoplay; encrypted-media; picture-in-picture\" title=\"\"><\/iframe><\/div><br><\/p>\n\n\n<div id=\"su_carousel_69d0d1d7b5adc\" class=\"su-carousel su-carousel-centered su-carousel-pages-no su-carousel-responsive-yes\" style=\"width:100%\" data-autoplay=\"3000\" data-speed=\"600\" data-mousewheel=\"true\" data-items=\"1\" data-scroll=\"1\"><div class=\"su-carousel-slides\"><div class=\"su-carousel-slide\"><a><img decoding=\"async\" src=\"https:\/\/lyceedalembert.paris\/wp-content\/uploads\/2017\/06\/1-3-682x450.jpg\" alt=\"Lyc\u008ee Polyvalent d&rsquo;Alembert &#8211; 75019 Paris &#8211; formation\" \/><\/a><\/div><div class=\"su-carousel-slide\"><a><img decoding=\"async\" src=\"https:\/\/lyceedalembert.paris\/wp-content\/uploads\/2017\/06\/2-3-682x450.jpg\" alt=\"Lyc\u008ee Polyvalent d&rsquo;Alembert &#8211; 75019 Paris &#8211; formation\" \/><\/a><\/div><div class=\"su-carousel-slide\"><a><img decoding=\"async\" src=\"https:\/\/lyceedalembert.paris\/wp-content\/uploads\/2017\/06\/3-2-682x450.jpg\" alt=\"Lyc\u008ee Polyvalent d&rsquo;Alembert &#8211; 75019 Paris &#8211; formation\" \/><\/a><\/div><div class=\"su-carousel-slide\"><a><img decoding=\"async\" src=\"https:\/\/lyceedalembert.paris\/wp-content\/uploads\/2017\/06\/4-1-682x450.jpg\" alt=\"4\" \/><\/a><\/div><div class=\"su-carousel-slide\"><a><img decoding=\"async\" src=\"https:\/\/lyceedalembert.paris\/wp-content\/uploads\/2017\/06\/5-1-682x450.jpg\" alt=\"Lyc\u008ee Polyvalent d&rsquo;Alembert &#8211; 75019 Paris &#8211; formation\" \/><\/a><\/div><div class=\"su-carousel-slide\"><a><img decoding=\"async\" src=\"https:\/\/lyceedalembert.paris\/wp-content\/uploads\/2017\/06\/5a-682x450.jpg\" alt=\"Lyc\u008ee Polyvalent d&rsquo;Alembert &#8211; 75019 Paris &#8211; formation\" \/><\/a><\/div><div class=\"su-carousel-slide\"><a><img decoding=\"async\" src=\"https:\/\/lyceedalembert.paris\/wp-content\/uploads\/2017\/06\/6-2-682x450.jpg\" alt=\"Lyc\u008ee Polyvalent d&rsquo;Alembert &#8211; 75019 Paris &#8211; formation\" \/><\/a><\/div><div class=\"su-carousel-slide\"><a><img decoding=\"async\" src=\"https:\/\/lyceedalembert.paris\/wp-content\/uploads\/2017\/06\/7-1-682x450.jpg\" alt=\"Lyc\u008ee Polyvalent d&rsquo;Alembert &#8211; 75019 Paris &#8211; formation\" \/><\/a><\/div><div class=\"su-carousel-slide\"><a><img decoding=\"async\" src=\"https:\/\/lyceedalembert.paris\/wp-content\/uploads\/2017\/06\/8-1-682x450.jpg\" alt=\"Lyc\u008ee Polyvalent d&rsquo;Alembert &#8211; 75019 Paris &#8211; formation\" \/><\/a><\/div><div class=\"su-carousel-slide\"><a><img decoding=\"async\" src=\"https:\/\/lyceedalembert.paris\/wp-content\/uploads\/2017\/06\/9-2-682x450.jpg\" alt=\"Lyc\u008ee Polyvalent d&rsquo;Alembert &#8211; 75019 Paris &#8211; formation\" \/><\/a><\/div><div class=\"su-carousel-slide\"><a><img decoding=\"async\" src=\"https:\/\/lyceedalembert.paris\/wp-content\/uploads\/2017\/06\/10-1-682x450.jpg\" alt=\"Lyc\u008ee Polyvalent d&rsquo;Alembert &#8211; 75019 Paris &#8211; formation\" \/><\/a><\/div><div class=\"su-carousel-slide\"><a><img decoding=\"async\" src=\"https:\/\/lyceedalembert.paris\/wp-content\/uploads\/2017\/06\/11-1-682x450.jpg\" alt=\"Lyc\u008ee Polyvalent d&rsquo;Alembert &#8211; 75019 Paris &#8211; formation\" \/><\/a><\/div><div class=\"su-carousel-slide\"><a><img decoding=\"async\" src=\"https:\/\/lyceedalembert.paris\/wp-content\/uploads\/2017\/06\/12-1-682x450.jpg\" alt=\"Lyc\u008ee Polyvalent d&rsquo;Alembert &#8211; 75019 Paris &#8211; formation\" \/><\/a><\/div><\/div><div class=\"su-carousel-nav\"><div class=\"su-carousel-direction\"><span class=\"su-carousel-prev\"><\/span><span class=\"su-carousel-next\"><\/span><\/div><div class=\"su-carousel-pagination\"><\/div><\/div><\/div>\n\n\n\n<p>Les photos ont \u00e9t\u00e9 prises par la photographe <a href=\"http:\/\/fstijepovic.com\/\">\u00a9 Fran\u00e7oise Stijepovic<\/a>.<\/p>\n\n\n\n<h3 class=\"wp-block-heading\"><span style=\"color: #ff9900;\">Technicien en Appareillage Orthop\u00e9dique (TAO)<\/span><br><span style=\"color: #ff9900;\">Secteur de la Podo-orth\u00e8se et de la Proth\u00e8se-orth\u00e8se<\/span><\/h3>\n\n\n\n<h4 class=\"wp-block-heading\"><span style=\"color: #ff9900;\">PUBLIC<\/span><\/h4>\n\n\n\n<p>Les \u00e9l\u00e8ves sont recrut\u00e9s apr\u00e8s la classe de 3\u00e8me. Les \u00e9l\u00e8ves issus des CAP d\u2019appareillage peuvent envisager une poursuite d\u2019\u00e9tude en baccalaur\u00e9at professionnel en int\u00e9grant la classe de premi\u00e8re de premi\u00e8re du secteur podo orth\u00e8se ou proth\u00e8se orth\u00e8se.<\/p>\n\n\n\n<h4 class=\"wp-block-heading\"><span style=\"color: #ff9900;\">ACTIVITES \u2013 QUALITES REQUISES<\/span><\/h4>\n\n\n\n<p>La formation requiert des aptitudes manuelles, le sens de la pr\u00e9cision et du soin.<\/p>\n\n\n\n<p><span style=\"text-decoration: underline;\">Secteur de la Podo-orth\u00e8se<\/span> :<br>Le titulaire du BAC PRO secteur Podo-orth\u00e8se \u00e9volue au sein de l\u2019atelier. Il g\u00e8re l\u2019organisation des postes de travail et aide \u00e0 la gestion des commandes des mat\u00e9riaux. Il participe \u00e0 toutes les op\u00e9rations de r\u00e9alisation des appareillages (les orth\u00e8ses plantaires, l\u2019adaptation des formes du patient en fonction des mesures, les orthoproth\u00e8ses et la podologie adapt\u00e9e, le patronage, la coupe, le piquage et le montage).<\/p>\n\n\n\n<p><span style=\"text-decoration: underline;\">Secteur de la Proth\u00e9se-orth\u00e8se<\/span> :<br>Le titulaire du BAC PRO secteur Proth\u00e8se-Orth\u00e8se r\u00e9alise la fabrication des appareils orthop\u00e9diques et proth\u00e9tiques. Il peut seconder un orthoproth\u00e9siste dans la r\u00e9alisation des positifs (moules \u00e0 la forme du patient). Il est amen\u00e9, \u00e0 terme, \u00e0 organiser des ateliers, \u00e9tablir des plannings de production, g\u00e9rer des stocks\u2026<\/p>\n\n\n\n<h4 class=\"wp-block-heading\"><span style=\"color: #ff9900;\">CONTENU DE LA FORMATION<\/span><\/h4>\n\n\n\n<p>Le BAC PRO se pr\u00e9pare en 3 ans avec une premi\u00e8re ann\u00e9e commune en \u00ab podo-orth\u00e8se \u00bb et en \u00ab proth\u00e8se-orth\u00e8se \u00bb.<br>\u00c0 l\u2019issue de cette premi\u00e8re ann\u00e9e, le candidat s\u2019orientera vers une des options du BAC PRO technicien en appareillage orthop\u00e9dique. En cours de deuxi\u00e8me ann\u00e9e de formation (classe de 1\u00e8re), le candidat passera une certification interm\u00e9diaire.<br><span style=\"text-decoration: underline;\">Les \u00e9tudes comportent<\/span> :<br>\u2666 de l\u2019enseignement g\u00e9n\u00e9ral : fran\u00e7ais, histoire-g\u00e9ographie, \u00e9ducation civique, anglais, math\u00e9matiques, sciences-physiques et chimie, \u00e9conomie et gestion, arts appliqu\u00e9s et cultures artistiques, \u00e9ducation physique ;<br>\u2666 de l\u2019enseignement technologique : Technologies, pr\u00e9vention-sant\u00e9-environnement ;<br>\u2666 de l\u2019enseignement pratique ;<br>\u2666 des connaissances m\u00e9dicales.<br>La formation comprend <strong>22 semaines de P\u00e9riode de Formation en Milieu Professionnel<\/strong>, r\u00e9parties sur les trois ann\u00e9es.<\/p>\n\n\n\n<h4 class=\"wp-block-heading\"><span style=\"color: #ff9900;\">MODALITES DE CERTIFICATION&nbsp;<\/span><\/h4>\n\n\n\n<p>\u2666 Certification interm\u00e9diaire (BEP) \u00e0 la fin de la classe de 1\u00e8re.<br>\u2666 \u00c9preuves sous forme de Contr\u00f4le en Cours de Formation (CCF) et d\u2019\u00e9preuves ponctuelles \u00e9crites. <\/p>\n\n\n\n<h4 class=\"wp-block-heading has-luminous-vivid-orange-color has-text-color\">DEBOUCHES \u2013<span style=\"color: #ff9900;\">POURSUITE D\u2019ETUDES&nbsp;<\/span><\/h4>\n\n\n\n<p>\u2666 Travail en entreprise en tant que technicien en orthoproth\u00e8se ou en podo-orth\u00e8se;<br>\u2666 Poursuite vers un BTS Podo-orth\u00e8se et\/ou Proth\u00e8se-Orth\u00e8se.<\/p>\n\n\n\n<div data-wp-interactive=\"core\/file\" class=\"wp-block-file aligncenter\"><object data-wp-bind--hidden=\"!state.hasPdfPreview\" hidden class=\"wp-block-file__embed\" data=\"https:\/\/lyceedalembert.paris\/wp-content\/uploads\/2021\/11\/BACs-PRO-PODO-et-PROTHESE-2022.pdf\" type=\"application\/pdf\" style=\"width:100%;height:600px\" aria-label=\"Contenu embarqu\u00e9 BACs PRO PODO et PROTHESE 2022.\"><\/object><a id=\"wp-block-file--media-d66b3317-5118-4776-bc42-66fbdca369bc\" href=\"https:\/\/lyceedalembert.paris\/wp-content\/uploads\/2021\/11\/BACs-PRO-PODO-et-PROTHESE-2022.pdf\">BACs PRO PODO et PROTHESE 2022<\/a><a href=\"https:\/\/lyceedalembert.paris\/wp-content\/uploads\/2021\/11\/BACs-PRO-PODO-et-PROTHESE-2022.pdf\" class=\"wp-block-file__button wp-element-button\" download aria-describedby=\"wp-block-file--media-d66b3317-5118-4776-bc42-66fbdca369bc\">T\u00e9l\u00e9charger<\/a><\/div>\n\n\n\n<h2 class=\"wp-block-heading\">Plaquette de formation de la fili\u00e8re Orthoproth\u00e8se<\/h2>\n\n\n\n<div data-wp-interactive=\"core\/file\" class=\"wp-block-file\"><object data-wp-bind--hidden=\"!state.hasPdfPreview\" hidden class=\"wp-block-file__embed\" data=\"https:\/\/lyceedalembert.paris\/wp-content\/uploads\/2023\/06\/Plaquette-formation-V-definitive-2023-bis.pdf\" type=\"application\/pdf\" style=\"width:100%;height:600px\" aria-label=\"Contenu embarqu\u00e9 Plaquette-formation-V-definitive-2023-bis.\"><\/object><a id=\"wp-block-file--media-4d051347-9724-49cd-bff6-fd1097ed014b\" href=\"https:\/\/lyceedalembert.paris\/wp-content\/uploads\/2023\/06\/Plaquette-formation-V-definitive-2023-bis.pdf\">Plaquette-formation-V-definitive-2023-bis<\/a><a href=\"https:\/\/lyceedalembert.paris\/wp-content\/uploads\/2023\/06\/Plaquette-formation-V-definitive-2023-bis.pdf\" class=\"wp-block-file__button wp-element-button\" download aria-describedby=\"wp-block-file--media-4d051347-9724-49cd-bff6-fd1097ed014b\">T\u00e9l\u00e9charger<\/a><\/div>\n","protected":false},"excerpt":{"rendered":"<p>Les photos ont \u00e9t\u00e9 prises par la photographe \u00a9 Fran\u00e7oise Stijepovic. Technicien en Appareillage Orthop\u00e9dique (TAO)Secteur de la Podo-orth\u00e8se et de la Proth\u00e8se-orth\u00e8se PUBLIC Les \u00e9l\u00e8ves sont recrut\u00e9s apr\u00e8s la classe de 3\u00e8me. Les \u00e9l\u00e8ves issus des CAP d\u2019appareillage peuvent envisager une poursuite d\u2019\u00e9tude en baccalaur\u00e9at professionnel en int\u00e9grant la classe de premi\u00e8re de premi\u00e8re du secteur podo orth\u00e8se ou proth\u00e8se orth\u00e8se. ACTIVITES \u2013 QUALITES REQUISES La formation requiert des aptitudes manuelles, le sens de la pr\u00e9cision et du soin.&hellip;<\/p>\n","protected":false},"author":1,"featured_media":0,"parent":0,"menu_order":0,"comment_status":"closed","ping_status":"closed","template":"","meta":{"footnotes":""},"class_list":["post-2387","page","type-page","status-publish","hentry"],"_links":{"self":[{"href":"https:\/\/lyceedalembert.paris\/index.php\/wp-json\/wp\/v2\/pages\/2387","targetHints":{"allow":["GET"]}}],"collection":[{"href":"https:\/\/lyceedalembert.paris\/index.php\/wp-json\/wp\/v2\/pages"}],"about":[{"href":"https:\/\/lyceedalembert.paris\/index.php\/wp-json\/wp\/v2\/types\/page"}],"author":[{"embeddable":true,"href":"https:\/\/lyceedalembert.paris\/index.php\/wp-json\/wp\/v2\/users\/1"}],"replies":[{"embeddable":true,"href":"https:\/\/lyceedalembert.paris\/index.php\/wp-json\/wp\/v2\/comments?post=2387"}],"version-history":[{"count":15,"href":"https:\/\/lyceedalembert.paris\/index.php\/wp-json\/wp\/v2\/pages\/2387\/revisions"}],"predecessor-version":[{"id":7898,"href":"https:\/\/lyceedalembert.paris\/index.php\/wp-json\/wp\/v2\/pages\/2387\/revisions\/7898"}],"wp:attachment":[{"href":"https:\/\/lyceedalembert.paris\/index.php\/wp-json\/wp\/v2\/media?parent=2387"}],"curies":[{"name":"wp","href":"https:\/\/api.w.org\/{rel}","templated":true}]}}