{"id":2402,"date":"2026-03-13T14:32:41","date_gmt":"2026-03-13T13:32:41","guid":{"rendered":"http:\/\/lyceedalembert.paris\/?page_id=2402"},"modified":"2026-03-13T14:32:42","modified_gmt":"2026-03-13T13:32:42","slug":"mini-stages","status":"publish","type":"page","link":"https:\/\/lyceedalembert.paris\/index.php\/mini-stages\/","title":{"rendered":"Mini-stage 2026"},"content":{"rendered":"\n\n\n<p><\/p>\n\n\n\n<p><em><strong>A partir des journ\u00e9es portes ouvertes du 13 et 14 f\u00e9vrier 2026<\/strong><\/em>, le lien ci-dessous vous permettra de vous inscrire \u00e0 un mini-stage au sein de notre \u00e9tablissement<\/p>\n\n\n\n<div class=\"wp-block-buttons is-content-justification-center is-layout-flex wp-container-core-buttons-is-layout-16018d1d wp-block-buttons-is-layout-flex\">\n<div class=\"wp-block-button is-style-fill\"><a class=\"wp-block-button__link wp-element-button\" href=\"https:\/\/docs.google.com\/forms\/d\/e\/1FAIpQLSdSHpez75pc90YEBdvc5_rZwoIhlSORuNi0hMuK5mWaL3_opQ\/viewform?usp=sharing&amp;ouid=109095993219491878399\" target=\"_blank\" rel=\"noreferrer noopener\">Inscription Mini-stage <\/a><\/div>\n<\/div>\n\n\n\n<p>Pour les inscriptions visite de groupe:<\/p>\n\n\n\n<div class=\"wp-block-buttons is-content-justification-center is-layout-flex wp-container-core-buttons-is-layout-16018d1d wp-block-buttons-is-layout-flex\">\n<div class=\"wp-block-button\"><a class=\"wp-block-button__link has-text-align-center wp-element-button\" href=\"https:\/\/docs.google.com\/forms\/d\/e\/1FAIpQLSeoA77KYsB6D-PA_7Rxgs0pKIWQm7Zr7NppdyuXOvNNoUt97g\/viewform?usp=publish-editor\" target=\"_blank\" rel=\"noreferrer noopener\">Inscription visite de groupes<\/a><\/div>\n<\/div>\n\n\n\n<p><\/p>\n\n\n\n<p class=\"has-text-align-center\"><a href=\"https:\/\/lyceedalembert.paris\/wp-content\/uploads\/2026\/03\/Information-Mini-stage-procedure-pass-pro-et-techno-3.pdf\" data-type=\"link\" data-id=\"https:\/\/lyceedalembert.paris\/wp-content\/uploads\/2026\/03\/Information-Mini-stage-procedure-pass-pro-et-techno-3.pdf\" target=\"_blank\" rel=\"noreferrer noopener\">T\u00e9l\u00e9charger la fiche d&rsquo;informations.<\/a><\/p>\n\n\n\n<p>Pour les dipl\u00f4mes propos\u00e9s par le lyc\u00e9e d\u2019Alembert, dans la liste ci-dessous, vous devez vous rapprocher de votre \u00e9tablissement d\u2019origine pour vous inscrire dans une proc\u00e9dure particuli\u00e8re&nbsp;:<\/p>\n\n\n\n<figure class=\"wp-block-table is-style-stripes\"><table><tbody><tr><td rowspan=\"3\">CAP<\/td><td><strong>OR<\/strong><\/td><td>Ortho-Proth\u00e8se<\/td><td>Proc\u00e9dure PASS PRO<\/td><\/tr><tr><td><strong>PO<\/strong><\/td><td>Podo-Orth\u00e8se<\/td><td>Proc\u00e9dure PASS PRO<\/td><\/tr><tr><td><strong>CORDO<\/strong><\/td><td>Cordonnerie Multiservices<\/td><td>Proc\u00e9dure PASS PRO<\/td><\/tr><tr><td rowspan=\"3\">Bac Professionnel<\/td><td><strong>AEPA<\/strong><\/td><td>Animation Enfance et Personnes Ag\u00e9es<\/td><td>Proc\u00e9dure PASS PRO<\/td><\/tr><tr><td><strong>TAO ORTHO<\/strong><\/td><td>Technicien en appareillage orthop\u00e9dique Option ortho-proth\u00e8se<\/td><td>Proc\u00e9dure PASS PRO<\/td><\/tr><tr><td><strong>TAO PODO<\/strong><\/td><td>Technicien en appareillage orthop\u00e9dique Option podo-orth\u00e8se<\/td><td>Proc\u00e9dure PASS PRO<\/td><\/tr><tr><td>Bac technologique<\/td><td><strong>ST2S<\/strong><\/td><td>Sciences et Techniques Sanitaires et Sociales<\/td><td>Proc\u00e9dure PASS TECHNO<\/td><\/tr><\/tbody><\/table><\/figure>\n\n\n\n<div class=\"wp-block-group\"><div class=\"wp-block-group__inner-container is-layout-constrained wp-block-group-is-layout-constrained\">\n<div class=\"wp-block-group\"><div class=\"wp-block-group__inner-container is-layout-constrained wp-block-group-is-layout-constrained\">\n<p>Un rendez-vous sera donn\u00e9, via VOTRE \u00e9tablissement d\u2019origine, pour venir au lyc\u00e9e d\u2019Alembert, pour une demi-journ\u00e9e d\u2019int\u00e9gration dans la formation souhait\u00e9e, avec un entretien individuel.<\/p>\n<\/div><\/div>\n<\/div><\/div>\n\n\n\n<hr class=\"wp-block-separator has-alpha-channel-opacity\"\/>\n\n\n\n<h3 class=\"wp-block-heading\"><strong>Pour les autres formations&nbsp;:<\/strong><\/h3>\n\n\n\n<ul class=\"wp-block-list\">\n<li>Bac Professionnel ASSP (Accompagnement Soins et Services \u00e0 la Personne) ;<\/li>\n\n\n\n<li>BTS ESF Economie sociale et familiale ;<\/li>\n\n\n\n<li>BTS MMCM M\u00e9tiers de la Mode Chaussure Maroquinerie ;<\/li>\n\n\n\n<li>BTS ORTHO Proth\u00e9siste Orth\u00e9siste ;<\/li>\n\n\n\n<li>BTS PODO Podo Orth\u00e9siste.<\/li>\n<\/ul>\n\n\n\n<p><\/p>\n","protected":false},"excerpt":{"rendered":"<p>A partir des journ\u00e9es portes ouvertes du 13 et 14 f\u00e9vrier 2026, le lien ci-dessous vous permettra de vous inscrire \u00e0 un mini-stage au sein de notre \u00e9tablissement Pour les inscriptions visite de groupe: T\u00e9l\u00e9charger la fiche d&rsquo;informations. Pour les dipl\u00f4mes propos\u00e9s par le lyc\u00e9e d\u2019Alembert, dans la liste ci-dessous, vous devez vous rapprocher de votre \u00e9tablissement d\u2019origine pour vous inscrire dans une proc\u00e9dure particuli\u00e8re&nbsp;: CAP OR Ortho-Proth\u00e8se Proc\u00e9dure PASS PRO PO Podo-Orth\u00e8se Proc\u00e9dure PASS PRO CORDO Cordonnerie Multiservices Proc\u00e9dure&hellip;<\/p>\n","protected":false},"author":1,"featured_media":0,"parent":0,"menu_order":0,"comment_status":"closed","ping_status":"closed","template":"","meta":{"footnotes":""},"class_list":["post-2402","page","type-page","status-publish","hentry"],"_links":{"self":[{"href":"https:\/\/lyceedalembert.paris\/index.php\/wp-json\/wp\/v2\/pages\/2402","targetHints":{"allow":["GET"]}}],"collection":[{"href":"https:\/\/lyceedalembert.paris\/index.php\/wp-json\/wp\/v2\/pages"}],"about":[{"href":"https:\/\/lyceedalembert.paris\/index.php\/wp-json\/wp\/v2\/types\/page"}],"author":[{"embeddable":true,"href":"https:\/\/lyceedalembert.paris\/index.php\/wp-json\/wp\/v2\/users\/1"}],"replies":[{"embeddable":true,"href":"https:\/\/lyceedalembert.paris\/index.php\/wp-json\/wp\/v2\/comments?post=2402"}],"version-history":[{"count":47,"href":"https:\/\/lyceedalembert.paris\/index.php\/wp-json\/wp\/v2\/pages\/2402\/revisions"}],"predecessor-version":[{"id":9369,"href":"https:\/\/lyceedalembert.paris\/index.php\/wp-json\/wp\/v2\/pages\/2402\/revisions\/9369"}],"wp:attachment":[{"href":"https:\/\/lyceedalembert.paris\/index.php\/wp-json\/wp\/v2\/media?parent=2402"}],"curies":[{"name":"wp","href":"https:\/\/api.w.org\/{rel}","templated":true}]}}