{"id":2485,"date":"2017-01-27T12:00:26","date_gmt":"2017-01-27T11:00:26","guid":{"rendered":"http:\/\/lyceedalembert.paris\/?page_id=2485"},"modified":"2019-09-17T15:26:23","modified_gmt":"2019-09-17T14:26:23","slug":"marches-publics","status":"publish","type":"page","link":"https:\/\/lyceedalembert.paris\/index.php\/intendance\/marches-publics\/","title":{"rendered":"March\u00e9s Publics"},"content":{"rendered":"<p>Documents \u00e0 t\u00e9l\u00e9charger dans le cadre de l\u2019appel d\u2019offres du BOAMP n\u00b017-7212<br \/>\n<u>Acquisition de sept bancs de finition et de deux centrales d\u2019aspiration<\/u><\/p>\n<p>&#8211; L&rsquo;acte d&rsquo;engagement, formulaire DC3 <a href=\"https:\/\/lyceedalembert.paris\/wp-content\/uploads\/2017\/01\/DC3-Acte-dengagement.pdf\">(cliquer ici)<\/a><\/p>\n<p>&#8211; Le Cahier des clauses administratives particuli\u00e8res (CCAP), <a href=\"https:\/\/lyceedalembert.paris\/wp-content\/uploads\/2017\/01\/CCAP.pdf\" target=\"_blank\" rel=\"noopener\">(cliquer ici)<\/a><\/p>\n<p>&#8211; Le Cahier des clauses techniques particuli\u00e8res (CCTP), <a href=\"https:\/\/lyceedalembert.paris\/wp-content\/uploads\/2017\/01\/CCTP.pdf\" target=\"_blank\" rel=\"noopener\">(cliquer ici)<\/a><\/p>\n<p>&#8211; Le r\u00e8glement de consultation (RC) <a href=\"https:\/\/lyceedalembert.paris\/wp-content\/uploads\/2017\/01\/R\u00e8glement-de-consultation.pdf\" target=\"_blank\" rel=\"noopener\">(cliquer ici)<\/a><\/p>\n<p>&#8211; La lettre du candidat, formulaire DC1 (cliquer ici) et en compl\u00e9ment le formulaire DC2<a href=\"https:\/\/lyceedalembert.paris\/wp-content\/uploads\/2017\/01\/DC1-Lettre-de-candidature.pdf\" target=\"_blank\" rel=\"noopener\"> (cliquer ici)<\/a><\/p>\n<p>&#8211; En cas de sous-traitance, le formulaire DC4 <a href=\"https:\/\/lyceedalembert.paris\/wp-content\/uploads\/2017\/01\/DC4-Sous-traitance.pdf\" target=\"_blank\" rel=\"noopener\">(cliquer ici)<\/a><\/p>\n","protected":false},"excerpt":{"rendered":"<p>Documents \u00e0 t\u00e9l\u00e9charger dans le cadre de l\u2019appel d\u2019offres du BOAMP n\u00b017-7212 Acquisition de sept bancs de finition et de deux centrales d\u2019aspiration &#8211; L&rsquo;acte d&rsquo;engagement, formulaire DC3 (cliquer ici) &#8211; Le Cahier des clauses administratives particuli\u00e8res (CCAP), (cliquer ici) &#8211; Le Cahier des clauses techniques particuli\u00e8res (CCTP), (cliquer ici) &#8211; Le r\u00e8glement de consultation (RC) (cliquer ici) &#8211; La lettre du candidat, formulaire DC1 (cliquer ici) et en compl\u00e9ment le formulaire DC2 (cliquer ici) &#8211; En cas de sous-traitance,&hellip;<\/p>\n","protected":false},"author":1,"featured_media":0,"parent":4922,"menu_order":0,"comment_status":"closed","ping_status":"closed","template":"","meta":{"footnotes":""},"class_list":["post-2485","page","type-page","status-publish","hentry"],"_links":{"self":[{"href":"https:\/\/lyceedalembert.paris\/index.php\/wp-json\/wp\/v2\/pages\/2485","targetHints":{"allow":["GET"]}}],"collection":[{"href":"https:\/\/lyceedalembert.paris\/index.php\/wp-json\/wp\/v2\/pages"}],"about":[{"href":"https:\/\/lyceedalembert.paris\/index.php\/wp-json\/wp\/v2\/types\/page"}],"author":[{"embeddable":true,"href":"https:\/\/lyceedalembert.paris\/index.php\/wp-json\/wp\/v2\/users\/1"}],"replies":[{"embeddable":true,"href":"https:\/\/lyceedalembert.paris\/index.php\/wp-json\/wp\/v2\/comments?post=2485"}],"version-history":[{"count":6,"href":"https:\/\/lyceedalembert.paris\/index.php\/wp-json\/wp\/v2\/pages\/2485\/revisions"}],"predecessor-version":[{"id":4926,"href":"https:\/\/lyceedalembert.paris\/index.php\/wp-json\/wp\/v2\/pages\/2485\/revisions\/4926"}],"up":[{"embeddable":true,"href":"https:\/\/lyceedalembert.paris\/index.php\/wp-json\/wp\/v2\/pages\/4922"}],"wp:attachment":[{"href":"https:\/\/lyceedalembert.paris\/index.php\/wp-json\/wp\/v2\/media?parent=2485"}],"curies":[{"name":"wp","href":"https:\/\/api.w.org\/{rel}","templated":true}]}}