{"id":2564,"date":"2017-01-25T20:45:37","date_gmt":"2017-01-25T19:45:37","guid":{"rendered":"http:\/\/lyceedalembert.paris\/?page_id=2564"},"modified":"2023-01-25T08:10:15","modified_gmt":"2023-01-25T07:10:15","slug":"bts-economie-sociale-familiale","status":"publish","type":"page","link":"https:\/\/lyceedalembert.paris\/index.php\/bts-economie-sociale-familiale\/","title":{"rendered":"BTS Economie Sociale et Familiale"},"content":{"rendered":"\n<div class=\"wp-block-file aligncenter\"><a id=\"wp-block-file--media-0f4fda71-9c66-43e2-b9c2-c0b6f1aa88b5\" href=\"https:\/\/lyceedalembert.paris\/wp-content\/uploads\/2021\/01\/BTS-ESF.pdf\">Fiche de pr\u00e9sentation du BTS-ESF<\/a><a href=\"https:\/\/lyceedalembert.paris\/wp-content\/uploads\/2021\/01\/BTS-ESF.pdf\" class=\"wp-block-file__button wp-element-button\" download aria-describedby=\"wp-block-file--media-0f4fda71-9c66-43e2-b9c2-c0b6f1aa88b5\">T\u00e9l\u00e9charger<\/a><\/div>\n\n\n<a href=\"https:\/\/lyceedalembert.paris\/wp-content\/uploads\/2021\/02\/Depliant-esf.pdf\" class=\"pdfemb-viewer\" style=\"\" data-width=\"max\" data-height=\"max\" data-toolbar=\"bottom\" data-toolbar-fixed=\"off\">Depliant-esf<\/a>\n<p class=\"wp-block-pdfemb-pdf-embedder-viewer\"><\/p>\n\n\n\n<h2 class=\"has-luminous-vivid-amber-color has-text-color has-medium-font-size wp-block-heading\">PUBLIC<\/h2>\n\n\n\n<p>Les \u00e9tudiants sont recrut\u00e9s apr\u00e8s un Bac g\u00e9n\u00e9ral ou apr\u00e8s un bac technologique ST2S (Sciences et techniques sanitaires et sociales). Un bac professionnel dans le domaine des services (bac pro ASSP, bac pro SAPAT, bac pro Animation&#8230;) peut \u00e9galement mener, avec un excellent dossier et de la motivation, vers le BTS ESF. Le recrutement se fait via la plateforme ParcourSup.<\/p>\n\n\n\n<h2 class=\"has-luminous-vivid-amber-color has-text-color has-medium-font-size wp-block-heading\">ACTIVITES \u2013 QUALITES REQUISES<\/h2>\n\n\n\n<p>Le BTS ESF a pour objectif de <strong>former des experts qui assistent diff\u00e9rents publics dans leur vie quotidienne par la formation et la sensibilisation<\/strong>. Le titulaire du BTS ESF participe \u00e0 la r\u00e9alisation des missions des \u00e9tablissements et des services qui l&#8217;emploient en apportant son expertise dans les domaines de l&rsquo;alimentation, la sant\u00e9, le budget, la consommation, l&rsquo;environnement-\u00e9nergie ou encore l&rsquo;habitat-logement. Le titulaire assure diff\u00e9rentes fonctions comme l&rsquo;expertise et le conseil technologiques, l&rsquo;organisation technique de la vie quotidienne dans un service ou dans un \u00e9tablissement et enfin l&rsquo;animation, la formation et la communication professionnelle.<br>Il met ses comp\u00e9tences scientifiques, techniques, m\u00e9thodologiques au service de diff\u00e9rents publics. <strong>Il participe ainsi \u00e0 l&rsquo;impulsion des \u00e9volutions de comportements individuels ou collectifs<\/strong>, dans un contexte de d\u00e9veloppement durable. Dans le cadre de ses missions, il contribue \u00e0 l&rsquo;information sur l&rsquo;acc\u00e8s aux droits des publics.<\/p>\n\n\n\n<h2 class=\"has-luminous-vivid-amber-color has-text-color has-medium-font-size wp-block-heading\">CONTENU DE LA FORMATION&nbsp;<\/h2>\n\n\n\n<p>La formation s&rsquo;organise en cours, TD et TP&nbsp;et comprend environ 28h de cours par semaine. Elle se compose de 5 grands modules eux-m\u00eames divis\u00e9s en enseignements :<\/p>\n\n\n\n<ul class=\"wp-block-list\">\n<li>expertise et conseil technologiques (sant\u00e9 alimentation hygi\u00e8ne, sciences physiques et chimiques appliqu\u00e9se, habitat logement, \u00e9conomie consommation, m\u00e9thodologie d&rsquo;investigation&nbsp;: 776h),<\/li>\n\n\n\n<li>animation formation (intervention sur le quotidien et son \u00e9volution, technique d&rsquo;animation et de formation, connaissance des publics, m\u00e9thodologie de projet : 247h),<\/li>\n\n\n\n<li>communication professionnelle (communication \u00e9crite et orale, design de communication visuelle : 90h),<\/li>\n\n\n\n<li>travail en partenariat institutionnel et interinstitutionnel (connaissances des politiques des dispositifs et des institutions,&nbsp;analyse du fonctionnent et des organisations : 154h)<\/li>\n\n\n\n<li>gestion de la vie quotidienne dans un service ou un \u00e9tablissement&nbsp;(d\u00e9marche qualit\u00e9, techniques de gestion des RH, am\u00e9nagement des espaces de vie, design de produit, circuits des repas du linge des d\u00e9chets, gestion budg\u00e9taire&nbsp;: 140h).<\/li>\n<\/ul>\n\n\n\n<p>En compl\u00e9ment : langue \u00e9trang\u00e8re (60h en 1\u00e8re ann\u00e9e et 56h en 2\u00e8me ann\u00e9e)&nbsp;et actions professionnelles (45h en 1\u00e8re ann\u00e9e et 42h en 2\u00e8me ann\u00e9e).<\/p>\n\n\n\n<p>Deux stages obligatoires en milieu professionnel de 13 semaines permettent une confrontation active avec le terrain. Chaque stage dure de 6 \u00e0 7 semaines. Ils doivent s\u2019effectuer dans deux secteurs d\u2019activit\u00e9s diff\u00e9rents.<\/p>\n\n\n\n<h2 class=\"has-luminous-vivid-amber-color has-text-color has-medium-font-size wp-block-heading\">MODALITES DE CERTIFICATION&nbsp;<\/h2>\n\n\n\n<ul class=\"wp-block-list\">\n<li>Epreuves ponctuelles en fin de 2\u00e8me ann\u00e9e.<\/li>\n<\/ul>\n\n\n\n<h2 class=\"has-luminous-vivid-amber-color has-text-color has-medium-font-size wp-block-heading\">&nbsp;DEBOUCHES \u2013 POURSUITE D\u2019ETUDES&nbsp;<\/h2>\n\n\n\n<p>Les titulaires du <strong>BTS ESF<\/strong> \u2013 <strong>Economie sociale et familiale<\/strong> s\u2019ins\u00e8rent dans des structures tr\u00e8s diverses : collectivit\u00e9s territoriales, associations familiales ou&nbsp; de consommateurs, centres sociaux, fournisseurs d\u2019\u00e9nergie, maisons relais, maisons d\u2019enfants, structures d\u2019insertion, services de pr\u00e9vention sant\u00e9\u2026Les emplois concernent la vie quotidienne, la sant\u00e9, la di\u00e9t\u00e9tique, le budget, la consommation, l\u2019environnement-\u00e9nergie, l\u2019habitat-logement.<\/p>\n\n\n\n<p>Evolution de carri\u00e8re : le titulaire du <strong>BTS ESF <\/strong>peut devenir conseiller en \u00e9conomie sociale et familiale.<\/p>\n\n\n\n<p>Les m\u00e9tiers sont ainsi identifi\u00e9s : conseiller habitat, charg\u00e9 de gestion locative, conseiller en \u00e9nergie, responsable vie quotidienne, conseiller en \u00e9conomie domestique, animateur de collecte, animateur pr\u00e9vention-sant\u00e9.<\/p>\n\n\n\n<p>Le titulaire du <strong>BTS ESF<\/strong> (<strong>Economie sociale et familiale<\/strong>)conduit \u00e0 la vie professionnelle. Cependant, il est conseill\u00e9 de poursuivre sur une ann\u00e9e compl\u00e9mentaire pour obtenir le Dipl\u00f4me d\u2019Etat de conseiller en \u00e9conomie sociale et familiale (DECESF). A compter de la rentr\u00e9e 2020, ce sera d&rsquo;ailleurs le seul dipl\u00f4me qui conduira \u00e0 cette formation.&nbsp;<\/p>\n\n\n\n<p>L\u2019entr\u00e9e en licence professionnelle (bac+3) du domaine de l\u2019intervention sociale est aussi une possibilit\u00e9 int\u00e9ressante. Rejoindre le cursus de la licence classique (L3) en psychologie, sciences humaines, sciences de l\u2019\u00e9ducation reste possible.<\/p>\n\n\n\n<p>Enfin, poursuivre apr\u00e8s le DECESF vers la pr\u00e9paration de dipl\u00f4mes de responsable, d\u2019encadrant ou d\u2019expert dans le secteur social comme le CAFERUIS (certificat d\u2019aptitude aux fonctions d\u2019encadrement et de responsable d\u2019unit\u00e9 d\u2019intervention sociale) et le DEIS (Dipl\u00f4me d\u2019Etat d\u2019ing\u00e9nierie sociale) reste ouvert sous des conditions d\u2019anciennet\u00e9 dans l\u2019activit\u00e9.<\/p>\n\n\n\n<h2 class=\"has-text-align-center wp-block-heading\"><a href=\"https:\/\/lyceedalembert.paris\/index.php\/category\/bts-esf\/\" target=\"_blank\" rel=\"noreferrer noopener\">Lire les articles sur le th\u00e8me du BTS ESF<\/a><\/h2>\n","protected":false},"excerpt":{"rendered":"<p>PUBLIC Les \u00e9tudiants sont recrut\u00e9s apr\u00e8s un Bac g\u00e9n\u00e9ral ou apr\u00e8s un bac technologique ST2S (Sciences et techniques sanitaires et sociales). Un bac professionnel dans le domaine des services (bac pro ASSP, bac pro SAPAT, bac pro Animation&#8230;) peut \u00e9galement mener, avec un excellent dossier et de la motivation, vers le BTS ESF. Le recrutement se fait via la plateforme ParcourSup. ACTIVITES \u2013 QUALITES REQUISES Le BTS ESF a pour objectif de former des experts qui assistent diff\u00e9rents publics dans&hellip;<\/p>\n","protected":false},"author":1,"featured_media":0,"parent":0,"menu_order":0,"comment_status":"closed","ping_status":"closed","template":"","meta":{"footnotes":""},"class_list":["post-2564","page","type-page","status-publish","hentry"],"_links":{"self":[{"href":"https:\/\/lyceedalembert.paris\/index.php\/wp-json\/wp\/v2\/pages\/2564","targetHints":{"allow":["GET"]}}],"collection":[{"href":"https:\/\/lyceedalembert.paris\/index.php\/wp-json\/wp\/v2\/pages"}],"about":[{"href":"https:\/\/lyceedalembert.paris\/index.php\/wp-json\/wp\/v2\/types\/page"}],"author":[{"embeddable":true,"href":"https:\/\/lyceedalembert.paris\/index.php\/wp-json\/wp\/v2\/users\/1"}],"replies":[{"embeddable":true,"href":"https:\/\/lyceedalembert.paris\/index.php\/wp-json\/wp\/v2\/comments?post=2564"}],"version-history":[{"count":11,"href":"https:\/\/lyceedalembert.paris\/index.php\/wp-json\/wp\/v2\/pages\/2564\/revisions"}],"predecessor-version":[{"id":7627,"href":"https:\/\/lyceedalembert.paris\/index.php\/wp-json\/wp\/v2\/pages\/2564\/revisions\/7627"}],"wp:attachment":[{"href":"https:\/\/lyceedalembert.paris\/index.php\/wp-json\/wp\/v2\/media?parent=2564"}],"curies":[{"name":"wp","href":"https:\/\/api.w.org\/{rel}","templated":true}]}}