{"id":2698,"date":"2017-02-23T08:42:52","date_gmt":"2017-02-23T07:42:52","guid":{"rendered":"http:\/\/lyceedalembert.paris\/?page_id=2698"},"modified":"2017-02-23T08:50:44","modified_gmt":"2017-02-23T07:50:44","slug":"classe-de-upe2a","status":"publish","type":"page","link":"https:\/\/lyceedalembert.paris\/index.php\/classe-de-upe2a\/","title":{"rendered":"Classe de UPE2A"},"content":{"rendered":"<p><span style=\"color: #ff9900;\"><strong>Cette classe accueille tout au long de l&rsquo;ann\u00e9e et jusqu&rsquo;\u00e0 fin juin, des \u00e9l\u00e8ves arriv\u00e9s de l&rsquo;\u00e9tranger. Ils ont entre 15 et 18 ans et sont de diff\u00e9rentes nationalit\u00e9s.<\/strong><\/span><\/p>\n<h4><span style=\"color: #ff9900;\">L\u2019ORGANISATION DE LA CLASSE<\/span><\/h4>\n<p><span style=\"color: #333333;\">Les \u00e9l\u00e8ves sont affect\u00e9s en UPE2A lyc\u00e9e professionnel \u00e0 l&rsquo;issu de tests en fran\u00e7ais et math\u00e9matiques organis\u00e9s par le CASNAV (Centre Acad\u00e9mique pour la Scolarisation des enfants Allophones Nouvellement Arriv\u00e9s et des enfants issus de familles itin\u00e9rantes et de voyageurs).<\/span><br \/>\n<span style=\"color: #333333;\"> Dans cette classe, on apprend surtout le fran\u00e7ais mais aussi les math\u00e9matiques, l&rsquo;anglais, l&rsquo;histoire-g\u00e9ographie, les arts appliqu\u00e9s, la PSE (pr\u00e9vention environnement et sant\u00e9), l&rsquo;informatique et l&rsquo;EPS (le sport). On consacre \u00e9galement du temps au vivre ensemble et \u00e0 la d\u00e9couverte de la culture fran\u00e7aise \u00e0 travers des activit\u00e9s culturelles.<\/span><br \/>\n<span style=\"color: #333333;\"> Une grande place est accord\u00e9e au projet professionnel, \u00e0 travers la d\u00e9couverte de m\u00e9tiers, les mini-stages en lyc\u00e9e professionnel et le stage en entreprise.<\/span><\/p>\n<h4><span style=\"color: #ff9900;\">L\u2019ORIENTATION<\/span><\/h4>\n<p><img loading=\"lazy\" decoding=\"async\" class=\"alignnone size-full wp-image-2699\" src=\"https:\/\/lyceedalembert.paris\/wp-content\/uploads\/2017\/02\/upe2a.jpg\" alt=\"upe2a\" width=\"512\" height=\"380\" srcset=\"https:\/\/lyceedalembert.paris\/wp-content\/uploads\/2017\/02\/upe2a.jpg 512w, https:\/\/lyceedalembert.paris\/wp-content\/uploads\/2017\/02\/upe2a-300x223.jpg 300w\" sizes=\"auto, (max-width: 512px) 100vw, 512px\" \/><\/p>\n<h4><span style=\"color: #ff9900;\">Les \u00e9tapes de l&rsquo;orientation<\/span><\/h4>\n<p><span style=\"color: #ff9900;\"><strong>Au 1er trimestre<\/strong><\/span><br \/>\n<span style=\"color: #333333;\">\u2022 Les \u00e9l\u00e8ves d\u00e9couvrent leur environnement scolaire (les r\u00e8gles du lyc\u00e9e, son organisation\u2026) et le syst\u00e8me scolaire fran\u00e7ais (les classes, les dipl\u00f4mes\u2026).<\/span><br \/>\n<span style=\"color: #333333;\"> \u2022 Ils d\u00e9couvrent des m\u00e9tiers.<\/span><br \/>\n<span style=\"color: #333333;\"> \u2022 Ils d\u00e9couvrent les formations propos\u00e9es dans les lyc\u00e9es de l&rsquo;Acad\u00e9mie.<\/span><\/p>\n<p><span style=\"color: #ff9900;\"><strong>Au 2\u00e8me trimestre<\/strong><\/span><br \/>\n<span style=\"color: #333333;\">\u2022 Les \u00e9l\u00e8ves font des mini-stages dans des lyc\u00e9es professionnels (une demi-journ\u00e9e\/une journ\u00e9e)<\/span><br \/>\n<span style=\"color: #333333;\"> \u2022 Ils visitent les lyc\u00e9es lors des journ\u00e9es portes ouvertes.<\/span><br \/>\n<span style=\"color: #333333;\"> \u2022 Ils effectuent un stage de d\u00e9couverte professionnelle en entreprise (2 semaines).<\/span><\/p>\n<p><span style=\"color: #ff9900;\"><strong>Au 3\u00e8me trimestre<\/strong><\/span><br \/>\n<span style=\"color: #333333;\">\u2022 Les \u00e9l\u00e8ves, pour certaines formations, r\u00e9digent une lettre de motivation et passent un entretien pour la formation choisie. (PASS PRO)<\/span><br \/>\n<span style=\"color: #333333;\"> \u2022 Ils font des voeux (4 minimum-8 maximum) pour leur orientation future. (AFFELNET)<\/span><\/p>\n<h4><span style=\"color: #ff9900;\">Les DIPLOMES<\/span><\/h4>\n<p><span style=\"color: #ff9900;\">\u2022<strong> Le DELF (dipl\u00f4me d&rsquo;\u00e9tudes en langue fran\u00e7aise)<\/strong><\/span><br \/>\n<span style=\"color: #333333;\">Il valide quatre comp\u00e9tences de communication : la compr\u00e9hension orale (ECOUTER), la compr\u00e9hension \u00e9crite (LIRE), la production orale (PARLER) et la production \u00e9crite (ECRIRE). Le DELF s&rsquo;appuie sur le cadre europ\u00e9en de r\u00e9f\u00e9rences pour les langues.<\/span><br \/>\n<span style=\"color: #333333;\"> Il est possible de pr\u00e9senter le niveau A2 (\u00e9l\u00e9mentaire) ou B1 (ind\u00e9pendant). Les inscriptions ont lieu en janvier et l&rsquo;examen au mois de mai.<\/span><br \/>\n<span style=\"color: #333333;\"> Le sujet d&rsquo;examen est r\u00e9alis\u00e9 par le CIEP (Centre international d&rsquo;\u00e9tudes p\u00e9dagogiques). Sur le site du CIEP sont propos\u00e9s des sujets pour s&rsquo;entra\u00eener \u00e0 l&rsquo;examen.<\/span><\/p>\n<p><span style=\"color: #ff9900;\">\u2022<strong> Le CFG (Certification de Formation G\u00e9n\u00e9rale)<\/strong><\/span><br \/>\n<span style=\"color: #333333;\">Il valide des acquis dans des domaines g\u00e9n\u00e9raux: le fran\u00e7ais, les math\u00e9matiques et la PSE.<\/span><br \/>\n<span style=\"color: #333333;\"> Il s&rsquo;agit d&rsquo;une \u00e9valuation en cours de formation qui s&rsquo;appuie sur le Palier 2 du livret personnel de comp\u00e9tences (LPC) et d&rsquo;un oral au cours duquel les \u00e9l\u00e8ves pr\u00e9sentent leur rapport de stage en entreprise et sont interrog\u00e9s sur la PSE.<\/span><br \/>\n<span style=\"color: #333333;\"> Les inscriptions au CFG ont lieu en janvier et l&rsquo;oral du CFG au mois de Juin.<\/span><\/p>\n<p><span style=\"color: #ff9900;\">\u2022<strong> L&rsquo;ASSR2 (Attestation Scolaire de S\u00e9curit\u00e9 Routi\u00e8re)<\/strong><\/span><br \/>\n<span style=\"color: #333333;\">Cette attestation sanctionne des connaissances \u00e9l\u00e9mentaires en s\u00e9curit\u00e9 routi\u00e8re.<\/span><br \/>\n<span style=\"color: #333333;\"> Elle est obligatoire pour s&rsquo;inscrire aux \u00e9preuves th\u00e9oriques du permis de conduire et \u00e0 la pr\u00e9paration du BSR (brevet de s\u00e9curit\u00e9 routi\u00e8re) pour conduire un deux roues.<\/span><br \/>\n<span style=\"color: #333333;\"> L&rsquo;ASSR2 se passe au lyc\u00e9e. Il y a une premi\u00e8re \u00e9preuve et le rattrapage si l&rsquo;\u00e9l\u00e8ve n&rsquo;a pas r\u00e9ussi la premi\u00e8re.<\/span><br \/>\n<span style=\"color: #333333;\"> Le sujet d&rsquo;examen est r\u00e9alis\u00e9 par le portail national Eduscol sur la s\u00e9curit\u00e9 routi\u00e8re. Sur le site, on peut s&rsquo;entra\u00eener \u00e0 l&rsquo;examen<\/span><\/p>\n<p><span style=\"color: #ff9900;\">\u2022<strong> L&rsquo;APS (attestation Apprendre \u00e0 Porter Secours)<\/strong><\/span><br \/>\n<span style=\"color: #333333;\">Cette attestation valide les connaissances de base sur les premiers secours (appeler les secours, s\u00e9curiser l\u2019endroit, les gestes utiles\u2026).<\/span><br \/>\n<span style=\"color: #333333;\"> Elle est pr\u00e9par\u00e9e en classe tout au long de l\u2019ann\u00e9e avec le professeur de PSE ou d\u2019EPS.<\/span><\/p>\n<h4><span style=\"color: #ff6600;\"><span style=\"color: #ff9900;\">En savoir plus<\/span> <\/span><\/h4>\n<p><span style=\"color: #ff6600;\">\u2022 <a href=\"https:\/\/www.ac-paris.fr\/portail\/jcms\/piapp1_64061\/eleves-nouvellement-arrives-de-l-etranger-et-enfants-du-voyage-casnav\">https:\/\/www.ac-paris.fr\/portail\/jcms\/piapp1_64061\/eleves-nouvellement-arrives-de-l-etranger-et-enfants-du-voyage-casnav <\/a><\/span><br \/>\n<span style=\"color: #ff6600;\">\u2022 <a href=\"http:\/\/crdp.ac-paris.fr\/monorientationen1clic\/\">http:\/\/crdp.ac-paris.fr\/monorientationen1clic\/ <\/a><\/span><br \/>\n<span style=\"color: #ff6600;\">\u2022 <a href=\"https:\/\/www.ac-paris.fr\/portail\/jcms\/p1_510172\/passpro\">https:\/\/www.ac-paris.fr\/portail\/jcms\/p1_510172\/passpro <\/a><\/span><br \/>\n<span style=\"color: #ff6600;\">\u2022 <a href=\"https:\/\/www.ac-paris.fr\/portail\/jcms\/p1_850168\/dans-les-etablissements\">https:\/\/www.ac-paris.fr\/portail\/jcms\/p1_850168\/dans-les-etablissements <\/a><\/span><br \/>\n<span style=\"color: #ff6600;\">\u2022 <a href=\"http:\/\/www.ciep.fr\">http:\/\/www.ciep.fr <\/a><\/span><br \/>\n<span style=\"color: #ff6600;\">\u2022 <a href=\"http:\/\/eduscol.education.fr\/education-securite-routiere\/spip.php?mot51\">http:\/\/eduscol.education.fr\/education-securite-routiere\/spip.php?mot51<\/a><\/span><\/p>\n","protected":false},"excerpt":{"rendered":"<p>Cette classe accueille tout au long de l&rsquo;ann\u00e9e et jusqu&rsquo;\u00e0 fin juin, des \u00e9l\u00e8ves arriv\u00e9s de l&rsquo;\u00e9tranger. Ils ont entre 15 et 18 ans et sont de diff\u00e9rentes nationalit\u00e9s. L\u2019ORGANISATION DE LA CLASSE Les \u00e9l\u00e8ves sont affect\u00e9s en UPE2A lyc\u00e9e professionnel \u00e0 l&rsquo;issu de tests en fran\u00e7ais et math\u00e9matiques organis\u00e9s par le CASNAV (Centre Acad\u00e9mique pour la Scolarisation des enfants Allophones Nouvellement Arriv\u00e9s et des enfants issus de familles itin\u00e9rantes et de voyageurs). Dans cette classe, on apprend surtout le&hellip;<\/p>\n","protected":false},"author":1,"featured_media":0,"parent":0,"menu_order":0,"comment_status":"closed","ping_status":"closed","template":"","meta":{"footnotes":""},"class_list":["post-2698","page","type-page","status-publish","hentry"],"_links":{"self":[{"href":"https:\/\/lyceedalembert.paris\/index.php\/wp-json\/wp\/v2\/pages\/2698","targetHints":{"allow":["GET"]}}],"collection":[{"href":"https:\/\/lyceedalembert.paris\/index.php\/wp-json\/wp\/v2\/pages"}],"about":[{"href":"https:\/\/lyceedalembert.paris\/index.php\/wp-json\/wp\/v2\/types\/page"}],"author":[{"embeddable":true,"href":"https:\/\/lyceedalembert.paris\/index.php\/wp-json\/wp\/v2\/users\/1"}],"replies":[{"embeddable":true,"href":"https:\/\/lyceedalembert.paris\/index.php\/wp-json\/wp\/v2\/comments?post=2698"}],"version-history":[{"count":3,"href":"https:\/\/lyceedalembert.paris\/index.php\/wp-json\/wp\/v2\/pages\/2698\/revisions"}],"predecessor-version":[{"id":2703,"href":"https:\/\/lyceedalembert.paris\/index.php\/wp-json\/wp\/v2\/pages\/2698\/revisions\/2703"}],"wp:attachment":[{"href":"https:\/\/lyceedalembert.paris\/index.php\/wp-json\/wp\/v2\/media?parent=2698"}],"curies":[{"name":"wp","href":"https:\/\/api.w.org\/{rel}","templated":true}]}}