{"id":2843,"date":"2017-03-09T12:07:43","date_gmt":"2017-03-09T11:07:43","guid":{"rendered":"http:\/\/lyceedalembert.paris\/?page_id=2843"},"modified":"2017-06-09T10:41:41","modified_gmt":"2017-06-09T09:41:41","slug":"visites-des-ateliers","status":"publish","type":"page","link":"https:\/\/lyceedalembert.paris\/index.php\/visites-des-ateliers\/","title":{"rendered":"Visites des ateliers"},"content":{"rendered":"<p>Visite virtuelle d&rsquo;un atelier de la Cordonnerie Multiservice<br \/>\nFormations :<br \/>\n<em><strong><a href=\"https:\/\/lyceedalembert.paris\/index.php\/bac-pro-cuir-3\/\">BAC PRO M\u00e9tiers du cuir \u00ab Chaussure \u00bb<\/a><\/strong><\/em><br \/>\n<em><strong><a href=\"https:\/\/lyceedalembert.paris\/index.php\/bts-mmcm-3\/\">BTS M\u00e9tiers de la Mode Chaussure Maroquinerie<\/a><\/strong><\/em><br \/>\n<div class=\"su-youtube su-u-responsive-media-yes\"><iframe loading=\"lazy\" width=\"820\" height=\"400\" src=\"https:\/\/www.youtube.com\/embed\/Tq5lfb9upl8?\" frameborder=\"0\" allowfullscreen allow=\"autoplay; encrypted-media; picture-in-picture\" title=\"\"><\/iframe><\/div>\n<div class=\"su-youtube su-u-responsive-media-yes\"><iframe loading=\"lazy\" width=\"820\" height=\"400\" src=\"https:\/\/www.youtube.com\/embed\/unT8llR1stI?\" frameborder=\"0\" allowfullscreen allow=\"autoplay; encrypted-media; picture-in-picture\" title=\"\"><\/iframe><\/div>\n<p>Visite virtuelle d&rsquo;un atelier en Podo Orth\u00e8se<br \/>\nFormations :<br \/>\n<em><strong><a href=\"https:\/\/lyceedalembert.paris\/index.php\/cap-prothese-3\/\">CAP Proth\u00e9siste-Orth\u00e9siste<\/a><\/strong><\/em><br \/>\n<em><strong><a href=\"https:\/\/lyceedalembert.paris\/index.php\/technicien-appareillage-orthopedique\/\">BAC PRO Technicien en Appareillage Orthop\u00e9dique<\/a><\/strong><\/em><br \/>\n<em><strong><a href=\"https:\/\/lyceedalembert.paris\/index.php\/bts-prothese-2\">BTS Proth\u00e9siste-Orth\u00e9siste<\/a><\/strong><\/em><br \/>\n<div class=\"su-youtube su-u-responsive-media-yes\"><iframe loading=\"lazy\" width=\"820\" height=\"400\" src=\"https:\/\/www.youtube.com\/embed\/gTOgX5rDxGY?\" frameborder=\"0\" allowfullscreen allow=\"autoplay; encrypted-media; picture-in-picture\" title=\"\"><\/iframe><\/div>\n","protected":false},"excerpt":{"rendered":"<p>Visite virtuelle d&rsquo;un atelier de la Cordonnerie Multiservice Formations : BAC PRO M\u00e9tiers du cuir \u00ab Chaussure \u00bb BTS M\u00e9tiers de la Mode Chaussure Maroquinerie Visite virtuelle d&rsquo;un atelier en Podo Orth\u00e8se Formations : CAP Proth\u00e9siste-Orth\u00e9siste BAC PRO Technicien en Appareillage Orthop\u00e9dique BTS Proth\u00e9siste-Orth\u00e9siste<\/p>\n","protected":false},"author":1,"featured_media":0,"parent":0,"menu_order":0,"comment_status":"closed","ping_status":"closed","template":"","meta":{"footnotes":""},"class_list":["post-2843","page","type-page","status-publish","hentry"],"_links":{"self":[{"href":"https:\/\/lyceedalembert.paris\/index.php\/wp-json\/wp\/v2\/pages\/2843","targetHints":{"allow":["GET"]}}],"collection":[{"href":"https:\/\/lyceedalembert.paris\/index.php\/wp-json\/wp\/v2\/pages"}],"about":[{"href":"https:\/\/lyceedalembert.paris\/index.php\/wp-json\/wp\/v2\/types\/page"}],"author":[{"embeddable":true,"href":"https:\/\/lyceedalembert.paris\/index.php\/wp-json\/wp\/v2\/users\/1"}],"replies":[{"embeddable":true,"href":"https:\/\/lyceedalembert.paris\/index.php\/wp-json\/wp\/v2\/comments?post=2843"}],"version-history":[{"count":7,"href":"https:\/\/lyceedalembert.paris\/index.php\/wp-json\/wp\/v2\/pages\/2843\/revisions"}],"predecessor-version":[{"id":3266,"href":"https:\/\/lyceedalembert.paris\/index.php\/wp-json\/wp\/v2\/pages\/2843\/revisions\/3266"}],"wp:attachment":[{"href":"https:\/\/lyceedalembert.paris\/index.php\/wp-json\/wp\/v2\/media?parent=2843"}],"curies":[{"name":"wp","href":"https:\/\/api.w.org\/{rel}","templated":true}]}}