{"id":2940,"date":"2025-05-14T18:27:49","date_gmt":"2025-05-14T17:27:49","guid":{"rendered":"http:\/\/lyceedalembert.paris\/?page_id=2940"},"modified":"2025-05-14T18:27:50","modified_gmt":"2025-05-14T17:27:50","slug":"petites-annonces","status":"publish","type":"page","link":"https:\/\/lyceedalembert.paris\/index.php\/petites-annonces\/","title":{"rendered":"Petites annonces"},"content":{"rendered":"\n<figure class=\"wp-block-table is-style-stripes has-medium-font-size\"><table><thead><tr><th class=\"has-text-align-center\" data-align=\"center\"><mark style=\"background-color:rgba(0, 0, 0, 0)\" class=\"has-inline-color has-vivid-red-color\">Entreprises<\/mark><\/th><th class=\"has-text-align-center\" data-align=\"center\"><mark style=\"background-color:rgba(0, 0, 0, 0)\" class=\"has-inline-color has-vivid-red-color\">Localisation<\/mark><\/th><th class=\"has-text-align-center\" data-align=\"center\"><mark style=\"background-color:rgba(0, 0, 0, 0)\" class=\"has-inline-color has-vivid-red-color\">Annonces<\/mark><\/th><\/tr><\/thead><tbody><tr><td class=\"has-text-align-center\" data-align=\"center\"><strong>Maurice TOUCHARD<\/strong>  <br>Agent Technico-commercial<br>Portable 06 75 20 14 68<br>Mail <a href=\"javascript:main.compose('new', 't=touchard.services@orange.fr')\">touchard.services@orange.fr<\/a><\/td><td class=\"has-text-align-center\" data-align=\"center\">Romans 26<\/td><td class=\"has-text-align-center\" data-align=\"center\">Ancien professionnel des m\u00e9tiers du cuir \u00e0 Romans 26, et orthop\u00e9die en chaussures,\u00a0 recherche un\/une collaborateur-trice en vue de cessation d&rsquo;activit\u00e9 pour retraite.<br>Missions :<br>&#8211; Accompagner \u00e0 la transmission du portefeuille de client\u00e8le achat et vente dans le secteur du cuir ;<br>&#8211; Acheter des machines neuves et occasions qui seront r\u00e9vis\u00e9es chez des m\u00e9caniciens avant la vente.<br>&#8211; Propecter une client\u00e8le dans les besoins podo-orth\u00e9sistes, cordonnerie, maroquinerie, sellerie auto\/bateau\/\u00e9quitation&#8230;<br>&#8211; Aimer le contact.<br>\u00a0<br><br>D\u00e9butant-e accept\u00e9-e<br>Dipl\u00f4me et formation n\u00e9cessaire en comptabibit\u00e9<br>\u00catre \u00e0 l&rsquo;aise avec les outils num\u00e9riques et la t\u00e9l\u00e9phonie.<\/td><\/tr><tr><td class=\"has-text-align-center\" data-align=\"center\">&nbsp;<\/td><td class=\"has-text-align-center\" data-align=\"center\">&nbsp;<\/td><td class=\"has-text-align-center\" data-align=\"center\">&nbsp;<\/td><\/tr><\/tbody><\/table><\/figure>\n","protected":false},"excerpt":{"rendered":"<p>Entreprises Localisation Annonces Maurice TOUCHARD Agent Technico-commercialPortable 06 75 20 14 68Mail touchard.services@orange.fr Romans 26 Ancien professionnel des m\u00e9tiers du cuir \u00e0 Romans 26, et orthop\u00e9die en chaussures,\u00a0 recherche un\/une collaborateur-trice en vue de cessation d&rsquo;activit\u00e9 pour retraite.Missions :&#8211; Accompagner \u00e0 la transmission du portefeuille de client\u00e8le achat et vente dans le secteur du cuir ;&#8211; Acheter des machines neuves et occasions qui seront r\u00e9vis\u00e9es chez des m\u00e9caniciens avant la vente.&#8211; Propecter une client\u00e8le dans les besoins podo-orth\u00e9sistes, cordonnerie, maroquinerie,&hellip;<\/p>\n","protected":false},"author":1,"featured_media":0,"parent":0,"menu_order":0,"comment_status":"closed","ping_status":"closed","template":"","meta":{"footnotes":""},"class_list":["post-2940","page","type-page","status-publish","hentry"],"_links":{"self":[{"href":"https:\/\/lyceedalembert.paris\/index.php\/wp-json\/wp\/v2\/pages\/2940","targetHints":{"allow":["GET"]}}],"collection":[{"href":"https:\/\/lyceedalembert.paris\/index.php\/wp-json\/wp\/v2\/pages"}],"about":[{"href":"https:\/\/lyceedalembert.paris\/index.php\/wp-json\/wp\/v2\/types\/page"}],"author":[{"embeddable":true,"href":"https:\/\/lyceedalembert.paris\/index.php\/wp-json\/wp\/v2\/users\/1"}],"replies":[{"embeddable":true,"href":"https:\/\/lyceedalembert.paris\/index.php\/wp-json\/wp\/v2\/comments?post=2940"}],"version-history":[{"count":18,"href":"https:\/\/lyceedalembert.paris\/index.php\/wp-json\/wp\/v2\/pages\/2940\/revisions"}],"predecessor-version":[{"id":9036,"href":"https:\/\/lyceedalembert.paris\/index.php\/wp-json\/wp\/v2\/pages\/2940\/revisions\/9036"}],"wp:attachment":[{"href":"https:\/\/lyceedalembert.paris\/index.php\/wp-json\/wp\/v2\/media?parent=2940"}],"curies":[{"name":"wp","href":"https:\/\/api.w.org\/{rel}","templated":true}]}}