{"id":3033,"date":"2025-04-04T09:02:56","date_gmt":"2025-04-04T08:02:56","guid":{"rendered":"http:\/\/lyceedalembert.paris\/?page_id=3033"},"modified":"2025-04-04T09:06:13","modified_gmt":"2025-04-04T08:06:13","slug":"offres-demploi-cordonnerie","status":"publish","type":"page","link":"https:\/\/lyceedalembert.paris\/index.php\/offres-demploi-cordonnerie\/","title":{"rendered":"Offres d&#8217;emploi Cordonnier"},"content":{"rendered":"<div class=\"has-text-align-right wp-block-post-date__modified-date wp-block-post-date\"><time datetime=\"2025-04-04T09:06:13+01:00\">4 avril 2025<\/time><\/div>\n\n\n<p><\/p>\n\n\n\n<figure class=\"wp-block-table is-style-stripes\"><table class=\"has-black-color has-pale-ocean-gradient-background has-text-color has-background\"><thead><tr><th class=\"has-text-align-center\" data-align=\"center\">Date<\/th><th class=\"has-text-align-center\" data-align=\"center\">Organismes<\/th><th class=\"has-text-align-center\" data-align=\"center\">Postes propos\u00e9s<\/th><th class=\"has-text-align-center\" data-align=\"center\">Coordonn\u00e9es<\/th><\/tr><\/thead><tbody><tr><td class=\"has-text-align-center\" data-align=\"center\">Avril 2025<\/td><td class=\"has-text-align-center\" data-align=\"center\">MISTER MINIT<\/td><td class=\"has-text-align-center\" data-align=\"center\">Postes \u00e0 pourvoir au sein du r\u00e9seau <strong>MISTER MINIT<\/strong> (salari\u00e9s CDI et CDD).<br><a href=\"https:\/\/lyceedalembert.paris\/wp-content\/uploads\/2025\/04\/MISTER-MINIT-Postes-a-pourvoir-Avril-2025.pdf\">Liste des postes de avril 2025<\/a><\/td><td class=\"has-text-align-center\" data-align=\"center\"><strong>Charg\u00e9 de recrutement :\u00a0\u00a0\u00a0\u00a0\u00a0\u00a0\u00a0\u00a0\u00a0\u00a0\u00a0\u00a0 <\/strong><a href=\"javascript:main.compose('new', 't=erwan.duchateau@minit-europe.com')\">erwan.duchateau@minit-europe.com<\/a><\/td><\/tr><tr><td class=\"has-text-align-center\" data-align=\"center\">Mars 2025<\/td><td class=\"has-text-align-center\" data-align=\"center\">MISTER MINIT<\/td><td class=\"has-text-align-center\" data-align=\"center\">Postes \u00e0 pourvoir au sein du r\u00e9seau <strong>MISTER MINIT<\/strong> (salari\u00e9s CDI et CDD).<br><a href=\"https:\/\/lyceedalembert.paris\/wp-content\/uploads\/2025\/03\/MISTER-MINIT-Postes-a-pourvoir-Mars-2025.pdf\">Liste des postes de mars  2025<\/a><\/td><td class=\"has-text-align-center\" data-align=\"center\"><strong>Charg\u00e9 de recrutement :&nbsp;&nbsp;&nbsp;&nbsp;&nbsp;&nbsp;&nbsp;&nbsp;&nbsp;&nbsp;&nbsp;&nbsp; <\/strong><a href=\"javascript:main.compose('new', 't=erwan.duchateau@minit-europe.com')\">erwan.duchateau@minit-europe.com<\/a><\/td><\/tr><tr><td class=\"has-text-align-center\" data-align=\"center\">F\u00e9vrier 2025<\/td><td class=\"has-text-align-center\" data-align=\"center\">MISTER MINIT<\/td><td class=\"has-text-align-center\" data-align=\"center\">Postes \u00e0 pourvoir au sein du r\u00e9seau <strong>MISTER MINIT<\/strong> (salari\u00e9s CDI et CDD).<br><a href=\"http:\/\/postes \u00e0 pourvoir au sein du r\u00e9seau MISTER MINIT (salari\u00e9s CDI et CDD).\">Liste des postes de f\u00e9vrier 2025<\/a><\/td><td class=\"has-text-align-center\" data-align=\"center\"><strong>Charg\u00e9 de recrutement :&nbsp;&nbsp;&nbsp;&nbsp;&nbsp;&nbsp;&nbsp;&nbsp;&nbsp;&nbsp;&nbsp;&nbsp; <\/strong><a href=\"javascript:main.compose('new', 't=erwan.duchateau@minit-europe.com')\">erwan.duchateau@minit-europe.com<\/a><\/td><\/tr><tr><td class=\"has-text-align-center\" data-align=\"center\">Janvier 2025<\/td><td class=\"has-text-align-center\" data-align=\"center\">MISTER MINIT<\/td><td class=\"has-text-align-center\" data-align=\"center\">Lire la liste des postes \u00e0 pourvoir au sein du r\u00e9seau <strong>MISTER MINIT<\/strong> (salari\u00e9s CDI et CDD)<br><a href=\"https:\/\/lyceedalembert.paris\/wp-content\/uploads\/2025\/01\/MISTER-MINIT-Postes-a-pourvoir-Janvier-2025.pdf\">Liste des postes de janvier<\/a><\/td><td class=\"has-text-align-center\" data-align=\"center\"><strong>Charg\u00e9 de recrutement :&nbsp;&nbsp;&nbsp;&nbsp;&nbsp;&nbsp;&nbsp;&nbsp;&nbsp;&nbsp;&nbsp;&nbsp; <\/strong><a href=\"javascript:main.compose('new', 't=erwan.duchateau@minit-europe.com')\">erwan.duchateau@minit-europe.com<\/a><\/td><\/tr><tr><td class=\"has-text-align-center\" data-align=\"center\">D\u00e9cembre 2024<\/td><td class=\"has-text-align-center\" data-align=\"center\">MISTER MINIT<\/td><td class=\"has-text-align-center\" data-align=\"center\">Lire la liste des postes \u00e0 pourvoir au sein du r\u00e9seau <strong>MISTER MINIT<\/strong> (salari\u00e9s CDI et CDD)<br><a href=\"https:\/\/lyceedalembert.paris\/wp-content\/uploads\/2024\/12\/MISTER-MINIT-Postes-a-pourvoir-Decembre-2024.pdf\" target=\"_blank\" rel=\"noreferrer noopener\">Liste des postes<\/a><\/td><td class=\"has-text-align-center\" data-align=\"center\">Adressez-nous votre candidature (CV et lettre de motivation) par mail ou par courrier :MISTER MINIT60, rue de Wattignies 75012 Paris<br><a href=\"mailto:recrutement.mm@minit-europe.com\" target=\"_blank\" rel=\"noreferrer noopener\">recrutement.mm@minit-europe.com<\/a><\/td><\/tr><tr><td class=\"has-text-align-center\" data-align=\"center\">Novembre 2024<\/td><td class=\"has-text-align-center\" data-align=\"center\">MISTER MINIT<\/td><td class=\"has-text-align-center\" data-align=\"center\">la liste des postes \u00e0 pourvoir au sein du r\u00e9seau <strong>MISTER MINIT<\/strong> (salari\u00e9s CDI et CDD)<br><a href=\"https:\/\/lyceedalembert.paris\/wp-content\/uploads\/2024\/11\/MISTER-MINIT-Postes-a-pourvoir-Novembre-2024.pdf\" target=\"_blank\" rel=\"noreferrer noopener\">Lire l&rsquo;annonce<\/a><\/td><td class=\"has-text-align-center\" data-align=\"center\">Adressez-nous votre candidature (CV et lettre de motivation) par mail ou par courrier :MISTER MINIT60, rue de Wattignies 75012 Paris<br><a href=\"mailto:recrutement.mm@minit-europe.com\" target=\"_blank\" rel=\"noreferrer noopener\">recrutement.mm@minit-europe.com<\/a><\/td><\/tr><tr><td class=\"has-text-align-center\" data-align=\"center\">Octobre 2024<\/td><td class=\"has-text-align-center\" data-align=\"center\">MISTER MINIT<\/td><td class=\"has-text-align-center\" data-align=\"center\">Postes \u00e0 pourvoir au sein du r\u00e9seau MISTER MINIT (salari\u00e9s CDI et CDD)<br><a href=\"https:\/\/lyceedalembert.paris\/wp-content\/uploads\/2024\/10\/MISTER-MINIT-Postes-a-pourvoir-Octobre-2024.pdf\">Lire l&rsquo;annonce<\/a><\/td><td class=\"has-text-align-center\" data-align=\"center\">Adressez-nous votre candidature (CV et lettre de motivation) par mail ou par courrier :MISTER MINIT60, rue de Wattignies 75012 Paris<br><a href=\"mailto:recrutement.mm@minit-europe.com\" target=\"_blank\" rel=\"noreferrer noopener\">recrutement.mm@minit-europe.com<\/a><\/td><\/tr><\/tbody><\/table><\/figure>\n","protected":false},"excerpt":{"rendered":"<p>Date Organismes Postes propos\u00e9s Coordonn\u00e9es Avril 2025 MISTER MINIT Postes \u00e0 pourvoir au sein du r\u00e9seau MISTER MINIT (salari\u00e9s CDI et CDD).Liste des postes de avril 2025 Charg\u00e9 de recrutement :\u00a0\u00a0\u00a0\u00a0\u00a0\u00a0\u00a0\u00a0\u00a0\u00a0\u00a0\u00a0 erwan.duchateau@minit-europe.com Mars 2025 MISTER MINIT Postes \u00e0 pourvoir au sein du r\u00e9seau MISTER MINIT (salari\u00e9s CDI et CDD).Liste des postes de mars 2025 Charg\u00e9 de recrutement :&nbsp;&nbsp;&nbsp;&nbsp;&nbsp;&nbsp;&nbsp;&nbsp;&nbsp;&nbsp;&nbsp;&nbsp; erwan.duchateau@minit-europe.com F\u00e9vrier 2025 MISTER MINIT Postes \u00e0 pourvoir au sein du r\u00e9seau MISTER MINIT (salari\u00e9s CDI et CDD).Liste des postes de f\u00e9vrier&hellip;<\/p>\n","protected":false},"author":1,"featured_media":0,"parent":0,"menu_order":0,"comment_status":"closed","ping_status":"closed","template":"","meta":{"footnotes":""},"class_list":["post-3033","page","type-page","status-publish","hentry"],"_links":{"self":[{"href":"https:\/\/lyceedalembert.paris\/index.php\/wp-json\/wp\/v2\/pages\/3033","targetHints":{"allow":["GET"]}}],"collection":[{"href":"https:\/\/lyceedalembert.paris\/index.php\/wp-json\/wp\/v2\/pages"}],"about":[{"href":"https:\/\/lyceedalembert.paris\/index.php\/wp-json\/wp\/v2\/types\/page"}],"author":[{"embeddable":true,"href":"https:\/\/lyceedalembert.paris\/index.php\/wp-json\/wp\/v2\/users\/1"}],"replies":[{"embeddable":true,"href":"https:\/\/lyceedalembert.paris\/index.php\/wp-json\/wp\/v2\/comments?post=3033"}],"version-history":[{"count":81,"href":"https:\/\/lyceedalembert.paris\/index.php\/wp-json\/wp\/v2\/pages\/3033\/revisions"}],"predecessor-version":[{"id":9007,"href":"https:\/\/lyceedalembert.paris\/index.php\/wp-json\/wp\/v2\/pages\/3033\/revisions\/9007"}],"wp:attachment":[{"href":"https:\/\/lyceedalembert.paris\/index.php\/wp-json\/wp\/v2\/media?parent=3033"}],"curies":[{"name":"wp","href":"https:\/\/api.w.org\/{rel}","templated":true}]}}