{"id":3299,"date":"2025-03-16T16:19:46","date_gmt":"2025-03-16T15:19:46","guid":{"rendered":"http:\/\/lyceedalembert.paris\/?page_id=3299"},"modified":"2025-03-16T16:19:47","modified_gmt":"2025-03-16T15:19:47","slug":"cantine","status":"publish","type":"page","link":"https:\/\/lyceedalembert.paris\/index.php\/cantine\/","title":{"rendered":"Cantine"},"content":{"rendered":"\n<p>Le restaurant scolaire vous accueille du lundi au vendredi de 12h00 \u00e0 13h30.<br>L\u2019acc\u00e8s au self se fait au moyen d\u2019une carte magn\u00e9tique payante (4 euros) et rechargeable au secr\u00e9tariat<br>d\u2019intendance ou en ligne.<\/p>\n\n\n\n<p>Les r\u00e9servations des repas se fait en ligne ou \u00e0 partir de la borne situ\u00e9e dans le hall du lyc\u00e9e.<\/p>\n\n\n\n<p>Pour la r\u00e9servation en ligne, cliquez sur le lien suivant:<\/p>\n\n\n\n<p><a href=\"https:\/\/webparent.paiementdp.com\/aliAuthentification.php?site=aes00603\">https:\/\/webparent.paiementdp.com\/aliAuthentification.php?site=aes00603<\/a><\/p>\n\n\n\n<p>Les identifiants sont \u00e0 r\u00e9cup\u00e9rer aupr\u00e8s du secr\u00e9tariat de l&rsquo;intendance.<\/p>\n\n\n\n<p class=\"has-text-align-left\">Veuillez noter que l&rsquo;intendance n\u2019est pas une banque et que le paiement se fait toujours<br>d\u2019avance, chaque passage de votre carte d\u00e9bitant le prix d\u2019un repas sur votre compte.<\/p>\n","protected":false},"excerpt":{"rendered":"<p>Le restaurant scolaire vous accueille du lundi au vendredi de 12h00 \u00e0 13h30.L\u2019acc\u00e8s au self se fait au moyen d\u2019une carte magn\u00e9tique payante (4 euros) et rechargeable au secr\u00e9tariatd\u2019intendance ou en ligne. Les r\u00e9servations des repas se fait en ligne ou \u00e0 partir de la borne situ\u00e9e dans le hall du lyc\u00e9e. Pour la r\u00e9servation en ligne, cliquez sur le lien suivant: https:\/\/webparent.paiementdp.com\/aliAuthentification.php?site=aes00603 Les identifiants sont \u00e0 r\u00e9cup\u00e9rer aupr\u00e8s du secr\u00e9tariat de l&rsquo;intendance. Veuillez noter que l&rsquo;intendance n\u2019est pas une&hellip;<\/p>\n","protected":false},"author":1,"featured_media":0,"parent":0,"menu_order":0,"comment_status":"closed","ping_status":"closed","template":"","meta":{"footnotes":""},"class_list":["post-3299","page","type-page","status-publish","hentry"],"_links":{"self":[{"href":"https:\/\/lyceedalembert.paris\/index.php\/wp-json\/wp\/v2\/pages\/3299","targetHints":{"allow":["GET"]}}],"collection":[{"href":"https:\/\/lyceedalembert.paris\/index.php\/wp-json\/wp\/v2\/pages"}],"about":[{"href":"https:\/\/lyceedalembert.paris\/index.php\/wp-json\/wp\/v2\/types\/page"}],"author":[{"embeddable":true,"href":"https:\/\/lyceedalembert.paris\/index.php\/wp-json\/wp\/v2\/users\/1"}],"replies":[{"embeddable":true,"href":"https:\/\/lyceedalembert.paris\/index.php\/wp-json\/wp\/v2\/comments?post=3299"}],"version-history":[{"count":17,"href":"https:\/\/lyceedalembert.paris\/index.php\/wp-json\/wp\/v2\/pages\/3299\/revisions"}],"predecessor-version":[{"id":8977,"href":"https:\/\/lyceedalembert.paris\/index.php\/wp-json\/wp\/v2\/pages\/3299\/revisions\/8977"}],"wp:attachment":[{"href":"https:\/\/lyceedalembert.paris\/index.php\/wp-json\/wp\/v2\/media?parent=3299"}],"curies":[{"name":"wp","href":"https:\/\/api.w.org\/{rel}","templated":true}]}}