{"id":3302,"date":"2023-11-20T15:49:08","date_gmt":"2023-11-20T14:49:08","guid":{"rendered":"http:\/\/lyceedalembert.paris\/?page_id=3302"},"modified":"2023-11-20T15:49:09","modified_gmt":"2023-11-20T14:49:09","slug":"cours-soir-mairie-de-paris","status":"publish","type":"page","link":"https:\/\/lyceedalembert.paris\/index.php\/cours-soir-mairie-de-paris\/","title":{"rendered":"Les cours d&rsquo;Adultes de la Mairie de Paris"},"content":{"rendered":"\n<p>Les Cours d&rsquo;Adultes de Paris sont destin\u00e9s \u00e0 toutes les personnes \u00e2g\u00e9es de plus de 18 ans, Parisiennes ou non dans la limite des places disponibles. <\/p>\n\n\n\n<p><a href=\"https:\/\/www.paris.fr\/pages\/cours-municipaux-d-adultes-205\" target=\"_blank\" rel=\"noreferrer noopener\">Consultez le catalogue des formations !<\/a> <\/p>\n\n\n\n<h4 class=\"wp-block-heading\">&nbsp;<\/h4>\n\n\n\n<p><\/p>\n","protected":false},"excerpt":{"rendered":"<p>Les Cours d&rsquo;Adultes de Paris sont destin\u00e9s \u00e0 toutes les personnes \u00e2g\u00e9es de plus de 18 ans, Parisiennes ou non dans la limite des places disponibles. Consultez le catalogue des formations ! &nbsp;<\/p>\n","protected":false},"author":1,"featured_media":0,"parent":0,"menu_order":0,"comment_status":"closed","ping_status":"closed","template":"","meta":{"footnotes":""},"class_list":["post-3302","page","type-page","status-publish","hentry"],"_links":{"self":[{"href":"https:\/\/lyceedalembert.paris\/index.php\/wp-json\/wp\/v2\/pages\/3302","targetHints":{"allow":["GET"]}}],"collection":[{"href":"https:\/\/lyceedalembert.paris\/index.php\/wp-json\/wp\/v2\/pages"}],"about":[{"href":"https:\/\/lyceedalembert.paris\/index.php\/wp-json\/wp\/v2\/types\/page"}],"author":[{"embeddable":true,"href":"https:\/\/lyceedalembert.paris\/index.php\/wp-json\/wp\/v2\/users\/1"}],"replies":[{"embeddable":true,"href":"https:\/\/lyceedalembert.paris\/index.php\/wp-json\/wp\/v2\/comments?post=3302"}],"version-history":[{"count":12,"href":"https:\/\/lyceedalembert.paris\/index.php\/wp-json\/wp\/v2\/pages\/3302\/revisions"}],"predecessor-version":[{"id":8249,"href":"https:\/\/lyceedalembert.paris\/index.php\/wp-json\/wp\/v2\/pages\/3302\/revisions\/8249"}],"wp:attachment":[{"href":"https:\/\/lyceedalembert.paris\/index.php\/wp-json\/wp\/v2\/media?parent=3302"}],"curies":[{"name":"wp","href":"https:\/\/api.w.org\/{rel}","templated":true}]}}