{"id":40,"date":"2025-03-16T15:48:31","date_gmt":"2025-03-16T14:48:31","guid":{"rendered":"http:\/\/localhost:82\/wordpress\/?page_id=40"},"modified":"2025-03-16T15:48:32","modified_gmt":"2025-03-16T14:48:32","slug":"apprentissage","status":"publish","type":"page","link":"https:\/\/lyceedalembert.paris\/index.php\/apprentissage\/","title":{"rendered":"Apprentissage"},"content":{"rendered":"\n<h2 class=\"wp-block-heading has-text-align-center has-luminous-vivid-orange-color has-text-color\">CFA \u00ab\u00a0auxiliaire de pu\u00e9riculture\u00a0\u00bb<\/h2>\n\n\n\n<h2 class=\"wp-block-heading has-text-align-center\"><strong>Inscription rentr\u00e9e 2025-2026\u00a0<\/strong><\/h2>\n\n\n\n<p class=\"has-text-align-center\"><strong>\u00e0 partir du 24 mars 2025.<\/strong><\/p>\n\n\n\n<p>Vous souhaitez exercer dans le secteur de la <strong>Petite Enfance<\/strong> au sein de cr\u00e8ches, maternit\u00e9s ou services p\u00e9diatriques, nous dispensons la formation d\u2019auxiliaire de pu\u00e9riculture qu\u2019il vous faut.<\/p>\n\n\n\n<p class=\"has-text-align-center\">Dossier d&rsquo;inscription rentr\u00e9e 2025 bient\u00f4t disponible.<\/p>\n\n\n\n<p>Notre formation par l\u2019apprentissage, vous assurera toutes les notions requises pour vous pr\u00e9parer au dipl\u00f4me d\u2019Auxiliaire de Pu\u00e9riculture et pouvoir travailler au contact des nourrissons et des jeunes enfants\u00bb. Pour suivre une formation en apprentissage au Lyc\u00e9e d&rsquo;Alembert,<\/p>\n\n\n\n<p>Cliquez sur le lien :<\/p>\n\n\n\n<h4 class=\"wp-block-heading has-text-align-center\"><a href=\"https:\/\/pia.ac-paris.fr\/serail\/jcms\/s2_1885228\/fr\/cfa-paris-academie-entreprises\" target=\"_blank\" rel=\"noreferrer noopener\">CFA Paris Acad\u00e9mie Entreprises (PAE)<\/a><\/h4>\n\n\n\n<p><\/p>\n","protected":false},"excerpt":{"rendered":"<p>CFA \u00ab\u00a0auxiliaire de pu\u00e9riculture\u00a0\u00bb Inscription rentr\u00e9e 2025-2026\u00a0 \u00e0 partir du 24 mars 2025. Vous souhaitez exercer dans le secteur de la Petite Enfance au sein de cr\u00e8ches, maternit\u00e9s ou services p\u00e9diatriques, nous dispensons la formation d\u2019auxiliaire de pu\u00e9riculture qu\u2019il vous faut. Dossier d&rsquo;inscription rentr\u00e9e 2025 bient\u00f4t disponible. Notre formation par l\u2019apprentissage, vous assurera toutes les notions requises pour vous pr\u00e9parer au dipl\u00f4me d\u2019Auxiliaire de Pu\u00e9riculture et pouvoir travailler au contact des nourrissons et des jeunes enfants\u00bb. Pour suivre une formation&hellip;<\/p>\n","protected":false},"author":1,"featured_media":0,"parent":0,"menu_order":0,"comment_status":"closed","ping_status":"closed","template":"","meta":{"footnotes":""},"class_list":["post-40","page","type-page","status-publish","hentry"],"_links":{"self":[{"href":"https:\/\/lyceedalembert.paris\/index.php\/wp-json\/wp\/v2\/pages\/40","targetHints":{"allow":["GET"]}}],"collection":[{"href":"https:\/\/lyceedalembert.paris\/index.php\/wp-json\/wp\/v2\/pages"}],"about":[{"href":"https:\/\/lyceedalembert.paris\/index.php\/wp-json\/wp\/v2\/types\/page"}],"author":[{"embeddable":true,"href":"https:\/\/lyceedalembert.paris\/index.php\/wp-json\/wp\/v2\/users\/1"}],"replies":[{"embeddable":true,"href":"https:\/\/lyceedalembert.paris\/index.php\/wp-json\/wp\/v2\/comments?post=40"}],"version-history":[{"count":10,"href":"https:\/\/lyceedalembert.paris\/index.php\/wp-json\/wp\/v2\/pages\/40\/revisions"}],"predecessor-version":[{"id":8969,"href":"https:\/\/lyceedalembert.paris\/index.php\/wp-json\/wp\/v2\/pages\/40\/revisions\/8969"}],"wp:attachment":[{"href":"https:\/\/lyceedalembert.paris\/index.php\/wp-json\/wp\/v2\/media?parent=40"}],"curies":[{"name":"wp","href":"https:\/\/api.w.org\/{rel}","templated":true}]}}