{"id":4281,"date":"2018-12-10T12:30:54","date_gmt":"2018-12-10T11:30:54","guid":{"rendered":"http:\/\/lyceedalembert.paris\/?page_id=4281"},"modified":"2019-12-11T19:47:49","modified_gmt":"2019-12-11T18:47:49","slug":"erasmus","status":"publish","type":"page","link":"https:\/\/lyceedalembert.paris\/index.php\/actualites\/erasmus\/","title":{"rendered":"International"},"content":{"rendered":"<h1><!-- Global site tag (gtag.js) - Google Analytics --><br \/><strong>Section europ\u00e9enne:<br \/><\/strong><\/h1>\n<h2><img loading=\"lazy\" decoding=\"async\" class=\"irc_mi alignleft\" src=\"http:\/\/www.ismac.fr\/wp-content\/uploads\/2017\/09\/drapeau-anglais.png\" alt=\"R\u00e9sultat de recherche d'images pour &quot;anglais&quot;\" width=\"157\" height=\"102\" \/><\/h2>\n<p>Depuis la rentr\u00e9e 2015, le lyc\u00e9e d&rsquo;Alembert permet de pr\u00e9parer un baccalaur\u00e9at ST2S Mention <strong>europ\u00e9enne Anglais<\/strong>.<\/p>\n<p>L\u2019anglais devient, dans de nombreux domaines professionnels en particulier scientifiques, une langue incontournable. Un bon niveau est un atout majeur pour trouver un emploi.<\/p>\n<p>Rejoindre la page <a href=\"https:\/\/lyceedalembert.paris\/index.php\/section-europeenne\/\" target=\"_blank\" rel=\"noopener noreferrer\">Section europ\u00e9enne&#8230;<\/a><\/p>\n\n\n<h2 class=\"wp-block-heading\"><strong>ERASMUS +<\/strong><\/h2>\n\n\n\n<p> <strong><a href=\"https:\/\/lyceedalembert.paris\/index.php\/actualites\/erasmus\/erasmus\/\" target=\"_blank\" rel=\"noreferrer noopener\" aria-label=\"Erasmus + (s\u2019ouvre dans un nouvel onglet)\">Erasmus +<\/a><\/strong> est un programme pour l\u2019\u00e9ducation, la  formation, la jeunesse et le sport . Il permet aux jeunes (\u00e2g\u00e9s de moins de 30 ans) de voyager  dans des pays \u00e9trangers afin de d\u00e9velopper leurs comp\u00e9tences et  connaissances. La coop\u00e9ration entre tous les pays participants permet  d\u2019innover et d\u2019\u00e9changer sur les pratiques de chacun pour viser la  r\u00e9ussite de tous. <\/p>\n\n\n\n<p>Le projet s&rsquo;articule autour de 2 projets :<\/p>\n\n\n\n<ul class=\"wp-block-list\"><li>Let\u2019s stop bullying together,<\/li><li>Valeurs europ\u00e9ennes par ouvrages num\u00e9riques.<\/li><\/ul>\n","protected":false},"excerpt":{"rendered":"<p>Section europ\u00e9enne: Depuis la rentr\u00e9e 2015, le lyc\u00e9e d&rsquo;Alembert permet de pr\u00e9parer un baccalaur\u00e9at ST2S Mention europ\u00e9enne Anglais. L\u2019anglais devient, dans de nombreux domaines professionnels en particulier scientifiques, une langue incontournable. Un bon niveau est un atout majeur pour trouver un emploi. Rejoindre la page Section europ\u00e9enne&#8230; ERASMUS + Erasmus + est un programme pour l\u2019\u00e9ducation, la formation, la jeunesse et le sport . Il permet aux jeunes (\u00e2g\u00e9s de moins de 30 ans) de voyager dans des pays \u00e9trangers&hellip;<\/p>\n","protected":false},"author":1,"featured_media":0,"parent":53,"menu_order":0,"comment_status":"closed","ping_status":"closed","template":"template-portfolio.php","meta":{"footnotes":""},"class_list":["post-4281","page","type-page","status-publish","hentry"],"_links":{"self":[{"href":"https:\/\/lyceedalembert.paris\/index.php\/wp-json\/wp\/v2\/pages\/4281","targetHints":{"allow":["GET"]}}],"collection":[{"href":"https:\/\/lyceedalembert.paris\/index.php\/wp-json\/wp\/v2\/pages"}],"about":[{"href":"https:\/\/lyceedalembert.paris\/index.php\/wp-json\/wp\/v2\/types\/page"}],"author":[{"embeddable":true,"href":"https:\/\/lyceedalembert.paris\/index.php\/wp-json\/wp\/v2\/users\/1"}],"replies":[{"embeddable":true,"href":"https:\/\/lyceedalembert.paris\/index.php\/wp-json\/wp\/v2\/comments?post=4281"}],"version-history":[{"count":29,"href":"https:\/\/lyceedalembert.paris\/index.php\/wp-json\/wp\/v2\/pages\/4281\/revisions"}],"predecessor-version":[{"id":5401,"href":"https:\/\/lyceedalembert.paris\/index.php\/wp-json\/wp\/v2\/pages\/4281\/revisions\/5401"}],"up":[{"embeddable":true,"href":"https:\/\/lyceedalembert.paris\/index.php\/wp-json\/wp\/v2\/pages\/53"}],"wp:attachment":[{"href":"https:\/\/lyceedalembert.paris\/index.php\/wp-json\/wp\/v2\/media?parent=4281"}],"curies":[{"name":"wp","href":"https:\/\/api.w.org\/{rel}","templated":true}]}}