{"id":4413,"date":"2022-07-08T08:36:26","date_gmt":"2022-07-08T07:36:26","guid":{"rendered":"http:\/\/lyceedalembert.paris\/?page_id=4413"},"modified":"2023-01-11T11:36:16","modified_gmt":"2023-01-11T10:36:16","slug":"offres-demploi-aides-et-soutien-a-domicile","status":"publish","type":"page","link":"https:\/\/lyceedalembert.paris\/index.php\/offres-demploi-aides-et-soutien-a-domicile\/","title":{"rendered":"Offres d&#8217;emploi Aides et Soutien \u00e0 domicile"},"content":{"rendered":"\n<div class=\"wp-block-columns is-layout-flex wp-container-core-columns-is-layout-9d6595d7 wp-block-columns-is-layout-flex\">\n<div class=\"wp-block-column is-layout-flow wp-block-column-is-layout-flow\" style=\"flex-basis:100%\">\n<div class=\"wp-block-group\"><div class=\"wp-block-group__inner-container is-layout-flow wp-block-group-is-layout-flow\">\n<div class=\"wp-block-columns is-layout-flex wp-container-core-columns-is-layout-9d6595d7 wp-block-columns-is-layout-flex\">\n<div class=\"wp-block-column is-layout-flow wp-block-column-is-layout-flow\" style=\"flex-basis:100%\">\n<div class=\"wp-block-columns is-layout-flex wp-container-core-columns-is-layout-9d6595d7 wp-block-columns-is-layout-flex\">\n<div class=\"wp-block-column is-vertically-aligned-center is-layout-flow wp-block-column-is-layout-flow\" style=\"flex-basis:100%\">\n<div class=\"wp-block-group\"><div class=\"wp-block-group__inner-container is-layout-constrained wp-block-group-is-layout-constrained\">\n<figure class=\"wp-block-table aligncenter is-style-stripes\"><table class=\"has-fixed-layout\"><thead><tr><th class=\"has-text-align-center\" data-align=\"center\"><strong><mark style=\"background-color:rgba(0, 0, 0, 0)\" class=\"has-inline-color has-vivid-red-color\">Dates<\/mark><\/strong><\/th><th class=\"has-text-align-center\" data-align=\"center\"><mark style=\"background-color:rgba(0, 0, 0, 0)\" class=\"has-inline-color has-vivid-red-color\">Organismes<\/mark><\/th><th class=\"has-text-align-center\" data-align=\"center\"><mark style=\"background-color:rgba(0, 0, 0, 0)\" class=\"has-inline-color has-vivid-red-color\">Postes  \u00e0 pourvoir<\/mark><\/th><th class=\"has-text-align-center\" data-align=\"center\"><mark style=\"background-color:rgba(0, 0, 0, 0)\" class=\"has-inline-color has-vivid-red-color\">Coordonn\u00e9es<\/mark><\/th><\/tr><\/thead><tbody><tr><td class=\"has-text-align-center\" data-align=\"center\">Janvier 2023<\/td><td class=\"has-text-align-center\" data-align=\"center\"><strong>Sol En Si <br>(SOLIDARIT\u00c9 ENFANTS SIDA)<\/strong><br>Bobigny<\/td><td class=\"has-text-align-center\" data-align=\"center\">Recrute <strong>AUXILIAIRE DE PUERICULTURE<\/strong><br><em>DIPLOMES \/ QUALIFICATIONS<\/em><br>Dipl\u00f4me d\u2019Etat d\u2019Auxiliaire de Pu\u00e9riculture (DEAP) exig\u00e9<br><a href=\"https:\/\/lyceedalembert.paris\/wp-content\/uploads\/2023\/01\/2023-01-AUXILIAIRE-DE-PUERICULTURE-2-1.pdf\" target=\"_blank\" rel=\"noreferrer noopener\">Lire l&rsquo;annonce<\/a><\/td><td class=\"has-text-align-center\" data-align=\"center\">MODALITES DE CANDIDATURE<br>CV, copie du dipl\u00f4me AP et lettre de motivation sont \u00e0 adresser \u00e0 :<br>as-direction@solensi.org et<br>multiaccueil93@solensi.org<\/td><\/tr><tr><td class=\"has-text-align-center\" data-align=\"center\">Juin 2022<\/td><td class=\"has-text-align-center\" data-align=\"center\">Ville de Paris<\/td><td class=\"has-text-align-center\" data-align=\"center\">PARIS RECRUTE<br>DES PROFESSIONNEL\u00b7LE\u00b7S<br>DE LA PETITE ENFANCE DANS<br>PLUS DE 400 \u00c9TABLISSEMENTS<br><a href=\"https:\/\/lyceedalembert.paris\/wp-content\/uploads\/2022\/07\/35256-Flyers-Recrutement_Me\u0301tiers-de-la-petite-enfance_BD-MAJ.pdf\" target=\"_blank\" rel=\"noreferrer noopener\">Voir l&rsquo;annonce<\/a><\/td><td class=\"has-text-align-center\" data-align=\"center\">Envoyez votre candidature \u00e0<br><strong>dfpe-recrutement@paris.fr<\/strong><br><em>Pour plus de renseignements :<br><strong><a href=\"http:\/\/www.paris.fr\/recrutement\" target=\"_blank\" rel=\"noreferrer noopener\">paris.fr\/les m\u00e9tiers de la Ville de Paris<\/a><\/strong><\/em><\/td><\/tr><\/tbody><\/table><\/figure>\n<\/div><\/div>\n<\/div>\n<\/div>\n<\/div>\n<\/div>\n<\/div><\/div>\n<\/div>\n<\/div>\n","protected":false},"excerpt":{"rendered":"<p>Dates Organismes Postes \u00e0 pourvoir Coordonn\u00e9es Janvier 2023 Sol En Si (SOLIDARIT\u00c9 ENFANTS SIDA)Bobigny Recrute AUXILIAIRE DE PUERICULTUREDIPLOMES \/ QUALIFICATIONSDipl\u00f4me d\u2019Etat d\u2019Auxiliaire de Pu\u00e9riculture (DEAP) exig\u00e9Lire l&rsquo;annonce MODALITES DE CANDIDATURECV, copie du dipl\u00f4me AP et lettre de motivation sont \u00e0 adresser \u00e0 :as-direction@solensi.org etmultiaccueil93@solensi.org Juin 2022 Ville de Paris PARIS RECRUTEDES PROFESSIONNEL\u00b7LE\u00b7SDE LA PETITE ENFANCE DANSPLUS DE 400 \u00c9TABLISSEMENTSVoir l&rsquo;annonce Envoyez votre candidature \u00e0dfpe-recrutement@paris.frPour plus de renseignements :paris.fr\/les m\u00e9tiers de la Ville de Paris<\/p>\n","protected":false},"author":1,"featured_media":0,"parent":0,"menu_order":0,"comment_status":"closed","ping_status":"closed","template":"","meta":{"footnotes":""},"class_list":["post-4413","page","type-page","status-publish","hentry"],"_links":{"self":[{"href":"https:\/\/lyceedalembert.paris\/index.php\/wp-json\/wp\/v2\/pages\/4413","targetHints":{"allow":["GET"]}}],"collection":[{"href":"https:\/\/lyceedalembert.paris\/index.php\/wp-json\/wp\/v2\/pages"}],"about":[{"href":"https:\/\/lyceedalembert.paris\/index.php\/wp-json\/wp\/v2\/types\/page"}],"author":[{"embeddable":true,"href":"https:\/\/lyceedalembert.paris\/index.php\/wp-json\/wp\/v2\/users\/1"}],"replies":[{"embeddable":true,"href":"https:\/\/lyceedalembert.paris\/index.php\/wp-json\/wp\/v2\/comments?post=4413"}],"version-history":[{"count":21,"href":"https:\/\/lyceedalembert.paris\/index.php\/wp-json\/wp\/v2\/pages\/4413\/revisions"}],"predecessor-version":[{"id":7610,"href":"https:\/\/lyceedalembert.paris\/index.php\/wp-json\/wp\/v2\/pages\/4413\/revisions\/7610"}],"wp:attachment":[{"href":"https:\/\/lyceedalembert.paris\/index.php\/wp-json\/wp\/v2\/media?parent=4413"}],"curies":[{"name":"wp","href":"https:\/\/api.w.org\/{rel}","templated":true}]}}