{"id":454,"date":"2016-02-17T12:53:08","date_gmt":"2016-02-17T11:53:08","guid":{"rendered":"http:\/\/localhost\/lyceedalembert\/?page_id=454"},"modified":"2021-06-07T12:58:33","modified_gmt":"2021-06-07T11:58:33","slug":"bourses","status":"publish","type":"page","link":"https:\/\/lyceedalembert.paris\/index.php\/bourses\/","title":{"rendered":"Bourses"},"content":{"rendered":"\n<h3 class=\"wp-block-heading\"><span style=\"color: #ff9900;\">Bourses pour les lyc\u00e9ens (El\u00e8ves Pr\u00e9-Bac)<\/span><\/h3>\n\n\n\n<p class=\"has-text-align-center\">La campagne des demandes de bourse de lyc\u00e9e pour l\u2019ann\u00e9e scolaire 2021-2022 se d\u00e9roulera en deux p\u00e9riodes : <a href=\"https:\/\/www.education.gouv.fr\/les-aides-financieres-au-lycee-7511\" target=\"_blank\" rel=\"noreferrer noopener\">https:\/\/www.education.gouv.fr\/les-aides-financieres-au-lycee-7511<\/a><\/p>\n\n\n\n<ol class=\"wp-block-list\"><li><em>Comme l&rsquo;ann\u00e9e pass\u00e9e, l&rsquo;\u00e9ligibilit\u00e9 du droit de bourse s&rsquo;appuiera <u>sur l&rsquo;avis d&rsquo;imposition 2021 sur les revenus 2020<\/u>.<\/em><\/li><li><em>La premi\u00e8re partie de la campagne de bourses nationales de lyc\u00e9e commencera en format papier \u00e0 d\u00e9poser au secr\u00e9tariat d&rsquo;intendance (ci-joint) <strong>le 17 mai et se terminera le 6 juillet 2021<\/strong> :<\/em><\/li><\/ol>\n\n\n\n<p class=\"has-text-align-center\">T\u00e9l\u00e9charger <a href=\"https:\/\/lyceedalembert.paris\/wp-content\/uploads\/2021\/06\/Demande-de-bourse-2021-2022.pdf\" target=\"_blank\" rel=\"noreferrer noopener\">la demande de bourse 2021-2022<\/a><\/p>\n\n\n\n<p class=\"has-text-align-center\"><em>et <strong>du 28 juin au 06 juillet 2021<\/strong> en ligne via le t\u00e9l\u00e9service \u00e0 l&rsquo;adresse suivante:<\/em><\/p>\n\n\n\n<p class=\"has-text-align-center\"><a href=\"https:\/\/teleservices.ac-paris.fr\/login\/ct_logon_vk.jsp?CT_ORIG_URL=%2Fts&amp;ct_orig_uri=%2Fts\">https:\/\/teleservices.ac-paris.fr\/login\/ct_logon_vk.jsp?CT_ORIG_URL=%2Fts&amp;ct_orig_uri=%2Fts<\/a><\/p>\n\n\n\n<ol class=\"wp-block-list\" start=\"3\"><li><em>La seconde partie de la campagne de bourse nationales de lyc\u00e9e se d\u00e9roulera<strong> du 2 septembre 2021 au 21 octobre 2021<\/strong> en format papier et en ligne via le t\u00e9l\u00e9service.<\/em><\/li><\/ol>\n\n\n\n<h3 class=\"has-luminous-vivid-amber-color has-text-color wp-block-heading\">CAMPAGNE DE BOURSES ETUDIANTES DU 20 JANVIER AU 31 MAI 2021<\/h3>\n\n\n\n<p><span style=\"color: #ff9900;\">&nbsp;<\/span>Le serveur pour saisir les demandes de bourses 2021\/2022 est ouvert depuis le 20 janvier 2021.<\/p>\n\n\n\n<p>Ainsi du <strong>20 janvier au 31 mai 2021<\/strong> vous pouvez proc\u00e9der \u00e0 la saisie de votre dossier \u00e9tudiant sur messervices.etudiant.gouv.fr.<\/p>\n\n\n\n<p>Pour optimiser vos chances d&rsquo;avoir une r\u00e9ponse rapide veuillez faire votre demande dans de meilleurs d\u00e9lais. Il est fortement conseiller aux \u00e9l\u00e8ves en classe de terminale de proc\u00e9der \u00e0 la saisie de leurs dossiers m\u00eame s&rsquo;ils ne sont pas encore s\u00fbr de leurs orientations (il n&rsquo;y aura par la suite qu&rsquo;une modification de v\u0153ux mais le dossier sera trait\u00e9).<\/p>\n\n\n\n<h4 class=\"has-luminous-vivid-orange-color has-text-color wp-block-heading\">&nbsp;Recommandation pour la demande de bourse :&nbsp;en cas d\u2019envoi de documents scann\u00e9s&nbsp;<\/h4>\n\n\n\n<ul class=\"wp-block-list\"><li>Eviter les photos via les t\u00e9l\u00e9phones, souvent peu lisibles ou mal cadr\u00e9es,<\/li><\/ul>\n\n\n\n<ul class=\"wp-block-list\"><li>Privil\u00e9gier le format PDF (et regrouper au maximum les documents en un minimum de fichier.)<\/li><\/ul>\n\n\n\n<ul class=\"wp-block-list\"><li>Pour ceux qui doivent transmettre une copie de l\u2019avis d\u2019imposition des parents en version scann\u00e9e (ou papier si envoi postal), veiller \u00e0 l\u2019ann\u00e9e du document (2020 sur les revenus de 2019 pour la demande de bourse 2021\/2022). Vous \u00e9viterez ainsi, les avis fiscaux portants sur de mauvaises ann\u00e9es, ou sans toutes les pages, ou les avis de taxes fonci\u00e8res ou d\u2019habitation\u2026&nbsp;<\/li><\/ul>\n\n\n\n<p>Liens utiles&#8230;<\/p>\n\n\n\n<p><a href=\"https:\/\/www.crous-paris.fr\/bourses\/bourses-sur-criteres-sociaux\" target=\"_blank\" rel=\"noreferrer noopener\">https:\/\/www.crous-paris.fr\/bourses\/bourses-sur-criteres-sociaux<\/a><\/p>\n\n\n\n<p><a href=\"https:\/\/www.crous-paris.fr\/bourses\/bourses-sur-criteres-sociaux\/demander-une-bourse\/\" target=\"_blank\" rel=\"noreferrer noopener\">https:\/\/www.crous-paris.fr\/bourses\/bourses-sur-criteres-sociaux\/demander-une-bourse\/<\/a><\/p>\n\n\n\n<p><a href=\"https:\/\/www.messervices.etudiant.gouv.fr\/envole\/\" target=\"_blank\" rel=\"noreferrer noopener\">https:\/\/www.messervices.etudiant.gouv.fr\/envole\/<\/a><\/p>\n","protected":false},"excerpt":{"rendered":"<p>Bourses pour les lyc\u00e9ens (El\u00e8ves Pr\u00e9-Bac) La campagne des demandes de bourse de lyc\u00e9e pour l\u2019ann\u00e9e scolaire 2021-2022 se d\u00e9roulera en deux p\u00e9riodes : https:\/\/www.education.gouv.fr\/les-aides-financieres-au-lycee-7511 Comme l&rsquo;ann\u00e9e pass\u00e9e, l&rsquo;\u00e9ligibilit\u00e9 du droit de bourse s&rsquo;appuiera sur l&rsquo;avis d&rsquo;imposition 2021 sur les revenus 2020. La premi\u00e8re partie de la campagne de bourses nationales de lyc\u00e9e commencera en format papier \u00e0 d\u00e9poser au secr\u00e9tariat d&rsquo;intendance (ci-joint) le 17 mai et se terminera le 6 juillet 2021 : T\u00e9l\u00e9charger la demande de bourse 2021-2022&hellip;<\/p>\n","protected":false},"author":1,"featured_media":0,"parent":0,"menu_order":0,"comment_status":"closed","ping_status":"closed","template":"","meta":{"footnotes":""},"class_list":["post-454","page","type-page","status-publish","hentry"],"_links":{"self":[{"href":"https:\/\/lyceedalembert.paris\/index.php\/wp-json\/wp\/v2\/pages\/454","targetHints":{"allow":["GET"]}}],"collection":[{"href":"https:\/\/lyceedalembert.paris\/index.php\/wp-json\/wp\/v2\/pages"}],"about":[{"href":"https:\/\/lyceedalembert.paris\/index.php\/wp-json\/wp\/v2\/types\/page"}],"author":[{"embeddable":true,"href":"https:\/\/lyceedalembert.paris\/index.php\/wp-json\/wp\/v2\/users\/1"}],"replies":[{"embeddable":true,"href":"https:\/\/lyceedalembert.paris\/index.php\/wp-json\/wp\/v2\/comments?post=454"}],"version-history":[{"count":20,"href":"https:\/\/lyceedalembert.paris\/index.php\/wp-json\/wp\/v2\/pages\/454\/revisions"}],"predecessor-version":[{"id":6299,"href":"https:\/\/lyceedalembert.paris\/index.php\/wp-json\/wp\/v2\/pages\/454\/revisions\/6299"}],"wp:attachment":[{"href":"https:\/\/lyceedalembert.paris\/index.php\/wp-json\/wp\/v2\/media?parent=454"}],"curies":[{"name":"wp","href":"https:\/\/api.w.org\/{rel}","templated":true}]}}