{"id":474,"date":"2025-03-19T11:46:39","date_gmt":"2025-03-19T10:46:39","guid":{"rendered":"http:\/\/localhost\/lyceedalembert\/?page_id=474"},"modified":"2026-04-03T16:31:31","modified_gmt":"2026-04-03T15:31:31","slug":"tableau-formations","status":"publish","type":"page","link":"https:\/\/lyceedalembert.paris\/index.php\/tableau-formations\/","title":{"rendered":"Tableau des formations"},"content":{"rendered":"\n<h2 class=\"wp-block-heading has-luminous-vivid-amber-color has-text-color\"><strong><em>Un lyc\u00e9e, une diversit\u00e9 de formation.<\/em><\/strong><\/h2>\n\n\n\n<h2 class=\"wp-block-heading\">Panorama des formations<\/h2>\n\n\n<a href=\"https:\/\/lyceedalembert.paris\/wp-content\/uploads\/2025\/03\/Organigramme-des-formations-2025.pdf\" class=\"pdfemb-viewer\" style=\"\" data-width=\"max\" data-height=\"max\" data-toolbar=\"bottom\" data-toolbar-fixed=\"off\">Organigramme-des-formations-2025<\/a>\n\n<h1 style=\"font-family: Eras Light ITC; color: #f59a0a; text-align: center;\"><strong><em>\u00a0<\/em><\/strong><\/h1>\n<p>Pour savoir comment int\u00e9grer\u00a0un <strong><a href=\"https:\/\/lyceedalembert.paris\/index.php\/bts-mmcm-3\/\" target=\"_blank\" rel=\"noopener noreferrer\">BTS M\u00e9tiers de la Mode Chaussure Maroquinerie<\/a><\/strong>, cliquez sur <em>\u00ab\u00a0Start Prezi\u00a0\u00bb<\/em>.<\/p>\n\n<table id=\"tablepress-8\" class=\"tablepress tablepress-id-8\">\n<thead>\n<tr class=\"row-1\">\n\t<th class=\"column-1\">Si vous venez de 3i\u00e8me <!-- begin WordPrezi -->\n<iframe src='https:\/\/prezi.com\/p\/embed\/qfnpjjptujfy\/' id='iframe_container' frameborder='0' webkitallowfullscreen='' mozallowfullscreen='' allowfullscreen='' allow='autoplay; fullscreen' height='400' width='400'><\/iframe>\n<!-- end WordPrezi -->\n<\/th><th class=\"column-2\">Vous voulez vous r\u00e9orienter <!-- begin WordPrezi -->\n<iframe src='https:\/\/prezi.com\/p\/embed\/jb5egw2hjga2\/' id='iframe_container' frameborder='0' webkitallowfullscreen='' mozallowfullscreen='' allowfullscreen='' allow='autoplay; fullscreen' height='400' width='400'><\/iframe>\n<!-- end WordPrezi -->\n<\/th>\n<\/tr>\n<\/thead>\n<tbody class=\"row-striping row-hover\">\n<\/tbody>\n<\/table>\n<!-- #tablepress-8 from cache -->\n<p>Pour savoir comment int\u00e9grer un <strong><a href=\"https:\/\/lyceedalembert.paris\/index.php\/cap-prothese-3\/\">CAP Proth\u00e9siste-Orth\u00e9siste<\/a><\/strong><br \/>ou int\u00e9grer un <strong><a href=\"https:\/\/lyceedalembert.paris\/index.php\/technicien-appareillage-orthopedique\/\">BAC PRO Technicien en Appareillage Orthop\u00e9dique<\/a><\/strong><br \/>ou int\u00e9grer un <strong><a href=\"https:\/\/lyceedalembert.paris\/index.php\/bts-prothese-2\">BTS Proth\u00e9siste-Orth\u00e9siste<\/a><\/strong>, cliquez sur <em>\u00ab\u00a0Start Prezi\u00a0\u00bb<\/em>.<\/p>\n\n<table id=\"tablepress-9\" class=\"tablepress tablepress-id-9\">\n<thead>\n<tr class=\"row-1\">\n\t<th class=\"column-1\">Si vous venez de 3i\u00e8me <!-- begin WordPrezi -->\n<iframe src='https:\/\/prezi.com\/p\/embed\/iny0akezhfw8\/' id='iframe_container' frameborder='0' webkitallowfullscreen='' mozallowfullscreen='' allowfullscreen='' allow='autoplay; fullscreen' height='400' width='400'><\/iframe>\n<!-- end WordPrezi -->\n<\/th><th class=\"column-2\">Vous voulez vous r\u00e9orienter <!-- begin WordPrezi -->\n<iframe src='https:\/\/prezi.com\/p\/embed\/52azuqzyzf1z\/' id='iframe_container' frameborder='0' webkitallowfullscreen='' mozallowfullscreen='' allowfullscreen='' allow='autoplay; fullscreen' height='400' width='400'><\/iframe>\n<!-- end WordPrezi -->\n<\/th>\n<\/tr>\n<\/thead>\n<tbody class=\"row-striping row-hover\">\n<\/tbody>\n<\/table>\n<!-- #tablepress-9 from cache -->\n<p>Pour savoir comment int\u00e9grer un <strong><a href=\"https:\/\/lyceedalembert.paris\/index.php\/de-me-2\/\" target=\"_blank\" rel=\"noopener noreferrer\">DE Moniteur \u00c9ducateur<\/a><\/strong> ou un <strong><a href=\"https:\/\/lyceedalembert.paris\/index.php\/de-aes\/\" target=\"_blank\" rel=\"noopener noreferrer\">DE Accompagnant(e) \u00c9ducatif(ve) et Social(e)<\/a><\/strong><br \/>ou int\u00e9grer un <strong><a href=\"https:\/\/lyceedalembert.paris\/index.php\/bac-st2s-2\/\" target=\"_blank\" rel=\"noopener noreferrer\">BAC Sciences et Technologie de la Sant\u00e9 et du Social<\/a><\/strong> ou un <strong><a href=\"https:\/\/lyceedalembert.paris\/index.php\/assp\/\" target=\"_blank\" rel=\"noopener noreferrer\">BAC PRO Accompagnement Soins et Services \u00e0 la Personne<\/a><\/strong> ou un <strong><a href=\"https:\/\/lyceedalembert.paris\/index.php\/spvl-3\/\" target=\"_blank\" rel=\"noopener noreferrer\">BAC PRO Services de Proximit\u00e9 et de Vie Locale<\/a><\/strong><br \/>ou int\u00e9grer un <strong><a href=\"https:\/\/lyceedalembert.paris\/index.php\/bts-economie-sociale-familiale\/\" target=\"_blank\" rel=\"noopener noreferrer\">BTS Economie Sociale et Familiale<\/a><\/strong>, cliquez sur <em>\u00ab\u00a0Start Prezi\u00a0\u00bb<\/em>.<br \/>\n<table id=\"tablepress-12\" class=\"tablepress tablepress-id-12\">\n<tbody>\n<tr class=\"row-1\">\n\t<td class=\"column-1\">Si vous venez de 3i\u00e8me<br \/>\n <!-- begin WordPrezi -->\n<iframe src='https:\/\/prezi.com\/p\/embed\/dwooooq3q9yr\/' id='iframe_container' frameborder='0' webkitallowfullscreen='' mozallowfullscreen='' allowfullscreen='' allow='autoplay; fullscreen' height='400' width='400'><\/iframe>\n<!-- end WordPrezi -->\n<\/td><td class=\"column-2\">Vous voulez vous r\u00e9orienter <br \/>\n<!-- begin WordPrezi -->\n<iframe src='https:\/\/prezi.com\/p\/embed\/js0jjzuo54to\/' id='iframe_container' frameborder='0' webkitallowfullscreen='' mozallowfullscreen='' allowfullscreen='' allow='autoplay; fullscreen' height='400' width='400'><\/iframe>\n<!-- end WordPrezi -->\n<\/td>\n<\/tr>\n<tr class=\"row-2\">\n\t<td class=\"column-1\">Si vous venez d'une 2nd G\u00e9n\u00e9rale <br \/>\n<!-- begin WordPrezi -->\n<iframe src='https:\/\/prezi.com\/p\/embed\/chtlu61zlvi0\/' id='iframe_container' frameborder='0' webkitallowfullscreen='' mozallowfullscreen='' allowfullscreen='' allow='autoplay; fullscreen' height='400' width='400'><\/iframe>\n<!-- end WordPrezi -->\n<\/td><td class=\"column-2\"><\/td>\n<\/tr>\n<\/tbody>\n<\/table>\n<!-- #tablepress-12 from cache -->","protected":false},"excerpt":{"rendered":"<p>Un lyc\u00e9e, une diversit\u00e9 de formation. Panorama des formations \u00a0 Pour savoir comment int\u00e9grer\u00a0un BTS M\u00e9tiers de la Mode Chaussure Maroquinerie, cliquez sur \u00ab\u00a0Start Prezi\u00a0\u00bb. Pour savoir comment int\u00e9grer un CAP Proth\u00e9siste-Orth\u00e9sisteou int\u00e9grer un BAC PRO Technicien en Appareillage Orthop\u00e9diqueou int\u00e9grer un BTS Proth\u00e9siste-Orth\u00e9siste, cliquez sur \u00ab\u00a0Start Prezi\u00a0\u00bb. Pour savoir comment int\u00e9grer un DE Moniteur \u00c9ducateur ou un DE Accompagnant(e) \u00c9ducatif(ve) et Social(e)ou int\u00e9grer un BAC Sciences et Technologie de la Sant\u00e9 et du Social ou un BAC PRO Accompagnement&hellip;<\/p>\n","protected":false},"author":1,"featured_media":0,"parent":0,"menu_order":0,"comment_status":"closed","ping_status":"closed","template":"","meta":{"footnotes":""},"class_list":["post-474","page","type-page","status-publish","hentry"],"_links":{"self":[{"href":"https:\/\/lyceedalembert.paris\/index.php\/wp-json\/wp\/v2\/pages\/474","targetHints":{"allow":["GET"]}}],"collection":[{"href":"https:\/\/lyceedalembert.paris\/index.php\/wp-json\/wp\/v2\/pages"}],"about":[{"href":"https:\/\/lyceedalembert.paris\/index.php\/wp-json\/wp\/v2\/types\/page"}],"author":[{"embeddable":true,"href":"https:\/\/lyceedalembert.paris\/index.php\/wp-json\/wp\/v2\/users\/1"}],"replies":[{"embeddable":true,"href":"https:\/\/lyceedalembert.paris\/index.php\/wp-json\/wp\/v2\/comments?post=474"}],"version-history":[{"count":32,"href":"https:\/\/lyceedalembert.paris\/index.php\/wp-json\/wp\/v2\/pages\/474\/revisions"}],"predecessor-version":[{"id":9384,"href":"https:\/\/lyceedalembert.paris\/index.php\/wp-json\/wp\/v2\/pages\/474\/revisions\/9384"}],"wp:attachment":[{"href":"https:\/\/lyceedalembert.paris\/index.php\/wp-json\/wp\/v2\/media?parent=474"}],"curies":[{"name":"wp","href":"https:\/\/api.w.org\/{rel}","templated":true}]}}