{"id":4922,"date":"2025-01-24T08:47:34","date_gmt":"2025-01-24T07:47:34","guid":{"rendered":"http:\/\/lyceedalembert.paris\/?page_id=4922"},"modified":"2025-01-24T08:48:50","modified_gmt":"2025-01-24T07:48:50","slug":"intendance","status":"publish","type":"page","link":"https:\/\/lyceedalembert.paris\/index.php\/intendance\/","title":{"rendered":"Intendance"},"content":{"rendered":"\n<p class=\"has-text-align-center has-medium-font-size\">Mme Braouezec,\u00a0 secr\u00e9taire g\u00e9n\u00e9rale,<\/p>\n\n\n\n<p class=\"has-text-align-center has-medium-font-size\">et Mme SOMAH Fanta, secr\u00e9taire de l&rsquo;Intendance, <\/p>\n\n\n\n<p class=\"has-text-align-center\">vous accueillent au service <strong>Intendance du lyc\u00e9e<\/strong>.<\/p>\n","protected":false},"excerpt":{"rendered":"<p>Mme Braouezec,\u00a0 secr\u00e9taire g\u00e9n\u00e9rale, et Mme SOMAH Fanta, secr\u00e9taire de l&rsquo;Intendance, vous accueillent au service Intendance du lyc\u00e9e.<\/p>\n","protected":false},"author":1,"featured_media":0,"parent":0,"menu_order":0,"comment_status":"closed","ping_status":"closed","template":"","meta":{"footnotes":""},"class_list":["post-4922","page","type-page","status-publish","hentry"],"_links":{"self":[{"href":"https:\/\/lyceedalembert.paris\/index.php\/wp-json\/wp\/v2\/pages\/4922","targetHints":{"allow":["GET"]}}],"collection":[{"href":"https:\/\/lyceedalembert.paris\/index.php\/wp-json\/wp\/v2\/pages"}],"about":[{"href":"https:\/\/lyceedalembert.paris\/index.php\/wp-json\/wp\/v2\/types\/page"}],"author":[{"embeddable":true,"href":"https:\/\/lyceedalembert.paris\/index.php\/wp-json\/wp\/v2\/users\/1"}],"replies":[{"embeddable":true,"href":"https:\/\/lyceedalembert.paris\/index.php\/wp-json\/wp\/v2\/comments?post=4922"}],"version-history":[{"count":6,"href":"https:\/\/lyceedalembert.paris\/index.php\/wp-json\/wp\/v2\/pages\/4922\/revisions"}],"predecessor-version":[{"id":8899,"href":"https:\/\/lyceedalembert.paris\/index.php\/wp-json\/wp\/v2\/pages\/4922\/revisions\/8899"}],"wp:attachment":[{"href":"https:\/\/lyceedalembert.paris\/index.php\/wp-json\/wp\/v2\/media?parent=4922"}],"curies":[{"name":"wp","href":"https:\/\/api.w.org\/{rel}","templated":true}]}}