{"id":494,"date":"2022-07-04T17:30:21","date_gmt":"2022-07-04T16:30:21","guid":{"rendered":"http:\/\/localhost\/lyceedalembert\/?page_id=494"},"modified":"2022-07-04T17:45:29","modified_gmt":"2022-07-04T16:45:29","slug":"stagesdalembertparis","status":"publish","type":"page","link":"https:\/\/lyceedalembert.paris\/index.php\/stagesdalembertparis\/","title":{"rendered":"PFMP 2022-2023"},"content":{"rendered":"\n<p class=\"has-text-align-center\">Vous trouverez le calendrier pr\u00e9visionnel des PFMP et stages de l&rsquo;ensemble des classes du lyc\u00e9e d&rsquo;ALEMBERT \u00e0 Paris 75019.<\/p>\n\n\n\n<p class=\"has-text-align-center\">Cliquez sur ce lien pour <a href=\"https:\/\/lyceedalembert.paris\/wp-content\/uploads\/2022\/07\/Calendrier-des-stages-2022-2023_V1-2-p1.pdf\" target=\"_blank\" rel=\"noreferrer noopener\">t\u00e9l\u00e9charger les calendrier 2022-2023.<\/a><\/p>\n\n\n<a href=\"https:\/\/lyceedalembert.paris\/wp-content\/uploads\/2022\/07\/Calendrier-des-stages-2022-2023_V1-2-p1.pdf\" class=\"pdfemb-viewer\" style=\"\" data-width=\"max\" data-height=\"max\" data-toolbar=\"bottom\" data-toolbar-fixed=\"off\">Calendrier-des-stages-2022-2023_V1-2-p1<\/a>\n<p class=\"wp-block-pdfemb-pdf-embedder-viewer\"><\/p>\n\n\n<a href=\"https:\/\/lyceedalembert.paris\/wp-content\/uploads\/2022\/07\/Calendrier-des-stages-2022-2023_V1-2-p2.pdf\" class=\"pdfemb-viewer\" style=\"\" data-width=\"max\" data-height=\"max\" data-toolbar=\"bottom\" data-toolbar-fixed=\"off\">Calendrier-des-stages-2022-2023_V1-2-p2<\/a>\n<p class=\"wp-block-pdfemb-pdf-embedder-viewer\"><\/p>\n\n\n\n<h3 class=\"has-text-align-center wp-block-heading\">PFMP 2021-2022 (ann\u00e9e pr\u00e9c\u00e9dente)<\/h3>\n\n\n\n<p class=\"has-text-align-center\">Cliquez sur ce lien pour <a href=\"https:\/\/lyceedalembert.paris\/wp-content\/uploads\/2021\/10\/Calendrier-des-stage-2021-2022-toutes-sections_mail.pdf\" target=\"_blank\" rel=\"noreferrer noopener\">t\u00e9l\u00e9charger les calendrier 2021-2022.<\/a><\/p>\n\n\n<a href=\"https:\/\/lyceedalembert.paris\/wp-content\/uploads\/2021\/10\/Calendrier-des-stage-2021-2022-toutes-sections_p1.pdf\" class=\"pdfemb-viewer\" style=\"\" data-width=\"max\" data-height=\"max\" data-toolbar=\"bottom\" data-toolbar-fixed=\"off\">Calendrier-des-stage-2021-2022-toutes-sections_p1<\/a>\n<p class=\"wp-block-pdfemb-pdf-embedder-viewer\"><\/p>\n\n\n<a href=\"https:\/\/lyceedalembert.paris\/wp-content\/uploads\/2021\/10\/Calendrier-des-stage-2021-2022-toutes-sections_p2.pdf\" class=\"pdfemb-viewer\" style=\"\" data-width=\"max\" data-height=\"max\" data-toolbar=\"bottom\" data-toolbar-fixed=\"off\">Calendrier-des-stage-2021-2022-toutes-sections_p2<\/a>\n<p class=\"wp-block-pdfemb-pdf-embedder-viewer\"><\/p>\n","protected":false},"excerpt":{"rendered":"<p>Vous trouverez le calendrier pr\u00e9visionnel des PFMP et stages de l&rsquo;ensemble des classes du lyc\u00e9e d&rsquo;ALEMBERT \u00e0 Paris 75019. Cliquez sur ce lien pour t\u00e9l\u00e9charger les calendrier 2022-2023. PFMP 2021-2022 (ann\u00e9e pr\u00e9c\u00e9dente) Cliquez sur ce lien pour t\u00e9l\u00e9charger les calendrier 2021-2022.<\/p>\n","protected":false},"author":1,"featured_media":0,"parent":0,"menu_order":0,"comment_status":"closed","ping_status":"closed","template":"","meta":{"footnotes":""},"class_list":["post-494","page","type-page","status-publish","hentry"],"_links":{"self":[{"href":"https:\/\/lyceedalembert.paris\/index.php\/wp-json\/wp\/v2\/pages\/494","targetHints":{"allow":["GET"]}}],"collection":[{"href":"https:\/\/lyceedalembert.paris\/index.php\/wp-json\/wp\/v2\/pages"}],"about":[{"href":"https:\/\/lyceedalembert.paris\/index.php\/wp-json\/wp\/v2\/types\/page"}],"author":[{"embeddable":true,"href":"https:\/\/lyceedalembert.paris\/index.php\/wp-json\/wp\/v2\/users\/1"}],"replies":[{"embeddable":true,"href":"https:\/\/lyceedalembert.paris\/index.php\/wp-json\/wp\/v2\/comments?post=494"}],"version-history":[{"count":14,"href":"https:\/\/lyceedalembert.paris\/index.php\/wp-json\/wp\/v2\/pages\/494\/revisions"}],"predecessor-version":[{"id":7274,"href":"https:\/\/lyceedalembert.paris\/index.php\/wp-json\/wp\/v2\/pages\/494\/revisions\/7274"}],"wp:attachment":[{"href":"https:\/\/lyceedalembert.paris\/index.php\/wp-json\/wp\/v2\/media?parent=494"}],"curies":[{"name":"wp","href":"https:\/\/api.w.org\/{rel}","templated":true}]}}