{"id":4941,"date":"2019-09-18T09:13:37","date_gmt":"2019-09-18T08:13:37","guid":{"rendered":"http:\/\/lyceedalembert.paris\/?page_id=4941"},"modified":"2021-10-13T14:53:13","modified_gmt":"2021-10-13T13:53:13","slug":"informations-culturelles","status":"publish","type":"page","link":"https:\/\/lyceedalembert.paris\/index.php\/informations-culturelles\/","title":{"rendered":"PROJETS CULTURELS"},"content":{"rendered":"\n<p>Parce que l\u2019\u00e9ducation artistique et culturelle est pour nous une priorit\u00e9, de nombreux partenariats avec des structures culturelles existent entre le lyc\u00e9e, des professeurs et le CDI car l\u2019ouverture culturelle participe au d\u00e9veloppement de l\u2019esprit critique et cr\u00e9atif: le 104, la Com\u00e9die Fran\u00e7aise,La Villette,Lyc\u00e9ens au cin\u00e9ma, les biblioth\u00e8ques de la Ville de Paris&#8230;<\/p>\n\n\n\n<h4 class=\"wp-block-heading\">Promouvoir la lecture<\/h4>\n\n\n\n<div class=\"wp-block-media-text alignwide is-stacked-on-mobile\" style=\"grid-template-columns:19% auto\"><figure class=\"wp-block-media-text__media\"><img loading=\"lazy\" decoding=\"async\" width=\"175\" height=\"243\" src=\"https:\/\/lyceedalembert.paris\/wp-content\/uploads\/2021\/01\/image.png\" alt=\"\" class=\"wp-image-6057 size-full\"\/><\/figure><div class=\"wp-block-media-text__content\">\n<p class=\"has-normal-font-size\">Afin de favoriser la lecture et la cr\u00e9ativit\u00e9 de jeunes \u00e9crivains, chaque ann\u00e9e des lyc\u00e9ens lisent des nouvelles \u00e9crites par de jeunes \u00e9crivains et votent pour celles qu\u2019ils pr\u00e9f\u00e8rent.Cette ann\u00e9e une classe de CAP Podo m\u00e8ne le projet avec leur professeur de fran\u00e7ais.<\/p>\n<\/div><\/div>\n\n\n\n<div class=\"wp-block-media-text alignwide has-media-on-the-right is-stacked-on-mobile\" style=\"grid-template-columns:auto 18%\"><figure class=\"wp-block-media-text__media\"><img loading=\"lazy\" decoding=\"async\" width=\"157\" height=\"155\" src=\"https:\/\/lyceedalembert.paris\/wp-content\/uploads\/2021\/01\/image-1.png\" alt=\"\" class=\"wp-image-6060 size-full\"\/><\/figure><div class=\"wp-block-media-text__content\">\n<p class=\"has-normal-font-size\">Nous sommes \u00e9galement en lien avec <strong>la Biblioth\u00e8que Crim\u00e9e<\/strong> qui nous accueille pour des d\u00e9couvertes de roman, BD, Manga ou des albums jeunesse dans le cadre de la formation des ASSP.<\/p>\n<\/div><\/div>\n\n\n\n<h4 class=\"wp-block-heading\">D\u00e9velopper l\u2019esprit critique et la capacit\u00e9 d\u2019analyse<\/h4>\n\n\n\n<div class=\"wp-block-media-text alignwide is-stacked-on-mobile\" style=\"grid-template-columns:26% auto\"><figure class=\"wp-block-media-text__media\"><img decoding=\"async\" src=\"https:\/\/static.fnac-static.com\/multimedia\/Images\/FR\/NR\/99\/0e\/82\/8523417\/1540-1\/tsp20210112083638\/Tous-migrants.jpg\" alt=\"Tous migrants !\"\/><\/figure><div class=\"wp-block-media-text__content\">\n<p class=\"has-normal-font-size\">Des expositions itin\u00e9rantes sont aussi accueillis au CDI: La premi\u00e8re de <em>Cartooning For Peace<\/em> est celle consacr\u00e9e aux Dessins de Presse sur la question des migrants: Comment analyser et comprendre un dessin de presse? Surquels proc\u00e9d\u00e9s fonctionne-t-il ?<\/p>\n<\/div><\/div>\n\n\n\n<h4 class=\"wp-block-heading\">Pratiquer l\u2019oral et d\u00e9couvrir un m\u00e9dia radiophonique<\/h4>\n\n\n\n<div class=\"wp-block-media-text alignwide has-media-on-the-right is-stacked-on-mobile\" style=\"grid-template-columns:auto 22%\"><figure class=\"wp-block-media-text__media\"><img loading=\"lazy\" decoding=\"async\" width=\"215\" height=\"288\" src=\"https:\/\/lyceedalembert.paris\/wp-content\/uploads\/2021\/01\/image-2.png\" alt=\"\" class=\"wp-image-6070 size-full\"\/><\/figure><div class=\"wp-block-media-text__content\">\n<p class=\"has-normal-font-size\">Cette ann\u00e9e une classe de 1SPVL a visiter et animer une \u00e9mission radiophonique \u00e0 Radio Campus: une immersion de trois heures dans leur locaux pour d\u00e9couvrir le fonctionnement et la fabrication d\u2019une \u00e9mission&#8230;Belle exp\u00e9rience qui a r\u00e9v\u00e9l\u00e9 plus d\u2019un talent&#8230;.<\/p>\n\n\n\n<figure class=\"wp-block-embed is-type-wp-embed is-provider-radio-campus-paris wp-block-embed-radio-campus-paris\"><div class=\"wp-block-embed__wrapper\">\nhttps:\/\/www.radiocampusparis.org\/a-vous-les-studios-lycee-dalembert\/\n<\/div><figcaption>La version Podcast&#8230;<\/figcaption><\/figure>\n\n\n\n<figure class=\"wp-block-embed is-type-video is-provider-youtube wp-block-embed-youtube wp-embed-aspect-16-9 wp-has-aspect-ratio\"><div class=\"wp-block-embed__wrapper\">\n<div class=\"video\"><iframe loading=\"lazy\" title=\"Radio campus SPVL_d&#039;Alembert\" width=\"640\" height=\"360\" src=\"https:\/\/www.youtube.com\/embed\/rh2s1_Iu_Tw?feature=oembed\" frameborder=\"0\" allow=\"accelerometer; autoplay; clipboard-write; encrypted-media; gyroscope; picture-in-picture; web-share\" referrerpolicy=\"strict-origin-when-cross-origin\" allowfullscreen><\/iframe><\/div>\n<\/div><figcaption>Classe de SPVL \u00e0 Radio Campus en vid\u00e9o&#8230;<\/figcaption><\/figure>\n<\/div><\/div>\n\n\n\n<h3 class=\"wp-block-heading\">LES PARTENARIATS CULTURELS<\/h3>\n\n\n\n<p><strong>TOUS EN SCENE AVEC&#8230;.<\/strong><\/p>\n\n\n\n<div class=\"wp-block-media-text alignwide is-stacked-on-mobile\" style=\"grid-template-columns:17% auto\"><figure class=\"wp-block-media-text__media\"><img loading=\"lazy\" decoding=\"async\" width=\"178\" height=\"135\" src=\"https:\/\/lyceedalembert.paris\/wp-content\/uploads\/2021\/01\/image-3.png\" alt=\"\" class=\"wp-image-6076 size-full\"\/><\/figure><div class=\"wp-block-media-text__content\">\n<p class=\"has-normal-font-size\">Chaque ann\u00e9e \u00e0 l\u2019initiative de leur professeur d\u2019anglais des \u00e9l\u00e8ves de BTS et de ST2S vont d\u00e9couvrir des pi\u00e8ces \u00e0 <em>la Com\u00e9dieFran\u00e7aise<\/em> et au <em>104<\/em> parce que voir et entendre le th\u00e9\u00e2tre c\u2019est aussi s\u2019ouvrir \u00e0 un autre regard sur la monde: que ce soit des pi\u00e8ces classiques ou contemporaines..<\/p>\n<\/div><\/div>\n\n\n\n<p><\/p>\n\n\n\n<div class=\"wp-block-media-text alignwide has-media-on-the-right is-stacked-on-mobile is-vertically-aligned-center\" style=\"grid-template-columns:auto 21%\"><figure class=\"wp-block-media-text__media\"><img loading=\"lazy\" decoding=\"async\" width=\"230\" height=\"132\" src=\"https:\/\/lyceedalembert.paris\/wp-content\/uploads\/2021\/01\/image-4.png\" alt=\"\" class=\"wp-image-6080 size-full\"\/><\/figure><div class=\"wp-block-media-text__content\">\n<p class=\"has-normal-font-size\">Chaque ann\u00e9e, la Villette nous accueille pour les journ\u00e9es d\u2019int\u00e9gration des secondes: visite du parc, pratique d\u2019atelier cirque, histoire de l\u2019ancienne Halle\u2026Et puis des spectacles: danses, cirque au choix pour d\u00e9couvrir les arts vivants\u2026.<\/p>\n<\/div><\/div>\n\n\n\n<div class=\"wp-block-columns is-layout-flex wp-container-core-columns-is-layout-9d6595d7 wp-block-columns-is-layout-flex\">\n<div class=\"wp-block-column is-layout-flow wp-block-column-is-layout-flow\" style=\"flex-basis:100%\">\n<div class=\"wp-block-media-text alignwide is-stacked-on-mobile\" style=\"grid-template-columns:20% auto\"><figure class=\"wp-block-media-text__media\"><img loading=\"lazy\" decoding=\"async\" width=\"140\" height=\"122\" src=\"https:\/\/lyceedalembert.paris\/wp-content\/uploads\/2021\/01\/image-5.png\" alt=\"\" class=\"wp-image-6083 size-full\"\/><\/figure><div class=\"wp-block-media-text__content\">\n<p class=\"has-normal-font-size\">Le dispositif Lyc\u00e9ens au Cin\u00e9ma permet aux \u00e9l\u00e8ves de d\u00e9couvrir et d\u2019analyser des films qui ont marqu\u00e9 l\u2019histoire du cin\u00e9ma.<\/p>\n<\/div><\/div>\n<\/div>\n<\/div>\n\n\n\n<div class=\"wp-block-image\"><figure class=\"aligncenter size-large\"><img loading=\"lazy\" decoding=\"async\" width=\"180\" height=\"265\" src=\"https:\/\/lyceedalembert.paris\/wp-content\/uploads\/2021\/01\/image-7.png\" alt=\"\" class=\"wp-image-6087\"\/><\/figure><\/div>\n\n\n\n<p class=\"has-text-align-center\">De nombreux autres projets permettent aux \u00e9l\u00e8ves des diff\u00e9rentes classes et niveaux de participer \u00e0 des \u00e9v\u00e9nements ponctuels ou sur la dur\u00e9e dans le soucis d\u2019une formation de qualit\u00e9:<\/p>\n","protected":false},"excerpt":{"rendered":"<p>Parce que l\u2019\u00e9ducation artistique et culturelle est pour nous une priorit\u00e9, de nombreux partenariats avec des structures culturelles existent entre le lyc\u00e9e, des professeurs et le CDI car l\u2019ouverture culturelle participe au d\u00e9veloppement de l\u2019esprit critique et cr\u00e9atif: le 104, la Com\u00e9die Fran\u00e7aise,La Villette,Lyc\u00e9ens au cin\u00e9ma, les biblioth\u00e8ques de la Ville de Paris&#8230; Promouvoir la lecture Afin de favoriser la lecture et la cr\u00e9ativit\u00e9 de jeunes \u00e9crivains, chaque ann\u00e9e des lyc\u00e9ens lisent des nouvelles \u00e9crites par de jeunes \u00e9crivains et&hellip;<\/p>\n","protected":false},"author":1,"featured_media":0,"parent":0,"menu_order":0,"comment_status":"closed","ping_status":"closed","template":"","meta":{"footnotes":""},"class_list":["post-4941","page","type-page","status-publish","hentry"],"_links":{"self":[{"href":"https:\/\/lyceedalembert.paris\/index.php\/wp-json\/wp\/v2\/pages\/4941","targetHints":{"allow":["GET"]}}],"collection":[{"href":"https:\/\/lyceedalembert.paris\/index.php\/wp-json\/wp\/v2\/pages"}],"about":[{"href":"https:\/\/lyceedalembert.paris\/index.php\/wp-json\/wp\/v2\/types\/page"}],"author":[{"embeddable":true,"href":"https:\/\/lyceedalembert.paris\/index.php\/wp-json\/wp\/v2\/users\/1"}],"replies":[{"embeddable":true,"href":"https:\/\/lyceedalembert.paris\/index.php\/wp-json\/wp\/v2\/comments?post=4941"}],"version-history":[{"count":31,"href":"https:\/\/lyceedalembert.paris\/index.php\/wp-json\/wp\/v2\/pages\/4941\/revisions"}],"predecessor-version":[{"id":6575,"href":"https:\/\/lyceedalembert.paris\/index.php\/wp-json\/wp\/v2\/pages\/4941\/revisions\/6575"}],"wp:attachment":[{"href":"https:\/\/lyceedalembert.paris\/index.php\/wp-json\/wp\/v2\/media?parent=4941"}],"curies":[{"name":"wp","href":"https:\/\/api.w.org\/{rel}","templated":true}]}}