{"id":4951,"date":"2019-09-18T09:25:45","date_gmt":"2019-09-18T08:25:45","guid":{"rendered":"http:\/\/lyceedalembert.paris\/?page_id=4951"},"modified":"2021-03-17T09:30:54","modified_gmt":"2021-03-17T08:30:54","slug":"semainedelapresse","status":"publish","type":"page","link":"https:\/\/lyceedalembert.paris\/index.php\/semainedelapresse\/","title":{"rendered":"Semaine de la Presse et des M\u00e9dias"},"content":{"rendered":"<div>Comme chaque ann\u00e9e le CDI s&rsquo;associe \u00e0 la <strong><span style=\"color: #ff0000;\">Semaine de la Presse et des M\u00e9dias<\/span><\/strong> qui aura lieu <strong>du 22 au 27 mars 2021<\/strong> avec comme th\u00e8me <i>S&rsquo;informer pour comprendre le monde.<\/i><\/div>\n<div>&nbsp;<\/div>\n<div>&nbsp;L&rsquo;objectif ?<\/div>\n<div>&nbsp;<\/div>\n<div>Former les \u00e9l\u00e8ves \u00e0 l&rsquo;esprit critique, les amener \u00e0 s&rsquo;interroger sur l&rsquo;importance du r\u00f4le de la presse dans une d\u00e9mocratie, rep\u00e9rer les fausses informations&#8230;<i>.<\/i><\/div>\n<p><\/p>\n\n\n<figure class=\"wp-block-image size-large\"><img loading=\"lazy\" decoding=\"async\" width=\"1024\" height=\"576\" src=\"https:\/\/lyceedalembert.paris\/wp-content\/uploads\/2021\/03\/SPME-2-1024x576.jpg\" alt=\"\" class=\"wp-image-6200\" srcset=\"https:\/\/lyceedalembert.paris\/wp-content\/uploads\/2021\/03\/SPME-2-1024x576.jpg 1024w, https:\/\/lyceedalembert.paris\/wp-content\/uploads\/2021\/03\/SPME-2-300x169.jpg 300w, https:\/\/lyceedalembert.paris\/wp-content\/uploads\/2021\/03\/SPME-2-768x432.jpg 768w, https:\/\/lyceedalembert.paris\/wp-content\/uploads\/2021\/03\/SPME-2-180x100.jpg 180w, https:\/\/lyceedalembert.paris\/wp-content\/uploads\/2021\/03\/SPME-2.jpg 1200w\" sizes=\"auto, (max-width: 1024px) 100vw, 1024px\" \/><\/figure>\n","protected":false},"excerpt":{"rendered":"<p>Comme chaque ann\u00e9e le CDI s&rsquo;associe \u00e0 la Semaine de la Presse et des M\u00e9dias qui aura lieu du 22 au 27 mars 2021 avec comme th\u00e8me S&rsquo;informer pour comprendre le monde. &nbsp; &nbsp;L&rsquo;objectif ? &nbsp; Former les \u00e9l\u00e8ves \u00e0 l&rsquo;esprit critique, les amener \u00e0 s&rsquo;interroger sur l&rsquo;importance du r\u00f4le de la presse dans une d\u00e9mocratie, rep\u00e9rer les fausses informations&#8230;.<\/p>\n","protected":false},"author":1,"featured_media":6205,"parent":0,"menu_order":0,"comment_status":"closed","ping_status":"closed","template":"","meta":{"footnotes":""},"class_list":["post-4951","page","type-page","status-publish","has-post-thumbnail","hentry","post-has-thumbnail"],"_links":{"self":[{"href":"https:\/\/lyceedalembert.paris\/index.php\/wp-json\/wp\/v2\/pages\/4951","targetHints":{"allow":["GET"]}}],"collection":[{"href":"https:\/\/lyceedalembert.paris\/index.php\/wp-json\/wp\/v2\/pages"}],"about":[{"href":"https:\/\/lyceedalembert.paris\/index.php\/wp-json\/wp\/v2\/types\/page"}],"author":[{"embeddable":true,"href":"https:\/\/lyceedalembert.paris\/index.php\/wp-json\/wp\/v2\/users\/1"}],"replies":[{"embeddable":true,"href":"https:\/\/lyceedalembert.paris\/index.php\/wp-json\/wp\/v2\/comments?post=4951"}],"version-history":[{"count":5,"href":"https:\/\/lyceedalembert.paris\/index.php\/wp-json\/wp\/v2\/pages\/4951\/revisions"}],"predecessor-version":[{"id":6208,"href":"https:\/\/lyceedalembert.paris\/index.php\/wp-json\/wp\/v2\/pages\/4951\/revisions\/6208"}],"wp:featuredmedia":[{"embeddable":true,"href":"https:\/\/lyceedalembert.paris\/index.php\/wp-json\/wp\/v2\/media\/6205"}],"wp:attachment":[{"href":"https:\/\/lyceedalembert.paris\/index.php\/wp-json\/wp\/v2\/media?parent=4951"}],"curies":[{"name":"wp","href":"https:\/\/api.w.org\/{rel}","templated":true}]}}