{"id":4962,"date":"2025-03-19T11:35:59","date_gmt":"2025-03-19T10:35:59","guid":{"rendered":"http:\/\/lyceedalembert.paris\/?page_id=4962"},"modified":"2025-03-19T11:36:53","modified_gmt":"2025-03-19T10:36:53","slug":"mode-art","status":"publish","type":"page","link":"https:\/\/lyceedalembert.paris\/index.php\/mode-art\/","title":{"rendered":"M\u00e9tiers du cuir"},"content":{"rendered":"\n<p>Le lyc\u00e9e d\u2019Alembert forme \u00e0 diff\u00e9rents m\u00e9tiers du cuir<\/p>\n\n\n\n<figure class=\"wp-block-embed is-type-video is-provider-youtube wp-block-embed-youtube wp-embed-aspect-16-9 wp-has-aspect-ratio\"><div class=\"wp-block-embed__wrapper\">\n<div class=\"video\"><iframe loading=\"lazy\" title=\"SPF Film Etablissement 11   CHAUSSURES   Lyc\u00e9e D\u2019Alembert 1920x1080\" width=\"640\" height=\"360\" src=\"https:\/\/www.youtube.com\/embed\/an48Ki-rSuI?feature=oembed\" frameborder=\"0\" allow=\"accelerometer; autoplay; clipboard-write; encrypted-media; gyroscope; picture-in-picture; web-share\" referrerpolicy=\"strict-origin-when-cross-origin\" allowfullscreen><\/iframe><\/div>\n<\/div><figcaption class=\"wp-element-caption\"><br>Nos formations au lyc\u00e9e d&rsquo;Alembert :<\/figcaption><\/figure>\n\n\n\n<ul class=\"wp-block-list\">\n<li><a href=\"https:\/\/lyceedalembert.paris\/index.php\/cap-cordo-2\/\">CAP Cordonnerie et Multiservice<\/a> ,<\/li>\n<\/ul>\n\n\n\n<ul class=\"wp-block-list\">\n<li><a href=\"https:\/\/lyceedalembert.paris\/index.php\/bts-mmcm-3\/\">BTS M\u00e9tiers de la Mode \u2013 Chaussures et Maroquinerie<\/a>.<\/li>\n<\/ul>\n\n\n\n<p><\/p>\n","protected":false},"excerpt":{"rendered":"<p>Le lyc\u00e9e d\u2019Alembert forme \u00e0 diff\u00e9rents m\u00e9tiers du cuir<\/p>\n","protected":false},"author":1,"featured_media":0,"parent":0,"menu_order":0,"comment_status":"closed","ping_status":"closed","template":"","meta":{"footnotes":""},"class_list":["post-4962","page","type-page","status-publish","hentry"],"_links":{"self":[{"href":"https:\/\/lyceedalembert.paris\/index.php\/wp-json\/wp\/v2\/pages\/4962","targetHints":{"allow":["GET"]}}],"collection":[{"href":"https:\/\/lyceedalembert.paris\/index.php\/wp-json\/wp\/v2\/pages"}],"about":[{"href":"https:\/\/lyceedalembert.paris\/index.php\/wp-json\/wp\/v2\/types\/page"}],"author":[{"embeddable":true,"href":"https:\/\/lyceedalembert.paris\/index.php\/wp-json\/wp\/v2\/users\/1"}],"replies":[{"embeddable":true,"href":"https:\/\/lyceedalembert.paris\/index.php\/wp-json\/wp\/v2\/comments?post=4962"}],"version-history":[{"count":6,"href":"https:\/\/lyceedalembert.paris\/index.php\/wp-json\/wp\/v2\/pages\/4962\/revisions"}],"predecessor-version":[{"id":8979,"href":"https:\/\/lyceedalembert.paris\/index.php\/wp-json\/wp\/v2\/pages\/4962\/revisions\/8979"}],"wp:attachment":[{"href":"https:\/\/lyceedalembert.paris\/index.php\/wp-json\/wp\/v2\/media?parent=4962"}],"curies":[{"name":"wp","href":"https:\/\/api.w.org\/{rel}","templated":true}]}}