{"id":4964,"date":"2025-09-10T07:55:08","date_gmt":"2025-09-10T06:55:08","guid":{"rendered":"http:\/\/lyceedalembert.paris\/?page_id=4964"},"modified":"2025-09-10T07:55:09","modified_gmt":"2025-09-10T06:55:09","slug":"paramedical","status":"publish","type":"page","link":"https:\/\/lyceedalembert.paris\/index.php\/paramedical\/","title":{"rendered":"Param\u00e9dical"},"content":{"rendered":"\n<p>Le lyc\u00e9e d\u2019Alembert forme aux m\u00e9tiers param\u00e9dicaux suivants :<\/p>\n\n\n\n<ul class=\"wp-block-list\">\n<li>Orthoproth\u00e9siste;<\/li>\n\n\n\n<li>Podo-orth\u00e9siste;<\/li>\n\n\n\n<li><a href=\"https:\/\/lyceedalembert.paris\/index.php\/auxiliaire-de-puericulture-2\/\" target=\"_blank\" rel=\"noreferrer noopener\">Auxiliaire de pu\u00e9riculture<\/a>.<\/li>\n<\/ul>\n\n\n\n<p>Les dipl\u00f4mes dispens\u00e9es sont : <em>(cliquer sur le dipl\u00f4me pour ouvrir la page d&rsquo;information)<\/em><\/p>\n\n\n\n<figure class=\"wp-block-table is-style-stripes\"><table><tbody><tr><td><a href=\"https:\/\/lyceedalembert.paris\/index.php\/cap-prothese-3\/\">CAP Ortho-proth\u00e9siste<\/a><\/td><td><a href=\"https:\/\/lyceedalembert.paris\/index.php\/cap-podo-3\/\">CAP Podo-Orth\u00e9siste<\/a><\/td><\/tr><tr><td><a href=\"https:\/\/lyceedalembert.paris\/index.php\/technicien-appareillage-orthopedique\/\">BAC PRO TAO<\/a><\/td><td><a href=\"https:\/\/lyceedalembert.paris\/index.php\/tao\/\">BAC PRO TAO<\/a><\/td><\/tr><tr><td><a href=\"https:\/\/lyceedalembert.paris\/index.php\/bts-prothese-2\/\">BTS Proth\u00e9siste-Orth\u00e9siste<\/a><\/td><td><a href=\"https:\/\/lyceedalembert.paris\/index.php\/bts-podo-2\/\">BTS Podo-Orth\u00e9siste<\/a><\/td><\/tr><tr><td><a href=\"https:\/\/lyceedalembert.paris\/index.php\/bts-prothesiste-orthesiste-en-apprentissage\/\" target=\"_blank\" rel=\"noreferrer noopener\">BTS Proth\u00e9siste-orth\u00e9siste en alternance<\/a><\/td><td><a href=\"https:\/\/lyceedalembert.paris\/index.php\/auxiliaire-de-puericulture\/\">Auxiliaire de pu\u00e9riculture (apprentissage)<\/a><\/td><\/tr><\/tbody><\/table><\/figure>\n\n\n\n<p><\/p>\n","protected":false},"excerpt":{"rendered":"<p>Le lyc\u00e9e d\u2019Alembert forme aux m\u00e9tiers param\u00e9dicaux suivants : Les dipl\u00f4mes dispens\u00e9es sont : (cliquer sur le dipl\u00f4me pour ouvrir la page d&rsquo;information) CAP Ortho-proth\u00e9siste CAP Podo-Orth\u00e9siste BAC PRO TAO BAC PRO TAO BTS Proth\u00e9siste-Orth\u00e9siste BTS Podo-Orth\u00e9siste BTS Proth\u00e9siste-orth\u00e9siste en alternance Auxiliaire de pu\u00e9riculture (apprentissage)<\/p>\n","protected":false},"author":1,"featured_media":0,"parent":0,"menu_order":0,"comment_status":"closed","ping_status":"closed","template":"","meta":{"footnotes":""},"class_list":["post-4964","page","type-page","status-publish","hentry"],"_links":{"self":[{"href":"https:\/\/lyceedalembert.paris\/index.php\/wp-json\/wp\/v2\/pages\/4964","targetHints":{"allow":["GET"]}}],"collection":[{"href":"https:\/\/lyceedalembert.paris\/index.php\/wp-json\/wp\/v2\/pages"}],"about":[{"href":"https:\/\/lyceedalembert.paris\/index.php\/wp-json\/wp\/v2\/types\/page"}],"author":[{"embeddable":true,"href":"https:\/\/lyceedalembert.paris\/index.php\/wp-json\/wp\/v2\/users\/1"}],"replies":[{"embeddable":true,"href":"https:\/\/lyceedalembert.paris\/index.php\/wp-json\/wp\/v2\/comments?post=4964"}],"version-history":[{"count":9,"href":"https:\/\/lyceedalembert.paris\/index.php\/wp-json\/wp\/v2\/pages\/4964\/revisions"}],"predecessor-version":[{"id":9261,"href":"https:\/\/lyceedalembert.paris\/index.php\/wp-json\/wp\/v2\/pages\/4964\/revisions\/9261"}],"wp:attachment":[{"href":"https:\/\/lyceedalembert.paris\/index.php\/wp-json\/wp\/v2\/media?parent=4964"}],"curies":[{"name":"wp","href":"https:\/\/api.w.org\/{rel}","templated":true}]}}