{"id":4966,"date":"2025-03-16T15:55:03","date_gmt":"2025-03-16T14:55:03","guid":{"rendered":"http:\/\/lyceedalembert.paris\/?page_id=4966"},"modified":"2025-03-16T15:55:19","modified_gmt":"2025-03-16T14:55:19","slug":"social","status":"publish","type":"page","link":"https:\/\/lyceedalembert.paris\/index.php\/social\/","title":{"rendered":"Sanitaire et social"},"content":{"rendered":"\n<p>Le lyc\u00e9e d&rsquo;Alembert permet diff\u00e9rentes formations pour les m\u00e9tiers de la Sant\u00e9 et du Social.<\/p>\n\n\n\n<p>Les formations dispens\u00e9es sont: <em>(cliquer sur la formation d\u00e9sir\u00e9e pour afficher les informations)<\/em><\/p>\n\n\n\n<ul class=\"wp-block-list\">\n<li><a href=\"https:\/\/lyceedalembert.paris\/index.php\/assp\/\" target=\"_blank\" rel=\"noreferrer noopener\">BAC PRO ASSP (Accompagnement Soins et Services \u00e0 la Personne)<\/a>;<\/li>\n<\/ul>\n\n\n\n<ul class=\"wp-block-list\">\n<li><a href=\"https:\/\/lyceedalembert.paris\/index.php\/animation-enfance-personnesagees\/\" target=\"_blank\" rel=\"noreferrer noopener\">BAC PRO animation \u00ab\u00a0enfance et personnes \u00e2g\u00e9es\u00a0\u00bb<\/a>;<\/li>\n<\/ul>\n\n\n\n<ul class=\"wp-block-list\">\n<li><a href=\"https:\/\/lyceedalembert.paris\/index.php\/bac-st2s-2\/\" target=\"_blank\" rel=\"noreferrer noopener\">BAC ST2S<\/a>;<\/li>\n<\/ul>\n\n\n\n<ul class=\"wp-block-list\">\n<li><a href=\"https:\/\/lyceedalembert.paris\/index.php\/bts-economie-sociale-familiale\/\" target=\"_blank\" rel=\"noreferrer noopener\">BTS Economie Sociale et Familiale (ESF)<\/a>;<\/li>\n<\/ul>\n\n\n\n<ul class=\"wp-block-list\">\n<li><a href=\"https:\/\/lyceedalembert.paris\/index.php\/de-me-2\/\" target=\"_blank\" rel=\"noreferrer noopener\">Dipl\u00f4me d\u2019\u00c9tat Moniteur \u00c9ducateur<\/a>.<\/li>\n<\/ul>\n","protected":false},"excerpt":{"rendered":"<p>Le lyc\u00e9e d&rsquo;Alembert permet diff\u00e9rentes formations pour les m\u00e9tiers de la Sant\u00e9 et du Social. Les formations dispens\u00e9es sont: (cliquer sur la formation d\u00e9sir\u00e9e pour afficher les informations)<\/p>\n","protected":false},"author":1,"featured_media":0,"parent":0,"menu_order":0,"comment_status":"closed","ping_status":"closed","template":"","meta":{"footnotes":""},"class_list":["post-4966","page","type-page","status-publish","hentry"],"_links":{"self":[{"href":"https:\/\/lyceedalembert.paris\/index.php\/wp-json\/wp\/v2\/pages\/4966","targetHints":{"allow":["GET"]}}],"collection":[{"href":"https:\/\/lyceedalembert.paris\/index.php\/wp-json\/wp\/v2\/pages"}],"about":[{"href":"https:\/\/lyceedalembert.paris\/index.php\/wp-json\/wp\/v2\/types\/page"}],"author":[{"embeddable":true,"href":"https:\/\/lyceedalembert.paris\/index.php\/wp-json\/wp\/v2\/users\/1"}],"replies":[{"embeddable":true,"href":"https:\/\/lyceedalembert.paris\/index.php\/wp-json\/wp\/v2\/comments?post=4966"}],"version-history":[{"count":11,"href":"https:\/\/lyceedalembert.paris\/index.php\/wp-json\/wp\/v2\/pages\/4966\/revisions"}],"predecessor-version":[{"id":8975,"href":"https:\/\/lyceedalembert.paris\/index.php\/wp-json\/wp\/v2\/pages\/4966\/revisions\/8975"}],"wp:attachment":[{"href":"https:\/\/lyceedalembert.paris\/index.php\/wp-json\/wp\/v2\/media?parent=4966"}],"curies":[{"name":"wp","href":"https:\/\/api.w.org\/{rel}","templated":true}]}}