{"id":531,"date":"2022-10-05T15:08:20","date_gmt":"2022-10-05T14:08:20","guid":{"rendered":"http:\/\/localhost\/lyceedalembert\/?page_id=531"},"modified":"2023-09-18T07:28:59","modified_gmt":"2023-09-18T06:28:59","slug":"offre-demploi-lycee-dalembert","status":"publish","type":"page","link":"https:\/\/lyceedalembert.paris\/index.php\/offre-demploi-lycee-dalembert\/","title":{"rendered":"Offres d&#8217;emploi"},"content":{"rendered":"\n<h3 class=\"wp-block-heading has-text-align-center has-medium-font-size\">Le lyc\u00e9e d&rsquo;Alembert propose de diffuser les offres d&#8217;emploi des entreprises en direction des \u00e9l\u00e8ves de CAP \/ Bac pro ainsi que les \u00e9tudiants BTS.<\/h3>\n\n\n\n<p class=\"has-medium-font-size\"> L&rsquo;annonce est automatiquement supprim\u00e9e apr\u00e8s 6 mois de diffusion.<\/p>\n\n\n\n<p class=\"has-medium-font-size\">Vous pouvez contacter et\/ou envoyer votre offre d&#8217;emploi \u00e0 Mme Corinne CHARRIAL, DDFPT (Directrice D\u00e9l\u00e9gu\u00e9e aux Formations Professionnelles et Technologiques (Ex chef de travaux))<\/p>\n\n\n\n<p class=\"has-text-align-center has-vivid-red-color has-text-color has-large-font-size\"><strong>@ :<\/strong>&nbsp;Corinne.Charrial@ac-paris.fr<\/p>\n\n\n\n<p class=\"has-text-align-center has-large-font-size\"><strong>T\u00e9l\u00e9phone :<\/strong> <span style=\"color: #ff0000;\">01.42.08.04.10<\/span><\/p>\n\n\n\n<p><\/p>\n","protected":false},"excerpt":{"rendered":"<p>Le lyc\u00e9e d&rsquo;Alembert propose de diffuser les offres d&#8217;emploi des entreprises en direction des \u00e9l\u00e8ves de CAP \/ Bac pro ainsi que les \u00e9tudiants BTS. L&rsquo;annonce est automatiquement supprim\u00e9e apr\u00e8s 6 mois de diffusion. Vous pouvez contacter et\/ou envoyer votre offre d&#8217;emploi \u00e0 Mme Corinne CHARRIAL, DDFPT (Directrice D\u00e9l\u00e9gu\u00e9e aux Formations Professionnelles et Technologiques (Ex chef de travaux)) @ :&nbsp;Corinne.Charrial@ac-paris.fr T\u00e9l\u00e9phone : 01.42.08.04.10<\/p>\n","protected":false},"author":1,"featured_media":0,"parent":0,"menu_order":0,"comment_status":"closed","ping_status":"closed","template":"","meta":{"footnotes":""},"class_list":["post-531","page","type-page","status-publish","hentry"],"_links":{"self":[{"href":"https:\/\/lyceedalembert.paris\/index.php\/wp-json\/wp\/v2\/pages\/531","targetHints":{"allow":["GET"]}}],"collection":[{"href":"https:\/\/lyceedalembert.paris\/index.php\/wp-json\/wp\/v2\/pages"}],"about":[{"href":"https:\/\/lyceedalembert.paris\/index.php\/wp-json\/wp\/v2\/types\/page"}],"author":[{"embeddable":true,"href":"https:\/\/lyceedalembert.paris\/index.php\/wp-json\/wp\/v2\/users\/1"}],"replies":[{"embeddable":true,"href":"https:\/\/lyceedalembert.paris\/index.php\/wp-json\/wp\/v2\/comments?post=531"}],"version-history":[{"count":15,"href":"https:\/\/lyceedalembert.paris\/index.php\/wp-json\/wp\/v2\/pages\/531\/revisions"}],"predecessor-version":[{"id":8041,"href":"https:\/\/lyceedalembert.paris\/index.php\/wp-json\/wp\/v2\/pages\/531\/revisions\/8041"}],"wp:attachment":[{"href":"https:\/\/lyceedalembert.paris\/index.php\/wp-json\/wp\/v2\/media?parent=531"}],"curies":[{"name":"wp","href":"https:\/\/api.w.org\/{rel}","templated":true}]}}