{"id":5380,"date":"2019-12-11T14:33:52","date_gmt":"2019-12-11T13:33:52","guid":{"rendered":"http:\/\/lyceedalembert.paris\/?page_id=5380"},"modified":"2022-12-05T15:48:43","modified_gmt":"2022-12-05T14:48:43","slug":"erasmus","status":"publish","type":"page","link":"https:\/\/lyceedalembert.paris\/index.php\/actualites\/erasmus\/erasmus\/","title":{"rendered":"ERASMUS +"},"content":{"rendered":"\n<h1 class=\"wp-block-heading\"><mark style=\"background-color:rgba(0, 0, 0, 0)\" class=\"has-inline-color has-luminous-vivid-orange-color\"><strong>ERASMUS +<\/strong><\/mark><\/h1>\n\n\n\n<div class=\"wp-block-group\"><div class=\"wp-block-group__inner-container is-layout-flow wp-block-group-is-layout-flow\">\n<div class=\"wp-block-columns is-layout-flex wp-container-core-columns-is-layout-9d6595d7 wp-block-columns-is-layout-flex\">\n<div class=\"wp-block-column is-layout-flow wp-block-column-is-layout-flow\" style=\"flex-basis:100%\">\n<div class=\"wp-block-columns is-layout-flex wp-container-core-columns-is-layout-9d6595d7 wp-block-columns-is-layout-flex\">\n<div class=\"wp-block-column is-layout-flow wp-block-column-is-layout-flow\" style=\"flex-basis:100%\">\n<div class=\"wp-block-columns is-layout-flex wp-container-core-columns-is-layout-9d6595d7 wp-block-columns-is-layout-flex\">\n<div class=\"wp-block-column is-layout-flow wp-block-column-is-layout-flow\">\n<p><em><strong><span class=\"has-inline-color has-vivid-red-color\">LET&rsquo;S STOP BULLYING TOGETHER&nbsp;:<\/span><\/strong><\/em><\/p>\n\n\n\n<p><strong><a href=\"https:\/\/lets-stop-bullying-together.eu\/index.php\" target=\"_blank\" rel=\"noreferrer noopener\">Site officiel du projet<\/a><\/strong><\/p>\n\n\n\n<p>Pour ce projet notre lyc\u00e9e rejoint d\u2019autres \u00e9tablissements d\u2019Autriche, d\u2019Italie, de Gr\u00e8ce, d\u2019Espagne et de Portugal pour la lutte contre la cyber-harc\u00e8lement. Il vise l\u2019acquisition de comp\u00e9tences sociales, civiques et interculturelles afin de promouvoir \u00e9nergiquement les valeurs d\u00e9mocratiques, les droits fondamentaux ainsi que la citoyennet\u00e9 active. Le pays organisateur est l\u2019Autriche.<\/p>\n\n\n\n<p><mark style=\"background-color:rgba(0, 0, 0, 0)\" class=\"has-inline-color has-luminous-vivid-orange-color\"><a href=\"https:\/\/lyceedalembert.paris\/index.php\/video-projet-stop-bullying-together\/\" target=\"_blank\" rel=\"noreferrer noopener\">Voir les vid\u00e9os du projet<\/a> <\/mark><\/p>\n\n\n\n<p><a href=\"https:\/\/lyceedalembert.paris\/index.php\/category\/lets-stop-bullying-together\/\" target=\"_blank\" rel=\"noreferrer noopener\">Lire les articles du projet<\/a><\/p>\n\n\n<a href=\"https:\/\/lyceedalembert.paris\/wp-content\/uploads\/2022\/12\/Guidebook_students_Dalembert_Paris.pdf\" class=\"pdfemb-viewer\" style=\"\" data-width=\"max\" data-height=\"max\" data-toolbar=\"bottom\" data-toolbar-fixed=\"off\">Guidebook_students_Dalembert_Paris<\/a>\n<p class=\"wp-block-pdfemb-pdf-embedder-viewer\"><\/p>\n<\/div>\n\n\n\n<div class=\"wp-block-column is-layout-flow wp-block-column-is-layout-flow\">\n<h4 class=\"wp-block-heading\"><mark style=\"background-color:rgba(0, 0, 0, 0)\" class=\"has-inline-color has-vivid-red-color\"><em><strong>LES VALEURS EUROP\u00c9ENNES PAR LE BIAIS D\u2019OUVRAGES NUM\u00c9RIQUES<\/strong><\/em> :<\/mark><\/h4>\n\n\n\n<p>Le deuxi\u00e8me pr\u00e9voit la mise en place dans diff\u00e9rents pays partenaires : Bulgarie, Belgique, Autriche, Roumanie et la France, d\u2019actions concernant les valeurs europ\u00e9ennes, l\u2019h\u00e9ritage mat\u00e9riel, l\u2019h\u00e9ritage immat\u00e9riel et l\u2019inclusion scolaire.<\/p>\n\n\n\n<p>Ce  projet permet de d\u00e9velopper les \u00e9changes et la coop\u00e9ration entre les  \u00e9tablissements scolaires, afin de favoriser le d\u00e9veloppement personnel  des apprenants et de leurs comp\u00e9tences \u2013 sociales et linguistiques, tout  en int\u00e9grant les notions de citoyennet\u00e9 europ\u00e9enne et de  multiculturalisme.<\/p>\n\n\n\n<p>Ces  deux projets permettront la d\u00e9couverte des diff\u00e9rents pays europ\u00e9ens,  leur culture et le syst\u00e8me d\u2019\u00e9ducation \u00e0 travers diff\u00e9rentes activit\u00e9s  r\u00e9alis\u00e9es en commun et aux mobilit\u00e9s des enseignants et d\u2019\u00e9l\u00e8ves dans  ces pays.<\/p>\n\n\n\n<p> Pendant  ces deux ann\u00e9es de projet, 32 \u00e9l\u00e8ves du Lyc\u00e9e D\u2019Alembert et 14  enseignants ont l\u2019occasion d\u2019effectuer un s\u00e9jour d\u2019une semaine dans les  pays partenaires, pour renforcer leurs comp\u00e9tences et augmenter leur  chance d\u2019employabilit\u00e9. <\/p>\n<\/div>\n<\/div>\n<\/div>\n<\/div>\n<\/div>\n<\/div>\n<\/div><\/div>\n","protected":false},"excerpt":{"rendered":"<p>ERASMUS + LET&rsquo;S STOP BULLYING TOGETHER&nbsp;: Site officiel du projet Pour ce projet notre lyc\u00e9e rejoint d\u2019autres \u00e9tablissements d\u2019Autriche, d\u2019Italie, de Gr\u00e8ce, d\u2019Espagne et de Portugal pour la lutte contre la cyber-harc\u00e8lement. Il vise l\u2019acquisition de comp\u00e9tences sociales, civiques et interculturelles afin de promouvoir \u00e9nergiquement les valeurs d\u00e9mocratiques, les droits fondamentaux ainsi que la citoyennet\u00e9 active. Le pays organisateur est l\u2019Autriche. Voir les vid\u00e9os du projet Lire les articles du projet LES VALEURS EUROP\u00c9ENNES PAR LE BIAIS D\u2019OUVRAGES NUM\u00c9RIQUES :&hellip;<\/p>\n","protected":false},"author":1,"featured_media":5089,"parent":4281,"menu_order":0,"comment_status":"closed","ping_status":"closed","template":"","meta":{"footnotes":""},"class_list":["post-5380","page","type-page","status-publish","has-post-thumbnail","hentry","post-has-thumbnail"],"_links":{"self":[{"href":"https:\/\/lyceedalembert.paris\/index.php\/wp-json\/wp\/v2\/pages\/5380","targetHints":{"allow":["GET"]}}],"collection":[{"href":"https:\/\/lyceedalembert.paris\/index.php\/wp-json\/wp\/v2\/pages"}],"about":[{"href":"https:\/\/lyceedalembert.paris\/index.php\/wp-json\/wp\/v2\/types\/page"}],"author":[{"embeddable":true,"href":"https:\/\/lyceedalembert.paris\/index.php\/wp-json\/wp\/v2\/users\/1"}],"replies":[{"embeddable":true,"href":"https:\/\/lyceedalembert.paris\/index.php\/wp-json\/wp\/v2\/comments?post=5380"}],"version-history":[{"count":27,"href":"https:\/\/lyceedalembert.paris\/index.php\/wp-json\/wp\/v2\/pages\/5380\/revisions"}],"predecessor-version":[{"id":7514,"href":"https:\/\/lyceedalembert.paris\/index.php\/wp-json\/wp\/v2\/pages\/5380\/revisions\/7514"}],"up":[{"embeddable":true,"href":"https:\/\/lyceedalembert.paris\/index.php\/wp-json\/wp\/v2\/pages\/4281"}],"wp:featuredmedia":[{"embeddable":true,"href":"https:\/\/lyceedalembert.paris\/index.php\/wp-json\/wp\/v2\/media\/5089"}],"wp:attachment":[{"href":"https:\/\/lyceedalembert.paris\/index.php\/wp-json\/wp\/v2\/media?parent=5380"}],"curies":[{"name":"wp","href":"https:\/\/api.w.org\/{rel}","templated":true}]}}