{"id":5453,"date":"2020-01-17T13:27:48","date_gmt":"2020-01-17T12:27:48","guid":{"rendered":"http:\/\/lyceedalembert.paris\/?page_id=5453"},"modified":"2020-01-17T13:27:49","modified_gmt":"2020-01-17T12:27:49","slug":"des-eleves-a-lopera-theatre-des-champs-elysees","status":"publish","type":"page","link":"https:\/\/lyceedalembert.paris\/index.php\/des-eleves-a-lopera-theatre-des-champs-elysees\/","title":{"rendered":"Des \u00e9l\u00e8ves \u00e0 l\u2019op\u00e9ra &#8211; Th\u00e9\u00e2tre des Champs \u00c9lys\u00e9es"},"content":{"rendered":"\n<p>Projet organis\u00e9 et encadr\u00e9 par Mme Estela, professeure de\nLettres.<\/p>\n\n\n\n<p>Le 29 novembre 2019, les \u00e9l\u00e8ves de premi\u00e8re ST2S2 se sont\nrendus au Th\u00e9\u00e2tre des Champs \u00c9lys\u00e9es pour assister \u00e0 une repr\u00e9sentation des<em>\nNozze di Figaro<\/em> de Mozart. L\u2019\u0153uvre, donn\u00e9e dans une nouvelle production,\n\u00e9tait dirig\u00e9e par le chef d\u2019orchestre Jeremy Rohrer et mise en sc\u00e8ne par le\ncin\u00e9aste James Gray. <\/p>\n\n\n\n<p>Cette sortie a permis aux \u00e9l\u00e8ves de mieux mettre en\nperspective <em>Le Mariage de Figaro<\/em> de Beaumarchais, au programme de\nl\u2019\u00e9preuve anticip\u00e9e de fran\u00e7ais. <\/p>\n\n\n\n<p>Elle a aussi \u00e9t\u00e9 l\u2019occasion, pour la plupart d\u2019entre eux, de d\u00e9couvrir l\u2019op\u00e9ra.<\/p>\n\n\n\n<p><\/p>\n\n\n\n<figure class=\"wp-block-image size-large\"><img loading=\"lazy\" decoding=\"async\" width=\"935\" height=\"555\" src=\"https:\/\/lyceedalembert.paris\/wp-content\/uploads\/2020\/01\/th\u00e9atre-\u00e0-lop\u00e9ra.png\" alt=\"\" class=\"wp-image-5454\" srcset=\"https:\/\/lyceedalembert.paris\/wp-content\/uploads\/2020\/01\/th\u00e9atre-\u00e0-lop\u00e9ra.png 935w, https:\/\/lyceedalembert.paris\/wp-content\/uploads\/2020\/01\/th\u00e9atre-\u00e0-lop\u00e9ra-300x178.png 300w, https:\/\/lyceedalembert.paris\/wp-content\/uploads\/2020\/01\/th\u00e9atre-\u00e0-lop\u00e9ra-768x456.png 768w\" sizes=\"auto, (max-width: 935px) 100vw, 935px\" \/><figcaption>Th\u00e9\u00e2tre des Champs \u00c9lys\u00e9es<\/figcaption><\/figure>\n","protected":false},"excerpt":{"rendered":"<p>Projet organis\u00e9 et encadr\u00e9 par Mme Estela, professeure de Lettres. Le 29 novembre 2019, les \u00e9l\u00e8ves de premi\u00e8re ST2S2 se sont rendus au Th\u00e9\u00e2tre des Champs \u00c9lys\u00e9es pour assister \u00e0 une repr\u00e9sentation des Nozze di Figaro de Mozart. L\u2019\u0153uvre, donn\u00e9e dans une nouvelle production, \u00e9tait dirig\u00e9e par le chef d\u2019orchestre Jeremy Rohrer et mise en sc\u00e8ne par le cin\u00e9aste James Gray. Cette sortie a permis aux \u00e9l\u00e8ves de mieux mettre en perspective Le Mariage de Figaro de Beaumarchais, au programme&hellip;<\/p>\n","protected":false},"author":1,"featured_media":0,"parent":0,"menu_order":0,"comment_status":"closed","ping_status":"closed","template":"","meta":{"footnotes":""},"class_list":["post-5453","page","type-page","status-publish","hentry"],"_links":{"self":[{"href":"https:\/\/lyceedalembert.paris\/index.php\/wp-json\/wp\/v2\/pages\/5453","targetHints":{"allow":["GET"]}}],"collection":[{"href":"https:\/\/lyceedalembert.paris\/index.php\/wp-json\/wp\/v2\/pages"}],"about":[{"href":"https:\/\/lyceedalembert.paris\/index.php\/wp-json\/wp\/v2\/types\/page"}],"author":[{"embeddable":true,"href":"https:\/\/lyceedalembert.paris\/index.php\/wp-json\/wp\/v2\/users\/1"}],"replies":[{"embeddable":true,"href":"https:\/\/lyceedalembert.paris\/index.php\/wp-json\/wp\/v2\/comments?post=5453"}],"version-history":[{"count":1,"href":"https:\/\/lyceedalembert.paris\/index.php\/wp-json\/wp\/v2\/pages\/5453\/revisions"}],"predecessor-version":[{"id":5455,"href":"https:\/\/lyceedalembert.paris\/index.php\/wp-json\/wp\/v2\/pages\/5453\/revisions\/5455"}],"wp:attachment":[{"href":"https:\/\/lyceedalembert.paris\/index.php\/wp-json\/wp\/v2\/media?parent=5453"}],"curies":[{"name":"wp","href":"https:\/\/api.w.org\/{rel}","templated":true}]}}