{"id":6021,"date":"2021-01-27T18:22:03","date_gmt":"2021-01-27T17:22:03","guid":{"rendered":"http:\/\/lyceedalembert.paris\/?page_id=6021"},"modified":"2023-06-19T08:42:03","modified_gmt":"2023-06-19T07:42:03","slug":"bts-prothesiste-orthesiste-en-apprentissage","status":"publish","type":"page","link":"https:\/\/lyceedalembert.paris\/index.php\/bts-prothesiste-orthesiste-en-apprentissage\/","title":{"rendered":"BTS Proth\u00e9siste-orth\u00e9siste en apprentissage"},"content":{"rendered":"\n<div class=\"wp-block-file aligncenter\"><a id=\"wp-block-file--media-eb637565-618a-4cd7-ae74-60072ab8bff2\" href=\"https:\/\/lyceedalembert.paris\/wp-content\/uploads\/2021\/02\/BTS-PROTHESE-Apprentissage.pdf\">Fiche de pr\u00e9sentation du BTS PROTHESE Apprentissage<\/a><a href=\"https:\/\/lyceedalembert.paris\/wp-content\/uploads\/2021\/02\/BTS-PROTHESE-Apprentissage.pdf\" class=\"wp-block-file__button wp-element-button\" download aria-describedby=\"wp-block-file--media-eb637565-618a-4cd7-ae74-60072ab8bff2\">T\u00e9l\u00e9charger<\/a><\/div>\n\n\n\n<div data-wp-interactive=\"core\/file\" class=\"wp-block-file\"><object data-wp-bind--hidden=\"!state.hasPdfPreview\" hidden class=\"wp-block-file__embed\" data=\"https:\/\/lyceedalembert.paris\/wp-content\/uploads\/2023\/06\/Plaquette-formation-V-definitive-2023-bis.pdf\" type=\"application\/pdf\" style=\"width:100%;height:600px\" aria-label=\"Contenu embarqu\u00e9 Plaquette-formation-V-definitive-2023-bis.\"><\/object><a id=\"wp-block-file--media-71bb7d3a-5c44-48e8-b534-05b782752cb0\" href=\"https:\/\/lyceedalembert.paris\/wp-content\/uploads\/2023\/06\/Plaquette-formation-V-definitive-2023-bis.pdf\">Plaquette-formation-V-definitive-2023-bis<\/a><a href=\"https:\/\/lyceedalembert.paris\/wp-content\/uploads\/2023\/06\/Plaquette-formation-V-definitive-2023-bis.pdf\" class=\"wp-block-file__button wp-element-button\" download aria-describedby=\"wp-block-file--media-71bb7d3a-5c44-48e8-b534-05b782752cb0\">T\u00e9l\u00e9charger<\/a><\/div>\n\n\n\n<h2 class=\"wp-block-heading has-luminous-vivid-amber-color has-text-color has-medium-font-size\"><strong>PUBLIC<\/strong><\/h2>\n\n\n\n<p>Les apprentis sont recrut\u00e9s apr\u00e8s un Bac g\u00e9n\u00e9ral, un Bac technologique ou un Bac pro Technicien Appareillage Orthop\u00e9dique (T.A.O.).<br><strong><em>Le CFA g\u00e9rant cette section est le <a href=\"https:\/\/pia.ac-paris.fr\/serail\/jcms\/s2_1885228\/fr\/cfa-academique-de-paris\" target=\"_blank\" rel=\"noreferrer noopener\">CFA Paris Acad\u00e9mie Entreprise<\/a> : <\/em><\/strong><\/p>\n\n\n\n<p>La candidature se fait via Parcoursup, et par envoi du dossier au CFA, l\u2019inscription n\u2019est d\u00e9finitive qu\u2019\u00e0 la signature du contrat d\u2019apprentissage entre l\u2019apprenti et son entreprise d\u2019accueil.<\/p>\n\n\n\n<h2 class=\"wp-block-heading has-luminous-vivid-amber-color has-text-color has-medium-font-size\"><strong>ACTIVITES \u2013 QUALITES REQUISES<\/strong><\/h2>\n\n\n\n<p>Les \u00e9tudiants apprentis orthoproth\u00e9sistes doivent avoir des aptitudes manuelles, une certaine aptitude \u00e0 l&rsquo;organisation et \u00e0 l&rsquo;autonomie et le go\u00fbt du contact humain ainsi que le sens des responsabilit\u00e9s.<\/p>\n\n\n\n<p>Le titulaire du BTS Proth\u00e9siste-Orth\u00e9siste r\u00e9alise les prises d\u2019empreintes et les mesures. Il con\u00e7oit les appareils orthop\u00e9diques. Il est l\u2019interlocuteur direct des m\u00e9decins prescripteurs. Il r\u00e9pond aux probl\u00e8mes th\u00e9rapeutiques par des solutions technologiques.<br>Il s\u2019int\u00e8gre dans une \u00e9quipe m\u00e9dicale pluridisciplinaire.<br>Il participe, \u00e9ventuellement, \u00e0 la fabrication et effectue les essayages et les livraisons des orth\u00e8ses et proth\u00e8ses.<\/p>\n\n\n\n<h2 class=\"wp-block-heading has-luminous-vivid-amber-color has-text-color has-medium-font-size\"><strong>CONTENU DE LA FORMATION<\/strong><\/h2>\n\n\n\n<p>Les \u00e9tudes durent 3 ans et comportent :<\/p>\n\n\n\n<ul class=\"wp-block-list\">\n<li>de l\u2019enseignement g\u00e9n\u00e9ral : Fran\u00e7ais, Langue vivante, Math\u00e9matiques, Sciences Appliqu\u00e9es, Gestion, Psychologie-Sociologie;<\/li>\n\n\n\n<li>de l\u2019enseignement technologique;<\/li>\n\n\n\n<li>de l\u2019enseignement pratique;<\/li>\n\n\n\n<li>des connaissances m\u00e9dicales.<\/li>\n<\/ul>\n\n\n\n<p><strong>(soit 36 heures\/semaine en 1\u00e8re ann\u00e9e, 33 heures\/semaine en 2\u00e8me ann\u00e9e et 36 heures\/semaine en 3\u00e8me ann\u00e9e)<\/strong>.<\/p>\n\n\n\n<p>L\u2019enseignement th\u00e9orique et pratique est r\u00e9parti sur des p\u00e9riodes de 2 semaines par mois au Lyc\u00e9e D\u2019Alembert, tout le reste du temps est pass\u00e9 dans l\u2019entreprise d\u2019accueil.<\/p>\n\n\n\n<p>La formation comprend 5 semaines de stage <em>obligatoire<\/em> en milieu hospitalier ou en centre de r\u00e9\u00e9ducation.<\/p>\n\n\n\n<h2 class=\"wp-block-heading has-luminous-vivid-amber-color has-text-color has-medium-font-size\"><strong>MODALITES DE CERTIFICATION<\/strong><\/h2>\n\n\n\n<ul class=\"wp-block-list\">\n<li>Epreuves ponctuelles en fin de 3\u00e8me ann\u00e9e.<\/li>\n<\/ul>\n\n\n\n<h2 class=\"wp-block-heading has-luminous-vivid-amber-color has-text-color has-medium-font-size\"><strong>DEBOUCHES \u2013 POURSUITE D\u2019ETUDES<\/strong><\/h2>\n\n\n\n<ul class=\"wp-block-list\">\n<li>Le titulaire de ce BTS peut travailler dans une entreprise priv\u00e9e, dans un centre de r\u00e9\u00e9ducation, dans une O.N.G. (Handicap International, Croix-Rouge, \u2026).<\/li>\n\n\n\n<li>Il peut, \u00e9galement, cr\u00e9er sa propre entreprise.<\/li>\n<\/ul>\n","protected":false},"excerpt":{"rendered":"<p>PUBLIC Les apprentis sont recrut\u00e9s apr\u00e8s un Bac g\u00e9n\u00e9ral, un Bac technologique ou un Bac pro Technicien Appareillage Orthop\u00e9dique (T.A.O.).Le CFA g\u00e9rant cette section est le CFA Paris Acad\u00e9mie Entreprise : La candidature se fait via Parcoursup, et par envoi du dossier au CFA, l\u2019inscription n\u2019est d\u00e9finitive qu\u2019\u00e0 la signature du contrat d\u2019apprentissage entre l\u2019apprenti et son entreprise d\u2019accueil. ACTIVITES \u2013 QUALITES REQUISES Les \u00e9tudiants apprentis orthoproth\u00e9sistes doivent avoir des aptitudes manuelles, une certaine aptitude \u00e0 l&rsquo;organisation et \u00e0 l&rsquo;autonomie&hellip;<\/p>\n","protected":false},"author":1,"featured_media":0,"parent":0,"menu_order":0,"comment_status":"closed","ping_status":"closed","template":"","meta":{"footnotes":""},"class_list":["post-6021","page","type-page","status-publish","hentry"],"_links":{"self":[{"href":"https:\/\/lyceedalembert.paris\/index.php\/wp-json\/wp\/v2\/pages\/6021","targetHints":{"allow":["GET"]}}],"collection":[{"href":"https:\/\/lyceedalembert.paris\/index.php\/wp-json\/wp\/v2\/pages"}],"about":[{"href":"https:\/\/lyceedalembert.paris\/index.php\/wp-json\/wp\/v2\/types\/page"}],"author":[{"embeddable":true,"href":"https:\/\/lyceedalembert.paris\/index.php\/wp-json\/wp\/v2\/users\/1"}],"replies":[{"embeddable":true,"href":"https:\/\/lyceedalembert.paris\/index.php\/wp-json\/wp\/v2\/comments?post=6021"}],"version-history":[{"count":12,"href":"https:\/\/lyceedalembert.paris\/index.php\/wp-json\/wp\/v2\/pages\/6021\/revisions"}],"predecessor-version":[{"id":7896,"href":"https:\/\/lyceedalembert.paris\/index.php\/wp-json\/wp\/v2\/pages\/6021\/revisions\/7896"}],"wp:attachment":[{"href":"https:\/\/lyceedalembert.paris\/index.php\/wp-json\/wp\/v2\/media?parent=6021"}],"curies":[{"name":"wp","href":"https:\/\/api.w.org\/{rel}","templated":true}]}}