{"id":61,"date":"2016-02-16T11:44:02","date_gmt":"2016-02-16T10:44:02","guid":{"rendered":"http:\/\/localhost:82\/wordpress\/?page_id=61"},"modified":"2019-12-03T12:11:59","modified_gmt":"2019-12-03T11:11:59","slug":"nos-partenaires-2","status":"publish","type":"page","link":"https:\/\/lyceedalembert.paris\/index.php\/nos-partenaires-2\/","title":{"rendered":"Nos partenaires"},"content":{"rendered":"<h1><span style=\"color: #ff9900;\">Le 104<\/span><\/h1>\n<p>Le Lyc\u00e9e est partenaire du\u00a0CENTQUATRE-PARIS qui est un \u00e9tablissement artistique de la Ville de Paris . Une convention a \u00e9t\u00e9 sign\u00e9e entre les deux \u00e9tablissements. Depuis maintenant 3 ans nos \u00e9l\u00e8ves font des ateliers avec des artistes r\u00e9sidents du 104. Les \u00e9l\u00e8ves visitent les expositions du 104, rencontrent les artistes.<\/p>\n<p><img loading=\"lazy\" decoding=\"async\" class=\"alignnone size-full wp-image-364\" src=\"http:\/\/localhost:81\/Lyceedalembert\/wp-content\/uploads\/2016\/02\/photo-12.jpg\" alt=\"photo 1(2)\" width=\"1296\" height=\"968\" srcset=\"https:\/\/lyceedalembert.paris\/wp-content\/uploads\/2016\/02\/photo-12.jpg 1296w, https:\/\/lyceedalembert.paris\/wp-content\/uploads\/2016\/02\/photo-12-300x224.jpg 300w, https:\/\/lyceedalembert.paris\/wp-content\/uploads\/2016\/02\/photo-12-768x574.jpg 768w, https:\/\/lyceedalembert.paris\/wp-content\/uploads\/2016\/02\/photo-12-1024x765.jpg 1024w, https:\/\/lyceedalembert.paris\/wp-content\/uploads\/2016\/02\/photo-12-150x112.jpg 150w\" sizes=\"auto, (max-width: 1296px) 100vw, 1296px\" \/><\/p>\n<p>&nbsp;<\/p>\n<h1><span style=\"color: #ff9900;\">La Villette\u00a0<\/span><\/h1>\n<p>Le Lyc\u00e9e d&rsquo;Alembert est situ\u00e9 en face de la grande halle de la Villette. De nombreuses actions sont men\u00e9es chaque ann\u00e9e. Nos \u00e9l\u00e8ves participent \u00e0 des ateliers th\u00e9\u00e2tres, se rendent \u00e0 la Philarmonie et les classes de SPVL travaillent \u00e0 l&rsquo;accueil du public.<\/p>\n<h1><span style=\"color: #ff9900;\">Th\u00e9\u00e2tre du Rond Point\u00a0<\/span><\/h1>\n<p>Nos \u00e9l\u00e8ves se rendent tr\u00e8s r\u00e9guli\u00e8rement au Th\u00e9\u00e2tre du Rond Point et en reviennent toujours enchant\u00e9s !<\/p>\n<p>&nbsp;<\/p>\n<p>&nbsp;<\/p>\n","protected":false},"excerpt":{"rendered":"<p>Le 104 Le Lyc\u00e9e est partenaire du\u00a0CENTQUATRE-PARIS qui est un \u00e9tablissement artistique de la Ville de Paris . Une convention a \u00e9t\u00e9 sign\u00e9e entre les deux \u00e9tablissements. Depuis maintenant 3 ans nos \u00e9l\u00e8ves font des ateliers avec des artistes r\u00e9sidents du 104. Les \u00e9l\u00e8ves visitent les expositions du 104, rencontrent les artistes. &nbsp; La Villette\u00a0 Le Lyc\u00e9e d&rsquo;Alembert est situ\u00e9 en face de la grande halle de la Villette. De nombreuses actions sont men\u00e9es chaque ann\u00e9e. Nos \u00e9l\u00e8ves participent \u00e0&hellip;<\/p>\n","protected":false},"author":1,"featured_media":0,"parent":0,"menu_order":0,"comment_status":"closed","ping_status":"closed","template":"","meta":{"footnotes":""},"class_list":["post-61","page","type-page","status-publish","hentry"],"_links":{"self":[{"href":"https:\/\/lyceedalembert.paris\/index.php\/wp-json\/wp\/v2\/pages\/61","targetHints":{"allow":["GET"]}}],"collection":[{"href":"https:\/\/lyceedalembert.paris\/index.php\/wp-json\/wp\/v2\/pages"}],"about":[{"href":"https:\/\/lyceedalembert.paris\/index.php\/wp-json\/wp\/v2\/types\/page"}],"author":[{"embeddable":true,"href":"https:\/\/lyceedalembert.paris\/index.php\/wp-json\/wp\/v2\/users\/1"}],"replies":[{"embeddable":true,"href":"https:\/\/lyceedalembert.paris\/index.php\/wp-json\/wp\/v2\/comments?post=61"}],"version-history":[{"count":3,"href":"https:\/\/lyceedalembert.paris\/index.php\/wp-json\/wp\/v2\/pages\/61\/revisions"}],"predecessor-version":[{"id":5187,"href":"https:\/\/lyceedalembert.paris\/index.php\/wp-json\/wp\/v2\/pages\/61\/revisions\/5187"}],"wp:attachment":[{"href":"https:\/\/lyceedalembert.paris\/index.php\/wp-json\/wp\/v2\/media?parent=61"}],"curies":[{"name":"wp","href":"https:\/\/api.w.org\/{rel}","templated":true}]}}