{"id":63,"date":"2016-02-16T11:44:34","date_gmt":"2016-02-16T10:44:34","guid":{"rendered":"http:\/\/localhost:82\/wordpress\/?page_id=63"},"modified":"2016-03-21T16:30:49","modified_gmt":"2016-03-21T15:30:49","slug":"cvl","status":"publish","type":"page","link":"https:\/\/lyceedalembert.paris\/index.php\/cvl\/","title":{"rendered":"CVL"},"content":{"rendered":"<h3><span style=\"color: #ff9900;\">Conseil de Vie Lyc\u00e9enne<\/span><\/h3>\n<p>Le CVL est\u00a0 le lieu o\u00f9 les lyc\u00e9ens sont associ\u00e9s aux d\u00e9cisions de l&rsquo;\u00e9tablissement.\u00a0Les \u00e9lus y repr\u00e9sentent les \u00e9l\u00e8ves de leur \u00e9tablissement.<\/p>\n<p>Pour en savoir plus :\u00a0<a href=\"http:\/\/www.education.gouv.fr\/cid73077\/le-conseil-des-delegues-pour-la-vie-lyceenne.html\" target=\"_blank\">http:\/\/www.education.gouv.fr\/cid73077\/le-conseil-des-delegues-pour-la-vie-lyceenne.html<\/a><\/p>\n<h3><span style=\"color: #ff9900;\">Le Conseil de Vie Lyc\u00e9enne au Lyc\u00e9e d&rsquo;Alembert<\/span><\/h3>\n<p class=\"western\">\n<p class=\"western\">De nombreux\u00a0projets sont men\u00e9s chaque ann\u00e9e avec le CVL ! Tr\u00e8s actif le CVL aide \u00e0 la r\u00e9alisation de projets, permet de parler de la vie du lyc\u00e9e au quotidien, de proposer des am\u00e9liorations du cadre de vie et de proposer des projets.<\/p>\n<p class=\"western\">\n<p class=\"western\">Le CVL a contribu\u00e9 \u00e0 faire en sorte que chaque secteur d\u2019enseignement au Lyc\u00e9e ait son association soit, au total 03 associations favorisant les liens entre les \u00e9l\u00e8ves sont d\u00e9sormais actives dans l\u2019\u00e9tablissement avec des rencontres inter associations r\u00e9guli\u00e8res.<\/p>\n<p class=\"western\">Le CVL du Lyc\u00e9e d\u2019Alembert s\u2019est li\u00e9s \u00e0 celui de 2 autres \u00e9tablissements du bassin afin de mettre en place un partenariat inter CVL. Un premier \u00e9v\u00e9nement a eu lieu au printemps 2014 cette ann\u00e9e avec spectacles de danse, de musique et th\u00e9\u00e2tre au Lyc\u00e9e Hector Guimard. Une exp\u00e9rience positive qui sera relanc\u00e9e chaque ann\u00e9e.<\/p>\n<p class=\"western\">Comme chaque ann\u00e9e, le CVL participe activement \u00e0 la mise en place des journ\u00e9es portes ouvertes du lyc\u00e9e.<\/p>\n","protected":false},"excerpt":{"rendered":"<p>Conseil de Vie Lyc\u00e9enne Le CVL est\u00a0 le lieu o\u00f9 les lyc\u00e9ens sont associ\u00e9s aux d\u00e9cisions de l&rsquo;\u00e9tablissement.\u00a0Les \u00e9lus y repr\u00e9sentent les \u00e9l\u00e8ves de leur \u00e9tablissement. Pour en savoir plus :\u00a0http:\/\/www.education.gouv.fr\/cid73077\/le-conseil-des-delegues-pour-la-vie-lyceenne.html Le Conseil de Vie Lyc\u00e9enne au Lyc\u00e9e d&rsquo;Alembert De nombreux\u00a0projets sont men\u00e9s chaque ann\u00e9e avec le CVL ! Tr\u00e8s actif le CVL aide \u00e0 la r\u00e9alisation de projets, permet de parler de la vie du lyc\u00e9e au quotidien, de proposer des am\u00e9liorations du cadre de vie et de proposer&hellip;<\/p>\n","protected":false},"author":1,"featured_media":0,"parent":0,"menu_order":0,"comment_status":"closed","ping_status":"closed","template":"","meta":{"footnotes":""},"class_list":["post-63","page","type-page","status-publish","hentry"],"_links":{"self":[{"href":"https:\/\/lyceedalembert.paris\/index.php\/wp-json\/wp\/v2\/pages\/63","targetHints":{"allow":["GET"]}}],"collection":[{"href":"https:\/\/lyceedalembert.paris\/index.php\/wp-json\/wp\/v2\/pages"}],"about":[{"href":"https:\/\/lyceedalembert.paris\/index.php\/wp-json\/wp\/v2\/types\/page"}],"author":[{"embeddable":true,"href":"https:\/\/lyceedalembert.paris\/index.php\/wp-json\/wp\/v2\/users\/1"}],"replies":[{"embeddable":true,"href":"https:\/\/lyceedalembert.paris\/index.php\/wp-json\/wp\/v2\/comments?post=63"}],"version-history":[{"count":3,"href":"https:\/\/lyceedalembert.paris\/index.php\/wp-json\/wp\/v2\/pages\/63\/revisions"}],"predecessor-version":[{"id":1397,"href":"https:\/\/lyceedalembert.paris\/index.php\/wp-json\/wp\/v2\/pages\/63\/revisions\/1397"}],"wp:attachment":[{"href":"https:\/\/lyceedalembert.paris\/index.php\/wp-json\/wp\/v2\/media?parent=63"}],"curies":[{"name":"wp","href":"https:\/\/api.w.org\/{rel}","templated":true}]}}