{"id":65,"date":"2016-02-16T11:44:56","date_gmt":"2016-02-16T10:44:56","guid":{"rendered":"http:\/\/localhost:82\/wordpress\/?page_id=65"},"modified":"2019-10-02T10:19:01","modified_gmt":"2019-10-02T09:19:01","slug":"cesc","status":"publish","type":"page","link":"https:\/\/lyceedalembert.paris\/index.php\/cesc\/","title":{"rendered":"Sant\u00e9 \/ citoyennet\u00e9"},"content":{"rendered":"<div class=\"titre\">\n<h1><span style=\"color: #ff9900;\">Le CESC au\u00a0<\/span><span style=\"color: #ff9900;\">Lyc\u00e9e d\u2019Alembert<\/span><\/h1>\n<p>Le comit\u00e9 d&rsquo;\u00e9ducation \u00e0 la sant\u00e9 et \u00e0 la citoyennet\u00e9 (CESC) s&rsquo;inscrit dans le pilotage de chaque \u00e9tablissement scolaire du second degr\u00e9. Il est une instance de r\u00e9flexion, d&rsquo;observation et de proposition qui con\u00e7oit, met en \u0153uvre et \u00e9value un projet \u00e9ducatif en mati\u00e8re d&rsquo;\u00e9ducation \u00e0 la citoyennet\u00e9 et \u00e0 la sant\u00e9 et de pr\u00e9vention, int\u00e9gr\u00e9 au projet d&rsquo;\u00e9tablissement.<\/p>\n<p>Le CESC organise le partenariat en fonction des probl\u00e9matiques \u00e9ducatives \u00e0 traiter.<br \/>\nUne des missions du CESC est de d\u00e9finir un programme d\u2019\u00e9ducation \u00e0 la sant\u00e9 et \u00e0 la citoyennet\u00e9, en permettant \u00e0 l\u2019\u00e9l\u00e8ve d\u2019\u00eatre responsable, autonome et acteur de sa pr\u00e9vention.<\/p>\n<p>Apr\u00e8s un diagnostic \u00e9ducatif, un programme d\u2019\u00e9ducation \u00e0 la sant\u00e9, \u00e0 la sexualit\u00e9 et de pr\u00e9vention des comportements \u00e0 risque peut \u00eatre d\u00e9fini.<br \/>\nL\u2019int\u00e9r\u00eat majeur est de travailler en \u00e9quipe, de mani\u00e8re transversale avec les \u00e9l\u00e8ves et les parents dans la pr\u00e9paration, la r\u00e9alisation et l\u2019\u00e9valuation d\u2019activit\u00e9s d\u2019\u00e9ducation \u00e0 la sant\u00e9 et \u00e0 la citoyennet\u00e9.<\/p>\n<p>L\u2019\u00e9ducation \u00e0 la sant\u00e9 fait partie des missions de l\u2019\u00e9cole : elle vise \u00e0 d\u00e9velopper les connaissances et les comp\u00e9tences des jeunes en leur permettant d\u2019acqu\u00e9rir progressivement les moyens de faire des choix et d\u2019adopter des comportements responsables afin de les pr\u00e9parer \u00e0 l\u2019exercice de leur citoyennet\u00e9.<\/p>\n<p>Cette mission n\u2019est pas de la seule responsabilit\u00e9 des personnels m\u00e9dico-sociaux :<\/p>\n<p>Chaque acteur de l\u2019\u00e9tablissement est concern\u00e9, et la plupart des enseignants situent l\u2019\u00e9ducation \u00e0 la sant\u00e9 et \u00e0 la citoyennet\u00e9 comme faisant partie de leur travail. Celle-ci n\u2019est pas une discipline suppl\u00e9mentaire, elle prend place \u00ab en transversal \u00bb dans les enseignements et les activit\u00e9s \u00e9ducatives,et n\u00e9cessite les comp\u00e9tences des diff\u00e9rents acteurs de la communaut\u00e9 \u00e9ducative (Conseillers principaux d\u2019\u00e9ducation, assistants d\u2018\u00e9ducation, conseillers d\u2019orientation, parents, \u00e9l\u00e8ves&#8230;).<br \/>\nElle se d\u00e9veloppe dans un travail de partenariat.<\/p>\n<p>Le CESC r\u00e9unit l\u2019ensemble des acteurs de la pr\u00e9vention, en mobilisant adultes et \u00e9l\u00e8ves autour d\u2019objectifs clairs en mati\u00e8re d\u2019\u00e9ducation \u00e0 la sant\u00e9 et \u00e0 la citoyennet\u00e9. Il s\u2019agit de travailler en partenariat : entre acteurs de l\u2019\u00e9tablissement et avec les partenaires locaux, r\u00e9gionaux et nationaux, afin de promouvoir un \u00e9tablissement promoteur de sant\u00e9 et de former de futurs citoyens \u00e0 l\u2019exercice de leur libre-arbitre et de leurs responsabilit\u00e9s, chacun apportant ses comp\u00e9tences particuli\u00e8res et les mettant \u00e0 disposition des autres acteurs.<\/p>\n<h3><span style=\"color: #ff9900;\">Actions d\u2019\u00e9ducation \u00e0 la sant\u00e9 men\u00e9es <\/span><br \/>\n<span style=\"color: #ff9900;\">durant l\u2019ann\u00e9e scolaire 2019 \u2013 2020<\/span><\/h3>\n<p><span style=\"color: #ff9900;\">1\/ Programme TABADO, en partenariat avec la Ligue contre le Cancer et les m\u00e9decins de la Maison de Sant\u00e9 pluridisciplinaire Jean Jaur\u00e8s<\/span><\/p>\n<ul>\n<li>Pr\u00e9sentation et information du programme \u00e0 toutes les classes des fili\u00e8res professionnelles<\/li>\n<li>Entretien en s\u00e9ances individuelles et collectives avec des m\u00e9decins pour les \u00e9l\u00e8ves volontaires<\/li>\n<li><b>Mois sans tabac<\/b><\/li>\n<\/ul>\n<\/div>\n<div class=\"titre\">\n<p><span style=\"color: #ff9900;\">2\/ \u00c9ducation \u00e0 la vie sexuelle et affective, en partenariat avec les m\u00e9decins de la Maison de Sant\u00e9 pluridisciplinaire Jean Jaur\u00e8s<\/span><\/p>\n<ul>\n<li>Approche sur diff\u00e9rents sujets (contraception, grossesse, respect et consentement dans une relation, maladies sexuellement transmissibles&#8230;<\/li>\n<\/ul>\n<div><span style=\"color: #ff9900;\">3\/ Dispositif \u00c9coute Jeunes, avec l&rsquo;association La Corde Raide<\/span><\/div>\n<div><\/div>\n<ul>\n<li>Pr\u00e9vention des conduites addictives (\u00e9crans, alimentation, substances licites et illicites, jeux vid\u00e9os et d&rsquo;argent&#8230;)<\/li>\n<li>\u00c9coute du mal \u00eatre des jeunes<\/li>\n<li>Entretien avec une psychologue de l&rsquo;association un jeudi sur deux<\/li>\n<\/ul>\n<\/div>\n<div><\/div>\n<div class=\"titre\">\n<p>Malika HERY<br \/>\nInfirmi\u00e8re<br \/>\nLyc\u00e9e d\u2019Alembert<br \/>\nParis 19eme<\/p>\n<\/div>\n<p><strong>Horaires d&rsquo;ouverture de l&rsquo;infirmerie<\/strong><\/p>\n<ul>\n<li>Le lundi de 9 h \u00e0 17 h<\/li>\n<li>Le mardi de 9 h \u00e0 17 h<\/li>\n<li>Le mercredi de 8 h \u00e0 15 h 30<\/li>\n<li>Le jeudi de 9 h \u00e0 17 h<\/li>\n<li>Le vendredi de 9 h \u00e0 17 h<\/li>\n<\/ul>\n","protected":false},"excerpt":{"rendered":"<p>Le CESC au\u00a0Lyc\u00e9e d\u2019Alembert Le comit\u00e9 d&rsquo;\u00e9ducation \u00e0 la sant\u00e9 et \u00e0 la citoyennet\u00e9 (CESC) s&rsquo;inscrit dans le pilotage de chaque \u00e9tablissement scolaire du second degr\u00e9. Il est une instance de r\u00e9flexion, d&rsquo;observation et de proposition qui con\u00e7oit, met en \u0153uvre et \u00e9value un projet \u00e9ducatif en mati\u00e8re d&rsquo;\u00e9ducation \u00e0 la citoyennet\u00e9 et \u00e0 la sant\u00e9 et de pr\u00e9vention, int\u00e9gr\u00e9 au projet d&rsquo;\u00e9tablissement. Le CESC organise le partenariat en fonction des probl\u00e9matiques \u00e9ducatives \u00e0 traiter. Une des missions du CESC&hellip;<\/p>\n","protected":false},"author":1,"featured_media":0,"parent":0,"menu_order":0,"comment_status":"closed","ping_status":"closed","template":"","meta":{"footnotes":""},"class_list":["post-65","page","type-page","status-publish","hentry"],"_links":{"self":[{"href":"https:\/\/lyceedalembert.paris\/index.php\/wp-json\/wp\/v2\/pages\/65","targetHints":{"allow":["GET"]}}],"collection":[{"href":"https:\/\/lyceedalembert.paris\/index.php\/wp-json\/wp\/v2\/pages"}],"about":[{"href":"https:\/\/lyceedalembert.paris\/index.php\/wp-json\/wp\/v2\/types\/page"}],"author":[{"embeddable":true,"href":"https:\/\/lyceedalembert.paris\/index.php\/wp-json\/wp\/v2\/users\/1"}],"replies":[{"embeddable":true,"href":"https:\/\/lyceedalembert.paris\/index.php\/wp-json\/wp\/v2\/comments?post=65"}],"version-history":[{"count":7,"href":"https:\/\/lyceedalembert.paris\/index.php\/wp-json\/wp\/v2\/pages\/65\/revisions"}],"predecessor-version":[{"id":5015,"href":"https:\/\/lyceedalembert.paris\/index.php\/wp-json\/wp\/v2\/pages\/65\/revisions\/5015"}],"wp:attachment":[{"href":"https:\/\/lyceedalembert.paris\/index.php\/wp-json\/wp\/v2\/media?parent=65"}],"curies":[{"name":"wp","href":"https:\/\/api.w.org\/{rel}","templated":true}]}}