{"id":668,"date":"2023-06-26T12:09:34","date_gmt":"2023-06-26T11:09:34","guid":{"rendered":"http:\/\/localhost\/lyceedalembert\/?page_id=668"},"modified":"2023-06-26T12:51:59","modified_gmt":"2023-06-26T11:51:59","slug":"section-europeenne","status":"publish","type":"page","link":"https:\/\/lyceedalembert.paris\/index.php\/section-europeenne\/","title":{"rendered":"Section europ\u00e9enne (DNL- discipline non linguistique anglais -Bio)"},"content":{"rendered":"\n<h2 class=\"wp-block-heading\"><img loading=\"lazy\" decoding=\"async\" class=\"irc_mi alignleft\" src=\"http:\/\/www.ismac.fr\/wp-content\/uploads\/2017\/09\/drapeau-anglais.png\" alt=\"R\u00e9sultat de recherche d'images pour &quot;anglais&quot;\" width=\"157\" height=\"102\"><\/h2>\n\n\n\n<p>Le lyc\u00e9e d\u2019Alembert vous permet de pr\u00e9parer <strong>un baccalaur\u00e9at ST2S <u>Mention europ\u00e9enne Anglais<\/u>.<\/strong><\/p>\n\n\n\n<p>L\u2019anglais est devenu, dans de nombreux domaines professionnels et en particulier scientifiques, <strong>une langue incontournable <\/strong>et un bon niveau est, aujourd\u2019hui, un atout majeur pour trouver un emploi.<\/p>\n\n\n\n<p>En classe de premi\u00e8re et de terminale, <strong>le lyc\u00e9e d\u2019Alembert propose une discipline non linguistique (DNL)<\/strong> : la biologie et physiopathologie humaines (BPH) enseign\u00e9es dans la langue anglaise \u00e0 raison de <strong>1 heure par semaine.<\/strong><\/p>\n\n\n\n<p>Certaines th\u00e9matiques du programme de BPH sont abord\u00e9es et des compl\u00e9ments au cours habituel de biologie sont apport\u00e9s en anglais \u00e0 travers l\u2019\u00e9tude de documents \u00e9crits, audios et vid\u00e9os et des activit\u00e9s ludiques d\u2019apprentissage du vocabulaire (jeu de r\u00f4le, quizz..etc.) .<br>En terminale, <strong>les \u00e9l\u00e8ves pourront obtenir la mention europ\u00e9enne sur leur dipl\u00f4me de baccalaur\u00e9at sciences et technologies de la sant\u00e9 et du social<\/strong>, \u00e0 condition d\u2019avoir au moins :<\/p>\n\n\n\n<p>12\/20 \u00e0 l\u2019\u00e9preuve d\u2019anglais du bac,<br>10\/20 \u00e0 l\u2019\u00e9preuve orale de DNL.<\/p>\n\n\n\n<p>La note de DNL comptera pour 20% de la note finale et la note \u00e0 l\u2019oral (DNL) pour 80%.<\/p>\n\n\n\n<p><strong>Pour suivre cet enseignement sp\u00e9cifique, il faut s\u2019engager sur les deux ann\u00e9es.<\/strong><\/p>\n\n\n\n<p><strong><u>Un voyage de 4 jours<\/u> est pr\u00e9vu l\u2019ann\u00e9e de la premi\u00e8re ou de la terminale durant lequel nous mettrons en avant la pratique de la langue et la d\u00e9couverte scientifique et culturelle dans une ville de langue anglaise.<\/strong><\/p>\n\n\n\n<p><strong><u>Quelques exemples de th\u00e9matiques abord\u00e9es&nbsp;:<\/u><\/strong><\/p>\n\n\n\n<p>Anatomie du corps humain et des principaux appareils,<\/p>\n\n\n\n<p>Les sympt\u00f4mes des maladies avec l&rsquo;exemple de la grippe, du diab\u00e8te&#8230;<\/p>\n\n\n\n<p>Les virus et la vaccination,<\/p>\n\n\n\n<p>La nutrition : les aliments, les principe d&rsquo;une alimentation \u00e9quilibr\u00e9e, les maladies nutritionnelles,<\/p>\n\n\n\n<p>Le microbiote..<\/p>\n\n\n\n<ul class=\"wp-block-list\">\n<li><strong>Si vous souhaitez vous inscrire en section euro, vous pourrez remplir le bulletin joint au dossier d\u2019inscription en 1ST2S au lyc\u00e9e au mois de juin. N\u2019h\u00e9sitez pas\u00a0!<\/strong><\/li>\n\n\n\n<li class=\"has-medium-font-size\"><strong><a href=\"https:\/\/lyceedalembert.paris\/wp-content\/uploads\/2023\/06\/Bulletin-inscription-section-europeenne-23-24_DNL.pdf\" target=\"_blank\" rel=\"noreferrer noopener\">Bulletin d&rsquo;inscription ST2S section europ\u00e9enne bio\/anglais.<\/a><\/strong><\/li>\n<\/ul>\n\n\n\n<figure class=\"wp-block-gallery has-nested-images columns-default is-cropped wp-block-gallery-1 is-layout-flex wp-block-gallery-is-layout-flex\">\n<figure class=\"wp-block-image size-large\"><img loading=\"lazy\" decoding=\"async\" width=\"791\" height=\"494\" data-id=\"5933\" src=\"https:\/\/lyceedalembert.paris\/wp-content\/uploads\/2021\/01\/Big-ben_DNL-bio-lycee-dAlembert.jpg\" alt=\"\" class=\"wp-image-5933\" srcset=\"https:\/\/lyceedalembert.paris\/wp-content\/uploads\/2021\/01\/Big-ben_DNL-bio-lycee-dAlembert.jpg 791w, https:\/\/lyceedalembert.paris\/wp-content\/uploads\/2021\/01\/Big-ben_DNL-bio-lycee-dAlembert-300x187.jpg 300w, https:\/\/lyceedalembert.paris\/wp-content\/uploads\/2021\/01\/Big-ben_DNL-bio-lycee-dAlembert-768x480.jpg 768w\" sizes=\"auto, (max-width: 791px) 100vw, 791px\" \/><\/figure>\n\n\n\n<figure class=\"wp-block-image size-large\"><img loading=\"lazy\" decoding=\"async\" width=\"640\" height=\"360\" data-id=\"6043\" src=\"https:\/\/lyceedalembert.paris\/wp-content\/uploads\/2021\/01\/Underground_Londres.png\" alt=\"\" class=\"wp-image-6043\" srcset=\"https:\/\/lyceedalembert.paris\/wp-content\/uploads\/2021\/01\/Underground_Londres.png 640w, https:\/\/lyceedalembert.paris\/wp-content\/uploads\/2021\/01\/Underground_Londres-300x169.png 300w, https:\/\/lyceedalembert.paris\/wp-content\/uploads\/2021\/01\/Underground_Londres-180x100.png 180w\" sizes=\"auto, (max-width: 640px) 100vw, 640px\" \/><\/figure>\n<\/figure>\n","protected":false},"excerpt":{"rendered":"<p>Le lyc\u00e9e d\u2019Alembert vous permet de pr\u00e9parer un baccalaur\u00e9at ST2S Mention europ\u00e9enne Anglais. L\u2019anglais est devenu, dans de nombreux domaines professionnels et en particulier scientifiques, une langue incontournable et un bon niveau est, aujourd\u2019hui, un atout majeur pour trouver un emploi. En classe de premi\u00e8re et de terminale, le lyc\u00e9e d\u2019Alembert propose une discipline non linguistique (DNL) : la biologie et physiopathologie humaines (BPH) enseign\u00e9es dans la langue anglaise \u00e0 raison de 1 heure par semaine. Certaines th\u00e9matiques du programme&hellip;<\/p>\n","protected":false},"author":1,"featured_media":0,"parent":0,"menu_order":0,"comment_status":"closed","ping_status":"closed","template":"","meta":{"footnotes":""},"class_list":["post-668","page","type-page","status-publish","hentry"],"_links":{"self":[{"href":"https:\/\/lyceedalembert.paris\/index.php\/wp-json\/wp\/v2\/pages\/668","targetHints":{"allow":["GET"]}}],"collection":[{"href":"https:\/\/lyceedalembert.paris\/index.php\/wp-json\/wp\/v2\/pages"}],"about":[{"href":"https:\/\/lyceedalembert.paris\/index.php\/wp-json\/wp\/v2\/types\/page"}],"author":[{"embeddable":true,"href":"https:\/\/lyceedalembert.paris\/index.php\/wp-json\/wp\/v2\/users\/1"}],"replies":[{"embeddable":true,"href":"https:\/\/lyceedalembert.paris\/index.php\/wp-json\/wp\/v2\/comments?post=668"}],"version-history":[{"count":18,"href":"https:\/\/lyceedalembert.paris\/index.php\/wp-json\/wp\/v2\/pages\/668\/revisions"}],"predecessor-version":[{"id":7936,"href":"https:\/\/lyceedalembert.paris\/index.php\/wp-json\/wp\/v2\/pages\/668\/revisions\/7936"}],"wp:attachment":[{"href":"https:\/\/lyceedalembert.paris\/index.php\/wp-json\/wp\/v2\/media?parent=668"}],"curies":[{"name":"wp","href":"https:\/\/api.w.org\/{rel}","templated":true}]}}