{"id":6715,"date":"2021-11-29T19:33:47","date_gmt":"2021-11-29T18:33:47","guid":{"rendered":"http:\/\/lyceedalembert.paris\/?page_id=6715"},"modified":"2021-12-03T17:03:34","modified_gmt":"2021-12-03T16:03:34","slug":"video-projet-stop-bullying-together","status":"publish","type":"page","link":"https:\/\/lyceedalembert.paris\/index.php\/video-projet-stop-bullying-together\/","title":{"rendered":"Vid\u00e9os LET&rsquo;S STOP BULLYING TOGETHER"},"content":{"rendered":"\n<p class=\"has-text-align-center\"><strong><u>Site officiel du projet&nbsp;: <a href=\"https:\/\/lets-stop-bullying-together.eu\/index.php\">https:\/\/lets-stop-bullying-together.eu\/index.php<\/a><\/u><\/strong><\/p>\n\n\n\n<figure class=\"wp-block-embed aligncenter is-type-video is-provider-youtube wp-block-embed-youtube wp-embed-aspect-16-9 wp-has-aspect-ratio\"><div class=\"wp-block-embed__wrapper\">\n<div class=\"video\"><iframe loading=\"lazy\" title=\"6th CSE in Greece: Help: legal framework and protective agents ...in EU schools\" width=\"640\" height=\"360\" src=\"https:\/\/www.youtube.com\/embed\/3mA_tM-xijU?feature=oembed\" frameborder=\"0\" allow=\"accelerometer; autoplay; clipboard-write; encrypted-media; gyroscope; picture-in-picture; web-share\" referrerpolicy=\"strict-origin-when-cross-origin\" allowfullscreen><\/iframe><\/div>\n<\/div><\/figure>\n\n\n\n<h4 class=\"has-text-align-center wp-block-heading\" id=\"block-d309d460-659c-4f9f-8174-463b502bdba3\">Le cadre juridique et les dispositifs pour lutter contre le harc\u00e8lement et la violence dans les \u00e9coles de l&rsquo;UE<\/h4>\n\n\n\n<div class=\"wp-block-columns is-layout-flex wp-container-core-columns-is-layout-9d6595d7 wp-block-columns-is-layout-flex\">\n<div class=\"wp-block-column is-vertically-aligned-top is-layout-flow wp-block-column-is-layout-flow\" style=\"flex-basis:100%\">\n<p class=\"has-text-align-center\"><strong>6<sup>\u00e8me<\/sup> \u00e9change d&rsquo;\u00e9tudiants<\/strong><\/p>\n\n\n\n<p class=\"has-text-align-center\"><strong> Date: 01\/03\/2020 \u2013 07\/03\/2020 <\/strong><\/p>\n\n\n\n<p class=\"has-text-align-center\"><strong>Ecole d\u2019accueil: Aristotelio College Thessaloniki (Greece)<\/strong><\/p>\n\n\n\n<hr class=\"wp-block-separator\"\/>\n<\/div>\n<\/div>\n\n\n\n<figure class=\"wp-block-embed aligncenter is-type-video is-provider-youtube wp-block-embed-youtube wp-embed-aspect-16-9 wp-has-aspect-ratio\"><div class=\"wp-block-embed__wrapper\">\n<div class=\"video\"><iframe loading=\"lazy\" title=\"5th CSE in Portugal - Picture Collage (France)\" width=\"640\" height=\"360\" src=\"https:\/\/www.youtube.com\/embed\/-AbXY19PaZ0?feature=oembed\" frameborder=\"0\" allow=\"accelerometer; autoplay; clipboard-write; encrypted-media; gyroscope; picture-in-picture; web-share\" referrerpolicy=\"strict-origin-when-cross-origin\" allowfullscreen><\/iframe><\/div>\n<\/div><\/figure>\n\n\n\n<h4 class=\"has-text-align-center wp-block-heading\" id=\"block-d309d460-659c-4f9f-8174-463b502bdba3\">Politiques scolaires actuelles sur la pr\u00e9vention du harc\u00e8lement dans les \u00e9coles de l&rsquo;UE<\/h4>\n\n\n\n<p class=\"has-text-align-center\"><strong>5<sup>\u00e8me<\/sup> \u00e9change d&rsquo;\u00e9tudiants crois\u00e9s<\/strong><\/p>\n\n\n\n<p class=\"has-text-align-center\">Date: 02\/02\/2020 \u2013 08\/02\/2020<br><strong>Ecole d\u2019accueil: ENSINUS (Portugal)<\/strong><br>Groupes accueillis: Lyc\u00e9e D\u2019 Alembert (France) &amp; IES Joaqu\u00edn Turina (Spain)<\/p>\n\n\n\n<hr class=\"wp-block-separator\"\/>\n\n\n\n<figure class=\"wp-block-embed aligncenter is-type-video is-provider-youtube wp-block-embed-youtube wp-embed-aspect-16-9 wp-has-aspect-ratio\"><div class=\"wp-block-embed__wrapper\">\n<div class=\"video\"><iframe loading=\"lazy\" title=\"5th CSE in Portugal: Current school policies on preventing bullying at EU schools (France)\" width=\"640\" height=\"360\" src=\"https:\/\/www.youtube.com\/embed\/F7Lh29z08Mk?feature=oembed\" frameborder=\"0\" allow=\"accelerometer; autoplay; clipboard-write; encrypted-media; gyroscope; picture-in-picture; web-share\" referrerpolicy=\"strict-origin-when-cross-origin\" allowfullscreen><\/iframe><\/div>\n<\/div><\/figure>\n\n\n\n<h4 class=\"wp-block-heading\">Politiques scolaires actuelles sur la pr\u00e9vention du harc\u00e8lement dans les \u00e9coles de l&rsquo;UE<\/h4>\n\n\n\n<p class=\"has-text-align-center\"><strong>5<sup>\u00e8me<\/sup> \u00e9change d&rsquo;\u00e9tudiants crois\u00e9s<\/strong><br>Date: 02\/02\/2020 \u2013 08\/02\/2020<br>Ecole d\u2019accueil : ENSINUS (Portugal)<br>Groupes accueillis: Lyc\u00e9e D\u2019 Alembert (France) &amp; IES Joaqu\u00edn Turina (Spain)<\/p>\n\n\n\n<figure class=\"wp-block-embed aligncenter is-type-video is-provider-youtube wp-block-embed-youtube wp-embed-aspect-16-9 wp-has-aspect-ratio\"><div class=\"wp-block-embed__wrapper\">\n<div class=\"video\"><iframe loading=\"lazy\" title=\"3rdCSE in Austria_ Promote a culture of dialogue in EU schools (France)\" width=\"640\" height=\"360\" src=\"https:\/\/www.youtube.com\/embed\/dOUzTqq0ubY?feature=oembed\" frameborder=\"0\" allow=\"accelerometer; autoplay; clipboard-write; encrypted-media; gyroscope; picture-in-picture; web-share\" referrerpolicy=\"strict-origin-when-cross-origin\" allowfullscreen><\/iframe><\/div>\n<\/div><\/figure>\n\n\n\n<h4 class=\"has-text-align-center wp-block-heading\">Promouvoir une culture de dialogue et de respect parmi les intimidateurs potentiels<\/h4>\n\n\n\n<p class=\"has-text-align-center\"><strong>3<sup>\u00e8me<\/sup> \u00e9change d&rsquo;\u00e9tudiants crois\u00e9s<\/strong><br>Date: 10\/11\/2019 \u2013 16\/11\/2019<br>Ecole d\u2019accueil: Stiftsgymnasium St. Paul (Austria)<br>Groupes accueillis: Aristotelio College (Greece) &amp; IISS Con. Marchesi (Italy)<\/p>\n\n\n\n<hr class=\"wp-block-separator\"\/>\n\n\n\n<figure class=\"wp-block-embed aligncenter is-type-video is-provider-youtube wp-block-embed-youtube wp-embed-aspect-16-9 wp-has-aspect-ratio\"><div class=\"wp-block-embed__wrapper\">\n<div class=\"video\"><iframe loading=\"lazy\" title=\"4th CSE in Italy: Cyberbullying: facts, prevelance in EU schools (France)\" width=\"640\" height=\"360\" src=\"https:\/\/www.youtube.com\/embed\/SOZjoYaHTWM?start=1&#038;feature=oembed\" frameborder=\"0\" allow=\"accelerometer; autoplay; clipboard-write; encrypted-media; gyroscope; picture-in-picture; web-share\" referrerpolicy=\"strict-origin-when-cross-origin\" allowfullscreen><\/iframe><\/div>\n<\/div><\/figure>\n\n\n\n<div class=\"wp-block-group\"><div class=\"wp-block-group__inner-container is-layout-flow wp-block-group-is-layout-flow\">\n<div class=\"wp-block-columns is-layout-flex wp-container-core-columns-is-layout-9d6595d7 wp-block-columns-is-layout-flex\">\n<div class=\"wp-block-column is-layout-flow wp-block-column-is-layout-flow\" style=\"flex-basis:100%\">\n<h4 class=\"has-text-align-center wp-block-heading\">La cyberintimidation dans les \u00e9coles de l&rsquo;UE<\/h4>\n\n\n\n<p class=\"has-text-align-center\"><strong>4\u00e8me \u00e9change d&rsquo;\u00e9tudiants crois\u00e9s<br><\/strong>Date: 02\/02\/2020 \u2013 08\/02\/2020<br>Ecole d\u2019accueil: I.I.S.S. Concetto Marchesi, Mascalucia (Italy)<br>Groupes accueillis : Stiftsgymn. St. Paul (Austria) &amp; Aristotelio College (Greece)<\/p>\n\n\n\n<hr class=\"wp-block-separator\"\/>\n<\/div>\n<\/div>\n<\/div><\/div>\n\n\n\n<figure class=\"wp-block-embed aligncenter is-type-video is-provider-youtube wp-block-embed-youtube wp-embed-aspect-16-9 wp-has-aspect-ratio\"><div class=\"wp-block-embed__wrapper\">\n<div class=\"video\"><iframe loading=\"lazy\" title=\"Week review - 1 CSE in Seville (Lyc\u00e9e D\u2019 Alembert-France)\" width=\"640\" height=\"360\" src=\"https:\/\/www.youtube.com\/embed\/EKVKoHRBsnU?start=1&#038;feature=oembed\" frameborder=\"0\" allow=\"accelerometer; autoplay; clipboard-write; encrypted-media; gyroscope; picture-in-picture; web-share\" referrerpolicy=\"strict-origin-when-cross-origin\" allowfullscreen><\/iframe><\/div>\n<\/div><\/figure>\n\n\n\n<h4 class=\"has-text-align-center wp-block-heading\"> Harc\u00e8lement et comportements face au harc\u00e8lement dans l&rsquo;UE <\/h4>\n\n\n\n<p class=\"has-text-align-center\"> 1er \u00e9change d&rsquo;\u00e9tudiants crois\u00e9s<br>Date: 17\/02\/2019 \u2013 23\/02\/2019<br>Ecole d\u2019accueil: IES Joaqu\u00edn Turina (Spain)<br>Groupes accueillis: Lyc\u00e9e D\u2019 Alembert (France) &amp; ENSINUS (Portugal) <\/p>\n\n\n\n<hr class=\"wp-block-separator\"\/>\n\n\n<a href=\"https:\/\/lyceedalembert.paris\/wp-content\/uploads\/2021\/12\/empowerbullyingvictimsineuschoolsfrance.pdf-1.pdf\" class=\"pdfemb-viewer\" style=\"\" data-width=\"max\" data-height=\"max\" data-toolbar=\"bottom\" data-toolbar-fixed=\"off\">empowerbullyingvictimsineuschoolsfrance.pdf-1<\/a>\n<p class=\"wp-block-pdfemb-pdf-embedder-viewer\"><\/p>\n\n\n\n<h4 class=\"has-text-align-center wp-block-heading\">Autonomiser les victimes de harc\u00e8lement dans les \u00e9coles de l&rsquo;UE<\/h4>\n\n\n\n<p class=\"has-text-align-center\"><strong>2\u00e8me \u00e9change d&rsquo;\u00e9tudiants crois\u00e9s<\/strong><br>Date: 19\/05\/2019 \u2013 25\/05\/2019<br>Ecole d\u2019accueil: Lyc\u00e9e D\u2019 Alembert (France)<br>Groupes accueillis: ENSINUS (Portugal) &amp;\u00a0IES Joaqu\u00edn Turina (Spain)<\/p>\n\n\n\n<hr class=\"wp-block-separator\"\/>\n\n\n\n<h4 class=\"has-text-align-center wp-block-heading\"><a href=\"https:\/\/lets-stop-bullying-together.eu\/index.php\/products\/france\/32-outcomes\/2nd-cross-student-exchange\/439-portfolios-france-students-group\" target=\"_blank\" rel=\"noreferrer noopener\">Portfolios d&rsquo;\u00e9tudiants fran\u00e7ais<\/a><\/h4>\n\n\n\n<p class=\"has-text-align-center\">1er \u00e9change d&rsquo;\u00e9tudiants crois\u00e9s<br>Date: 17\/02\/2019 \u2013 23\/02\/2019<br>Ecole d\u2019accueil: IES Joaqu\u00edn Turina (Spain)<br>Groupes accueillis: Lyc\u00e9e D\u2019 Alembert (France) &amp; ENSINUS (Portugal)<\/p>\n","protected":false},"excerpt":{"rendered":"<p>Site officiel du projet&nbsp;: https:\/\/lets-stop-bullying-together.eu\/index.php Le cadre juridique et les dispositifs pour lutter contre le harc\u00e8lement et la violence dans les \u00e9coles de l&rsquo;UE 6\u00e8me \u00e9change d&rsquo;\u00e9tudiants Date: 01\/03\/2020 \u2013 07\/03\/2020 Ecole d\u2019accueil: Aristotelio College Thessaloniki (Greece) Politiques scolaires actuelles sur la pr\u00e9vention du harc\u00e8lement dans les \u00e9coles de l&rsquo;UE 5\u00e8me \u00e9change d&rsquo;\u00e9tudiants crois\u00e9s Date: 02\/02\/2020 \u2013 08\/02\/2020Ecole d\u2019accueil: ENSINUS (Portugal)Groupes accueillis: Lyc\u00e9e D\u2019 Alembert (France) &amp; IES Joaqu\u00edn Turina (Spain) Politiques scolaires actuelles sur la pr\u00e9vention du harc\u00e8lement dans&hellip;<\/p>\n","protected":false},"author":1,"featured_media":0,"parent":0,"menu_order":0,"comment_status":"closed","ping_status":"closed","template":"","meta":{"footnotes":""},"class_list":["post-6715","page","type-page","status-publish","hentry"],"_links":{"self":[{"href":"https:\/\/lyceedalembert.paris\/index.php\/wp-json\/wp\/v2\/pages\/6715","targetHints":{"allow":["GET"]}}],"collection":[{"href":"https:\/\/lyceedalembert.paris\/index.php\/wp-json\/wp\/v2\/pages"}],"about":[{"href":"https:\/\/lyceedalembert.paris\/index.php\/wp-json\/wp\/v2\/types\/page"}],"author":[{"embeddable":true,"href":"https:\/\/lyceedalembert.paris\/index.php\/wp-json\/wp\/v2\/users\/1"}],"replies":[{"embeddable":true,"href":"https:\/\/lyceedalembert.paris\/index.php\/wp-json\/wp\/v2\/comments?post=6715"}],"version-history":[{"count":32,"href":"https:\/\/lyceedalembert.paris\/index.php\/wp-json\/wp\/v2\/pages\/6715\/revisions"}],"predecessor-version":[{"id":6799,"href":"https:\/\/lyceedalembert.paris\/index.php\/wp-json\/wp\/v2\/pages\/6715\/revisions\/6799"}],"wp:attachment":[{"href":"https:\/\/lyceedalembert.paris\/index.php\/wp-json\/wp\/v2\/media?parent=6715"}],"curies":[{"name":"wp","href":"https:\/\/api.w.org\/{rel}","templated":true}]}}