{"id":7,"date":"2025-03-16T16:15:39","date_gmt":"2025-03-16T15:15:39","guid":{"rendered":"http:\/\/localhost:82\/wordpress\/?page_id=6"},"modified":"2025-03-16T16:15:40","modified_gmt":"2025-03-16T15:15:40","slug":"historique","status":"publish","type":"page","link":"https:\/\/lyceedalembert.paris\/index.php\/historique\/","title":{"rendered":"Historique"},"content":{"rendered":"<p><img loading=\"lazy\" decoding=\"async\" class=\"size-full wp-image-1286\" src=\"http:\/\/lyceedalembert.16mb.com\/wp-content\/uploads\/2016\/02\/2013_4-1.jpg\" alt=\"AgfaPhoto\" width=\"1140\" height=\"855\" srcset=\"https:\/\/lyceedalembert.paris\/wp-content\/uploads\/2016\/02\/2013_4-1.jpg 1140w, https:\/\/lyceedalembert.paris\/wp-content\/uploads\/2016\/02\/2013_4-1-300x225.jpg 300w, https:\/\/lyceedalembert.paris\/wp-content\/uploads\/2016\/02\/2013_4-1-768x576.jpg 768w, https:\/\/lyceedalembert.paris\/wp-content\/uploads\/2016\/02\/2013_4-1-1024x768.jpg 1024w\" sizes=\"auto, (max-width: 1140px) 100vw, 1140px\" \/><\/p>\n<p align=\"justify\">Id\u00e9alement situ\u00e9 dans un cadre privil\u00e9gi\u00e9 et en plein essor, \u00e0 la\u00a0jonction des quartiers historiques du bassin de la Villette et du parc\u00a0des Buttes-Chaumont ; non loin, encore, du canal de l&rsquo;Ourcq et face \u00e0\u00a0la Philharmonie de Paris, le lyc\u00e9e d&rsquo;Alembert offre \u00e0 ses \u00e9l\u00e8ves des\u00a0formations stimulantes et coh\u00e9rentes avec son environnement.<\/p>\n<p align=\"justify\">La sp\u00e9cificit\u00e9 de l&rsquo;enseignement dispens\u00e9 au lyc\u00e9e d&rsquo;Alembert trouve son origine dans le patrimoine culturel du quartier de la Villette. Avant m\u00eame l&rsquo;annexion par Paris du territoire Villettois en 1860, la ville de Paris d\u00e9cidait d&rsquo;acheter un vaste terrain pour y installer un abattoir con\u00e7u pour approvisionner l&rsquo;ensemble de la population parisienne. Le b\u00e9tail, achemin\u00e9 par voie ferr\u00e9e, \u00e9tait vendu au march\u00e9 situ\u00e9 dans la Grande Halle, puis dirig\u00e9 vers les abattoirs de l&rsquo;autre c\u00f4t\u00e9 du canal de l&rsquo;Ourcq au lieu actuel de la Cit\u00e9 des Sciences et de l&rsquo;Industrie.<\/p>\n<p align=\"justify\"><img loading=\"lazy\" decoding=\"async\" class=\"alignnone size-full wp-image-1454\" src=\"http:\/\/localhost:81\/Lyceedalembert\/wp-content\/uploads\/2016\/02\/pol-abraham-light.jpg\" alt=\"pol abraham light\" width=\"600\" height=\"749\" srcset=\"https:\/\/lyceedalembert.paris\/wp-content\/uploads\/2016\/02\/pol-abraham-light.jpg 600w, https:\/\/lyceedalembert.paris\/wp-content\/uploads\/2016\/02\/pol-abraham-light-240x300.jpg 240w\" sizes=\"auto, (max-width: 600px) 100vw, 600px\" \/><\/p>\n<p align=\"justify\">Les b\u00e2timents en briques, 22 Sente des Dor\u00e9es, remarquables par leurs grandes baies qui laissent p\u00e9n\u00e9trer air et lumi\u00e8re, typiques de l&rsquo;architecture des ann\u00e9es 30, ont \u00e9t\u00e9 construits \u00e0 partir de 1934par l&rsquo;architecte Pol Abraham.<\/p>\n<p align=\"justify\">D&rsquo;abord appel\u00e9 \u00ab\u00a0Lyc\u00e9e Jean Jaur\u00e8s\u00a0\u00bb, le nom est abandonn\u00e9 pour des raisons de confusion avec d&rsquo;autres \u00e9tablissements et est appel\u00e9 Lyc\u00e9e d&rsquo;Alembert en hommage au math\u00e9maticien du XVIIIe s., co-fondateur de l&rsquo;Encyclop\u00e9die.<\/p>\n<p align=\"justify\">Les nouveaux b\u00e2timents, largement d\u00e9di\u00e9s aux ateliers, ont \u00e9t\u00e9 \u00e9difi\u00e9s le long du trac\u00e9 de l&rsquo;ancien chemin de fer de ceinture. Le b\u00e9ton est rev\u00eatu d&rsquo;une c\u00e9ramique blanche qui joue avec les structures m\u00e9talliques peintes en bleu et l&rsquo;ensemble s&rsquo;int\u00e8gre parfaitement \u00e0 la r\u00e9novation du quartier. Con\u00e7ue par le cabinet Gillot, cette partie a \u00e9t\u00e9 inaugur\u00e9e en 1990.<\/p>\n<p align=\"justify\"><div id=\"su_carousel_69e75fe180d4b\" class=\"su-carousel su-carousel-centered su-carousel-pages-no su-carousel-responsive-yes\" style=\"width:100%\" data-autoplay=\"3000\" data-speed=\"600\" data-mousewheel=\"true\" data-items=\"1\" data-scroll=\"1\"><div class=\"su-carousel-slides\"><div class=\"su-carousel-slide\"><a><img decoding=\"async\" src=\"https:\/\/lyceedalembert.paris\/wp-content\/uploads\/2016\/02\/arch1-682x460.jpg\" alt=\"arch1\" \/><\/a><\/div><div class=\"su-carousel-slide\"><a><img decoding=\"async\" src=\"https:\/\/lyceedalembert.paris\/wp-content\/uploads\/2016\/02\/historique--682x460.jpg\" alt=\"historique-\" \/><\/a><\/div><div class=\"su-carousel-slide\"><a><img decoding=\"async\" src=\"https:\/\/lyceedalembert.paris\/wp-content\/uploads\/2016\/02\/historique-210320161230461-001-682x460.jpg\" alt=\"historique-21032016123046(1)-001\" \/><\/a><\/div><div class=\"su-carousel-slide\"><a><img decoding=\"async\" src=\"https:\/\/lyceedalembert.paris\/wp-content\/uploads\/2016\/02\/inauguration-2-682x460.jpg\" alt=\"inauguration-2\" \/><\/a><\/div><div class=\"su-carousel-slide\"><a><img decoding=\"async\" src=\"https:\/\/lyceedalembert.paris\/wp-content\/uploads\/2016\/02\/inauguration-21032016122854-001-682x460.jpg\" alt=\"inauguration-21032016122854-001\" \/><\/a><\/div><\/div><div class=\"su-carousel-nav\"><div class=\"su-carousel-direction\"><span class=\"su-carousel-prev\"><\/span><span class=\"su-carousel-next\"><\/span><\/div><div class=\"su-carousel-pagination\"><\/div><\/div><\/div>\n<p>Auparavant largement d\u00e9di\u00e9es au travail du cuir, les formations\u00a0propos\u00e9es (Bac Professionnel M\u00e9tiers du Cuir \u2013 ProCuir ; C.A.P. :<br \/>\nCordonnerie \u2013 C2C) se sont \u00e9largies de nouvelles fili\u00e8res depuis 2005,\u00a0li\u00e9es notamment au domaine m\u00e9dical (C.A.P. : ortho-prothese,\u00a0podo-orth\u00e8se \u2013 C2APO\/C2AOR ; Bac Professionnel : Aide Soin et Service\u00a0\u00e0 la Personne \u2013 ASSP ; Bac Technologique : Sciences et Technologies de&lt;la Sant\u00e9 et du Social \u2013 ST2S ; B.T.S. : Ortho-proth\u00e9siste ;\u00a0Podo-orth\u00e9siste), ainsi que d&rsquo;un Bac professionnel Services de\u00a0Proximit\u00e9 et Vie Locale (SPVL), et accueillent d\u00e9sormais un peu plus\u00a0de 700 \u00e9l\u00e8ves.<\/p>\n<p>Polyvalent, le lyc\u00e9e d&rsquo;Alembert offre ainsi \u00e0 tous ses \u00e9l\u00e8ves des\u00a0cursus d&rsquo;\u00e9tudes vari\u00e9s et de qualit\u00e9, recrutant sur la France enti\u00e8re\u00a0dans le domaine de l&rsquo;appareillage param\u00e9dical et proposant aux\u00a0\u00e9tudiants des parcours de formations tr\u00e8s individualis\u00e9s.\u00a0 \u00a0Le lyc\u00e9e\u00a0d&rsquo;Alembert permet en outre \u00e0 tous ses \u00e9l\u00e8ves de b\u00e9n\u00e9ficier de\u00a0plates-formes technologiques sp\u00e9cifiques, de partenariats dynamiques\u00a0avec les milieux professionnels et d&rsquo;ouvertures nationales et\u00a0internationales grandissantes.<\/p>\n<p>&nbsp;<\/p>\n<p>&nbsp;<\/p>\n","protected":false},"excerpt":{"rendered":"<p>Id\u00e9alement situ\u00e9 dans un cadre privil\u00e9gi\u00e9 et en plein essor, \u00e0 la\u00a0jonction des quartiers historiques du bassin de la Villette et du parc\u00a0des Buttes-Chaumont ; non loin, encore, du canal de l&rsquo;Ourcq et face \u00e0\u00a0la Philharmonie de Paris, le lyc\u00e9e d&rsquo;Alembert offre \u00e0 ses \u00e9l\u00e8ves des\u00a0formations stimulantes et coh\u00e9rentes avec son environnement. La sp\u00e9cificit\u00e9 de l&rsquo;enseignement dispens\u00e9 au lyc\u00e9e d&rsquo;Alembert trouve son origine dans le patrimoine culturel du quartier de la Villette. Avant m\u00eame l&rsquo;annexion par Paris du territoire Villettois&hellip;<\/p>\n","protected":false},"author":1,"featured_media":0,"parent":0,"menu_order":0,"comment_status":"closed","ping_status":"closed","template":"","meta":{"footnotes":""},"class_list":["post-7","page","type-page","status-publish","hentry"],"_links":{"self":[{"href":"https:\/\/lyceedalembert.paris\/index.php\/wp-json\/wp\/v2\/pages\/7","targetHints":{"allow":["GET"]}}],"collection":[{"href":"https:\/\/lyceedalembert.paris\/index.php\/wp-json\/wp\/v2\/pages"}],"about":[{"href":"https:\/\/lyceedalembert.paris\/index.php\/wp-json\/wp\/v2\/types\/page"}],"author":[{"embeddable":true,"href":"https:\/\/lyceedalembert.paris\/index.php\/wp-json\/wp\/v2\/users\/1"}],"replies":[{"embeddable":true,"href":"https:\/\/lyceedalembert.paris\/index.php\/wp-json\/wp\/v2\/comments?post=7"}],"version-history":[{"count":8,"href":"https:\/\/lyceedalembert.paris\/index.php\/wp-json\/wp\/v2\/pages\/7\/revisions"}],"predecessor-version":[{"id":1455,"href":"https:\/\/lyceedalembert.paris\/index.php\/wp-json\/wp\/v2\/pages\/7\/revisions\/1455"}],"wp:attachment":[{"href":"https:\/\/lyceedalembert.paris\/index.php\/wp-json\/wp\/v2\/media?parent=7"}],"curies":[{"name":"wp","href":"https:\/\/api.w.org\/{rel}","templated":true}]}}