{"id":7150,"date":"2025-07-03T16:00:22","date_gmt":"2025-07-03T15:00:22","guid":{"rendered":"http:\/\/lyceedalembert.paris\/?page_id=7150"},"modified":"2025-07-03T16:00:23","modified_gmt":"2025-07-03T15:00:23","slug":"inscriptions-2025-2026","status":"publish","type":"page","link":"https:\/\/lyceedalembert.paris\/index.php\/formations\/inscriptions-2025-2026\/","title":{"rendered":"Inscriptions 2025-2026"},"content":{"rendered":"\n<p class=\"has-text-align-center\">Veuillez trouver en t\u00e9l\u00e9chargement les formulaires d&rsquo;inscription pour la rentr\u00e9e de septembre 2025 au <strong>lyc\u00e9e d&rsquo;Alembert <\/strong>:<\/p>\n\n\n\n<ul class=\"wp-block-list\">\n<li><a href=\"https:\/\/lyceedalembert.paris\/wp-content\/uploads\/2025\/06\/Liste-des-pieces-a-fournir-scolaire-25-26-1.docx\" target=\"_blank\" rel=\"noreferrer noopener\">Liste des pi\u00e8ces \u00e0 fournir premi\u00e8re inscription 2025-2026 ;<\/a><\/li>\n\n\n\n<li><a href=\"https:\/\/lyceedalembert.paris\/wp-content\/uploads\/2025\/06\/Fiche-de-renseignements25-26_PDF-modifiable.pdf\" target=\"_blank\" rel=\"noreferrer noopener\">Fiche de renseignements 2025, modifiable<\/a> ;<\/li>\n\n\n\n<li><a href=\"https:\/\/lyceedalembert.paris\/wp-content\/uploads\/2025\/06\/Demande-de-dossier-medical.odt\" target=\"_blank\" rel=\"noreferrer noopener\">Demande de dossier m\u00e9dical_2025<\/a> ;<\/li>\n\n\n\n<li><a href=\"https:\/\/lyceedalembert.paris\/wp-content\/uploads\/2025\/06\/FICHE-INFIRMERIE-2025-2026.docx\" target=\"_blank\" rel=\"noreferrer noopener\">Fiche infirmerie 2025-2026<\/a> ;<\/li>\n\n\n\n<li><a href=\"https:\/\/lyceedalembert.paris\/wp-content\/uploads\/2025\/06\/fiche-inscription-demi-pension-2025-2026.docx\" target=\"_blank\" rel=\"noreferrer noopener\">Fiche d&rsquo;inscription \u00e0 la demi-pension 2025-2026<\/a> ;<\/li>\n\n\n\n<li><a href=\"https:\/\/lyceedalembert.paris\/wp-content\/uploads\/2025\/06\/Etude-automatique-Droit-a-Bourse.pdf\" target=\"_blank\" rel=\"noreferrer noopener\">Etude de droit de bourse<\/a>;<\/li>\n\n\n\n<li><a href=\"https:\/\/lyceedalembert.paris\/wp-content\/uploads\/2025\/06\/fiche-Reglement-interieur-2025-2026.docx\">Fiche r\u00e9glement int\u00e9rieur 2025-2026.<\/a><\/li>\n<\/ul>\n\n\n\n<h2 class=\"wp-block-heading\">Tenues professionnelles pour les Bac Pro et les CAP entrants<\/h2>\n\n\n\n<p>Vous trouverez ci joint joint les fiches des Tenues professionnelles pour les bac pro et les CAP entrants :<\/p>\n\n\n\n<ul class=\"wp-block-list\">\n<li><a href=\"https:\/\/lyceedalembert.paris\/wp-content\/uploads\/2025\/06\/fiche-cde-tenue-pro-BCP-rentree-2025.pdf\">Fiche de commande de tenue professionnelle BAC PRO rentr\u00e9e 2025<\/a><\/li>\n\n\n\n<li><a href=\"https:\/\/lyceedalembert.paris\/wp-content\/uploads\/2025\/06\/fiche-cde-tenue-pro-CAP-rentree-2025.pdf\">Fiche de commande de tenue professionnelle CAP rentr\u00e9e 2025<\/a><\/li>\n<\/ul>\n\n\n\n<h2 class=\"wp-block-heading\">Inscriptions BTS :<\/h2>\n\n\n\n<ul class=\"wp-block-list\">\n<li><a href=\"https:\/\/lyceedalembert.paris\/wp-content\/uploads\/2025\/07\/Liste-pieces-a-fournir-BTS-25-26.pdf\" target=\"_blank\" rel=\"noreferrer noopener\">Liste des pi\u00e8ces \u00e0 fournir \u00e0 la premi\u00e8re inscription 2025-2026<\/a> ;<\/li>\n\n\n\n<li><a href=\"https:\/\/lyceedalembert.paris\/wp-content\/uploads\/2025\/06\/Fiche-de-renseignements25-26_PDF-modifiable-1.pdf\" target=\"_blank\" rel=\"noreferrer noopener\">Demande de renseignements BTS 2025-2026 ;<\/a><\/li>\n\n\n\n<li><a href=\"https:\/\/lyceedalembert.paris\/wp-content\/uploads\/2025\/06\/Demande-de-dossier-medical-1.odt\" target=\"_blank\" rel=\"noreferrer noopener\">Demande de dossier m\u00e9dical ;<\/a><\/li>\n\n\n\n<li><a href=\"https:\/\/lyceedalembert.paris\/wp-content\/uploads\/2025\/06\/FICHE-INFIRMERIE-2025-2026-1.docx\" target=\"_blank\" rel=\"noreferrer noopener\">Fiche infirmerie 2025-2026 ;<\/a><\/li>\n\n\n\n<li><a href=\"https:\/\/lyceedalembert.paris\/wp-content\/uploads\/2025\/06\/fiche-inscription-demi-pension-2025-2026-1.docx\" target=\"_blank\" rel=\"noreferrer noopener\">Fiche inscription \u00e0 la demi-pension 2025-2026.<\/a><\/li>\n<\/ul>\n\n\n\n<h2 class=\"wp-block-heading\">Livret d&rsquo;accueil BTS proth\u00e9siste-orth\u00e9siste :<\/h2>\n\n\n\n<ul class=\"wp-block-list\">\n<li><a href=\"https:\/\/lyceedalembert.paris\/wp-content\/uploads\/2025\/07\/2025-livret-d-accueil-TS1.pdf\" target=\"_blank\" rel=\"noreferrer noopener\">Livret d&rsquo;accueil BTS proth\u00e9siste-orth\u00e9site rentr\u00e9e 2025<\/a><\/li>\n<\/ul>\n","protected":false},"excerpt":{"rendered":"<p>Veuillez trouver en t\u00e9l\u00e9chargement les formulaires d&rsquo;inscription pour la rentr\u00e9e de septembre 2025 au lyc\u00e9e d&rsquo;Alembert : Tenues professionnelles pour les Bac Pro et les CAP entrants Vous trouverez ci joint joint les fiches des Tenues professionnelles pour les bac pro et les CAP entrants : Inscriptions BTS : Livret d&rsquo;accueil BTS proth\u00e9siste-orth\u00e9siste :<\/p>\n","protected":false},"author":1,"featured_media":0,"parent":21,"menu_order":0,"comment_status":"closed","ping_status":"closed","template":"","meta":{"footnotes":""},"class_list":["post-7150","page","type-page","status-publish","hentry"],"_links":{"self":[{"href":"https:\/\/lyceedalembert.paris\/index.php\/wp-json\/wp\/v2\/pages\/7150","targetHints":{"allow":["GET"]}}],"collection":[{"href":"https:\/\/lyceedalembert.paris\/index.php\/wp-json\/wp\/v2\/pages"}],"about":[{"href":"https:\/\/lyceedalembert.paris\/index.php\/wp-json\/wp\/v2\/types\/page"}],"author":[{"embeddable":true,"href":"https:\/\/lyceedalembert.paris\/index.php\/wp-json\/wp\/v2\/users\/1"}],"replies":[{"embeddable":true,"href":"https:\/\/lyceedalembert.paris\/index.php\/wp-json\/wp\/v2\/comments?post=7150"}],"version-history":[{"count":29,"href":"https:\/\/lyceedalembert.paris\/index.php\/wp-json\/wp\/v2\/pages\/7150\/revisions"}],"predecessor-version":[{"id":9173,"href":"https:\/\/lyceedalembert.paris\/index.php\/wp-json\/wp\/v2\/pages\/7150\/revisions\/9173"}],"up":[{"embeddable":true,"href":"https:\/\/lyceedalembert.paris\/index.php\/wp-json\/wp\/v2\/pages\/21"}],"wp:attachment":[{"href":"https:\/\/lyceedalembert.paris\/index.php\/wp-json\/wp\/v2\/media?parent=7150"}],"curies":[{"name":"wp","href":"https:\/\/api.w.org\/{rel}","templated":true}]}}