{"id":73,"date":"2016-02-16T11:46:35","date_gmt":"2016-02-16T10:46:35","guid":{"rendered":"http:\/\/localhost:82\/wordpress\/?page_id=73"},"modified":"2023-02-10T09:49:16","modified_gmt":"2023-02-10T08:49:16","slug":"developpement-durable","status":"publish","type":"page","link":"https:\/\/lyceedalembert.paris\/index.php\/developpement-durable\/","title":{"rendered":"D\u00e9veloppement durable"},"content":{"rendered":"\n<p>Consulter l&rsquo;ensemble des articles du site publi\u00e9 sur le th\u00e8me du <a rel=\"noreferrer noopener\" aria-label=\"D\u00e9veloppement Durable (s\u2019ouvre dans un nouvel onglet)\" href=\"https:\/\/lyceedalembert.paris\/index.php\/category\/developpement-durable\/\" target=\"_blank\">D\u00e9veloppement Durable<\/a><\/p>\n\n\n\n<p class=\"has-drop-cap\" style=\"font-size:22px\">Le lyc\u00e9e d&rsquo;Alembert s&rsquo;est engag\u00e9  dans l&rsquo;\u00e9ducation au d\u00e9veloppement durable (EDD) pour appr\u00e9hender le monde  contemporain dans sa complexit\u00e9, en prenant en compte les interactions  existant entre <strong>l&rsquo;environnement<\/strong>, la <strong>soci\u00e9t\u00e9<\/strong>, l&rsquo;<strong>\u00e9conomie<\/strong> et la <strong>culture<\/strong>. <\/p>\n\n\n\n<p> <\/p>\n\n\n\n<h2 class=\"has-vivid-red-color has-text-color wp-block-heading\">Principe:<\/h2>\n\n\n\n<p class=\"has-medium-font-size\">L&rsquo;\u00e9ducation au d\u00e9veloppement durable invite \u00e0 tisser des r\u00e9seaux  transversaux de connaissances et de comp\u00e9tences entre les enseignements,  les projets d&rsquo;\u00e9tablissements et les nombreuses initiatives comme les  actions \u00e9ducatives et culturelles conduites sur le temps scolaire ou en  dehors du temps scolaire. Elle a donc toute sa place dans les \u00ab projets  \u00e9ducatifs territoriaux \u00bb qui visent \u00e0 articuler les activit\u00e9s  p\u00e9riscolaires avec les projets d&rsquo;\u00e9cole et d&rsquo;\u00e9tablissement. <\/p>\n\n\n\n<h2 class=\"has-vivid-red-color has-text-color wp-block-heading\">Labellisation E3D:<\/h2>\n\n\n\n<figure class=\"wp-block-image size-large is-resized\"><img loading=\"lazy\" decoding=\"async\" src=\"https:\/\/lyceedalembert.paris\/wp-content\/uploads\/2019\/12\/banniere_web_e3d_paris_en_action.jpg\" alt=\"\" class=\"wp-image-5424\" width=\"600\" height=\"300\" srcset=\"https:\/\/lyceedalembert.paris\/wp-content\/uploads\/2019\/12\/banniere_web_e3d_paris_en_action.jpg 800w, https:\/\/lyceedalembert.paris\/wp-content\/uploads\/2019\/12\/banniere_web_e3d_paris_en_action-300x150.jpg 300w, https:\/\/lyceedalembert.paris\/wp-content\/uploads\/2019\/12\/banniere_web_e3d_paris_en_action-768x384.jpg 768w\" sizes=\"auto, (max-width: 600px) 100vw, 600px\" \/><\/figure>\n\n\n\n<p>Le lyc\u00e9e a re\u00e7u la labelisation E3D gr\u00e2ce aux respects des pr\u00e9conisation de l&rsquo;Education Nationale.<\/p>\n\n\n\n<p>Lire l&rsquo;article sur <a rel=\"noreferrer noopener\" aria-label=\"Le Lyc\u00e9e d\u2019Alembert a re\u00e7u le label E3D (s\u2019ouvre dans un nouvel onglet)\" href=\"https:\/\/lyceedalembert.paris\/index.php\/2017\/06\/08\/lycee-dalembert-a-recu-label-e3d\/\" target=\"_blank\">Le Lyc\u00e9e d\u2019Alembert a re\u00e7u le label E3D<\/a><\/p>\n\n\n\n<h2 class=\"has-vivid-red-color has-text-color wp-block-heading\">L&rsquo;Agenda 2030 des Objectifs de d\u00e9veloppement durable<\/h2>\n\n\n\n<p>En septembre 2015, les 193 \u00c9tats membres de l&rsquo;ONU ont adopt\u00e9 le \nprogramme de d\u00e9veloppement durable \u00e0 l&rsquo;horizon 2030, intitul\u00e9 Agenda \n2030. C&rsquo;est un agenda pour les populations, pour la plan\u00e8te, pour la \nprosp\u00e9rit\u00e9, pour la paix et par les partenariats. Il porte une vision de\n transformation de notre monde en \u00e9radiquant la pauvret\u00e9 et en assurant \nsa transition vers un d\u00e9veloppement durable.<\/p>\n\n\n\n<p>L&rsquo;Agenda 2030 a fusionn\u00e9 l&rsquo;agenda du d\u00e9veloppement et celui des  Sommets de la Terre. Il est universel, c&rsquo;est-\u00e0-dire qu&rsquo;il s&rsquo;applique \u00e0  tous les pays, du Nord comme du Sud. \u00c0 cet \u00e9gard, tous les pays sont \u00ab  en voie de d\u00e9veloppement durable \u00bb. Avec ses 17 Objectifs de  d\u00e9veloppement durable et 169 cibles (ou sous-objectifs), il dessine une  feuille de route d\u00e9taill\u00e9e et couvrant pratiquement toutes les questions  de soci\u00e9t\u00e9.<\/p>\n\n\n\n<h2 class=\"has-text-align-center wp-block-heading\">Exemples d&rsquo;activit\u00e9s de D\u00e9veloppement Durable r\u00e9alis\u00e9es au lyc\u00e9e d&rsquo;Alembert<\/h2>\n\n\n\n<figure class=\"wp-block-embed is-type-video is-provider-youtube wp-block-embed-youtube wp-embed-aspect-4-3 wp-has-aspect-ratio\"><div class=\"wp-block-embed__wrapper\">\n<div class=\"video\"><iframe loading=\"lazy\" title=\"Activit\u00e9 apiculture au lyc\u00e9e d&#039;Alembert\" width=\"640\" height=\"480\" src=\"https:\/\/www.youtube.com\/embed\/ztne-huLKxo?feature=oembed\" frameborder=\"0\" allow=\"accelerometer; autoplay; clipboard-write; encrypted-media; gyroscope; picture-in-picture; web-share\" referrerpolicy=\"strict-origin-when-cross-origin\" allowfullscreen><\/iframe><\/div>\n<\/div><\/figure>\n\n\n\n<figure class=\"wp-block-embed is-type-video is-provider-youtube wp-block-embed-youtube wp-embed-aspect-4-3 wp-has-aspect-ratio\"><div class=\"wp-block-embed__wrapper\">\n<div class=\"video\"><iframe loading=\"lazy\" title=\"Activit\u00e9 jardinage au lyc\u00e9e d&#039;Alembert\" width=\"640\" height=\"480\" src=\"https:\/\/www.youtube.com\/embed\/uIM8mHEjoVw?feature=oembed\" frameborder=\"0\" allow=\"accelerometer; autoplay; clipboard-write; encrypted-media; gyroscope; picture-in-picture; web-share\" referrerpolicy=\"strict-origin-when-cross-origin\" allowfullscreen><\/iframe><\/div>\n<\/div><\/figure>\n","protected":false},"excerpt":{"rendered":"<p>Consulter l&rsquo;ensemble des articles du site publi\u00e9 sur le th\u00e8me du D\u00e9veloppement Durable Le lyc\u00e9e d&rsquo;Alembert s&rsquo;est engag\u00e9 dans l&rsquo;\u00e9ducation au d\u00e9veloppement durable (EDD) pour appr\u00e9hender le monde contemporain dans sa complexit\u00e9, en prenant en compte les interactions existant entre l&rsquo;environnement, la soci\u00e9t\u00e9, l&rsquo;\u00e9conomie et la culture. Principe: L&rsquo;\u00e9ducation au d\u00e9veloppement durable invite \u00e0 tisser des r\u00e9seaux transversaux de connaissances et de comp\u00e9tences entre les enseignements, les projets d&rsquo;\u00e9tablissements et les nombreuses initiatives comme les actions \u00e9ducatives et culturelles conduites&hellip;<\/p>\n","protected":false},"author":1,"featured_media":0,"parent":0,"menu_order":0,"comment_status":"closed","ping_status":"closed","template":"","meta":{"footnotes":""},"class_list":["post-73","page","type-page","status-publish","hentry"],"_links":{"self":[{"href":"https:\/\/lyceedalembert.paris\/index.php\/wp-json\/wp\/v2\/pages\/73","targetHints":{"allow":["GET"]}}],"collection":[{"href":"https:\/\/lyceedalembert.paris\/index.php\/wp-json\/wp\/v2\/pages"}],"about":[{"href":"https:\/\/lyceedalembert.paris\/index.php\/wp-json\/wp\/v2\/types\/page"}],"author":[{"embeddable":true,"href":"https:\/\/lyceedalembert.paris\/index.php\/wp-json\/wp\/v2\/users\/1"}],"replies":[{"embeddable":true,"href":"https:\/\/lyceedalembert.paris\/index.php\/wp-json\/wp\/v2\/comments?post=73"}],"version-history":[{"count":11,"href":"https:\/\/lyceedalembert.paris\/index.php\/wp-json\/wp\/v2\/pages\/73\/revisions"}],"predecessor-version":[{"id":7690,"href":"https:\/\/lyceedalembert.paris\/index.php\/wp-json\/wp\/v2\/pages\/73\/revisions\/7690"}],"wp:attachment":[{"href":"https:\/\/lyceedalembert.paris\/index.php\/wp-json\/wp\/v2\/media?parent=73"}],"curies":[{"name":"wp","href":"https:\/\/api.w.org\/{rel}","templated":true}]}}