{"id":7499,"date":"2022-12-05T13:02:03","date_gmt":"2022-12-05T12:02:03","guid":{"rendered":"http:\/\/lyceedalembert.paris\/?page_id=7499"},"modified":"2022-12-05T15:37:18","modified_gmt":"2022-12-05T14:37:18","slug":"projet-erasmus","status":"publish","type":"page","link":"https:\/\/lyceedalembert.paris\/index.php\/projet-erasmus\/","title":{"rendered":"Projet ERASMUS VALEURS EUROPEENES"},"content":{"rendered":"\n<p class=\"has-text-align-center\"><strong><u>Site officiel du projet&nbsp;: <\/u><\/strong><a href=\"https:\/\/valeurseuropeennes.alle.bg\/\" target=\"_blank\" rel=\"noreferrer noopener\"><strong>https:\/\/valeurseuropeennes.alle.bg\/<\/strong><\/a><\/p>\n\n\n\n<h1 class=\"has-text-align-center has-text-color wp-block-heading\" style=\"color:#ff6d05\">Les vid\u00e9os<\/h1>\n\n\n\n<p><strong><u>Mobilit\u00e9 en ROUMANIE &#8211; <\/u>Multilinguisme et dialogue interculturel<\/strong><\/p>\n\n\n\n<figure class=\"wp-block-embed is-type-video is-provider-youtube wp-block-embed-youtube wp-embed-aspect-4-3 wp-has-aspect-ratio\"><div class=\"wp-block-embed__wrapper\">\n<div class=\"video\"><iframe loading=\"lazy\" title=\"VE Formation Roumanie\" width=\"640\" height=\"480\" src=\"https:\/\/www.youtube.com\/embed\/0n4MJUTLOgg?feature=oembed\" frameborder=\"0\" allow=\"accelerometer; autoplay; clipboard-write; encrypted-media; gyroscope; picture-in-picture; web-share\" referrerpolicy=\"strict-origin-when-cross-origin\" allowfullscreen><\/iframe><\/div>\n<\/div><\/figure>\n\n\n\n<p><strong><u>Mobilit\u00e9 en Belgique<\/u> H\u00e9ritage commun &#8211; le patrimoine \u00ab mat\u00e9riel \u00bb<\/strong> <\/p>\n\n\n\n<p>Date&nbsp;: mai 2019<\/p>\n\n\n\n<figure class=\"wp-block-embed is-type-video is-provider-youtube wp-block-embed-youtube wp-embed-aspect-4-3 wp-has-aspect-ratio\"><div class=\"wp-block-embed__wrapper\">\n<div class=\"video\"><iframe loading=\"lazy\" title=\"Belgique   Formation\" width=\"640\" height=\"480\" src=\"https:\/\/www.youtube.com\/embed\/rjKd1yZRQAw?feature=oembed\" frameborder=\"0\" allow=\"accelerometer; autoplay; clipboard-write; encrypted-media; gyroscope; picture-in-picture; web-share\" referrerpolicy=\"strict-origin-when-cross-origin\" allowfullscreen><\/iframe><\/div>\n<\/div><\/figure>\n\n\n\n<hr class=\"wp-block-separator has-alpha-channel-opacity\"\/>\n\n\n\n<p><strong><u>Mobilit\u00e9 en Autriche &#8211; <\/u>&nbsp;H\u00e9ritage commun &#8211; le patrimoine \u00ab immat\u00e9riel\u00bb<\/strong><\/p>\n\n\n\n<p>Date&nbsp;: mars 2019<\/p>\n\n\n\n<figure class=\"wp-block-embed is-type-video is-provider-youtube wp-block-embed-youtube wp-embed-aspect-4-3 wp-has-aspect-ratio\"><div class=\"wp-block-embed__wrapper\">\nhttps:\/\/www.youtube.com\/watch?v=9JrhWQm8XNc&amp;t=24s https:\/\/www.youtube.com\/watch?v=u56_rujUEqM\n<\/div><\/figure>\n\n\n\n<hr class=\"wp-block-separator has-alpha-channel-opacity\"\/>\n\n\n\n<p><strong><u>Mobilit\u00e9 en BULGARIE<\/u> &#8211; Valeurs europ\u00e9ennes \/ pr\u00e9sentations globale selon Le trait\u00e9 de<\/strong> <strong>Lisbonne<\/strong><\/p>\n\n\n\n<p>Date&nbsp;: novembre 2018<\/p>\n\n\n\n<figure class=\"wp-block-embed is-type-video is-provider-youtube wp-block-embed-youtube wp-embed-aspect-4-3 wp-has-aspect-ratio\"><div class=\"wp-block-embed__wrapper\">\n<div class=\"video\"><iframe loading=\"lazy\" title=\"&#039;&#039;Valeurs europ\u00e9ennes par ouvrages num\u00e9riques&#039;&#039; en BG\" width=\"640\" height=\"480\" src=\"https:\/\/www.youtube.com\/embed\/_Nt1JMI3HCs?feature=oembed\" frameborder=\"0\" allow=\"accelerometer; autoplay; clipboard-write; encrypted-media; gyroscope; picture-in-picture; web-share\" referrerpolicy=\"strict-origin-when-cross-origin\" allowfullscreen><\/iframe><\/div>\n<\/div><\/figure>\n\n\n\n<h1 class=\"has-text-align-center has-luminous-vivid-orange-color has-text-color wp-block-heading\"><strong><u>Livrets Num\u00e9riques<\/u><\/strong><\/h1>\n\n\n\n<p>Livret num\u00e9rique multilingue \u2013 V-\u00e8me partie : \u00ab \u00c9ducation \u00e0 l&rsquo;entrepreneuriat pour l&rsquo;inclusion sociale \u00bb<\/p>\n\n\n\n<p><a href=\"https:\/\/valeurseuropeennes.alle.bg\/files\/preview\/b0226ce2f422b4935cde9d5f73a3962f\">https:\/\/valeurseuropeennes.alle.bg\/files\/preview\/b0226ce2f422b4935cde9d5f73a3962f<\/a><\/p>\n","protected":false},"excerpt":{"rendered":"<p>Site officiel du projet&nbsp;: https:\/\/valeurseuropeennes.alle.bg\/ Les vid\u00e9os Mobilit\u00e9 en ROUMANIE &#8211; Multilinguisme et dialogue interculturel Mobilit\u00e9 en Belgique H\u00e9ritage commun &#8211; le patrimoine \u00ab mat\u00e9riel \u00bb Date&nbsp;: mai 2019 Mobilit\u00e9 en Autriche &#8211; &nbsp;H\u00e9ritage commun &#8211; le patrimoine \u00ab immat\u00e9riel\u00bb Date&nbsp;: mars 2019 Mobilit\u00e9 en BULGARIE &#8211; Valeurs europ\u00e9ennes \/ pr\u00e9sentations globale selon Le trait\u00e9 de Lisbonne Date&nbsp;: novembre 2018 Livrets Num\u00e9riques Livret num\u00e9rique multilingue \u2013 V-\u00e8me partie : \u00ab \u00c9ducation \u00e0 l&rsquo;entrepreneuriat pour l&rsquo;inclusion sociale \u00bb https:\/\/valeurseuropeennes.alle.bg\/files\/preview\/b0226ce2f422b4935cde9d5f73a3962f<\/p>\n","protected":false},"author":1,"featured_media":0,"parent":0,"menu_order":0,"comment_status":"closed","ping_status":"closed","template":"","meta":{"footnotes":""},"class_list":["post-7499","page","type-page","status-publish","hentry"],"_links":{"self":[{"href":"https:\/\/lyceedalembert.paris\/index.php\/wp-json\/wp\/v2\/pages\/7499","targetHints":{"allow":["GET"]}}],"collection":[{"href":"https:\/\/lyceedalembert.paris\/index.php\/wp-json\/wp\/v2\/pages"}],"about":[{"href":"https:\/\/lyceedalembert.paris\/index.php\/wp-json\/wp\/v2\/types\/page"}],"author":[{"embeddable":true,"href":"https:\/\/lyceedalembert.paris\/index.php\/wp-json\/wp\/v2\/users\/1"}],"replies":[{"embeddable":true,"href":"https:\/\/lyceedalembert.paris\/index.php\/wp-json\/wp\/v2\/comments?post=7499"}],"version-history":[{"count":6,"href":"https:\/\/lyceedalembert.paris\/index.php\/wp-json\/wp\/v2\/pages\/7499\/revisions"}],"predecessor-version":[{"id":7510,"href":"https:\/\/lyceedalembert.paris\/index.php\/wp-json\/wp\/v2\/pages\/7499\/revisions\/7510"}],"wp:attachment":[{"href":"https:\/\/lyceedalembert.paris\/index.php\/wp-json\/wp\/v2\/media?parent=7499"}],"curies":[{"name":"wp","href":"https:\/\/api.w.org\/{rel}","templated":true}]}}