{"id":8022,"date":"2025-06-26T11:07:00","date_gmt":"2025-06-26T10:07:00","guid":{"rendered":"http:\/\/lyceedalembert.paris\/?page_id=8022"},"modified":"2025-06-26T11:07:01","modified_gmt":"2025-06-26T10:07:01","slug":"infirmerie","status":"publish","type":"page","link":"https:\/\/lyceedalembert.paris\/index.php\/infirmerie\/","title":{"rendered":"Infirmerie 2024-2025"},"content":{"rendered":"\n<p>Mme BOLMIN, infirmi\u00e8re<\/p>\n\n\n\n<h3 class=\"wp-block-heading\">HORAIRES DE L&rsquo;INFIRMERIE:<\/h3>\n\n\n\n<ul class=\"wp-block-list\">\n<li>LUNDI :        9h00 &#8211; 17h30<\/li>\n\n\n\n<li>MARDI :       8h00 &#8211; 17h30<\/li>\n\n\n\n<li>MERCREDI : 8h00 &#8211; 17h30<\/li>\n\n\n\n<li>JEUDI :         8h00 &#8211; 17h30<\/li>\n\n\n\n<li>VENDREDI : Ferm\u00e9<\/li>\n<\/ul>\n\n\n\n<p class=\"has-text-align-right\"><\/p>\n\n\n\n<p>LIEN est un logiciel infirmier de l&rsquo;Education Nationale utilis\u00e9 par les infirmiers scolaires pour le suivi de la sant\u00e9 des \u00e9l\u00e8ves au long de leur scolarit\u00e9.<\/p>\n\n\n\n<p>Il permet entre autre d&rsquo;assurer la tra\u00e7abilit\u00e9 des actes des soins infirmiers pour les \u00e9l\u00e8ves.<\/p>\n\n\n\n<p>Les repr\u00e9sentaux l\u00e9gaux des \u00e9l\u00e8ves mineurs et les \u00e9l\u00e8ves majeurs ont le droit de consulter les donn\u00e9es et de s&rsquo;opposer \u00e9ventuellement \u00e0 leur partage entre professionnels infirmiers par l&rsquo;Education Nationale.<\/p>\n\n\n\n<p class=\"has-text-align-center\"><a href=\"https:\/\/lyceedalembert.paris\/wp-content\/uploads\/2023\/09\/lien-mentions-informatives-vf-20188.pdf\">Mention d&rsquo;informations du logiciel LIEN<\/a><\/p>\n\n\n<a href=\"https:\/\/lyceedalembert.paris\/wp-content\/uploads\/2023\/09\/lien-mentions-informatives-vf-20188.pdf\" class=\"pdfemb-viewer\" style=\"\" data-width=\"max\" data-height=\"max\" data-toolbar=\"bottom\" data-toolbar-fixed=\"off\">lien-mentions-informatives-vf-20188<\/a>\n<p class=\"wp-block-pdfemb-pdf-embedder-viewer\"><\/p>\n","protected":false},"excerpt":{"rendered":"<p>Mme BOLMIN, infirmi\u00e8re HORAIRES DE L&rsquo;INFIRMERIE: LIEN est un logiciel infirmier de l&rsquo;Education Nationale utilis\u00e9 par les infirmiers scolaires pour le suivi de la sant\u00e9 des \u00e9l\u00e8ves au long de leur scolarit\u00e9. Il permet entre autre d&rsquo;assurer la tra\u00e7abilit\u00e9 des actes des soins infirmiers pour les \u00e9l\u00e8ves. Les repr\u00e9sentaux l\u00e9gaux des \u00e9l\u00e8ves mineurs et les \u00e9l\u00e8ves majeurs ont le droit de consulter les donn\u00e9es et de s&rsquo;opposer \u00e9ventuellement \u00e0 leur partage entre professionnels infirmiers par l&rsquo;Education Nationale. Mention d&rsquo;informations du&hellip;<\/p>\n","protected":false},"author":1,"featured_media":0,"parent":0,"menu_order":0,"comment_status":"closed","ping_status":"closed","template":"","meta":{"footnotes":""},"class_list":["post-8022","page","type-page","status-publish","hentry"],"_links":{"self":[{"href":"https:\/\/lyceedalembert.paris\/index.php\/wp-json\/wp\/v2\/pages\/8022","targetHints":{"allow":["GET"]}}],"collection":[{"href":"https:\/\/lyceedalembert.paris\/index.php\/wp-json\/wp\/v2\/pages"}],"about":[{"href":"https:\/\/lyceedalembert.paris\/index.php\/wp-json\/wp\/v2\/types\/page"}],"author":[{"embeddable":true,"href":"https:\/\/lyceedalembert.paris\/index.php\/wp-json\/wp\/v2\/users\/1"}],"replies":[{"embeddable":true,"href":"https:\/\/lyceedalembert.paris\/index.php\/wp-json\/wp\/v2\/comments?post=8022"}],"version-history":[{"count":9,"href":"https:\/\/lyceedalembert.paris\/index.php\/wp-json\/wp\/v2\/pages\/8022\/revisions"}],"predecessor-version":[{"id":9138,"href":"https:\/\/lyceedalembert.paris\/index.php\/wp-json\/wp\/v2\/pages\/8022\/revisions\/9138"}],"wp:attachment":[{"href":"https:\/\/lyceedalembert.paris\/index.php\/wp-json\/wp\/v2\/media?parent=8022"}],"curies":[{"name":"wp","href":"https:\/\/api.w.org\/{rel}","templated":true}]}}