{"id":8507,"date":"2025-09-10T07:54:04","date_gmt":"2025-09-10T06:54:04","guid":{"rendered":"http:\/\/lyceedalembert.paris\/?page_id=8507"},"modified":"2025-09-10T07:54:05","modified_gmt":"2025-09-10T06:54:05","slug":"auxiliaire-de-puericulture-2","status":"publish","type":"page","link":"https:\/\/lyceedalembert.paris\/index.php\/auxiliaire-de-puericulture-2\/","title":{"rendered":"Auxiliaire de Pu\u00e9riculture"},"content":{"rendered":"\n<h2 class=\"wp-block-heading\"><strong>Institut de Formation d\u2019Auxiliaires de Pu\u00e9riculture (IFAP)<\/strong><\/h2>\n\n\n\n<h3 class=\"wp-block-heading\">L&rsquo;auxiliaire de pu\u00e9riculture :<\/h3>\n\n\n\n<div class=\"wp-block-media-text is-stacked-on-mobile\" style=\"grid-template-columns:32% auto\"><figure class=\"wp-block-media-text__media\"><img loading=\"lazy\" decoding=\"async\" width=\"1024\" height=\"683\" src=\"https:\/\/lyceedalembert.paris\/wp-content\/uploads\/2025\/09\/Photo-illustration-IFAP-2025-1-1-1024x683.jpg\" alt=\"\" class=\"wp-image-9256 size-full\" srcset=\"https:\/\/lyceedalembert.paris\/wp-content\/uploads\/2025\/09\/Photo-illustration-IFAP-2025-1-1-1024x683.jpg 1024w, https:\/\/lyceedalembert.paris\/wp-content\/uploads\/2025\/09\/Photo-illustration-IFAP-2025-1-1-300x200.jpg 300w, https:\/\/lyceedalembert.paris\/wp-content\/uploads\/2025\/09\/Photo-illustration-IFAP-2025-1-1-768x512.jpg 768w, https:\/\/lyceedalembert.paris\/wp-content\/uploads\/2025\/09\/Photo-illustration-IFAP-2025-1-1.jpg 1062w\" sizes=\"auto, (max-width: 1024px) 100vw, 1024px\" \/><\/figure><div class=\"wp-block-media-text__content\">\n<p><strong>Prodigue des soins<\/strong>\u00a0dans le cadre des comp\u00e9tences d\u00e9l\u00e9gu\u00e9es par la pu\u00e9ricultrice ou l&rsquo;infirmier, en \u00e9troite collaboration et sous leur supervision directe,<\/p>\n<\/div><\/div>\n\n\n\n<div class=\"wp-block-media-text has-media-on-the-right is-stacked-on-mobile\" style=\"grid-template-columns:auto 22%\"><div class=\"wp-block-media-text__content\">\n<p><strong>Con\u00e7oit et met en \u0153uvre des activit\u00e9s d&rsquo;\u00e9veil et d&rsquo;accompagnement \u00e9ducatif<\/strong>\u00a0visant \u00e0 maintenir et favoriser la continuit\u00e9 du d\u00e9veloppement, le confort et l&rsquo;ind\u00e9pendance progressive de l&rsquo;enfant,<\/p>\n<\/div><figure class=\"wp-block-media-text__media\"><img loading=\"lazy\" decoding=\"async\" width=\"683\" height=\"1024\" src=\"https:\/\/lyceedalembert.paris\/wp-content\/uploads\/2025\/09\/Photo-illustration-IFAP-2025-2-1-683x1024.jpg\" alt=\"\" class=\"wp-image-9257 size-full\" srcset=\"https:\/\/lyceedalembert.paris\/wp-content\/uploads\/2025\/09\/Photo-illustration-IFAP-2025-2-1-683x1024.jpg 683w, https:\/\/lyceedalembert.paris\/wp-content\/uploads\/2025\/09\/Photo-illustration-IFAP-2025-2-1-200x300.jpg 200w, https:\/\/lyceedalembert.paris\/wp-content\/uploads\/2025\/09\/Photo-illustration-IFAP-2025-2-1-768x1152.jpg 768w, https:\/\/lyceedalembert.paris\/wp-content\/uploads\/2025\/09\/Photo-illustration-IFAP-2025-2-1-1024x1536.jpg 1024w, https:\/\/lyceedalembert.paris\/wp-content\/uploads\/2025\/09\/Photo-illustration-IFAP-2025-2-1-1365x2048.jpg 1365w, https:\/\/lyceedalembert.paris\/wp-content\/uploads\/2025\/09\/Photo-illustration-IFAP-2025-2-1-scaled.jpg 1707w\" sizes=\"auto, (max-width: 683px) 100vw, 683px\" \/><\/figure><\/div>\n\n\n\n<div class=\"wp-block-media-text is-stacked-on-mobile\" style=\"grid-template-columns:39% auto\"><figure class=\"wp-block-media-text__media\"><img loading=\"lazy\" decoding=\"async\" width=\"1024\" height=\"683\" src=\"https:\/\/lyceedalembert.paris\/wp-content\/uploads\/2025\/09\/Photo-illustration-IFAP-2025-3-1-1024x683.jpg\" alt=\"\" class=\"wp-image-9258 size-full\" srcset=\"https:\/\/lyceedalembert.paris\/wp-content\/uploads\/2025\/09\/Photo-illustration-IFAP-2025-3-1-1024x683.jpg 1024w, https:\/\/lyceedalembert.paris\/wp-content\/uploads\/2025\/09\/Photo-illustration-IFAP-2025-3-1-300x200.jpg 300w, https:\/\/lyceedalembert.paris\/wp-content\/uploads\/2025\/09\/Photo-illustration-IFAP-2025-3-1-768x512.jpg 768w, https:\/\/lyceedalembert.paris\/wp-content\/uploads\/2025\/09\/Photo-illustration-IFAP-2025-3-1-1536x1024.jpg 1536w, https:\/\/lyceedalembert.paris\/wp-content\/uploads\/2025\/09\/Photo-illustration-IFAP-2025-3-1.jpg 1920w\" sizes=\"auto, (max-width: 1024px) 100vw, 1024px\" \/><\/figure><div class=\"wp-block-media-text__content\">\n<p><strong>Adopte une approche compl\u00e8te de l&rsquo;enfant<\/strong>\u00a0en int\u00e9grant pleinement la dimension humaine des soins et en cultivant une communication bienveillante avec les familles dans une d\u00e9marche d&rsquo;accompagnement parental,<\/p>\n<\/div><\/div>\n\n\n\n<div class=\"wp-block-media-text has-media-on-the-right is-stacked-on-mobile\"><div class=\"wp-block-media-text__content\">\n<p><strong>Contribue activement \u00e0 l&rsquo;accueil et \u00e0 l&rsquo;inclusion sociale<\/strong>\u00a0des enfants porteurs de handicap, atteints de pathologies chroniques ou expos\u00e9s \u00e0 des risques de marginalisation.<\/p>\n<\/div><figure class=\"wp-block-media-text__media\"><img loading=\"lazy\" decoding=\"async\" width=\"1024\" height=\"683\" src=\"https:\/\/lyceedalembert.paris\/wp-content\/uploads\/2025\/09\/Photo-illustration-IFAP-2025-4-1-1024x683.jpg\" alt=\"\" class=\"wp-image-9259 size-full\" srcset=\"https:\/\/lyceedalembert.paris\/wp-content\/uploads\/2025\/09\/Photo-illustration-IFAP-2025-4-1-1024x683.jpg 1024w, https:\/\/lyceedalembert.paris\/wp-content\/uploads\/2025\/09\/Photo-illustration-IFAP-2025-4-1-300x200.jpg 300w, https:\/\/lyceedalembert.paris\/wp-content\/uploads\/2025\/09\/Photo-illustration-IFAP-2025-4-1-768x512.jpg 768w, https:\/\/lyceedalembert.paris\/wp-content\/uploads\/2025\/09\/Photo-illustration-IFAP-2025-4-1-1536x1025.jpg 1536w, https:\/\/lyceedalembert.paris\/wp-content\/uploads\/2025\/09\/Photo-illustration-IFAP-2025-4-1.jpg 1920w\" sizes=\"auto, (max-width: 1024px) 100vw, 1024px\" \/><\/figure><\/div>\n\n\n\n<p class=\"has-text-align-center\">R\u00e9pertoire National des Certifications Professionnelles DE \u2013 Auxiliaire de pu\u00e9riculture<\/p>\n\n\n\n<p class=\"has-text-align-center\"><a href=\"https:\/\/www.francecompetences.fr\/recherche\/rncp\/40743\/\" target=\"_blank\" rel=\"noreferrer noopener\">Lien vers la fiche RNCP (N\u00b0 de fiche RNCP40743)<\/a><\/p>\n\n\n\n<h1 class=\"wp-block-heading has-text-align-center\"><a href=\"https:\/\/lyceedalembert.paris\/index.php\/auxiliaire-de-puericulture-janvier-2026-apprentissage\/\" target=\"_blank\" rel=\"noreferrer noopener\">Acc\u00e9der \u00e0 la page Auxiliaire de Pu\u00e9riculture par apprentissage<\/a><\/h1>\n\n\n\n<p class=\"has-text-align-center\">Pour vous inscrire en t\u00e9l\u00e9chargeant le <strong><a href=\"https:\/\/lyceedalembert.paris\/wp-content\/uploads\/2025\/09\/V2-CANDIDATURE-DEAP-APPRENTISSAGE-janvier-2026-1.pdf\" target=\"_blank\" rel=\"noreferrer noopener\">Dossier de candidature EN APPRENTISSAGE 2026 &#8211; 2027<\/a><\/strong>.<\/p>\n\n\n\n<p class=\"has-text-align-center\"><\/p>\n\n\n\n<p><strong>Retrouvez, en cliquant sur le lien ci-dessous, les informations dont vous avez besoin pour int\u00e9grer les instituts de formation d\u2019auxiliaire de pu\u00e9riculture.&nbsp;<\/strong><\/p>\n\n\n\n<p><a href=\"https:\/\/www.iledefrance.paps.sante.fr\/devenir-aide-soignant-auxiliaire-de-puericulture-ambulancier-ou-assistant-de-regulation-medicale?rubrique=13720&amp;parent=13720\" target=\"_blank\" rel=\"noreferrer noopener\">https:\/\/www.iledefrance.paps.sante.fr\/devenir-aide-soignant-auxiliaire-de-puericulture-ambulancier-ou-assistant-de-regulation-medicale?rubrique=13720&amp;parent=13720<\/a><\/p>\n\n\n\n<h2 class=\"wp-block-heading\">Lien vers le site CFA :<mark style=\"background-color:rgba(0, 0, 0, 0)\" class=\"has-inline-color has-vivid-red-color\"><\/mark><\/h2>\n\n\n\n<p class=\"has-text-align-center\"><a href=\"https:\/\/pia.ac-paris.fr\/serail\/jcms\/s2_1885228\/fr\/cfa-paris-academie-entreprises\" target=\"_blank\" rel=\"noreferrer noopener\">CFA acad\u00e9mique<\/a><\/p>\n\n\n\n<h1 class=\"wp-block-heading has-text-align-left has-vivid-red-color has-text-color has-link-color wp-elements-2de747f88f4443619b34540f52219b92\">Contact :<\/h1>\n\n\n\n<h3 class=\"wp-block-heading has-black-color has-text-color has-link-color wp-elements-664bb323148e58befb62fb903465f006\">Mail de l&rsquo;IFAP :<\/h3>\n\n\n\n<p><strong><a href=\"javascript:main.compose('new', 't=ifap.dalembert@ac-paris.fr')\">ifap.dalembert@ac-paris.fr<\/a><\/strong><\/p>\n\n\n\n<h3 class=\"wp-block-heading has-black-color has-text-color has-link-color wp-elements-64dce430dc9b1328299a576de4452445\">R\u00e9f\u00e9rente handicap : Virginie CORRAL <\/h3>\n\n\n\n<p class=\"has-black-color has-text-color has-link-color wp-elements-23c6ebaa13a751b2c3fae161a3d230c4\">01 44 62 39 34 &#8211; virginie.chansard@ac-paris.fr<\/p>\n\n\n\n<h3 class=\"wp-block-heading has-black-color has-text-color has-link-color wp-elements-e70fe0cb22d7aff56a736c466058fd5d\">R\u00e9f\u00e9rente insertion : Sylvie BOUTIN<\/h3>\n\n\n\n<p class=\"has-black-color has-text-color has-link-color wp-elements-7cfd1bdce3bf4ecac2ae462c2cbf96c7\">01.42.08.95.72 &#8211;&nbsp;sylvie.boutin@ac-paris.fr<\/p>\n\n\n\n<h3 class=\"wp-block-heading has-black-color has-text-color has-link-color wp-elements-0d9b0ab8ec5ff31a2319ea958467a556\">R\u00e9f\u00e9rents mobilit\u00e9 :&nbsp; <\/h3>\n\n\n\n<ul class=\"wp-block-list\">\n<li>\u00c9linor GORCE : 06 40 83 90 14 &#8211;&nbsp;elinor.gorce@ac-paris.fr (pour l&rsquo;IFAP-IFAS)<\/li>\n\n\n\n<li>Carole DONINEAUX \/ 01 44 62 41 46 &#8211;&nbsp;carole.donineaux@ac-paris.fr<\/li>\n<\/ul>\n","protected":false},"excerpt":{"rendered":"<p>Institut de Formation d\u2019Auxiliaires de Pu\u00e9riculture (IFAP) L&rsquo;auxiliaire de pu\u00e9riculture : Prodigue des soins\u00a0dans le cadre des comp\u00e9tences d\u00e9l\u00e9gu\u00e9es par la pu\u00e9ricultrice ou l&rsquo;infirmier, en \u00e9troite collaboration et sous leur supervision directe, Con\u00e7oit et met en \u0153uvre des activit\u00e9s d&rsquo;\u00e9veil et d&rsquo;accompagnement \u00e9ducatif\u00a0visant \u00e0 maintenir et favoriser la continuit\u00e9 du d\u00e9veloppement, le confort et l&rsquo;ind\u00e9pendance progressive de l&rsquo;enfant, Adopte une approche compl\u00e8te de l&rsquo;enfant\u00a0en int\u00e9grant pleinement la dimension humaine des soins et en cultivant une communication bienveillante avec les familles&hellip;<\/p>\n","protected":false},"author":1,"featured_media":0,"parent":0,"menu_order":0,"comment_status":"closed","ping_status":"closed","template":"","meta":{"footnotes":""},"class_list":["post-8507","page","type-page","status-publish","hentry"],"_links":{"self":[{"href":"https:\/\/lyceedalembert.paris\/index.php\/wp-json\/wp\/v2\/pages\/8507","targetHints":{"allow":["GET"]}}],"collection":[{"href":"https:\/\/lyceedalembert.paris\/index.php\/wp-json\/wp\/v2\/pages"}],"about":[{"href":"https:\/\/lyceedalembert.paris\/index.php\/wp-json\/wp\/v2\/types\/page"}],"author":[{"embeddable":true,"href":"https:\/\/lyceedalembert.paris\/index.php\/wp-json\/wp\/v2\/users\/1"}],"replies":[{"embeddable":true,"href":"https:\/\/lyceedalembert.paris\/index.php\/wp-json\/wp\/v2\/comments?post=8507"}],"version-history":[{"count":26,"href":"https:\/\/lyceedalembert.paris\/index.php\/wp-json\/wp\/v2\/pages\/8507\/revisions"}],"predecessor-version":[{"id":9260,"href":"https:\/\/lyceedalembert.paris\/index.php\/wp-json\/wp\/v2\/pages\/8507\/revisions\/9260"}],"wp:attachment":[{"href":"https:\/\/lyceedalembert.paris\/index.php\/wp-json\/wp\/v2\/media?parent=8507"}],"curies":[{"name":"wp","href":"https:\/\/api.w.org\/{rel}","templated":true}]}}