{"id":8515,"date":"2026-03-13T14:54:34","date_gmt":"2026-03-13T13:54:34","guid":{"rendered":"http:\/\/lyceedalembert.paris\/?page_id=8515"},"modified":"2026-03-13T14:59:40","modified_gmt":"2026-03-13T13:59:40","slug":"auxiliaire-de-puericulture-formation-continue","status":"publish","type":"page","link":"https:\/\/lyceedalembert.paris\/index.php\/auxiliaire-de-puericulture-formation-continue\/","title":{"rendered":"Auxiliaire de pu\u00e9riculture (Formation Continue)"},"content":{"rendered":"\n<h2 class=\"wp-block-heading\"><strong>Institut de Formation d\u2019Auxiliaires de Pu\u00e9riculture (IFAP)<\/strong><\/h2>\n\n\n\n<h3 class=\"wp-block-heading\">Texte de pr\u00e9sentation du m\u00e9tier, de la formation et de la certification.<\/h3>\n\n\n\n<p>R\u00e9pertoire national des certifications professionnelles DE \u2013 Auxiliaire de pu\u00e9riculture<\/p>\n\n\n\n<p class=\"has-text-align-center\"><a href=\"https:\/\/www.francecompetences.fr\/recherche\/rncp\/40743\/\" target=\"_blank\" rel=\"noreferrer noopener\">Lien vers la fiche RNCP (N\u00b0 de fiche RNCP40743)<\/a><\/p>\n\n\n\n<p><strong>Retrouvez, en cliquant sur le lien ci-dessous, les informations dont vous avez besoin pour int\u00e9grer les instituts de formation d&rsquo;auxiliaire de pu\u00e9riculture.&nbsp;<\/strong><\/p>\n\n\n\n<p><a href=\"https:\/\/www.iledefrance.paps.sante.fr\/devenir-aide-soignant-auxiliaire-de-puericulture-ambulancier-ou-assistant-de-regulation-medicale?rubrique=13720&amp;parent=13720\" target=\"_blank\" rel=\"noreferrer noopener\">https:\/\/www.iledefrance.paps.sante.fr\/devenir-aide-soignant-auxiliaire-de-puericulture-ambulancier-ou-assistant-de-regulation-medicale?rubrique=13720&amp;parent=13720<\/a><\/p>\n\n\n\n<figure class=\"wp-block-gallery has-nested-images columns-default is-cropped wp-block-gallery-1 is-layout-flex wp-block-gallery-is-layout-flex\">\n<figure class=\"wp-block-image size-large\"><img loading=\"lazy\" decoding=\"async\" width=\"1024\" height=\"683\" data-id=\"8433\" src=\"https:\/\/lyceedalembert.paris\/wp-content\/uploads\/2024\/03\/petite-enfance-30-1024x683.jpg\" alt=\"\" class=\"wp-image-8433\" srcset=\"https:\/\/lyceedalembert.paris\/wp-content\/uploads\/2024\/03\/petite-enfance-30-1024x683.jpg 1024w, https:\/\/lyceedalembert.paris\/wp-content\/uploads\/2024\/03\/petite-enfance-30-300x200.jpg 300w, https:\/\/lyceedalembert.paris\/wp-content\/uploads\/2024\/03\/petite-enfance-30-768x512.jpg 768w, https:\/\/lyceedalembert.paris\/wp-content\/uploads\/2024\/03\/petite-enfance-30-1536x1024.jpg 1536w, https:\/\/lyceedalembert.paris\/wp-content\/uploads\/2024\/03\/petite-enfance-30-2048x1365.jpg 2048w\" sizes=\"auto, (max-width: 1024px) 100vw, 1024px\" \/><\/figure>\n\n\n\n<figure class=\"wp-block-image size-large\"><img loading=\"lazy\" decoding=\"async\" width=\"1024\" height=\"683\" data-id=\"8431\" src=\"https:\/\/lyceedalembert.paris\/wp-content\/uploads\/2024\/03\/gestion-administration-01-1024x683.jpg\" alt=\"\" class=\"wp-image-8431\" srcset=\"https:\/\/lyceedalembert.paris\/wp-content\/uploads\/2024\/03\/gestion-administration-01-1024x683.jpg 1024w, https:\/\/lyceedalembert.paris\/wp-content\/uploads\/2024\/03\/gestion-administration-01-300x200.jpg 300w, https:\/\/lyceedalembert.paris\/wp-content\/uploads\/2024\/03\/gestion-administration-01-768x512.jpg 768w, https:\/\/lyceedalembert.paris\/wp-content\/uploads\/2024\/03\/gestion-administration-01-1536x1024.jpg 1536w, https:\/\/lyceedalembert.paris\/wp-content\/uploads\/2024\/03\/gestion-administration-01-2048x1365.jpg 2048w\" sizes=\"auto, (max-width: 1024px) 100vw, 1024px\" \/><\/figure>\n<\/figure>\n\n\n\n<ul class=\"wp-block-list\">\n<li>&nbsp; <strong>S\u2019inscrire :&nbsp;<\/strong>&nbsp;<\/li>\n<\/ul>\n\n\n\n<p>DOSSIER DE CANDIDATURE EN FORMATION CONTINUE 2025-2026.<\/p>\n\n\n\n<h3 class=\"wp-block-heading\"><strong>P\u00d4LE FORMATION CONTINUE<\/strong><\/h3>\n\n\n\n<h4 class=\"wp-block-heading\"><strong>Je recherche une formation au Dipl\u00f4me d\u2019Etat d\u2019auxiliaire de pu\u00e9riculture en formation continue, en parcours complet :<\/strong><\/h4>\n\n\n\n<p>L&rsquo;IFAP d\u2019Alembert propose un parcours complet de 770h de formation et 770h de formation clinique (stage),<\/p>\n\n\n\n<p>Le nombre de places est de 12 pour France Travail + 4 destin\u00e9s aux redoublants, financement de la R\u00e9gion Ile-de-France. 2 places sont disponibles pour les salari\u00e9s en reconversion<\/p>\n\n\n\n<ul class=\"wp-block-list\">\n<li>Vous souhaitez participer \u00e0 la s\u00e9lection pour la rentr\u00e9e de septembre 2025 ?<\/li>\n<\/ul>\n\n\n\n<p>Les inscriptions ne sont pas ouvertes pour le moment.<\/p>\n\n\n\n<p><strong>Pour candidater :<\/strong><\/p>\n\n\n\n<ol class=\"wp-block-list\">\n<li>Compl\u00e9ter le <a href=\"https:\/\/forms.office.com\/e\/m5qLm3R7hv?origin=lprLink\" target=\"_blank\" rel=\"noreferrer noopener\">formulaire en ligne<\/a><\/li>\n\n\n\n<li>T\u00e9l\u00e9charger le <strong>dossier de candidature en formation continue<\/strong><\/li>\n<\/ol>\n\n\n\n<div class=\"wp-block-buttons is-content-justification-center is-layout-flex wp-container-core-buttons-is-layout-16018d1d wp-block-buttons-is-layout-flex\">\n<div class=\"wp-block-button\"><a class=\"wp-block-button__link has-text-align-center wp-element-button\" href=\"https:\/\/lyceedalembert.paris\/wp-content\/uploads\/2025\/06\/CANDIDATURE-DEAP-FOCO-SEPT_25-1.pdf\" target=\"_blank\" rel=\"noreferrer noopener\">T\u00e9l\u00e9charger le dossier d&rsquo;inscription<\/a><\/div>\n<\/div>\n\n\n\n<p>Le dossier de candidature au DEAP est t\u00e9l\u00e9chargeable en cliquant sur le bouton ci-dessous. <\/p>\n\n\n\n<h3 class=\"wp-block-heading\"><strong>Positionnement p\u00e9dagogique et accompagnement personnalis\u00e9 :<\/strong><\/h3>\n\n\n\n<p>\u00c0 la rentr\u00e9e, des tests de positionnement p\u00e9dagogiques \u00e9valueront vos comp\u00e9tences en fran\u00e7ais, arithm\u00e9tique, informatique, connaissances de l\u2019enfant\/anatomie et capacit\u00e9s administratives pour individualiser votre parcours et vous accompagner vers la r\u00e9ussite.<\/p>\n\n\n\n<p>Il peut \u00eatre transmis :<\/p>\n\n\n\n<ul class=\"wp-block-list\">\n<li>Par voie postale, avant minuit, cachet de la poste faisant foi<\/li>\n\n\n\n<li>D\u00e9pos\u00e9 au lyc\u00e9e d\u2019Alembert du lundi au vendredi, entre 9 heures et 17 heures, en \u00e9change d\u2019un re\u00e7u au bureau du secr\u00e9tariat du proviseur<\/li>\n\n\n\n<li>Par courrier \u00e9lectronique en un seul fichier au format pdf<\/li>\n<\/ul>\n\n\n\n<p><strong>Attention : <\/strong><\/p>\n\n\n\n<p>Toute personne souhaitant s\u2019inscrire \u00e0 l\u2019IFAP du lyc\u00e9e d\u2019Alembert doit constituer un dossier de candidature, y compris les candidats visant un parcours post <strong>VAE<\/strong>. <em>La Validation des Acquis de l\u2019Exp\u00e9rience <\/em>est un moyen d\u2019obtenir un dipl\u00f4me en valorisant son exp\u00e9rience personnelle ou professionnelle.<\/p>\n\n\n\n<p>Les modalit\u00e9s de s\u00e9lection des candidats sont d\u00e9finies par l\u2019<a href=\"https:\/\/www.legifrance.gouv.fr\/loda\/id\/JORFTEXT000041789610\/\" target=\"_blank\" rel=\"noreferrer noopener\">arr\u00eat\u00e9 du 7 avril 2020<\/a> et par le <a href=\"https:\/\/www.legifrance.gouv.fr\/jorf\/id\/JORFTEXT000043360096\" target=\"_blank\" rel=\"noreferrer noopener\">nouveau d\u00e9cret du 12 avril 2021<\/a>. Aucun frais n\u2019est demand\u00e9 aux candidats pour l\u2019inscription \u00e0 la s\u00e9lection d\u2019entr\u00e9e en formation.<\/p>\n\n\n\n<h2 class=\"wp-block-heading\">Calendrier des \u00e9preuves de s\u00e9lection et d\u2019inscription<\/h2>\n\n\n\n<p>L&rsquo;inscription en IFAP est r\u00e9glement\u00e9e. Elle s&rsquo;organise \u00e0 partir d\u2019une s\u00e9lection effectu\u00e9e sur la base d\u2019un dossier et d\u2019un entretien. Les candidats en parcours post-VAE sont admis directement en formation. Retrouvez toutes les modalit\u00e9s d&rsquo;inscription \u00e0 l&rsquo;IFAP du lyc\u00e9e d\u2019Alembert &#8211; Paris, et le dossier de candidature sur cette page.<\/p>\n\n\n\n<h3 class=\"wp-block-heading\">Calendrier d&rsquo;inscription: <\/h3>\n\n\n\n<p class=\"has-medium-font-size\"><strong>Les inscriptions ouvriront le 23 mars 2026 pour une rentr\u00e9e en septembre 2026<\/strong><\/p>\n\n\n\n<div class=\"wp-block-buttons is-content-justification-center is-layout-flex wp-container-core-buttons-is-layout-16018d1d wp-block-buttons-is-layout-flex\">\n<div class=\"wp-block-button\"><a class=\"wp-block-button__link wp-element-button\" href=\"https:\/\/lyceedalembert.paris\/wp-content\/uploads\/2026\/03\/02022026-Calendrier-IFAS-IFAP-rentree-septembre-2026-1-2.pdf\" target=\"_blank\" rel=\"noreferrer noopener\">Calendrier d&rsquo;inscription 2026<\/a><\/div>\n<\/div>\n\n\n<a href=\"https:\/\/lyceedalembert.paris\/wp-content\/uploads\/2026\/03\/02022026-Calendrier-IFAS-IFAP-rentree-septembre-2026-1-2.pdf\" class=\"pdfemb-viewer\" style=\"\" data-width=\"max\" data-height=\"max\" data-toolbar=\"bottom\" data-toolbar-fixed=\"off\">02022026-Calendrier-IFAS-IFAP-rentree-septembre-2026-1-2<\/a>\n\n\n<h2 class=\"wp-block-heading\">Informations aux candidats sur les modalit\u00e9s d&rsquo;inscriptions.<\/h2>\n\n\n\n<div class=\"wp-block-buttons is-content-justification-center is-layout-flex wp-container-core-buttons-is-layout-16018d1d wp-block-buttons-is-layout-flex\">\n<div class=\"wp-block-button\"><a class=\"wp-block-button__link wp-element-button\" href=\"https:\/\/lyceedalembert.paris\/wp-content\/uploads\/2026\/03\/02022026-selection-entree-IFAP-septembre-2026-INFORMATION-AUX-CANDIDATS_-2.pdf\" target=\"_blank\" rel=\"noreferrer noopener\">Informations aux candidats<\/a><\/div>\n<\/div>\n\n\n\n<p>Pour connaitre nos engagements&nbsp;: <a href=\"https:\/\/gip-fcip.paris\/engagements-qualite\/\">https:\/\/gip-fcip.paris\/engagements-qualite\/<\/a><\/p>\n\n\n\n<div class=\"wp-block-media-text has-media-on-the-right is-stacked-on-mobile\"><div class=\"wp-block-media-text__content\">\n<h3 class=\"wp-block-heading has-vivid-red-color has-text-color has-link-color wp-elements-c6900f8c749f1a62536198df67102ed3\"><strong>Quelques chiffres en 2024 :<\/strong><\/h3>\n\n\n\n<p>Taux de r\u00e9ussite : 82,8 % (24 admis pour 29 pr\u00e9sent\u00e9s au jury)<\/p>\n\n\n\n<p>Taux de satisfaction : 73 %<\/p>\n\n\n\n<p>Taux d\u2019insertion en emploi : 76 %<\/p>\n<\/div><figure class=\"wp-block-media-text__media\"><img loading=\"lazy\" decoding=\"async\" width=\"683\" height=\"1024\" src=\"https:\/\/lyceedalembert.paris\/wp-content\/uploads\/2024\/03\/petite-enfance-18-683x1024.jpg\" alt=\"\" class=\"wp-image-8432 size-full\" srcset=\"https:\/\/lyceedalembert.paris\/wp-content\/uploads\/2024\/03\/petite-enfance-18-683x1024.jpg 683w, https:\/\/lyceedalembert.paris\/wp-content\/uploads\/2024\/03\/petite-enfance-18-200x300.jpg 200w, https:\/\/lyceedalembert.paris\/wp-content\/uploads\/2024\/03\/petite-enfance-18-768x1152.jpg 768w, https:\/\/lyceedalembert.paris\/wp-content\/uploads\/2024\/03\/petite-enfance-18-1024x1536.jpg 1024w, https:\/\/lyceedalembert.paris\/wp-content\/uploads\/2024\/03\/petite-enfance-18-1365x2048.jpg 1365w, https:\/\/lyceedalembert.paris\/wp-content\/uploads\/2024\/03\/petite-enfance-18-scaled.jpg 1706w\" sizes=\"auto, (max-width: 683px) 100vw, 683px\" \/><\/figure><\/div>\n\n\n\n<p>Tous les termes utilis\u00e9s ci-dessus s&rsquo;entendent au masculin comme au f\u00e9minin.<\/p>\n","protected":false},"excerpt":{"rendered":"<p>Institut de Formation d\u2019Auxiliaires de Pu\u00e9riculture (IFAP) Texte de pr\u00e9sentation du m\u00e9tier, de la formation et de la certification. R\u00e9pertoire national des certifications professionnelles DE \u2013 Auxiliaire de pu\u00e9riculture Lien vers la fiche RNCP (N\u00b0 de fiche RNCP40743) Retrouvez, en cliquant sur le lien ci-dessous, les informations dont vous avez besoin pour int\u00e9grer les instituts de formation d&rsquo;auxiliaire de pu\u00e9riculture.&nbsp; https:\/\/www.iledefrance.paps.sante.fr\/devenir-aide-soignant-auxiliaire-de-puericulture-ambulancier-ou-assistant-de-regulation-medicale?rubrique=13720&amp;parent=13720 DOSSIER DE CANDIDATURE EN FORMATION CONTINUE 2025-2026. P\u00d4LE FORMATION CONTINUE Je recherche une formation au Dipl\u00f4me d\u2019Etat d\u2019auxiliaire de&hellip;<\/p>\n","protected":false},"author":1,"featured_media":0,"parent":0,"menu_order":0,"comment_status":"closed","ping_status":"closed","template":"","meta":{"footnotes":""},"class_list":["post-8515","page","type-page","status-publish","hentry"],"_links":{"self":[{"href":"https:\/\/lyceedalembert.paris\/index.php\/wp-json\/wp\/v2\/pages\/8515","targetHints":{"allow":["GET"]}}],"collection":[{"href":"https:\/\/lyceedalembert.paris\/index.php\/wp-json\/wp\/v2\/pages"}],"about":[{"href":"https:\/\/lyceedalembert.paris\/index.php\/wp-json\/wp\/v2\/types\/page"}],"author":[{"embeddable":true,"href":"https:\/\/lyceedalembert.paris\/index.php\/wp-json\/wp\/v2\/users\/1"}],"replies":[{"embeddable":true,"href":"https:\/\/lyceedalembert.paris\/index.php\/wp-json\/wp\/v2\/comments?post=8515"}],"version-history":[{"count":34,"href":"https:\/\/lyceedalembert.paris\/index.php\/wp-json\/wp\/v2\/pages\/8515\/revisions"}],"predecessor-version":[{"id":9378,"href":"https:\/\/lyceedalembert.paris\/index.php\/wp-json\/wp\/v2\/pages\/8515\/revisions\/9378"}],"wp:attachment":[{"href":"https:\/\/lyceedalembert.paris\/index.php\/wp-json\/wp\/v2\/media?parent=8515"}],"curies":[{"name":"wp","href":"https:\/\/api.w.org\/{rel}","templated":true}]}}